{"id":99,"date":"2024-04-01T07:40:45","date_gmt":"2024-04-01T07:40:45","guid":{"rendered":"https:\/\/niramart.com\/revista-magazine\/la-critica-como-arte-por-ruth-blidhav\/"},"modified":"2024-04-01T07:40:45","modified_gmt":"2024-04-01T07:40:45","slug":"la-critica-como-arte-por-ruth-blidhav","status":"publish","type":"page","link":"https:\/\/niramart.com\/revista-magazine\/category\/s5-articulos\/no-1-2-2013\/","title":{"rendered":"La cr\u00edtica como arte por Ruth Blidhav"},"content":{"rendered":"<div id=\"main-col\">\n<div id=\"content\" class=\"hfeed\">\n<article class=\"post-1031 post type-post status-publish format-standard hentry category-c39-articulos-espanol category-no-1-2-2013 tag-baruch-elron tag-bogdan-ater tag-fabianni-belemuski excerpt category-18-id category-148-id post-seq-1 post-parity-odd meta-position-left-pullout fix\" id=\"post-1031\">\n<header class=\"post-header title-container fix\">\n<div class=\"title\">\n<h2 class=\"posttitle\"><a href=\"https:\/\/niramart.com\/revista-magazine\/la-critica-como-arte\/\" class=\"entry-title\" rel=\"bookmark\" title=\"La cr\u00edtica como arte por Ruth Blidhav\">La cr\u00edtica como arte por Ruth Blidhav<\/a><\/h2>\n<\/div>\n<div class=\"date\"><span class=\"month\">Jul<\/span> <span class=\"day\">18<\/span><span class=\"year\">2013<\/span><\/div>\n<\/header>\n<p> <span class=\"post-format-icon\">&nbsp;<\/span><span class=\"updated\" title=\"2013-07-18T09:10:44+00:00\">&nbsp;<\/span><\/p>\n<div class=\"entry-container fix\">\n<div class=\"entry entry-content fix\">\n<p class=\"bch4dcbow065stdpy\">El mi\u00e9rcoles 10 de julio del 2013 tuvo lugar en la Universidad de \u00c1vila el coloquio La cr\u00edtica como arte, una exposici\u00f3n-di\u00e1logo en torno a la cr\u00edtica como instrumento de creaci\u00f3n art\u00edstica. El evento cont\u00f3 con la presencia de Bogdan Ater, artista pl\u00e1stico y <a href=\"https:\/\/niramart.com\/revista-magazine\/la-critica-como-arte\/\" class=\"excerpt-more\">[&#8230;]<\/a><\/p>\n<\/div>\n<div class=\"meta-pullout meta-left-pullout\">\n<ul>\n<li class=\"fix\"><span class=\"category\"><span class=\"icon\">&nbsp;<\/span> <a href=\"https:\/\/niramart.com\/revista-magazine\/category\/s5-articulos\/c39-articulos-espanol\/\" rel=\"category tag\">Articulos espa\u00f1ol<\/a>, <a href=\"https:\/\/niramart.com\/revista-magazine\/category\/s5-articulos\/no-1-2-2013\/\" rel=\"category tag\">N\u00ba 1-2, 2013<\/a><\/span><\/li>\n<li class=\"fix\"><span class=\"tags tax\"><span class=\"icon\">&nbsp;<\/span>Tagged with: <a href=\"https:\/\/niramart.com\/revista-magazine\/tag\/baruch-elron\/\" rel=\"tag\">Baruch Elron<\/a>, <a href=\"https:\/\/niramart.com\/revista-magazine\/tag\/bogdan-ater\/\" rel=\"tag\">bogdan ater<\/a>, <a href=\"https:\/\/niramart.com\/revista-magazine\/tag\/fabianni-belemuski\/\" rel=\"tag\">fabianni belemuski<\/a><\/span><\/li>\n<\/ul>\n<\/div>\n<\/div>\n<footer class=\"post-footer postdata fix\"> <\/footer>\n<\/article>\n<article class=\"post-920 post type-post status-publish format-standard hentry category-bellas-artes category-c40-english category-no-1-2-2013 tag-miedho tag-pedro-ortega excerpt category-119-id category-17-id category-148-id post-seq-2 post-parity-even meta-position-left-pullout fix\" id=\"post-920\">\n<header class=\"post-header title-container fix\">\n<div class=\"title\">\n<h2 class=\"posttitle\"><a href=\"https:\/\/niramart.com\/revista-magazine\/miedho-a-book-review-by-pedro-ortega\/\" class=\"entry-title\" rel=\"bookmark\" title=\"MIEDHO,  Book Review by Pedro Ortega\">MIEDHO,  Book Review by Pedro Ortega<\/a><\/h2>\n<\/div>\n<div class=\"date\"><span class=\"month\">Apr<\/span> <span class=\"day\">10<\/span><span class=\"year\">2013<\/span><\/div>\n<\/header>\n<p> <span class=\"post-format-icon\">&nbsp;<\/span><span class=\"updated\" title=\"2013-04-10T18:46:46+00:00\">&nbsp;<\/span><\/p>\n<div class=\"entry-container fix\">\n<div class=\"entry entry-content fix\">\n<p class=\"bch4dcbow065stdpy\">Pedro Ortega is an Art Historian, with a degree in Advanced Studies on Art History, UAM Madrid. Currently writing Ph.D Thesis. Curator. Editor. Director of Herej\u00eda y Belleza magazine. Subdirector of Mentenebre magazine. &nbsp; By curious circumstances, a friend put me in touch with <a href=\"https:\/\/niramart.com\/revista-magazine\/miedho-a-book-review-by-pedro-ortega\/\" class=\"excerpt-more\">[&#8230;]<\/a><\/p>\n<\/div>\n<div class=\"meta-pullout meta-left-pullout\">\n<ul>\n<li class=\"fix\"><span class=\"category\"><span class=\"icon\">&nbsp;<\/span> <a href=\"https:\/\/niramart.com\/revista-magazine\/category\/bellas-artes\/\" rel=\"category tag\">Bellas Artes<\/a>, <a href=\"https:\/\/niramart.com\/revista-magazine\/category\/s5-articulos\/c40-english\/\" rel=\"category tag\">English articles<\/a>, <a href=\"https:\/\/niramart.com\/revista-magazine\/category\/s5-articulos\/no-1-2-2013\/\" rel=\"category tag\">N\u00ba 1-2, 2013<\/a><\/span><\/li>\n<li class=\"fix\"><span class=\"tags tax\"><span class=\"icon\">&nbsp;<\/span>Tagged with: <a href=\"https:\/\/niramart.com\/revista-magazine\/tag\/miedho\/\" rel=\"tag\">MIEDHO<\/a>, <a href=\"https:\/\/niramart.com\/revista-magazine\/tag\/pedro-ortega\/\" rel=\"tag\">Pedro Ortega<\/a><\/span><\/li>\n<\/ul>\n<\/div>\n<\/div>\n<footer class=\"post-footer postdata fix\"> <\/footer>\n<\/article>\n<article class=\"post-947 post type-post status-publish format-standard hentry category-c40-english category-no-1-2-2013 tag-baruch-elron tag-miriam-or excerpt category-17-id category-148-id post-seq-3 post-parity-odd meta-position-left-pullout fix\" id=\"post-947\">\n<header class=\"post-header title-container fix\">\n<div class=\"title\">\n<h2 class=\"posttitle\"><a href=\"https:\/\/niramart.com\/revista-magazine\/baruch-elron-artist-of-dream-and-love\/\" class=\"entry-title\" rel=\"bookmark\" title=\"Baruch Elron \u2013 Artist of Dream and Love\">Baruch Elron \u2013 Artist of Dream and Love<\/a><\/h2>\n<\/div>\n<div class=\"date\"><span class=\"month\">Apr<\/span> <span class=\"day\">09<\/span><span class=\"year\">2013<\/span><\/div>\n<\/header>\n<p> <span class=\"post-format-icon\">&nbsp;<\/span><span class=\"updated\" title=\"2013-04-09T14:13:07+00:00\">&nbsp;<\/span><\/p>\n<div class=\"entry-container fix\">\n<div class=\"entry entry-content fix\">\n<p class=\"bch4dcbow065stdpy\">Dr. Miriam Or, Lecturer in Art and Philosophy Exhibition Baruch Elron Paintings 1934 \u2013 2006 Paintings gallery: http:\/\/baruchelron.defesesfinearts.com The Municipal Art Gallery of Afula, Israel organizes the exhibition Baruch Elron Paintings 1934 \u2013 2006, curator Ruthie Kalimi. The opening of the exhibition will be held <a href=\"https:\/\/niramart.com\/revista-magazine\/baruch-elron-artist-of-dream-and-love\/\" class=\"excerpt-more\">[&#8230;]<\/a><\/p>\n<\/div>\n<div class=\"meta-pullout meta-left-pullout\">\n<ul>\n<li class=\"fix\"><span class=\"category\"><span class=\"icon\">&nbsp;<\/span> <a href=\"https:\/\/niramart.com\/revista-magazine\/category\/s5-articulos\/c40-english\/\" rel=\"category tag\">English articles<\/a>, <a href=\"https:\/\/niramart.com\/revista-magazine\/category\/s5-articulos\/no-1-2-2013\/\" rel=\"category tag\">N\u00ba 1-2, 2013<\/a><\/span><\/li>\n<li class=\"fix\"><span class=\"tags tax\"><span class=\"icon\">&nbsp;<\/span>Tagged with: <a href=\"https:\/\/niramart.com\/revista-magazine\/tag\/baruch-elron\/\" rel=\"tag\">Baruch Elron<\/a>, <a href=\"https:\/\/niramart.com\/revista-magazine\/tag\/miriam-or\/\" rel=\"tag\">miriam or<\/a><\/span><\/li>\n<\/ul>\n<\/div>\n<\/div>\n<footer class=\"post-footer postdata fix\"> <\/footer>\n<\/article>\n<article class=\"post-860 post type-post status-publish format-standard hentry category-c39-articulos-espanol category-no-1-2-2013 tag-diego-vadillo-lopez tag-esther-bendahan excerpt category-18-id category-148-id post-seq-4 post-parity-even meta-position-left-pullout fix\" id=\"post-860\">\n<header class=\"post-header title-container fix\">\n<div class=\"title\">\n<h2 class=\"posttitle\"><a href=\"https:\/\/niramart.com\/revista-magazine\/urologicas-trascendencias-pene-de-esther-bendahan\/\" class=\"entry-title\" rel=\"bookmark\" title=\"Urol\u00f3gicas trascendencias: \u201cPENE\u201d, de ESTHER BENDAHAN\">Urol\u00f3gicas trascendencias: \u201cPENE\u201d, de ESTHER BENDAHAN<\/a><\/h2>\n<\/div>\n<div class=\"date\"><span class=\"month\">Apr<\/span> <span class=\"day\">09<\/span><span class=\"year\">2013<\/span><\/div>\n<\/header>\n<p> <span class=\"post-format-icon\">&nbsp;<\/span><span class=\"updated\" title=\"2013-04-09T10:00:40+00:00\">&nbsp;<\/span><\/p>\n<div class=\"entry-container fix\">\n<div class=\"entry entry-content fix\">\n<p class=\"bch4dcbow065stdpy\">Diego Vadillo L\u00f3pez &nbsp; Antes de que Esther Bendahan escribiese \u201cPene\u201d (Ediciones Ambulantes, Madrid, 2011), dicho significante portaba meramente la f\u00f3rmula m\u00e1s culta de aludir al \u00f3rgano reproductor masculino. Eso, como digo, antes de que madame Bendaham, hiciese trascender al c\u00e9lebre ap\u00e9ndice hacia mayores <a href=\"https:\/\/niramart.com\/revista-magazine\/urologicas-trascendencias-pene-de-esther-bendahan\/\" class=\"excerpt-more\">[&#8230;]<\/a><\/p>\n<\/div>\n<div class=\"meta-pullout meta-left-pullout\">\n<ul>\n<li class=\"fix\"><span class=\"category\"><span class=\"icon\">&nbsp;<\/span> <a href=\"https:\/\/niramart.com\/revista-magazine\/category\/s5-articulos\/c39-articulos-espanol\/\" rel=\"category tag\">Articulos espa\u00f1ol<\/a>, <a href=\"https:\/\/niramart.com\/revista-magazine\/category\/s5-articulos\/no-1-2-2013\/\" rel=\"category tag\">N\u00ba 1-2, 2013<\/a><\/span><\/li>\n<li class=\"fix\"><span class=\"tags tax\"><span class=\"icon\">&nbsp;<\/span>Tagged with: <a href=\"https:\/\/niramart.com\/revista-magazine\/tag\/diego-vadillo-lopez\/\" rel=\"tag\">Diego Vadillo L\u00f3pez<\/a>, <a href=\"https:\/\/niramart.com\/revista-magazine\/tag\/esther-bendahan\/\" rel=\"tag\">ESTHER BENDAHAN<\/a><\/span><\/li>\n<\/ul>\n<\/div>\n<\/div>\n<footer class=\"post-footer postdata fix\"> <\/footer>\n<\/article>\n<article class=\"post-941 post type-post status-publish format-standard hentry category-c40-english category-no-1-2-2013 tag-miedho tag-oscar-cusano excerpt category-17-id category-148-id post-seq-5 post-parity-odd meta-position-left-pullout fix\" id=\"post-941\">\n<header class=\"post-header title-container fix\">\n<div class=\"title\">\n<h2 class=\"posttitle\"><a href=\"https:\/\/niramart.com\/revista-magazine\/who-is-miedho\/\" class=\"entry-title\" rel=\"bookmark\" title=\"Who is MIEDHO?\">Who is MIEDHO?<\/a><\/h2>\n<\/div>\n<div class=\"date\"><span class=\"month\">Apr<\/span> <span class=\"day\">08<\/span><span class=\"year\">2013<\/span><\/div>\n<\/header>\n<p> <span class=\"post-format-icon\">&nbsp;<\/span><span class=\"updated\" title=\"2013-04-08T19:42:06+00:00\">&nbsp;<\/span><\/p>\n<div class=\"entry-container fix\">\n<div class=\"entry entry-content fix\">\n<p class=\"bch4dcbow065stdpy\">\u201cBooks are the only place in the house where one can be at peace\u201d Julio Cort\u00e1sar   por Oscar Cusano, writer and critic   Man has always reached towards quietness, the balance of tranquility, that is to say, the perception of harmony is understood <a href=\"https:\/\/niramart.com\/revista-magazine\/who-is-miedho\/\" class=\"excerpt-more\">[&#8230;]<\/a><\/p>\n<\/div>\n<div class=\"meta-pullout meta-left-pullout\">\n<ul>\n<li class=\"fix\"><span class=\"category\"><span class=\"icon\">&nbsp;<\/span> <a href=\"https:\/\/niramart.com\/revista-magazine\/category\/s5-articulos\/c40-english\/\" rel=\"category tag\">English articles<\/a>, <a href=\"https:\/\/niramart.com\/revista-magazine\/category\/s5-articulos\/no-1-2-2013\/\" rel=\"category tag\">N\u00ba 1-2, 2013<\/a><\/span><\/li>\n<li class=\"fix\"><span class=\"tags tax\"><span class=\"icon\">&nbsp;<\/span>Tagged with: <a href=\"https:\/\/niramart.com\/revista-magazine\/tag\/miedho\/\" rel=\"tag\">MIEDHO<\/a>, <a href=\"https:\/\/niramart.com\/revista-magazine\/tag\/oscar-cusano\/\" rel=\"tag\">Oscar Cusano<\/a><\/span><\/li>\n<\/ul>\n<\/div>\n<\/div>\n<footer class=\"post-footer postdata fix\"> <\/footer>\n<\/article>\n<article class=\"post-895 post type-post status-publish format-standard hentry category-c39-articulos-espanol category-bellas-artes category-no-1-2-2013 tag-fabianni-belemuski tag-miedho excerpt category-18-id category-119-id category-148-id post-seq-6 post-parity-even meta-position-left-pullout fix\" id=\"post-895\">\n<header class=\"post-header title-container fix\">\n<div class=\"title\">\n<h2 class=\"posttitle\"><a href=\"https:\/\/niramart.com\/revista-magazine\/miedho-artista-categorico\/\" class=\"entry-title\" rel=\"bookmark\" title=\"MIEDHO \u2013 artista categ\u00f3rico\">MIEDHO &#8211; artista categ\u00f3rico<\/a><\/h2>\n<\/div>\n<div class=\"date\"><span class=\"month\">Apr<\/span> <span class=\"day\">08<\/span><span class=\"year\">2013<\/span><\/div>\n<\/header>\n<p> <span class=\"post-format-icon\">&nbsp;<\/span><span class=\"updated\" title=\"2013-04-08T18:31:15+00:00\">&nbsp;<\/span><\/p>\n<div class=\"entry-container fix\">\n<div class=\"entry entry-content fix\">\n<p class=\"bch4dcbow065stdpy\">por Fabianni Belemuski Mi nombre es Fabianni Belemuski. Soy escritor. No recuerdo cu\u00e1ndo pas\u00e9 a formar parte de esta categor\u00eda y ni siquiera s\u00e9 si mis conocidos o mis lectores creen que lo soy. En todo caso, \u00bfqu\u00e9 significa ser escritor? Recientemente, Alejandra Mart\u00ednez, <a href=\"https:\/\/niramart.com\/revista-magazine\/miedho-artista-categorico\/\" class=\"excerpt-more\">[&#8230;]<\/a><\/p>\n<\/div>\n<div class=\"meta-pullout meta-left-pullout\">\n<ul>\n<li class=\"fix\"><span class=\"category\"><span class=\"icon\">&nbsp;<\/span> <a href=\"https:\/\/niramart.com\/revista-magazine\/category\/s5-articulos\/c39-articulos-espanol\/\" rel=\"category tag\">Articulos espa\u00f1ol<\/a>, <a href=\"https:\/\/niramart.com\/revista-magazine\/category\/bellas-artes\/\" rel=\"category tag\">Bellas Artes<\/a>, <a href=\"https:\/\/niramart.com\/revista-magazine\/category\/s5-articulos\/no-1-2-2013\/\" rel=\"category tag\">N\u00ba 1-2, 2013<\/a><\/span><\/li>\n<li class=\"fix\"><span class=\"tags tax\"><span class=\"icon\">&nbsp;<\/span>Tagged with: <a href=\"https:\/\/niramart.com\/revista-magazine\/tag\/fabianni-belemuski\/\" rel=\"tag\">fabianni belemuski<\/a>, <a href=\"https:\/\/niramart.com\/revista-magazine\/tag\/miedho\/\" rel=\"tag\">MIEDHO<\/a><\/span><\/li>\n<\/ul>\n<\/div>\n<\/div>\n<footer class=\"post-footer postdata fix\"> <\/footer>\n<\/article>\n<article class=\"post-882 post type-post status-publish format-standard hentry category-c39-articulos-espanol category-literatura category-no-1-2-2013 tag-anthel-blau tag-oscar-lopez-ibarra excerpt category-18-id category-120-id category-148-id post-seq-7 post-parity-odd meta-position-left-pullout fix\" id=\"post-882\">\n<header class=\"post-header title-container fix\">\n<div class=\"title\">\n<h2 class=\"posttitle\"><a href=\"https:\/\/niramart.com\/revista-magazine\/anthel-blau-volando-los-cielos-interiores\/\" class=\"entry-title\" rel=\"bookmark\" title=\"Anthel Blau, Volando los cielos interiores\">Anthel Blau, Volando los cielos interiores<\/a><\/h2>\n<\/div>\n<div class=\"date\"><span class=\"month\">Apr<\/span> <span class=\"day\">08<\/span><span class=\"year\">2013<\/span><\/div>\n<\/header>\n<p> <span class=\"post-format-icon\">&nbsp;<\/span><span class=\"updated\" title=\"2013-04-08T18:16:15+00:00\">&nbsp;<\/span><\/p>\n<div class=\"entry-container fix\">\n<div class=\"entry entry-content fix\">\n<p class=\"bch4dcbow065stdpy\">por \u00d3scar L\u00f3pez Ibarra Un viaje nos implica siempre un equipaje, grande, peque\u00f1o, solo con lo puesto, var\u00eda seg\u00fan el itinerario o con la aventura.      El viaje transcurre. Cuando regresamos, esa maleta vuelve distinta, siempre hay algo m\u00e1s, o algo menos, pero siempre <a href=\"https:\/\/niramart.com\/revista-magazine\/anthel-blau-volando-los-cielos-interiores\/\" class=\"excerpt-more\">[&#8230;]<\/a><\/p>\n<\/div>\n<div class=\"meta-pullout meta-left-pullout\">\n<ul>\n<li class=\"fix\"><span class=\"category\"><span class=\"icon\">&nbsp;<\/span> <a href=\"https:\/\/niramart.com\/revista-magazine\/category\/s5-articulos\/c39-articulos-espanol\/\" rel=\"category tag\">Articulos espa\u00f1ol<\/a>, <a href=\"https:\/\/niramart.com\/revista-magazine\/category\/literatura\/\" rel=\"category tag\">Literatura<\/a>, <a href=\"https:\/\/niramart.com\/revista-magazine\/category\/s5-articulos\/no-1-2-2013\/\" rel=\"category tag\">N\u00ba 1-2, 2013<\/a><\/span><\/li>\n<li class=\"fix\"><span class=\"tags tax\"><span class=\"icon\">&nbsp;<\/span>Tagged with: <a href=\"https:\/\/niramart.com\/revista-magazine\/tag\/anthel-blau\/\" rel=\"tag\">Anthel Blau<\/a>, <a href=\"https:\/\/niramart.com\/revista-magazine\/tag\/oscar-lopez-ibarra\/\" rel=\"tag\">\u00d3scar L\u00f3pez Ibarra<\/a><\/span><\/li>\n<\/ul>\n<\/div>\n<\/div>\n<footer class=\"post-footer postdata fix\"> <\/footer>\n<\/article>\n<article class=\"post-870 post type-post status-publish format-standard hentry category-c39-articulos-espanol category-literatura category-no-1-2-2013 tag-antonio-mateos-munoz excerpt category-18-id category-120-id category-148-id post-seq-8 post-parity-even meta-position-left-pullout fix\" id=\"post-870\">\n<header class=\"post-header title-container fix\">\n<div class=\"title\">\n<h2 class=\"posttitle\"><a href=\"https:\/\/niramart.com\/revista-magazine\/la-fiebre-del-oro\/\" class=\"entry-title\" rel=\"bookmark\" title=\"LA FIEBRE DEL ORO\">LA FIEBRE DEL ORO<\/a><\/h2>\n<\/div>\n<div class=\"date\"><span class=\"month\">Apr<\/span> <span class=\"day\">08<\/span><span class=\"year\">2013<\/span><\/div>\n<\/header>\n<p> <span class=\"post-format-icon\">&nbsp;<\/span><span class=\"updated\" title=\"2013-04-08T17:54:15+00:00\">&nbsp;<\/span><\/p>\n<div class=\"entry-container fix\">\n<div class=\"entry entry-content fix\">\n<p class=\"bch4dcbow065stdpy\">Por Antonio Mateos Mu\u00f1oz &nbsp; Puerta del Sol, a eso de las siete de la tarde. Mucho negro, afros, algunos mexicanos y asirios o adl\u00e1teres, si juzgo por las pintas, todos comprando oro, plata, platino y hasta blenda. La fiebre del oro. Creo que <a href=\"https:\/\/niramart.com\/revista-magazine\/la-fiebre-del-oro\/\" class=\"excerpt-more\">[&#8230;]<\/a><\/p>\n<\/div>\n<div class=\"meta-pullout meta-left-pullout\">\n<ul>\n<li class=\"fix\"><span class=\"category\"><span class=\"icon\">&nbsp;<\/span> <a href=\"https:\/\/niramart.com\/revista-magazine\/category\/s5-articulos\/c39-articulos-espanol\/\" rel=\"category tag\">Articulos espa\u00f1ol<\/a>, <a href=\"https:\/\/niramart.com\/revista-magazine\/category\/literatura\/\" rel=\"category tag\">Literatura<\/a>, <a href=\"https:\/\/niramart.com\/revista-magazine\/category\/s5-articulos\/no-1-2-2013\/\" rel=\"category tag\">N\u00ba 1-2, 2013<\/a><\/span><\/li>\n<li class=\"fix\"><span class=\"tags tax\"><span class=\"icon\">&nbsp;<\/span>Tagged with: <a href=\"https:\/\/niramart.com\/revista-magazine\/tag\/antonio-mateos-munoz\/\" rel=\"tag\">Antonio Mateos Mu\u00f1oz<\/a><\/span><\/li>\n<\/ul>\n<\/div>\n<\/div>\n<footer class=\"post-footer postdata fix\"> <\/footer>\n<\/article>\n<article class=\"post-866 post type-post status-publish format-standard hentry category-bellas-artes category-no-1-2-2013 tag-diego-vadillo-lopez tag-liana-acero-de-la-cuesta excerpt category-119-id category-148-id post-seq-9 post-parity-odd meta-position-left-pullout fix\" id=\"post-866\">\n<header class=\"post-header title-container fix\">\n<div class=\"title\">\n<h2 class=\"posttitle\"><a href=\"https:\/\/niramart.com\/revista-magazine\/liana-acero-de-la-cuesta-unica-en-su-diversidad\/\" class=\"entry-title\" rel=\"bookmark\" title=\"Liana Acero de la Cuesta, \u00fanica en su diversidad\">Liana Acero de la Cuesta, \u00fanica en su diversidad<\/a><\/h2>\n<\/div>\n<div class=\"date\"><span class=\"month\">Apr<\/span> <span class=\"day\">08<\/span><span class=\"year\">2013<\/span><\/div>\n<\/header>\n<p> <span class=\"post-format-icon\">&nbsp;<\/span><span class=\"updated\" title=\"2013-04-08T17:17:00+00:00\">&nbsp;<\/span><\/p>\n<div class=\"entry-container fix\">\n<div class=\"entry entry-content fix\">\n<p class=\"bch4dcbow065stdpy\">Diego Vadillo L\u00f3pez Utilizaba mucho mi abuela Em\u00e9rita, cuando quer\u00eda exaltar con simpat\u00eda las diversas dotes de una persona, la expresi\u00f3n: \u201cLo mismo plancha un huevo que fr\u00ede una camisa\u201d. En tal catalogaci\u00f3n veo a Liana Acero de la Cuesta, artista de la que <a href=\"https:\/\/niramart.com\/revista-magazine\/liana-acero-de-la-cuesta-unica-en-su-diversidad\/\" class=\"excerpt-more\">[&#8230;]<\/a><\/p>\n<\/div>\n<div class=\"meta-pullout meta-left-pullout\">\n<ul>\n<li class=\"fix\"><span class=\"category\"><span class=\"icon\">&nbsp;<\/span> <a href=\"https:\/\/niramart.com\/revista-magazine\/category\/bellas-artes\/\" rel=\"category tag\">Bellas Artes<\/a>, <a href=\"https:\/\/niramart.com\/revista-magazine\/category\/s5-articulos\/no-1-2-2013\/\" rel=\"category tag\">N\u00ba 1-2, 2013<\/a><\/span><\/li>\n<li class=\"fix\"><span class=\"tags tax\"><span class=\"icon\">&nbsp;<\/span>Tagged with: <a href=\"https:\/\/niramart.com\/revista-magazine\/tag\/diego-vadillo-lopez\/\" rel=\"tag\">Diego Vadillo L\u00f3pez<\/a>, <a href=\"https:\/\/niramart.com\/revista-magazine\/tag\/liana-acero-de-la-cuesta\/\" rel=\"tag\">Liana Acero de la Cuesta<\/a><\/span><\/li>\n<\/ul>\n<\/div>\n<\/div>\n<footer class=\"post-footer postdata fix\"> <\/footer>\n<\/article>\n<article class=\"post-855 post type-post status-publish format-standard hentry category-bellas-artes category-no-1-2-2013 tag-bodgan-ater tag-diego-vadillo-lopez tag-hector-martinez-sanz tag-miedho tag-pedro-ortega excerpt category-119-id category-148-id post-seq-10 post-parity-even meta-position-left-pullout fix\" id=\"post-855\">\n<header class=\"post-header title-container fix\">\n<div class=\"title\">\n<h2 class=\"posttitle\"><a href=\"https:\/\/niramart.com\/revista-magazine\/miedho\/\" class=\"entry-title\" rel=\"bookmark\" title=\"Miedho\">Miedho<\/a><\/h2>\n<\/div>\n<div class=\"date\"><span class=\"month\">Apr<\/span> <span class=\"day\">08<\/span><span class=\"year\">2013<\/span><\/div>\n<\/header>\n<p> <span class=\"post-format-icon\">&nbsp;<\/span><span class=\"updated\" title=\"2013-04-08T16:56:32+00:00\">&nbsp;<\/span><\/p>\n<div class=\"entry-container fix\">\n<div class=\"entry entry-content fix\">\n<p class=\"bch4dcbow065stdpy\">Pedro Ortega Historiador del Arte Por una curiosa circunstancia, una amiga me puso en contacto con el intrigante protagonista de esta historia, este artista que se da a conocer bajo el acr\u00f3nimo Miedho. Cambiamos unos amables mensajes y surgi\u00f3 la posibilidad de comentar este <a href=\"https:\/\/niramart.com\/revista-magazine\/miedho\/\" class=\"excerpt-more\">[&#8230;]<\/a><\/p>\n<\/div>\n<div class=\"meta-pullout meta-left-pullout\">\n<ul>\n<li class=\"fix\"><span class=\"category\"><span class=\"icon\">&nbsp;<\/span> <a href=\"https:\/\/niramart.com\/revista-magazine\/category\/bellas-artes\/\" rel=\"category tag\">Bellas Artes<\/a>, <a href=\"https:\/\/niramart.com\/revista-magazine\/category\/s5-articulos\/no-1-2-2013\/\" rel=\"category tag\">N\u00ba 1-2, 2013<\/a><\/span><\/li>\n<li class=\"fix\"><span class=\"tags tax\"><span class=\"icon\">&nbsp;<\/span>Tagged with: <a href=\"https:\/\/niramart.com\/revista-magazine\/tag\/bodgan-ater\/\" rel=\"tag\">Bodgan Ater<\/a>, <a href=\"https:\/\/niramart.com\/revista-magazine\/tag\/diego-vadillo-lopez\/\" rel=\"tag\">Diego Vadillo L\u00f3pez<\/a>, <a href=\"https:\/\/niramart.com\/revista-magazine\/tag\/hector-martinez-sanz\/\" rel=\"tag\">H\u00e9ctor Mart\u00ednez sanz<\/a>, <a href=\"https:\/\/niramart.com\/revista-magazine\/tag\/miedho\/\" rel=\"tag\">MIEDHO<\/a>, <a href=\"https:\/\/niramart.com\/revista-magazine\/tag\/pedro-ortega\/\" rel=\"tag\">Pedro Ortega<\/a><\/span><\/li>\n<\/ul>\n<\/div>\n<\/div>\n<footer class=\"post-footer postdata fix\"> <\/footer>\n<\/article>\n<div class=\"page-nav fix\">\n<div class=\"suf-page-nav fix\"> <span class=\"page-index\">Page 1 of 2<\/span> <span class=\"page-numbers current\">1<\/span> <a class=\"page-numbers\" href=\"https:\/\/niramart.com\/revista-magazine\">2<\/a> <a class=\"next page-numbers\" href=\"https:\/\/niramart.com\/revista-magazine\">Older Entries<\/a><\/div>\n<\/div>\n<\/div>\n<\/div>\n","protected":false,"raw":""},"excerpt":{"rendered":"<p>La cr\u00edtica como arte por Ruth Blidhav Jul 182013 [&hellip;]<\/p>\n","protected":false},"author":0,"featured_media":0,"parent":0,"menu_order":0,"comment_status":"closed","ping_status":"closed","template":"","meta":{"footnotes":""},"class_list":["post-99","page","type-page","status-publish","hentry"],"yoast_head":"<!-- This site is optimized with the Yoast SEO plugin v27.4 - https:\/\/yoast.com\/product\/yoast-seo-wordpress\/ -->\n<title>N\u00ba 1-2, 2013 \u00bb Niram Art Magazine<\/title>\n<meta name=\"robots\" content=\"index, follow, max-snippet:-1, max-image-preview:large, max-video-preview:-1\" \/>\n<link rel=\"canonical\" href=\"https:\/\/niramart.com\/revista-magazine\/category\/s5-articulos\/no-1-2-2013\/\" \/>\n<meta property=\"og:type\" content=\"article\" \/>\n<meta property=\"og:title\" content=\"N\u00ba 1-2, 2013 \u00bb Niram Art Magazine\" \/>\n<meta property=\"og:description\" content=\"La cr\u00edtica como arte por Ruth Blidhav Jul 182013 [&hellip;]\" \/>\n<meta property=\"og:url\" content=\"https:\/\/niramart.com\/revista-magazine\/category\/s5-articulos\/no-1-2-2013\/\" \/>\n<meta property=\"og:site_name\" content=\"Niram Art Magazine\" \/>\n<meta name=\"twitter:card\" content=\"summary_large_image\" \/>\n<meta name=\"twitter:label1\" content=\"Est. reading time\" \/>\n\t<meta name=\"twitter:data1\" content=\"3 minutes\" \/>\n<!-- \/ Yoast SEO plugin. -->","yoast_head_json":{"title":"N\u00ba 1-2, 2013 \u00bb Niram Art Magazine","robots":{"index":"index","follow":"follow","max-snippet":"max-snippet:-1","max-image-preview":"max-image-preview:large","max-video-preview":"max-video-preview:-1"},"canonical":"https:\/\/niramart.com\/revista-magazine\/category\/s5-articulos\/no-1-2-2013\/","og_type":"article","og_title":"N\u00ba 1-2, 2013 \u00bb Niram Art Magazine","og_description":"La cr\u00edtica como arte por Ruth Blidhav Jul 182013 [&hellip;]","og_url":"https:\/\/niramart.com\/revista-magazine\/category\/s5-articulos\/no-1-2-2013\/","og_site_name":"Niram Art Magazine","twitter_card":"summary_large_image","twitter_misc":{"Est. reading time":"3 minutes"}},"_links":{"self":[{"href":"https:\/\/niramart.com\/revista-magazine\/wp-json\/wp\/v2\/pages\/99","targetHints":{"allow":["GET"]}}],"collection":[{"href":"https:\/\/niramart.com\/revista-magazine\/wp-json\/wp\/v2\/pages"}],"about":[{"href":"https:\/\/niramart.com\/revista-magazine\/wp-json\/wp\/v2\/types\/page"}],"replies":[{"embeddable":true,"href":"https:\/\/niramart.com\/revista-magazine\/wp-json\/wp\/v2\/comments?post=99"}],"version-history":[{"count":0,"href":"https:\/\/niramart.com\/revista-magazine\/wp-json\/wp\/v2\/pages\/99\/revisions"}],"wp:attachment":[{"href":"https:\/\/niramart.com\/revista-magazine\/wp-json\/wp\/v2\/media?parent=99"}],"curies":[{"name":"wp","href":"https:\/\/api.w.org\/{rel}","templated":true}]}}