{"id":8,"date":"2024-04-01T07:40:23","date_gmt":"2024-04-01T07:40:23","guid":{"rendered":"https:\/\/niramart.com\/revista-magazine\/100-anos-do-nascimento-do-pintor-estevao-soares\/"},"modified":"2024-04-01T07:40:23","modified_gmt":"2024-04-01T07:40:23","slug":"100-anos-do-nascimento-do-pintor-estevao-soares","status":"publish","type":"page","link":"https:\/\/niramart.com\/revista-magazine\/100-anos-do-nascimento-do-pintor-estevao-soares\/","title":{"rendered":"100 anos do nascimento do pintor Est\u00eav\u00e3o Soares"},"content":{"rendered":"<div id=\"main-col\">\n<div id=\"content\">\n<article class=\"post-1313 post type-post status-publish format-standard hentry category-c41-articulos-portugues tag-alvaro-lobato-de-faria tag-estevao-soares category-15-id full-content meta-position-left-pullout fix\" id=\"post-1313\">\n<header class=\"post-header title-container fix\">\n<div class=\"title\">\n<h1 class=\"posttitle\"><a href=\"https:\/\/niramart.com\/revista-magazine\/100-anos-do-nascimento-do-pintor-estevao-soares\/\" class=\"entry-title\" rel=\"bookmark\" title=\"100 anos do nascimento do pintor Est\u00eav\u00e3o Soares\">100 anos do nascimento do pintor Est\u00eav\u00e3o Soares<\/a><\/h1>\n<\/div>\n<div class=\"date\"><span class=\"month\">Nov<\/span> <span class=\"day\">20<\/span><span class=\"year\">2014<\/span><\/div>\n<\/header>\n<p> <span class=\"post-format-icon\">&nbsp;<\/span><span class=\"updated\" title=\"2014-11-20T18:53:04+00:00\">&nbsp;<\/span><\/p>\n<div class=\"entry-container fix\">\n<div class=\"entry fix\">\n<div>\n<div><b>No dia 16 de Outubro comemoraram-se os 100 anos do nascimento de Est\u00eav\u00e3o Soares.<\/b><\/div>\n<div><\/div>\n<p class=\"bch4dcbow065stdpy\">Um evento organizado pelos filhos do pintor, com o apoio da <b>SNBA<\/b> e da Pintora Maria Gabriel.<\/div>\n<p class=\"bch4dcbow065stdpy\">O <b> MAC<\/b>, pela presen\u00e7a do seu Diretor <b>Dr. <a href=\"http:\/\/www.alvarolobatodefaria.blogspot.pt\/\">\u00c1lvaro Lobato de Faria<\/a><\/b>, participou na Sess\u00e3o de Homenagem e inaugura\u00e7\u00e3o da exposi\u00e7\u00e3o do artista que teve lugar na Sociedade Nacional de Belas Artes.<\/p>\n<p class=\"bch4dcbow065stdpy\"><img loading=\"lazy\" decoding=\"async\" class=\"aligncenter\" src=\"https:\/\/niramart.com\/revista-magazine\/files\/-cstw_as3-kw\/vgd-4_bdfai\/aaaaaaaagj4\/ezifpldwb1s\/s1600\/img_0098.jpg\" alt=\"Est\u00eav\u00e3o Soares\" width=\"693\" height=\"462\"\/><\/p>\n<p class=\"bch4dcbow065stdpy\"><strong>Est\u00eav\u00e3o Soares<\/strong><\/p>\n<p class=\"bch4dcbow065stdpy\"><img loading=\"lazy\" decoding=\"async\" class=\"alignleft\" src=\"https:\/\/niramart.com\/revista-magazine\/files\/-ezfycmbb5iu\/vgd-35tmhmi\/aaaaaaaagjw\/tghcjau_kc8\/s1600\/este\u0302va\u0303o_soares_1.jpg\" alt=\"Est\u00eav\u00e3o Soares\" width=\"279\" height=\"197\"\/>Est\u00eav\u00e3o Soares, pintor portugu\u00eas, nasceu na Marteleira em 1914 e faleceu em Lisboa em1992. A sua obra, tanto o \u00f3leo quanto a aguarela, constr\u00f3i-se sobre alicerces figurativos e tem sido diversas vezes enquadrada na corrente naturalista. A extensa produ\u00e7\u00e3o do artista ao longo de cinco d\u00e9cadas, principalmente em Portugal e nas ex-col\u00f3nias de \u00c1frica, espelha as transforma\u00e7\u00f5es por que passou o territ\u00f3rio continental e ultramarino durante a segunda metade do s\u00e9culo XX.<\/p>\n<p class=\"bch4dcbow065stdpy\">Juntamente com outros pintores e escultores, incluindo Ant\u00f3nio Carmo, Cipriano Dourado, Guilherme Casquilho e Hil\u00e1rio Teixeira Lopes, fundou em 1974 o Grupo Paralelo, cuja atividade se prolonga at\u00e9 aos dias de hoje. Est\u00e1 representado em in\u00fameras cole\u00e7\u00f5es particulares e diversos museus nacionais em Portugal e no estrangeiro, nomeadamente em Angola, Mo\u00e7ambique, \u00c1frica do Sul, Reino Unido e Fran\u00e7a.<\/p>\n<p class=\"bch4dcbow065stdpy\">&nbsp;<\/p>\n<h3>Afirma\u00e7\u00e3o como pintor, Lisboa (1914-1954)<\/h3>\n<p class=\"bch4dcbow065stdpy\">Est\u00eav\u00e3o Soares nasceu em 1914 na Marteleira, a 3 quil\u00f3metros da Lourinh\u00e3. Vai para Lisboa ainda durante a inf\u00e2ncia, onde passa a residir, e come\u00e7a desde logo a evidenciar a sua voca\u00e7\u00e3o para o desenho e para a pintura. Durante as primeiras d\u00e9cadas de vida na capital, desenvolve as suas aptid\u00f5es art\u00edsticas de forma autodidata, em contacto pr\u00f3ximo com outros pintores da sua gera\u00e7\u00e3o. Em termos profissionais, tal como acontecia com outros artistas pl\u00e1sticos da \u00e9poca, come\u00e7a por se afirmar sobretudo nas \u00e1reas da publicidade e da decora\u00e7\u00e3o. A partir dos 30 anos de idade a sua carreira como pintor desenvolve-se j\u00e1 de forma aut\u00f3noma, principalmente desde a sua participa\u00e7\u00e3o no \u201cSal\u00e3o dos Exclu\u00eddos&#8221;, que co-organiza em 1944. Esta mostra de artes pl\u00e1sticas provocou surpresa e alguma celeuma nos meios art\u00edsticos, culturais e oficiais, uma vez que agrupava os artistas que haviam sido exclu\u00eddos da pr\u00e9-selec\u00e7\u00e3o para o \u201c1\u00b0 Sal\u00e3o de Arte Moderna&#8221; do Secretariado da Propaganda Nacional. No ano seguinte realiza a primeira exposi\u00e7\u00e3o individual de pintura, no \u00e1trio do Di\u00e1rio de Not\u00edcias, tornando-se a partir de ent\u00e3o presen\u00e7a regular nos \u201cSal\u00f5es de Inverno\u201d da Sociedade Nacional de Belas-Artes \u2013 da qual passa a ser s\u00f3cio \u2013 e nos pr\u00f3prios \u201cSal\u00f5es de Arte Moderna\u201d do SNI, onde em 1944 n\u00e3o fora admitido.<\/p>\n<p class=\"bch4dcbow065stdpy\">Nos dez anos seguintes sucedem-se as exposi\u00e7\u00f5es individuais e colectivas, pondo em evid\u00eancia uma obra de cariz essencialmente naturalista que retrata, com preciosos elementos de valor etnogr\u00e1fico, aspectos de um pa\u00eds onde a ruralidade era a norma e o pr\u00f3prio meio urbano resistia ao progresso e \u00e0 industrializa\u00e7\u00e3o. Desse per\u00edodo, v\u00e1rias regi\u00f5es do pa\u00eds se encontram bem representadas, embora Lisboa, onde o artista residia, tenha natural predomin\u00e2ncia. \u00c9 disso exemplo a exposi\u00e7\u00e3o \u201cLisboa do Meu \u00c1lbum\u201d, realizada em 1951 na SNBA. Em 1952, o Di\u00e1rio Popular atribui-lhe o Pr\u00e9mio de Turismo Portugu\u00eas e em 1955 \u00e9 a pr\u00f3pria Sociedade Nacional de Belas Artes que lhe concede o pr\u00e9mio Roque Gameiro. No mesmo ano, \u00e9 citado na \u201cGrande Enciclop\u00e9dia Portuguesa e Brasileira\u201d e na \u201cDicion\u00e1rio de Pintores e Escultores Portugueses ou que Trabalharam em Portugal\u201d de Fernando Pamplona.<\/p>\n<h3>Viagens em \u00c1frica e regresso \u00e0 Metr\u00f3pole (1955-1973)<\/h3>\n<p class=\"bch4dcbow065stdpy\">Em 1955 \u00e9 desafiado para expor no Pal\u00e1cio do Com\u00e9rcio de Luanda, convite que aceita de imediato propondo uma grande exposi\u00e7\u00e3o antol\u00f3gica intitulada &#8220;101 \u00d3leos e Aguarelas&#8221;. O sucesso do evento em Angola faz o artista adiar o regresso a Lisboa e prolongar a sua viagem em \u00c1frica por mais seis anos. Face \u00e0 sucess\u00e3o de convites, viaja, pinta e exp\u00f5e em diversos territ\u00f3rios ultramarinos, tanto portugueses (Angola, Mo\u00e7ambique) quanto de outras pot\u00eancias coloniais europeias (Congo Belga, \u00c1frica Equatorial Francesa, Rod\u00e9sia do Sul e Niassal\u00e2ndia), passando ainda pela Rep\u00fablica da \u00c1frica do Sul. Retrata as cidades e as grandes obras p\u00fablicas surgidas na \u00faltima d\u00e9cada, mas sobretudo as paisagens naturais e os povos que encontrava nas suas viagens fora dos centros urbanos, muitas vezes a regi\u00f5es pouco frequentadas pelos colonos. Durante esses anos, reune um grande acervo de trabalhos que d\u00e3o um valioso retrato das col\u00f3nias portuguesas nos anos que precederam o eclodir das guerras de liberta\u00e7\u00e3o.<\/p>\n<p class=\"bch4dcbow065stdpy\">Regressado a Lisboa em 1961, retoma as exposi\u00e7\u00f5es em Portugal continental, algumas delas retrospetivas de trabalhos executados aquando da sua viagem por \u00c1frica. \u00c9 o caso, por exemplo, das duas exposi\u00e7\u00f5es individuais que realiza no Pal\u00e1cio Foz, em 1967 e 1968. Ao longo dos anos \u201960, e durante as d\u00e9cadas seguintes, \u00e9 ass\u00edduo nas tert\u00falias do caf\u00e9 A Brasileira do Chiado, que reunem v\u00e1rias figuras do mundo art\u00edstico e intelectual da \u00e9poca, entre eles o pintor Abel Manta, o polifacetado Almada Negreiros ou o realizador Arthur Duarte, com quem estabeleceria uma duradoura amizade. Durante este per\u00edodo, a sua obra torna-se mais perme\u00e1vel a outras correntes est\u00e9ticas, revelando ocasionalmente influ\u00eancias do expressionismo e do abstracionismo, linguagens a que recorre para traduzir a progressiva moderniza\u00e7\u00e3o dos espa\u00e7os urbanos que pinta, e que se acentuar\u00e1 nos anos \u201970 e \u201980.<\/p>\n<h3>P\u00f3s-25 de Abril e Grupo Paralelo (1974-1991)<\/h3>\n<p class=\"bch4dcbow065stdpy\">Ap\u00f3s uma curta viagem a Londres, regressa a Lisboa nas v\u00e9speras do 25 de Abril de 1974. Com o fim da ditadura e fervor revolucion\u00e1rios dos anos do PREC, empenha-se em causas pol\u00edticas e sociais que d\u00e3o um cunho mais interventivo \u00e0 sua obra. Deste per\u00edodo datam numerosos trabalhos que testemunham as manifesta\u00e7\u00f5es, com\u00edcios e interven\u00e7\u00f5es pol\u00edticas que marcam ent\u00e3o o quotidiano da capital. Na Primavera de 1974 funda o grupo Paralelo 12 em conjunto com 11 outros artistas pl\u00e1sticos: Ad\u00e3o Rodrigues, Alberto Gordillo, \u00c1lvaro Perdig\u00e3o, Ant\u00f3nio Carmo, Ant\u00f3nio Trindade, Cipriano Dourado, Guilherme Casquilho, Teixeira Lopes, Ribeiro Farinha, Rog\u00e9rio Amaral e Virg\u00edlio Domingues. No esp\u00edrito da \u00e9poca, este conjunto de pintores e escultores esteticamente heterog\u00e9neo propunha-se divulgar as artes pl\u00e1sticas pelo pa\u00eds, elegendo como prioridade o territ\u00f3rio virgem que a prov\u00edncia ent\u00e3o representava e apontando, a mais longo prazo, \u00e0 internacionaliza\u00e7\u00e3o. Posteriormente, o grupo acolheria outros artistas pl\u00e1sticos como Boavida Amaro, Jo\u00e3o Duarte, Jo\u00e3o Hogan, Jorge Vieira, Jos\u00e9 Ant\u00f3nio Flores, Lurdes Freitas, Maur\u00edcio Penha, No\u00e9mia Cruz e Querubim Lapa, encurtando a sua designa\u00e7\u00e3o para Paralelo.<\/p>\n<p class=\"bch4dcbow065stdpy\">Neste per\u00edodo come\u00e7a tamb\u00e9m a colaborar na Festa do Avante, participando na elabora\u00e7\u00e3o de murais e cedendo obras para exposi\u00e7\u00e3o. A sua filia\u00e7\u00e3o no Partido Comunista Portugu\u00eas faz com que, a partir do 25 de Novembro de 1975, o circuito de exposi\u00e7\u00f5es se torne ideologicamente seletivo ao acolhimento das suas obras e das de outros artistas conotados com o PCP, que v\u00eaem agora dificultada a divulga\u00e7\u00e3o do seu trabalho em muitos munic\u00edpios do Norte do pa\u00eds. Ainda assim, as exposi\u00e7\u00f5es individuais e coletivas &#8211; principalmente com o grupo Paralelo &#8211; sucedem-se ao longo dos anos 70 e 80. A n\u00edvel individual, destacam-se as que realizou em 1978 na Galeria 21 de Faro, em 1979 na Biblioteca Nacional e na Casa do Alentejo, em 1980 no Pal\u00e1cio Foz, em 1982 na C\u00e2mara Municipal da Amadora e em 1987 na Casa da Imprensa. A sua \u00faltima exposi\u00e7\u00e3o foi na Galeria Municipal de Portalegre, em 1990. Faleceu em Lisboa em 1992, aos 77 anos de idade.<\/p>\n<p class=\"bch4dcbow065stdpy\">&nbsp;<\/p>\n<\/div>\n<div class=\"meta-pullout meta-left-pullout\">\n<ul>\n<li class=\"fix\"><span class=\"category\"><span class=\"icon\">&nbsp;<\/span> <a href=\"https:\/\/niramart.com\/revista-magazine\/category\/s5-articulos\/c41-articulos-portugues\/\" rel=\"category tag\">Artigos em Portugu\u00eas<\/a><\/span><\/li>\n<li class=\"fix\"><span class=\"tags tax\"><span class=\"icon\">&nbsp;<\/span>Tagged with: <a href=\"https:\/\/niramart.com\/revista-magazine\/tag\/alvaro-lobato-de-faria\/\" rel=\"tag\">\u00c1lvaro Lobato de Faria<\/a>, <a href=\"https:\/\/niramart.com\/revista-magazine\/tag\/estevao-soares\/\" rel=\"tag\">Est\u00eav\u00e3o Soares<\/a><\/span><\/li>\n<\/ul>\n<\/div>\n<\/div>\n<footer class=\"post-footer postdata fix\"> <\/footer>\n<section id=\"comments\"> <\/section>\n<\/article>\n<nav class=\"post-nav fix\">\n<table>\n<tr>\n<td class=\"previous\"><a href=\"https:\/\/niramart.com\/revista-magazine\/arte-e-tudo-aquilo-que-os-homens-dizem-que-e-arte\/\" rel=\"prev\"><span class=\"icon\">&nbsp;<\/span> &#8220;Arte \u00e9 tudo aquilo que os homens dizem que \u00e9 arte&#8221;<\/a><\/td>\n<td class=\"next\"><\/td>\n<\/tr>\n<\/table>\n<\/nav>\n<\/div>\n<\/div>\n","protected":false,"raw":""},"excerpt":{"rendered":"<p>100 anos do nascimento do pintor Est\u00eav\u00e3o Soares Nov [&hellip;]<\/p>\n","protected":false},"author":0,"featured_media":0,"parent":0,"menu_order":0,"comment_status":"closed","ping_status":"closed","template":"","meta":{"footnotes":""},"class_list":["post-8","page","type-page","status-publish","hentry"],"yoast_head":"<!-- This site is optimized with the Yoast SEO plugin v27.4 - https:\/\/yoast.com\/product\/yoast-seo-wordpress\/ -->\n<title>100 anos do nascimento do pintor Est\u00eav\u00e3o Soares \u00bb Niram Art Magazine<\/title>\n<meta name=\"robots\" content=\"index, follow, max-snippet:-1, max-image-preview:large, max-video-preview:-1\" \/>\n<link rel=\"canonical\" href=\"https:\/\/niramart.com\/revista-magazine\/100-anos-do-nascimento-do-pintor-estevao-soares\/\" \/>\n<meta property=\"og:type\" content=\"article\" \/>\n<meta property=\"og:title\" content=\"100 anos do nascimento do pintor Est\u00eav\u00e3o Soares \u00bb Niram Art Magazine\" \/>\n<meta property=\"og:description\" content=\"100 anos do nascimento do pintor Est\u00eav\u00e3o Soares Nov [&hellip;]\" \/>\n<meta property=\"og:url\" content=\"https:\/\/niramart.com\/revista-magazine\/100-anos-do-nascimento-do-pintor-estevao-soares\/\" \/>\n<meta property=\"og:site_name\" content=\"Niram Art Magazine\" \/>\n<meta name=\"twitter:card\" content=\"summary_large_image\" \/>\n<meta name=\"twitter:label1\" content=\"Est. reading time\" \/>\n\t<meta name=\"twitter:data1\" content=\"7 minutes\" \/>\n<!-- \/ Yoast SEO plugin. -->","yoast_head_json":{"title":"100 anos do nascimento do pintor Est\u00eav\u00e3o Soares \u00bb Niram Art Magazine","robots":{"index":"index","follow":"follow","max-snippet":"max-snippet:-1","max-image-preview":"max-image-preview:large","max-video-preview":"max-video-preview:-1"},"canonical":"https:\/\/niramart.com\/revista-magazine\/100-anos-do-nascimento-do-pintor-estevao-soares\/","og_type":"article","og_title":"100 anos do nascimento do pintor Est\u00eav\u00e3o Soares \u00bb Niram Art Magazine","og_description":"100 anos do nascimento do pintor Est\u00eav\u00e3o Soares Nov [&hellip;]","og_url":"https:\/\/niramart.com\/revista-magazine\/100-anos-do-nascimento-do-pintor-estevao-soares\/","og_site_name":"Niram Art Magazine","twitter_card":"summary_large_image","twitter_misc":{"Est. reading time":"7 minutes"}},"_links":{"self":[{"href":"https:\/\/niramart.com\/revista-magazine\/wp-json\/wp\/v2\/pages\/8","targetHints":{"allow":["GET"]}}],"collection":[{"href":"https:\/\/niramart.com\/revista-magazine\/wp-json\/wp\/v2\/pages"}],"about":[{"href":"https:\/\/niramart.com\/revista-magazine\/wp-json\/wp\/v2\/types\/page"}],"replies":[{"embeddable":true,"href":"https:\/\/niramart.com\/revista-magazine\/wp-json\/wp\/v2\/comments?post=8"}],"version-history":[{"count":0,"href":"https:\/\/niramart.com\/revista-magazine\/wp-json\/wp\/v2\/pages\/8\/revisions"}],"wp:attachment":[{"href":"https:\/\/niramart.com\/revista-magazine\/wp-json\/wp\/v2\/media?parent=8"}],"curies":[{"name":"wp","href":"https:\/\/api.w.org\/{rel}","templated":true}]}}