{"id":77,"date":"2024-04-01T07:40:37","date_gmt":"2024-04-01T07:40:37","guid":{"rendered":"https:\/\/niramart.com\/revista-magazine\/alex-belemuski-y-mussorgsky-3\/"},"modified":"2024-04-01T07:40:37","modified_gmt":"2024-04-01T07:40:37","slug":"alex-belemuski-y-mussorgsky-3","status":"publish","type":"page","link":"https:\/\/niramart.com\/revista-magazine\/category\/no-3-4-2013\/","title":{"rendered":"ALEX BELEMUSKI Y MUSSORGSKY"},"content":{"rendered":"<div id=\"main-col\">\n<div id=\"content\" class=\"hfeed\">\n<article class=\"post-1016 post type-post status-publish format-standard hentry category-c39-articulos-espanol category-bellas-artes category-no-3-4-2013 tag-alex-belemuski tag-hector-martinez tag-mussorgsky excerpt category-18-id category-119-id category-178-id post-seq-1 post-parity-odd meta-position-left-pullout fix\" id=\"post-1016\">\n<header class=\"post-header title-container fix\">\n<div class=\"title\">\n<h2 class=\"posttitle\"><a href=\"https:\/\/niramart.com\/revista-magazine\/alex-belemuski-y-mussorgsky\/\" class=\"entry-title\" rel=\"bookmark\" title=\"ALEX BELEMUSKI Y MUSSORGSKY\">ALEX BELEMUSKI Y MUSSORGSKY<\/a><\/h2>\n<\/div>\n<div class=\"date\"><span class=\"month\">Jun<\/span> <span class=\"day\">12<\/span><span class=\"year\">2013<\/span><\/div>\n<\/header>\n<p> <span class=\"post-format-icon\">&nbsp;<\/span><span class=\"updated\" title=\"2013-06-12T15:13:39+00:00\">&nbsp;<\/span><\/p>\n<div class=\"entry-container fix\">\n<div class=\"entry entry-content fix\">\n<p class=\"bch4dcbow065stdpy\">ALL\u00cd DONDE PINTURA Y M\u00daSICA SE FUNDEN Por H\u00e9ctor Mart\u00ednez He conversado m\u00e1s de una vez con Alex Belemuski, hemos pasado horas juntos. Me ha acompa\u00f1ado en las presentaciones de libros m\u00edos y no en pocas veces ha soportado mis peroratas desde un atril <a href=\"https:\/\/niramart.com\/revista-magazine\/alex-belemuski-y-mussorgsky\/\" class=\"excerpt-more\">[&#8230;]<\/a><\/p>\n<\/div>\n<div class=\"meta-pullout meta-left-pullout\">\n<ul>\n<li class=\"fix\"><span class=\"category\"><span class=\"icon\">&nbsp;<\/span> <a href=\"https:\/\/niramart.com\/revista-magazine\/category\/s5-articulos\/c39-articulos-espanol\/\" rel=\"category tag\">Articulos espa\u00f1ol<\/a>, <a href=\"https:\/\/niramart.com\/revista-magazine\/category\/bellas-artes\/\" rel=\"category tag\">Bellas Artes<\/a>, <a href=\"https:\/\/niramart.com\/revista-magazine\/category\/no-3-4-2013\/\" rel=\"category tag\">N\u00ba 3-4 2013<\/a><\/span><\/li>\n<li class=\"fix\"><span class=\"tags tax\"><span class=\"icon\">&nbsp;<\/span>Tagged with: <a href=\"https:\/\/niramart.com\/revista-magazine\/tag\/alex-belemuski\/\" rel=\"tag\">Alex Belemuski<\/a>, <a href=\"https:\/\/niramart.com\/revista-magazine\/tag\/hector-martinez\/\" rel=\"tag\">H\u00e9ctor Mart\u00ednez<\/a>, <a href=\"https:\/\/niramart.com\/revista-magazine\/tag\/mussorgsky\/\" rel=\"tag\">MUSSORGSKY<\/a><\/span><\/li>\n<\/ul>\n<\/div>\n<\/div>\n<footer class=\"post-footer postdata fix\"> <\/footer>\n<\/article>\n<article class=\"post-1011 post type-post status-publish format-standard hentry category-c39-articulos-espanol category-c38-noticias-revista category-no-3-4-2013 tag-diego-vadillo-lopez excerpt category-18-id category-32-id category-178-id post-seq-2 post-parity-even meta-position-left-pullout fix\" id=\"post-1011\">\n<header class=\"post-header title-container fix\">\n<div class=\"title\">\n<h2 class=\"posttitle\"><a href=\"https:\/\/niramart.com\/revista-magazine\/reportaje-se-alquila-mercado\/\" class=\"entry-title\" rel=\"bookmark\" title=\"Reportaje: Se Alquila Mercado\">Reportaje: Se Alquila Mercado<\/a><\/h2>\n<\/div>\n<div class=\"date\"><span class=\"month\">Jun<\/span> <span class=\"day\">12<\/span><span class=\"year\">2013<\/span><\/div>\n<\/header>\n<p> <span class=\"post-format-icon\">&nbsp;<\/span><span class=\"updated\" title=\"2013-06-12T15:09:17+00:00\">&nbsp;<\/span><\/p>\n<div class=\"entry-container fix\">\n<div class=\"entry entry-content fix\">\n<p class=\"bch4dcbow065stdpy\">Diego Vadillo L\u00f3pez &nbsp; A instancia de la artista pl\u00e1stica Laura Herrero Crespo acud\u00ed la ma\u00f1ana del pasado s\u00e1bado 18 de mayo a la \u00faltima jornada en que ten\u00eda lugar el proyecto art\u00edstico-cultural \u201cSe Alquila Mercado\u201d. El lugar no era otro que el madrile\u00f1\u00edsimo <a href=\"https:\/\/niramart.com\/revista-magazine\/reportaje-se-alquila-mercado\/\" class=\"excerpt-more\">[&#8230;]<\/a><\/p>\n<\/div>\n<div class=\"meta-pullout meta-left-pullout\">\n<ul>\n<li class=\"fix\"><span class=\"category\"><span class=\"icon\">&nbsp;<\/span> <a href=\"https:\/\/niramart.com\/revista-magazine\/category\/s5-articulos\/c39-articulos-espanol\/\" rel=\"category tag\">Articulos espa\u00f1ol<\/a>, <a href=\"https:\/\/niramart.com\/revista-magazine\/category\/c38-noticias-revista\/\" rel=\"category tag\">Noticias<\/a>, <a href=\"https:\/\/niramart.com\/revista-magazine\/category\/no-3-4-2013\/\" rel=\"category tag\">N\u00ba 3-4 2013<\/a><\/span><\/li>\n<li class=\"fix\"><span class=\"tags tax\"><span class=\"icon\">&nbsp;<\/span>Tagged with: <a href=\"https:\/\/niramart.com\/revista-magazine\/tag\/diego-vadillo-lopez\/\" rel=\"tag\">Diego Vadillo L\u00f3pez<\/a><\/span><\/li>\n<\/ul>\n<\/div>\n<\/div>\n<footer class=\"post-footer postdata fix\"> <\/footer>\n<\/article>\n<article class=\"post-1007 post type-post status-publish format-standard hentry category-c39-articulos-espanol category-literatura category-no-3-4-2013 tag-diego-vadillo-lopez tag-francisco-de-quevedo tag-francisco-umbral tag-ramon-maria-del-valle-inclan excerpt category-18-id category-120-id category-178-id post-seq-3 post-parity-odd meta-position-left-pullout fix\" id=\"post-1007\">\n<header class=\"post-header title-container fix\">\n<div class=\"title\">\n<h2 class=\"posttitle\"><a href=\"https:\/\/niramart.com\/revista-magazine\/trilogia-chungo-preciosista-de-madrid\/\" class=\"entry-title\" rel=\"bookmark\" title=\"TRILOG\u00cdA CHUNGO-PRECIOSISTA DE MADRID\">TRILOG\u00cdA CHUNGO-PRECIOSISTA DE MADRID<\/a><\/h2>\n<\/div>\n<div class=\"date\"><span class=\"month\">Jun<\/span> <span class=\"day\">12<\/span><span class=\"year\">2013<\/span><\/div>\n<\/header>\n<p> <span class=\"post-format-icon\">&nbsp;<\/span><span class=\"updated\" title=\"2013-06-12T14:30:50+00:00\">&nbsp;<\/span><\/p>\n<div class=\"entry-container fix\">\n<div class=\"entry entry-content fix\">\n<p class=\"bch4dcbow065stdpy\">Diego Vadillo L\u00f3pez Francisco de Quevedo, Ram\u00f3n Mar\u00eda del Valle-Incl\u00e1n y Francisco Umbral son los tres m\u00e1s rese\u00f1ables literatos que se pueden encontrar en la \u00f3rbita de la enrevesada beldad. Tal enrevesamiento suele venir por diversas v\u00edas: 1- A trav\u00e9s del galimat\u00edas conceptual. 2- <a href=\"https:\/\/niramart.com\/revista-magazine\/trilogia-chungo-preciosista-de-madrid\/\" class=\"excerpt-more\">[&#8230;]<\/a><\/p>\n<\/div>\n<div class=\"meta-pullout meta-left-pullout\">\n<ul>\n<li class=\"fix\"><span class=\"category\"><span class=\"icon\">&nbsp;<\/span> <a href=\"https:\/\/niramart.com\/revista-magazine\/category\/s5-articulos\/c39-articulos-espanol\/\" rel=\"category tag\">Articulos espa\u00f1ol<\/a>, <a href=\"https:\/\/niramart.com\/revista-magazine\/category\/literatura\/\" rel=\"category tag\">Literatura<\/a>, <a href=\"https:\/\/niramart.com\/revista-magazine\/category\/no-3-4-2013\/\" rel=\"category tag\">N\u00ba 3-4 2013<\/a><\/span><\/li>\n<li class=\"fix\"><span class=\"tags tax\"><span class=\"icon\">&nbsp;<\/span>Tagged with: <a href=\"https:\/\/niramart.com\/revista-magazine\/tag\/diego-vadillo-lopez\/\" rel=\"tag\">Diego Vadillo L\u00f3pez<\/a>, <a href=\"https:\/\/niramart.com\/revista-magazine\" rel=\"tag\">Francisco de Quevedo<\/a>, <a href=\"https:\/\/niramart.com\/revista-magazine\" rel=\"tag\">Francisco Umbral<\/a>, <a href=\"https:\/\/niramart.com\/revista-magazine\" rel=\"tag\">Ram\u00f3n Mar\u00eda del Valle-Incl\u00e1n<\/a><\/span><\/li>\n<\/ul>\n<\/div>\n<\/div>\n<footer class=\"post-footer postdata fix\"> <\/footer>\n<\/article>\n<article class=\"post-1004 post type-post status-publish format-standard hentry category-c39-articulos-espanol category-bellas-artes category-no-3-4-2013 tag-kel-bathory tag-miedho excerpt category-18-id category-119-id category-178-id post-seq-4 post-parity-even meta-position-left-pullout fix\" id=\"post-1004\">\n<header class=\"post-header title-container fix\">\n<div class=\"title\">\n<h2 class=\"posttitle\"><a href=\"https:\/\/niramart.com\/revista-magazine\" class=\"entry-title\" rel=\"bookmark\" title=\"Mind Industrial of Echo and Disorder Hate and Obsessive\">Mind Industrial of Echo and Disorder Hate and Obsessive<\/a><\/h2>\n<\/div>\n<div class=\"date\"><span class=\"month\">Jun<\/span> <span class=\"day\">12<\/span><span class=\"year\">2013<\/span><\/div>\n<\/header>\n<p> <span class=\"post-format-icon\">&nbsp;<\/span><span class=\"updated\" title=\"2013-06-12T14:26:27+00:00\">&nbsp;<\/span><\/p>\n<div class=\"entry-container fix\">\n<div class=\"entry entry-content fix\">\n<p class=\"bch4dcbow065stdpy\">M.I.E.D.H.O. Mind Industrial of Echo and Disorder Hate and Obsessive \u201cPara poder entender mejor la obra, hay que conocer mejor al autor.\u201d por Kel B\u00e1thory \u00bfQui\u00e9n es Miedho? Miedho es un peculiar artista pl\u00e1stico que a trav\u00e9s de la fotograf\u00eda, la pintura, el video <a href=\"https:\/\/niramart.com\/revista-magazine\" class=\"excerpt-more\">[&#8230;]<\/a><\/p>\n<\/div>\n<div class=\"meta-pullout meta-left-pullout\">\n<ul>\n<li class=\"fix\"><span class=\"category\"><span class=\"icon\">&nbsp;<\/span> <a href=\"https:\/\/niramart.com\/revista-magazine\/category\/s5-articulos\/c39-articulos-espanol\/\" rel=\"category tag\">Articulos espa\u00f1ol<\/a>, <a href=\"https:\/\/niramart.com\/revista-magazine\/category\/bellas-artes\/\" rel=\"category tag\">Bellas Artes<\/a>, <a href=\"https:\/\/niramart.com\/revista-magazine\/category\/no-3-4-2013\/\" rel=\"category tag\">N\u00ba 3-4 2013<\/a><\/span><\/li>\n<li class=\"fix\"><span class=\"tags tax\"><span class=\"icon\">&nbsp;<\/span>Tagged with: <a href=\"https:\/\/niramart.com\/revista-magazine\" rel=\"tag\">Kel B\u00e1thory<\/a>, <a href=\"https:\/\/niramart.com\/revista-magazine\/tag\/miedho\/\" rel=\"tag\">MIEDHO<\/a><\/span><\/li>\n<\/ul>\n<\/div>\n<\/div>\n<footer class=\"post-footer postdata fix\"> <\/footer>\n<\/article>\n<article class=\"post-1001 post type-post status-publish format-standard hentry category-c39-articulos-espanol category-literatura category-no-3-4-2013 tag-diego-vadillo-lopez tag-mariano-martin-rodriguez tag-ramon-de-basterra excerpt category-18-id category-120-id category-178-id post-seq-5 post-parity-odd meta-position-left-pullout fix\" id=\"post-1001\">\n<header class=\"post-header title-container fix\">\n<div class=\"title\">\n<h2 class=\"posttitle\"><a href=\"https:\/\/niramart.com\/revista-magazine\" class=\"entry-title\" rel=\"bookmark\" title=\"Con respecto a Mariano Mart\u00edn Rodr\u00edguez\">Con respecto a Mariano Mart\u00edn Rodr\u00edguez<\/a><\/h2>\n<\/div>\n<div class=\"date\"><span class=\"month\">Jun<\/span> <span class=\"day\">12<\/span><span class=\"year\">2013<\/span><\/div>\n<\/header>\n<p> <span class=\"post-format-icon\">&nbsp;<\/span><span class=\"updated\" title=\"2013-06-12T14:21:59+00:00\">&nbsp;<\/span><\/p>\n<div class=\"entry-container fix\">\n<div class=\"entry entry-content fix\">\n<p class=\"bch4dcbow065stdpy\">Con respecto a Mariano Mart\u00edn Rodr\u00edguez a cuento de Ram\u00f3n de Basterra o la importancia del oficio filol\u00f3gico Diego Vadillo L\u00f3pez &nbsp; En el \u201cDiccionario\u201d de la Real Academia se define \u201cfilolog\u00eda\u201d como \u201cCiencia que estudia una cultura tal como se manifiesta en su <a href=\"https:\/\/niramart.com\/revista-magazine\" class=\"excerpt-more\">[&#8230;]<\/a><\/p>\n<\/div>\n<div class=\"meta-pullout meta-left-pullout\">\n<ul>\n<li class=\"fix\"><span class=\"category\"><span class=\"icon\">&nbsp;<\/span> <a href=\"https:\/\/niramart.com\/revista-magazine\/category\/s5-articulos\/c39-articulos-espanol\/\" rel=\"category tag\">Articulos espa\u00f1ol<\/a>, <a href=\"https:\/\/niramart.com\/revista-magazine\/category\/literatura\/\" rel=\"category tag\">Literatura<\/a>, <a href=\"https:\/\/niramart.com\/revista-magazine\/category\/no-3-4-2013\/\" rel=\"category tag\">N\u00ba 3-4 2013<\/a><\/span><\/li>\n<li class=\"fix\"><span class=\"tags tax\"><span class=\"icon\">&nbsp;<\/span>Tagged with: <a href=\"https:\/\/niramart.com\/revista-magazine\/tag\/diego-vadillo-lopez\/\" rel=\"tag\">Diego Vadillo L\u00f3pez<\/a>, <a href=\"https:\/\/niramart.com\/revista-magazine\/tag\/mariano-martin-rodriguez\/\" rel=\"tag\">Mariano Mart\u00edn Rodr\u00edguez<\/a>, <a href=\"https:\/\/niramart.com\/revista-magazine\" rel=\"tag\">Ram\u00f3n de Basterra<\/a><\/span><\/li>\n<\/ul>\n<\/div>\n<\/div>\n<footer class=\"post-footer postdata fix\"> <\/footer>\n<\/article>\n<article class=\"post-998 post type-post status-publish format-standard hentry category-c39-articulos-espanol category-literatura category-no-3-4-2013 tag-diego-vadillo-lopez tag-eduardo-vaquerizo tag-fernando-angel-moreno tag-mariano-martin-rodriguez excerpt category-18-id category-120-id category-178-id post-seq-6 post-parity-even meta-position-left-pullout fix\" id=\"post-998\">\n<header class=\"post-header title-container fix\">\n<div class=\"title\">\n<h2 class=\"posttitle\"><a href=\"https:\/\/niramart.com\/revista-magazine\" class=\"entry-title\" rel=\"bookmark\" title=\"Complutenses Jornadas de Ciencia Ficci\u00f3n, una odisea en Ciudad Universitaria\">Complutenses Jornadas de Ciencia Ficci\u00f3n, una odisea en Ciudad Universitaria<\/a><\/h2>\n<\/div>\n<div class=\"date\"><span class=\"month\">Jun<\/span> <span class=\"day\">12<\/span><span class=\"year\">2013<\/span><\/div>\n<\/header>\n<p> <span class=\"post-format-icon\">&nbsp;<\/span><span class=\"updated\" title=\"2013-06-12T14:18:13+00:00\">&nbsp;<\/span><\/p>\n<div class=\"entry-container fix\">\n<div class=\"entry entry-content fix\">\n<p class=\"bch4dcbow065stdpy\">Diego Vadillo L\u00f3pez &nbsp; Tuve ocasi\u00f3n de asistir el viernes 24 de mayo de 2013 a las I Jornadas Complutenses de Ciencia Ficci\u00f3n coordinadas por el escritor y periodista Fabianni Belemuski. Las ponencias contaron con la participaci\u00f3n, por orden de intervenci\u00f3n, del fil\u00f3logo Mariano <a href=\"https:\/\/niramart.com\/revista-magazine\" class=\"excerpt-more\">[&#8230;]<\/a><\/p>\n<\/div>\n<div class=\"meta-pullout meta-left-pullout\">\n<ul>\n<li class=\"fix\"><span class=\"category\"><span class=\"icon\">&nbsp;<\/span> <a href=\"https:\/\/niramart.com\/revista-magazine\/category\/s5-articulos\/c39-articulos-espanol\/\" rel=\"category tag\">Articulos espa\u00f1ol<\/a>, <a href=\"https:\/\/niramart.com\/revista-magazine\/category\/literatura\/\" rel=\"category tag\">Literatura<\/a>, <a href=\"https:\/\/niramart.com\/revista-magazine\/category\/no-3-4-2013\/\" rel=\"category tag\">N\u00ba 3-4 2013<\/a><\/span><\/li>\n<li class=\"fix\"><span class=\"tags tax\"><span class=\"icon\">&nbsp;<\/span>Tagged with: <a href=\"https:\/\/niramart.com\/revista-magazine\/tag\/diego-vadillo-lopez\/\" rel=\"tag\">Diego Vadillo L\u00f3pez<\/a>, <a href=\"https:\/\/niramart.com\/revista-magazine\/tag\/eduardo-vaquerizo\/\" rel=\"tag\">Eduardo Vaquerizo<\/a>, <a href=\"https:\/\/niramart.com\/revista-magazine\/tag\/fernando-angel-moreno\/\" rel=\"tag\">Fernando \u00c1ngel Moreno<\/a>, <a href=\"https:\/\/niramart.com\/revista-magazine\/tag\/mariano-martin-rodriguez\/\" rel=\"tag\">Mariano Mart\u00edn Rodr\u00edguez<\/a><\/span><\/li>\n<\/ul>\n<\/div>\n<\/div>\n<footer class=\"post-footer postdata fix\"> <\/footer>\n<\/article>\n<article class=\"post-956 post type-post status-publish format-standard hentry category-c39-articulos-espanol category-literatura category-no-3-4-2013 tag-eduardo-de-la-fuente tag-espacio-niram tag-ivan-miedho tag-presentacion-de-libros excerpt category-18-id category-120-id category-178-id post-seq-7 post-parity-odd meta-position-left-pullout fix\" id=\"post-956\">\n<header class=\"post-header title-container fix\">\n<div class=\"title\">\n<h2 class=\"posttitle\"><a href=\"https:\/\/niramart.com\/revista-magazine\/eduardo-de-la-fuente\/\" class=\"entry-title\" rel=\"bookmark\" title=\"Un a\u00f1o en Siberia, de Eduardo de la Fuente Carrillo\">Un a\u00f1o en Siberia, de Eduardo de la Fuente Carrillo<\/a><\/h2>\n<\/div>\n<div class=\"date\"><span class=\"month\">Apr<\/span> <span class=\"day\">29<\/span><span class=\"year\">2013<\/span><\/div>\n<\/header>\n<p> <span class=\"post-format-icon\">&nbsp;<\/span><span class=\"updated\" title=\"2013-04-29T14:58:57+00:00\">&nbsp;<\/span><\/p>\n<div class=\"entry-container fix\">\n<div class=\"entry entry-content fix\">\n<p class=\"bch4dcbow065stdpy\">Iv\u00e1n MIEDHO Cuando abr\u00ed el libro Un a\u00f1o en Siberia, de Eduardo de la Fuente Carrillo, comprend\u00ed que me encontraba ante un reflejo de una parte de m\u00ed, que a\u00fan hoy en d\u00eda, estoy intentando despertar. Siempre estoy hablando de la manipulaci\u00f3n de los <a href=\"https:\/\/niramart.com\/revista-magazine\/eduardo-de-la-fuente\/\" class=\"excerpt-more\">[&#8230;]<\/a><\/p>\n<\/div>\n<div class=\"meta-pullout meta-left-pullout\">\n<ul>\n<li class=\"fix\"><span class=\"category\"><span class=\"icon\">&nbsp;<\/span> <a href=\"https:\/\/niramart.com\/revista-magazine\/category\/s5-articulos\/c39-articulos-espanol\/\" rel=\"category tag\">Articulos espa\u00f1ol<\/a>, <a href=\"https:\/\/niramart.com\/revista-magazine\/category\/literatura\/\" rel=\"category tag\">Literatura<\/a>, <a href=\"https:\/\/niramart.com\/revista-magazine\/category\/no-3-4-2013\/\" rel=\"category tag\">N\u00ba 3-4 2013<\/a><\/span><\/li>\n<li class=\"fix\"><span class=\"tags tax\"><span class=\"icon\">&nbsp;<\/span>Tagged with: <a href=\"https:\/\/niramart.com\/revista-magazine\" rel=\"tag\">Eduardo de la Fuente<\/a>, <a href=\"https:\/\/niramart.com\/revista-magazine\/tag\/espacio-niram\/\" rel=\"tag\">espacio niram<\/a>, <a href=\"https:\/\/niramart.com\/revista-magazine\/tag\/ivan-miedho\/\" rel=\"tag\">iv\u00e1n miedho<\/a>, <a href=\"https:\/\/niramart.com\/revista-magazine\" rel=\"tag\">presentaci\u00f3n de libros<\/a><\/span><\/li>\n<\/ul>\n<\/div>\n<\/div>\n<footer class=\"post-footer postdata fix\"> <\/footer>\n<\/article>\n<\/div>\n<\/div>\n","protected":false,"raw":""},"excerpt":{"rendered":"<p>ALEX BELEMUSKI Y MUSSORGSKY Jun 122013 &nbsp;&nbsp; ALL\u00cd DONDE [&hellip;]<\/p>\n","protected":false},"author":0,"featured_media":0,"parent":0,"menu_order":0,"comment_status":"closed","ping_status":"closed","template":"","meta":{"footnotes":""},"class_list":["post-77","page","type-page","status-publish","hentry"],"yoast_head":"<!-- This site is optimized with the Yoast SEO plugin v27.4 - https:\/\/yoast.com\/product\/yoast-seo-wordpress\/ -->\n<title>N\u00ba 3-4 2013 \u00bb Niram Art Magazine<\/title>\n<meta name=\"robots\" content=\"index, follow, max-snippet:-1, max-image-preview:large, max-video-preview:-1\" \/>\n<link rel=\"canonical\" href=\"https:\/\/niramart.com\/revista-magazine\/category\/no-3-4-2013\/\" \/>\n<meta property=\"og:type\" content=\"article\" \/>\n<meta property=\"og:title\" content=\"N\u00ba 3-4 2013 \u00bb Niram Art Magazine\" \/>\n<meta property=\"og:description\" content=\"ALEX BELEMUSKI Y MUSSORGSKY Jun 122013 &nbsp;&nbsp; ALL\u00cd DONDE [&hellip;]\" \/>\n<meta property=\"og:url\" content=\"https:\/\/niramart.com\/revista-magazine\/category\/no-3-4-2013\/\" \/>\n<meta property=\"og:site_name\" content=\"Niram Art Magazine\" \/>\n<meta name=\"twitter:card\" content=\"summary_large_image\" \/>\n<meta name=\"twitter:label1\" content=\"Est. reading time\" \/>\n\t<meta name=\"twitter:data1\" content=\"3 minutes\" \/>\n<!-- \/ Yoast SEO plugin. -->","yoast_head_json":{"title":"N\u00ba 3-4 2013 \u00bb Niram Art Magazine","robots":{"index":"index","follow":"follow","max-snippet":"max-snippet:-1","max-image-preview":"max-image-preview:large","max-video-preview":"max-video-preview:-1"},"canonical":"https:\/\/niramart.com\/revista-magazine\/category\/no-3-4-2013\/","og_type":"article","og_title":"N\u00ba 3-4 2013 \u00bb Niram Art Magazine","og_description":"ALEX BELEMUSKI Y MUSSORGSKY Jun 122013 &nbsp;&nbsp; ALL\u00cd DONDE [&hellip;]","og_url":"https:\/\/niramart.com\/revista-magazine\/category\/no-3-4-2013\/","og_site_name":"Niram Art Magazine","twitter_card":"summary_large_image","twitter_misc":{"Est. reading time":"3 minutes"}},"_links":{"self":[{"href":"https:\/\/niramart.com\/revista-magazine\/wp-json\/wp\/v2\/pages\/77","targetHints":{"allow":["GET"]}}],"collection":[{"href":"https:\/\/niramart.com\/revista-magazine\/wp-json\/wp\/v2\/pages"}],"about":[{"href":"https:\/\/niramart.com\/revista-magazine\/wp-json\/wp\/v2\/types\/page"}],"replies":[{"embeddable":true,"href":"https:\/\/niramart.com\/revista-magazine\/wp-json\/wp\/v2\/comments?post=77"}],"version-history":[{"count":0,"href":"https:\/\/niramart.com\/revista-magazine\/wp-json\/wp\/v2\/pages\/77\/revisions"}],"wp:attachment":[{"href":"https:\/\/niramart.com\/revista-magazine\/wp-json\/wp\/v2\/media?parent=77"}],"curies":[{"name":"wp","href":"https:\/\/api.w.org\/{rel}","templated":true}]}}