{"id":56,"date":"2024-04-01T07:40:31","date_gmt":"2024-04-01T07:40:31","guid":{"rendered":"https:\/\/niramart.com\/revista-magazine\/calma-y-tempestad-a-flor-de-piel\/"},"modified":"2024-04-01T07:40:31","modified_gmt":"2024-04-01T07:40:31","slug":"calma-y-tempestad-a-flor-de-piel","status":"publish","type":"page","link":"https:\/\/niramart.com\/revista-magazine\/calma-y-tempestad-a-flor-de-piel\/","title":{"rendered":"Calma y tempestad a flor de piel"},"content":{"rendered":"<div id=\"main-col\">\n<div id=\"content\">\n<article class=\"post-1238 post type-post status-publish format-standard hentry category-c39-articulos-espanol category-bellas-artes tag-bellas-artes-2 tag-dibujo tag-diego-vadillo-lopez tag-eva-sanchez-ramo tag-exposicion tag-laura-herrero-crespo category-18-id category-119-id full-content meta-position-left-pullout fix\" id=\"post-1238\">\n<header class=\"post-header title-container fix\">\n<div class=\"title\">\n<h1 class=\"posttitle\"><a href=\"https:\/\/niramart.com\/revista-magazine\/calma-y-tempestad-a-flor-de-piel\/\" class=\"entry-title\" rel=\"bookmark\" title=\"Calma y tempestad a flor de piel\">Calma y tempestad a flor de piel<\/a><\/h1>\n<\/div>\n<div class=\"date\"><span class=\"month\">Dec<\/span> <span class=\"day\">12<\/span><span class=\"year\">2013<\/span><\/div>\n<\/header>\n<p> <span class=\"post-format-icon\">&nbsp;<\/span><span class=\"updated\" title=\"2013-12-12T14:01:38+00:00\">&nbsp;<\/span><\/p>\n<div class=\"entry-container fix\">\n<div class=\"entry fix\">\n<p class=\"bch4dcbow065stdpy\">por<b> Diego Vadillo L\u00f3pez<\/b><\/p>\n<div id=\"attachment_1239\" style=\"width: 280px\" class=\"wp-caption alignleft\"><a href=\"https:\/\/niramart.com\/revista-magazine\/files\/wp-content\/uploads\/2013\/12\/atraccion-laura-herrero-crespo.jpg\"><img loading=\"lazy\" decoding=\"async\" class=\"size-medium wp-image-1239\" src=\"https:\/\/niramart.com\/revista-magazine\/files\/wp-content\/uploads\/2013\/12\/atraccion-laura-herrero-crespo-300x221.jpg\" alt=\"Laura Herrero Crespo\" width=\"270\" height=\"199\"\/><\/a><\/p>\n<p class=\"wp-caption-text\">Atracci\u00f3n por Laura Herrero Crespo<\/p>\n<\/div>\n<p class=\"bch4dcbow065stdpy\"><b><\/b>El pasado 6 de diciembre tuvo lugar la inauguraci\u00f3n de la exposici\u00f3n<a href=\"https:\/\/niramart.com\/revista-magazine\/exposicion-de-dibujo-y-grabado-calma-y-tempestad-a-flor-de-piel\/\"> <strong>\u201cCalma y Tempestad a flor de piel\u201d<\/strong><\/a>, que reuni\u00f3 un conjunto de obras de las artistas pl\u00e1sticas <strong>Laura Herrero Crespo <\/strong>y<strong> Eva S\u00e1nchez Ramo<\/strong>, ambas licenciadas en Bellas Artes por la Universidad Complutense de Madrid y creadoras de larga trayectoria pese a su juventud.<\/p>\n<p class=\"bch4dcbow065stdpy\">A lo largo de la velada tuvimos ocasi\u00f3n de emparentar dos discursos \u201ca priori\u201d divergentes, pero que, a la postre, se encuentran en algunos puntos de sus respectivos itinerarios, personal\u00edsimos, por otro lado.<\/p>\n<div style=\"width: 297px\" class=\"wp-caption alignright\"><a href=\"https:\/\/niramart.com\/revista-magazine\/files\/2013\/12\/yo-misma-eva-sanchez-ramo.jpg\"><img loading=\"lazy\" decoding=\"async\" src=\"https:\/\/niramart.com\/revista-magazine\/files\/2013\/12\/yo-misma-eva-sanchez-ramo.jpg\" alt=\"Eva S\u00e1nchez Ramo \" width=\"287\" height=\"381\"\/><\/a><\/p>\n<p class=\"wp-caption-text\">Eva S\u00e1nchez Ramo<\/p>\n<\/div>\n<p class=\"bch4dcbow065stdpy\">A Eva le atribu\u00ed el concepto \u201cCalma\u201d, a Laura, el de \u201cTempestad\u201d, aunque qued\u00f3 advertido que ambas catalogaciones estaban sujetas a la reversibilidad propia de casi todo, encerrando cierta inquietud la calma de una y cierto anhelo de sosiego los tempestuosos par\u00e1metros de Laura Herrero nos habl\u00f3 de su gusto por indagar en la trastienda de los cuentos populares y ofrecer pl\u00e1sticamente su env\u00e9s. Eva nos cont\u00f3 las claves de un abrigo que ha creado con retazos de l\u00e1minas contenedoras de dibujos que ofrecen una piel sobre la segunda y emp\u00e1tica piel que quiere ser tan deliciosa prenda.<\/p>\n<div style=\"width: 710px\" class=\"wp-caption aligncenter\"><a href=\"https:\/\/niramart.com\/revista-magazine\/files\/2013\/12\/miserables-eva-sanchez-ramo.jpg\"><img loading=\"lazy\" decoding=\"async\" src=\"https:\/\/niramart.com\/revista-magazine\/files\/2013\/12\/miserables-eva-sanchez-ramo.jpg\" alt=\"Eva S\u00e1nchez Ramo \" width=\"700\" height=\"525\"\/><\/a><\/p>\n<p class=\"wp-caption-text\">Eva S\u00e1nchez Ramo<\/p>\n<\/div>\n<p class=\"bch4dcbow065stdpy\">Tambi\u00e9n me conmovieron las xilograf\u00edas de la propia Eva S\u00e1nchez Ramo, que reflejaban a unos seres \u201cencebollados\u201d (con cierta apariencia de cebolla, con sus m\u00faltiples capas), porte que les otorgaba una cierta inestabilidad, al sostenerse en una base redondeada que los hac\u00eda oscilar en todas las direcciones. Toda una alegor\u00eda.<\/p>\n<div style=\"width: 499px\" class=\"wp-caption aligncenter\"><a href=\"https:\/\/niramart.com\/revista-magazine\/files\/2013\/12\/1-laura-herrero-crespo.jpg\"><img loading=\"lazy\" decoding=\"async\" src=\"https:\/\/niramart.com\/revista-magazine\/files\/2013\/12\/1-laura-herrero-crespo.jpg\" alt=\"Laura Herrero Crespo\" width=\"489\" height=\"480\"\/><\/a><\/p>\n<p class=\"wp-caption-text\">Laura Herrero Crespo<\/p>\n<\/div>\n<p class=\"bch4dcbow065stdpy\">Dado que los proyectos en que las dos artistas han colaborado son varios, cosa que no hace de este evento flor de una casualidad, al ser preguntadas las dos por lo que destacar\u00edan de la compa\u00f1era, a grandes rasgos, comprobamos que una admira de la otra su instinto y capacidad intuitiva; la otra, de la una, sus planteamientos y cauces pl\u00e1sticos para llevarlos a cabo. Yo admiro de la una y de la otra su capacidad y poder de sugesti\u00f3n. La generosidad de ambas para no entregar a la retina del contemplador lo gratuito. Y es que los trabajos de Laura y Eva son muy condensados desde un punto de vista pl\u00e1stico. Dir\u00eda que hasta el trazo m\u00e1s insignificante ya connota algo. La madeja de sus respectivos universos creativos se alarga de manera inaudita. Impensada.<\/p>\n<p class=\"bch4dcbow065stdpy\">Ha sido fant\u00e1stico poder haber llevado a cabo antes de que acabe el dos mil trece esta exposici\u00f3n que llevaba rumiando de un tiempo a esta parte. Hab\u00eda asistido a otra exposici\u00f3n de las dos y fui atrapado por los trazos de sus carboncillos; entonces me decid\u00ed  a organizar la exposici\u00f3n que, como decimos, qued\u00f3 inaugurada el pasado d\u00eda 6 con gran \u00e9xito de asistencia pese a tener lugar en d\u00eda tan se\u00f1alado.<\/p>\n<p class=\"bch4dcbow065stdpy\">La trayectoria de las dos artistas contin\u00faa y ya se hallan en nuevas series y en m\u00faltiples proyectos. Pero en el momento presente recomiendo un paseo por la exposici\u00f3n \u201cCalma y Tempestad a flor de piel\u201d, les aseguro que no les defraudar\u00e1, pues hay trabajos t\u00e9cnicamente muy competentes acompa\u00f1ados por un dens\u00edsimo discurso de fondo.<\/p>\n<\/div>\n<div class=\"meta-pullout meta-left-pullout\">\n<ul>\n<li class=\"fix\"><span class=\"category\"><span class=\"icon\">&nbsp;<\/span> <a href=\"https:\/\/niramart.com\/revista-magazine\/category\/s5-articulos\/c39-articulos-espanol\/\" rel=\"category tag\">Articulos espa\u00f1ol<\/a>, <a href=\"https:\/\/niramart.com\/revista-magazine\/category\/bellas-artes\/\" rel=\"category tag\">Bellas Artes<\/a><\/span><\/li>\n<li class=\"fix\"><span class=\"tags tax\"><span class=\"icon\">&nbsp;<\/span>Tagged with: <a href=\"https:\/\/niramart.com\/revista-magazine\/tag\/bellas-artes-2\/\" rel=\"tag\">bellas artes<\/a>, <a href=\"https:\/\/niramart.com\/revista-magazine\/tag\/dibujo\/\" rel=\"tag\">dibujo<\/a>, <a href=\"https:\/\/niramart.com\/revista-magazine\/tag\/diego-vadillo-lopez\/\" rel=\"tag\">Diego Vadillo L\u00f3pez<\/a>, <a href=\"https:\/\/niramart.com\/revista-magazine\/tag\/eva-sanchez-ramo\/\" rel=\"tag\">Eva S\u00e1nchez Ramo<\/a>, <a href=\"https:\/\/niramart.com\/revista-magazine\/tag\/exposicion\/\" rel=\"tag\">Exposici\u00f3n<\/a>, <a href=\"https:\/\/niramart.com\/revista-magazine\/tag\/laura-herrero-crespo\/\" rel=\"tag\">Laura Herrero Crespo<\/a><\/span><\/li>\n<\/ul>\n<\/div>\n<\/div>\n<footer class=\"post-footer postdata fix\"> <\/footer>\n<section id=\"comments\"> <\/section>\n<\/article>\n<nav class=\"post-nav fix\">\n<table>\n<tr>\n<td class=\"previous\"><a href=\"https:\/\/niramart.com\/revista-magazine\/sobre-ninfas-y-nenufares\/\" rel=\"prev\"><span class=\"icon\">&nbsp;<\/span> Sobre ninfas y nen\u00fafares<\/a><\/td>\n<td class=\"next\"><a href=\"https:\/\/niramart.com\/revista-magazine\/aurel-m-cazacu-y-el-mundo-de-la-logica\/\" rel=\"next\"><span class=\"icon\">&nbsp;<\/span> Aurel M. Cazacu y el mundo de la l\u00f3gica<\/a><\/td>\n<\/tr>\n<\/table>\n<\/nav>\n<\/div>\n<\/div>\n","protected":false,"raw":""},"excerpt":{"rendered":"<p>Calma y tempestad a flor de piel Dec 122013 [&hellip;]<\/p>\n","protected":false},"author":0,"featured_media":0,"parent":0,"menu_order":0,"comment_status":"closed","ping_status":"closed","template":"","meta":{"footnotes":""},"class_list":["post-56","page","type-page","status-publish","hentry"],"yoast_head":"<!-- This site is optimized with the Yoast SEO plugin v27.4 - https:\/\/yoast.com\/product\/yoast-seo-wordpress\/ -->\n<title>Calma y tempestad a flor de piel \u00bb Niram Art Magazine<\/title>\n<meta name=\"robots\" content=\"index, follow, max-snippet:-1, max-image-preview:large, max-video-preview:-1\" \/>\n<link rel=\"canonical\" href=\"https:\/\/niramart.com\/revista-magazine\/calma-y-tempestad-a-flor-de-piel\/\" \/>\n<meta property=\"og:type\" content=\"article\" \/>\n<meta property=\"og:title\" content=\"Calma y tempestad a flor de piel \u00bb Niram Art Magazine\" \/>\n<meta property=\"og:description\" content=\"Calma y tempestad a flor de piel Dec 122013 [&hellip;]\" \/>\n<meta property=\"og:url\" content=\"https:\/\/niramart.com\/revista-magazine\/calma-y-tempestad-a-flor-de-piel\/\" \/>\n<meta property=\"og:site_name\" content=\"Niram Art Magazine\" \/>\n<meta name=\"twitter:card\" content=\"summary_large_image\" \/>\n<meta name=\"twitter:label1\" content=\"Est. reading time\" \/>\n\t<meta name=\"twitter:data1\" content=\"3 minutes\" \/>\n<!-- \/ Yoast SEO plugin. -->","yoast_head_json":{"title":"Calma y tempestad a flor de piel \u00bb Niram Art Magazine","robots":{"index":"index","follow":"follow","max-snippet":"max-snippet:-1","max-image-preview":"max-image-preview:large","max-video-preview":"max-video-preview:-1"},"canonical":"https:\/\/niramart.com\/revista-magazine\/calma-y-tempestad-a-flor-de-piel\/","og_type":"article","og_title":"Calma y tempestad a flor de piel \u00bb Niram Art Magazine","og_description":"Calma y tempestad a flor de piel Dec 122013 [&hellip;]","og_url":"https:\/\/niramart.com\/revista-magazine\/calma-y-tempestad-a-flor-de-piel\/","og_site_name":"Niram Art Magazine","twitter_card":"summary_large_image","twitter_misc":{"Est. reading time":"3 minutes"}},"_links":{"self":[{"href":"https:\/\/niramart.com\/revista-magazine\/wp-json\/wp\/v2\/pages\/56","targetHints":{"allow":["GET"]}}],"collection":[{"href":"https:\/\/niramart.com\/revista-magazine\/wp-json\/wp\/v2\/pages"}],"about":[{"href":"https:\/\/niramart.com\/revista-magazine\/wp-json\/wp\/v2\/types\/page"}],"replies":[{"embeddable":true,"href":"https:\/\/niramart.com\/revista-magazine\/wp-json\/wp\/v2\/comments?post=56"}],"version-history":[{"count":0,"href":"https:\/\/niramart.com\/revista-magazine\/wp-json\/wp\/v2\/pages\/56\/revisions"}],"wp:attachment":[{"href":"https:\/\/niramart.com\/revista-magazine\/wp-json\/wp\/v2\/media?parent=56"}],"curies":[{"name":"wp","href":"https:\/\/api.w.org\/{rel}","templated":true}]}}