{"id":55,"date":"2024-04-01T07:40:31","date_gmt":"2024-04-01T07:40:31","guid":{"rendered":"https:\/\/niramart.com\/revista-magazine\/calma-enredada-en-el-equipaje-consideraciones-con-respecto-a-redes-de-calma-de-jose-serna-andres\/"},"modified":"2024-04-01T07:40:31","modified_gmt":"2024-04-01T07:40:31","slug":"calma-enredada-en-el-equipaje-consideraciones-con-respecto-a-redes-de-calma-de-jose-serna-andres","status":"publish","type":"page","link":"https:\/\/niramart.com\/revista-magazine\/calma-enredada-en-el-equipaje-consideraciones-con-respecto-a-redes-de-calma-de-jose-serna-andres\/","title":{"rendered":"Calma enredada en el equipaje. Consideraciones con respecto a Redes de calma, de Jos\u00e9 Serna Andr\u00e9s"},"content":{"rendered":"<div id=\"main-col\">\n<div id=\"content\">\n<article class=\"post-1268 post type-post status-publish format-standard hentry category-c39-articulos-espanol category-literatura tag-jose-serna-andres tag-niram-art-editorial tag-resena category-18-id category-120-id full-content meta-position-left-pullout fix\" id=\"post-1268\">\n<header class=\"post-header title-container fix\">\n<div class=\"title\">\n<h1 class=\"posttitle\"><a href=\"https:\/\/niramart.com\/revista-magazine\/calma-enredada-en-el-equipaje-consideraciones-con-respecto-a-redes-de-calma-de-jose-serna-andres\/\" class=\"entry-title\" rel=\"bookmark\" title=\"Calma enredada en el equipaje. Consideraciones con respecto a Redes de calma, de Jos\u00e9 Serna Andr\u00e9s\">Calma enredada en el equipaje. Consideraciones con respecto a Redes de calma, de Jos\u00e9 Serna Andr\u00e9s<\/a><\/h1>\n<\/div>\n<div class=\"date\"><span class=\"month\">Sep<\/span> <span class=\"day\">27<\/span><span class=\"year\">2014<\/span><\/div>\n<\/header>\n<p> <span class=\"post-format-icon\">&nbsp;<\/span><span class=\"updated\" title=\"2014-09-27T16:46:55+00:00\">&nbsp;<\/span><\/p>\n<div class=\"entry-container fix\">\n<div class=\"entry fix\">\n<p class=\"bch4dcbow065stdpy\"><b>Diego Vadillo L\u00f3pez<\/b><\/p>\n<div style=\"width: 260px\" class=\"wp-caption alignleft\"><a href=\"http:\/\/niramarteditorial.espacioniram.com\/autores\/jose-serna-andres\/\"><\/a><\/p>\n<p class=\"wp-caption-text\">Jos\u00e9 Serna Andr\u00e9s<\/p>\n<\/div>\n<p class=\"bch4dcbow065stdpy\">Tras la lectura de <a href=\"http:\/\/niramarteditorial.espacioniram.com\/2013\/11\/redes-de-calma-jose-serna-andres\/\"><strong>Redes de calma<\/strong> <\/a>(<a href=\"http:\/\/niramarteditorial.espacioniram.com\/\"><strong>Niram Art<\/strong>,<\/a> 2013), de <a href=\"http:\/\/niramarteditorial.espacioniram.com\/autores\/jose-serna-andres\/\"><strong>Jos\u00e9 Serna Andr\u00e9s<\/strong><\/a>, una serie de reflexiones de distinto tenor me sobrevinieron. Y es que se trata de una obra diversa pero unitaria en su diversidad; es un poemario conformado con varios poemarios que vierten sus respectivos contenidos en un \u00fanico caudal l\u00edrico, por lo que se hace posible hallar eso que se suele llamar \u00abvoz po\u00e9tica\u00bb, una voz singular sustentada en una serie de rasgos de estilo algunos de los cuales pasamos a abordar.<\/p>\n<p class=\"bch4dcbow065stdpy\">Antes de incursionar m\u00e1s en profundidad no puedo dejar de hacer menci\u00f3n al hecho de que el orden normal (can\u00f3nico) de la lectura se halle subvertido. Me explico mejor: resulta que hay que empezar a leer el libro desde el final, pues el primer poema se encuentra en lo que habitualmente es el final del libro y, a la inversa, el que hubiera de ser el \u00faltimo est\u00e1 situado en lo que venimos entendiendo como principio del libro.<\/p>\n<p class=\"bch4dcbow065stdpy\">As\u00ed las cosas, al comenzar a leer el poemario por el final, da la sensaci\u00f3n como de que fu\u00e9semos desclasificando episodios vitales en lo que semejar\u00eda una vuelta hacia atr\u00e1s de la mirada, cosa que casa muy bien con el contenido general que porta, ya que es un libro eminentemente introspectivo y evocativo.<\/p>\n<p class=\"bch4dcbow065stdpy\">Ya insertos en la particular l\u00f3gica de \u00ab<i>Redes de calma<\/i>\u00bb, nos encontramos con el poema \u00abEL GRITO\u00bb, que viene a ser un lamento ante la irremediabilidad de un mundo henchido de injusticia y dolor, un \u00abgrito\u00bb de frustraci\u00f3n ante la evidencia de no poder hacer mucho m\u00e1s que refugiarse en estoico-esc\u00e9pticos cobertores.<\/p>\n<div style=\"width: 465px\" class=\"wp-caption aligncenter\"><a href=\"http:\/\/niramarteditorial.espacioniram.com\/2013\/11\/redes-de-calma-jose-serna-andres\/\"><img loading=\"lazy\" decoding=\"async\" src=\"https:\/\/niramart.com\/revista-magazine\/files\/2013\/11\/portada-redes-de-calma-de-jose-serna-andres.jpg\" alt=\"Redes de calma de Jos\u00e9 Serna Andr\u00e9s, Niram Art Editorial \" width=\"455\" height=\"612\"\/><\/a><\/p>\n<p class=\"wp-caption-text\">Redes de calma de Jos\u00e9 Serna Andr\u00e9s, Niram Art Editorial<\/p>\n<\/div>\n<p class=\"bch4dcbow065stdpy\">En el recorrido poem\u00e1tico se observa una inarmon\u00eda versal puesta de manifiesto en los vers\u00edculos de irregular medida que pueblan la obra toda. Encontramos desde versos monos\u00edlabos hasta aquellos que superan la veintena de s\u00edlabas, con multitud de encabalgamientos abruptos (a la Blas de Otero usanza).<\/p>\n<p class=\"bch4dcbow065stdpy\">Por entre el ya mencionado evocativo orbe me encuentro con un poema (\u00abMATALASCA\u00d1AS\u00bb) que se me antoja delicioso, sobre todo por la forma en que el autor entreteje met\u00e1foras, personificaciones y fin\u00edsimas hip\u00e9rboles de alto poder sugestivo.<\/p>\n<p class=\"bch4dcbow065stdpy\">&nbsp;<\/p>\n<p style=\"text-align: center;\"><i>El sol poniente, <\/i><\/p>\n<p style=\"text-align: center;\"><i>al despedir la raya del mar, <\/i><\/p>\n<p style=\"text-align: center;\"><i>besa los silenciosos tonos amarillos <\/i><\/p>\n<p style=\"text-align: center;\"><i>de la belleza.<\/i> (p. 20)<\/p>\n<p class=\"bch4dcbow065stdpy\">&nbsp;<\/p>\n<p class=\"bch4dcbow065stdpy\">Obs\u00e9rvese la personificaci\u00f3n del sol y la geometrizaci\u00f3n del horizonte, su reducci\u00f3n a mera raya, y la doble sinestesizaci\u00f3n: cuando se atribuye la cualidad de guardar silencio al tono amarillo y, a su vez, tonalidad amarilla a la belleza.<\/p>\n<p class=\"bch4dcbow065stdpy\">Otro p\u00e1rrafo del mismo poema que a mi entender exige menci\u00f3n es el que sigue:<\/p>\n<p class=\"bch4dcbow065stdpy\">&nbsp;<\/p>\n<p style=\"text-align: center;\"><i>Sentadas sobre la tarde, <\/i><\/p>\n<p style=\"text-align: center;\"><i>dos ni\u00f1as <\/i><\/p>\n<p style=\"text-align: center;\"><i>dejan caer sus risas <\/i><\/p>\n<p style=\"text-align: center;\"><i>en rostros de esperanza.<\/i><\/p>\n<p class=\"bch4dcbow065stdpy\">&nbsp;<\/p>\n<p class=\"bch4dcbow065stdpy\">La met\u00e1fora hiperb\u00f3lica que presenta a las ni\u00f1as sentadas sobre la tarde encierra hondo poder sugestivo, sensaci\u00f3n que no ceja dado que en los dos siguientes versos de la estrofa es obrada una cosificaci\u00f3n si bien con la previa intercesi\u00f3n de la sinestesia que pone en relaci\u00f3n los \u00e1mbitos de lo mat\u00e9rico y de lo inaprehensible.<\/p>\n<p class=\"bch4dcbow065stdpy\">Una caracter\u00edstica del poemario es el recurso a la concreci\u00f3n de lo inmaterial, con el consiguiente flujo de belleza que implica. Ejemplo de tal caracter\u00edstica es el poema \u00abPASADO ACTIVO\u00bb, en el que encontramos la siguiente estrofa: \u00abPosan los silencios en las telara\u00f1as\/ pero no se rompen\u00bb (p. 26). En \u00abJE, JE\u2026\u00bb se lee: \u00abQuieren decapitar la luz\u00bb (p. 28).<\/p>\n<p class=\"bch4dcbow065stdpy\">Otro de los mensajes que interpreto en el libro es la esencia contingente que nos adorna; uno de los poemas en que m\u00e1s l\u00edrica y certeramente queda plasmado es \u00abPROVISIONALIDAD\u00bb, en cuya tercera estrofa se puede leer:<\/p>\n<p style=\"text-align: center;\"><i>Nuestros amarres son <\/i><\/p>\n<p style=\"text-align: center;\"><i>tan perpetuos como la nieve <\/i><\/p>\n<p style=\"text-align: center;\"><i>antes del deshielo <\/i>(p. 32).<\/p>\n<p class=\"bch4dcbow065stdpy\">&nbsp;<\/p>\n<p class=\"bch4dcbow065stdpy\">Tambi\u00e9n, al anterior respecto, me parece interesante traer los siguientes versos: \u00abSe me va cayendo la piel\/ en escamas de calendario\u00bb (p. 33), que, adem\u00e1s, encierran un cierto componente greguer\u00edstico.<\/p>\n<p class=\"bch4dcbow065stdpy\">Asimismo \u00ab<i>Redes de calma<\/i>\u00bb contiene un gran n\u00famero de im\u00e1genes y s\u00edmbolos relativos a la naturaleza, a lo paisaj\u00edstico, y a lo atmosf\u00e9rico-meteorol\u00f3gico: \u00abse me nublan los deseos\u00bb (p. 89), \u00abSi puedo distinguir los valles acicalados de promesas\u00bb (p. 118)\u2026 si bien lo hidrol\u00f3gico hace m\u00e1s notorio y constante acto de presencia, dotando significativamente a la obra de su simb\u00f3lica ambivalencia, ya que puede ser entendida como elemento creador  o destructor:<\/p>\n<p class=\"bch4dcbow065stdpy\">&nbsp;<\/p>\n<p style=\"text-align: center;\"><i>No es el r\u00edo quien acrecienta el mar, <\/i><\/p>\n<p style=\"text-align: center;\"><i>es la tenue \u2014y permanente\u2014 l\u00e1grima <\/i><\/p>\n<p style=\"text-align: center;\"><i>de su mirada<\/i> (p. 100).<\/p>\n<p class=\"bch4dcbow065stdpy\">&nbsp;<\/p>\n<p class=\"bch4dcbow065stdpy\">Adem\u00e1s del agua, del viento y de otros recurrentes elementos, las \u00abra\u00edces\u00bb adquieren tambi\u00e9n muy manifiesta presencia a lo largo de todo el poemario, cosa que tiene sentido por lo que representan de sustento del \u00e1rbol, que, a su vez, cabr\u00eda ser interpretado como eje entre los mundos. Y es que el que nos ocupa es un libro lleno de una honda introspecci\u00f3n (ya lo hemos dicho) fruto, se colige, de un dilatado bagaje vital. Se entrev\u00e9 en \u00e9l todo el compendio de elementos que conforman, al fin, la vida.<\/p>\n<p class=\"bch4dcbow065stdpy\">Quedar\u00eda <strong>Jos\u00e9 Serna<\/strong> erigido en un \u00ab<i>homo viator<\/i>\u00bb que revisase las p\u00e1ginas en las que se escribe el pasado de una trayectoria, un pasado en el que queda inscrito un deseo de plenitud (constatable en muchos poemas), un pesimismo del que se quisiese huir, consigui\u00e9ndose en esas ocasiones en las que queda de manifiesto alg\u00fan que otro respiro.<\/p>\n<\/div>\n<div class=\"meta-pullout meta-left-pullout\">\n<ul>\n<li class=\"fix\"><span class=\"category\"><span class=\"icon\">&nbsp;<\/span> <a href=\"https:\/\/niramart.com\/revista-magazine\/category\/s5-articulos\/c39-articulos-espanol\/\" rel=\"category tag\">Articulos espa\u00f1ol<\/a>, <a href=\"https:\/\/niramart.com\/revista-magazine\/category\/literatura\/\" rel=\"category tag\">Literatura<\/a><\/span><\/li>\n<li class=\"fix\"><span class=\"tags tax\"><span class=\"icon\">&nbsp;<\/span>Tagged with: <a href=\"https:\/\/niramart.com\/revista-magazine\/tag\/jose-serna-andres\/\" rel=\"tag\">Jos\u00e9 Serna Andr\u00e9s<\/a>, <a href=\"https:\/\/niramart.com\/revista-magazine\/tag\/niram-art-editorial\/\" rel=\"tag\">niram art editorial<\/a>, <a href=\"https:\/\/niramart.com\/revista-magazine\/tag\/resena\/\" rel=\"tag\">rese\u00f1a<\/a><\/span><\/li>\n<\/ul>\n<\/div>\n<\/div>\n<footer class=\"post-footer postdata fix\"> <\/footer>\n<section id=\"comments\"> <\/section>\n<\/article>\n<nav class=\"post-nav fix\">\n<table>\n<tr>\n<td class=\"previous\"><a href=\"https:\/\/niramart.com\/revista-magazine\/la-nena-de-ana-unhold-la-biografia-de-una-mujer-sin-vida-propia\/\" rel=\"prev\"><span class=\"icon\">&nbsp;<\/span> \u201cLa Nena\u201d, de Ana Unhold, la biograf\u00eda de una mujer sin vida propia<\/a><\/td>\n<td class=\"next\"><a href=\"https:\/\/niramart.com\/revista-magazine\/gamas-de-lilium-gore-un-panorama-mas-que-inestable-inquietante\/\" rel=\"next\"><span class=\"icon\">&nbsp;<\/span> \u201cGamas\u201d, de Lilium-Gore, un panorama, m\u00e1s que inestable, inquietante<\/a><\/td>\n<\/tr>\n<\/table>\n<\/nav>\n<\/div>\n<\/div>\n","protected":false,"raw":""},"excerpt":{"rendered":"<p>Calma enredada en el equipaje. Consideraciones con respecto a [&hellip;]<\/p>\n","protected":false},"author":0,"featured_media":0,"parent":0,"menu_order":0,"comment_status":"closed","ping_status":"closed","template":"","meta":{"footnotes":""},"class_list":["post-55","page","type-page","status-publish","hentry"],"yoast_head":"<!-- This site is optimized with the Yoast SEO plugin v27.4 - https:\/\/yoast.com\/product\/yoast-seo-wordpress\/ -->\n<title>Calma enredada en el equipaje. Consideraciones con respecto a Redes de calma, de Jos\u00e9 Serna Andr\u00e9s \u00bb Niram Art Magazine<\/title>\n<meta name=\"robots\" content=\"index, follow, max-snippet:-1, max-image-preview:large, max-video-preview:-1\" \/>\n<link rel=\"canonical\" href=\"https:\/\/niramart.com\/revista-magazine\/calma-enredada-en-el-equipaje-consideraciones-con-respecto-a-redes-de-calma-de-jose-serna-andres\/\" \/>\n<meta property=\"og:type\" content=\"article\" \/>\n<meta property=\"og:title\" content=\"Calma enredada en el equipaje. Consideraciones con respecto a Redes de calma, de Jos\u00e9 Serna Andr\u00e9s \u00bb Niram Art Magazine\" \/>\n<meta property=\"og:description\" content=\"Calma enredada en el equipaje. Consideraciones con respecto a [&hellip;]\" \/>\n<meta property=\"og:url\" content=\"https:\/\/niramart.com\/revista-magazine\/calma-enredada-en-el-equipaje-consideraciones-con-respecto-a-redes-de-calma-de-jose-serna-andres\/\" \/>\n<meta property=\"og:site_name\" content=\"Niram Art Magazine\" \/>\n<meta name=\"twitter:card\" content=\"summary_large_image\" \/>\n<meta name=\"twitter:label1\" content=\"Est. reading time\" \/>\n\t<meta name=\"twitter:data1\" content=\"5 minutes\" \/>\n<!-- \/ Yoast SEO plugin. -->","yoast_head_json":{"title":"Calma enredada en el equipaje. Consideraciones con respecto a Redes de calma, de Jos\u00e9 Serna Andr\u00e9s \u00bb Niram Art Magazine","robots":{"index":"index","follow":"follow","max-snippet":"max-snippet:-1","max-image-preview":"max-image-preview:large","max-video-preview":"max-video-preview:-1"},"canonical":"https:\/\/niramart.com\/revista-magazine\/calma-enredada-en-el-equipaje-consideraciones-con-respecto-a-redes-de-calma-de-jose-serna-andres\/","og_type":"article","og_title":"Calma enredada en el equipaje. Consideraciones con respecto a Redes de calma, de Jos\u00e9 Serna Andr\u00e9s \u00bb Niram Art Magazine","og_description":"Calma enredada en el equipaje. Consideraciones con respecto a [&hellip;]","og_url":"https:\/\/niramart.com\/revista-magazine\/calma-enredada-en-el-equipaje-consideraciones-con-respecto-a-redes-de-calma-de-jose-serna-andres\/","og_site_name":"Niram Art Magazine","twitter_card":"summary_large_image","twitter_misc":{"Est. reading time":"5 minutes"}},"_links":{"self":[{"href":"https:\/\/niramart.com\/revista-magazine\/wp-json\/wp\/v2\/pages\/55","targetHints":{"allow":["GET"]}}],"collection":[{"href":"https:\/\/niramart.com\/revista-magazine\/wp-json\/wp\/v2\/pages"}],"about":[{"href":"https:\/\/niramart.com\/revista-magazine\/wp-json\/wp\/v2\/types\/page"}],"replies":[{"embeddable":true,"href":"https:\/\/niramart.com\/revista-magazine\/wp-json\/wp\/v2\/comments?post=55"}],"version-history":[{"count":0,"href":"https:\/\/niramart.com\/revista-magazine\/wp-json\/wp\/v2\/pages\/55\/revisions"}],"wp:attachment":[{"href":"https:\/\/niramart.com\/revista-magazine\/wp-json\/wp\/v2\/media?parent=55"}],"curies":[{"name":"wp","href":"https:\/\/api.w.org\/{rel}","templated":true}]}}