{"id":53,"date":"2024-04-01T07:40:31","date_gmt":"2024-04-01T07:40:31","guid":{"rendered":"https:\/\/niramart.com\/revista-magazine\/bogdan-ater-y-los-dias-laborables\/"},"modified":"2024-04-01T07:40:31","modified_gmt":"2024-04-01T07:40:31","slug":"bogdan-ater-y-los-dias-laborables","status":"publish","type":"page","link":"https:\/\/niramart.com\/revista-magazine\/bogdan-ater-y-los-dias-laborables\/","title":{"rendered":"Bogdan Ater y los d\u00edas laborables"},"content":{"rendered":"<div id=\"main-col\">\n<div id=\"content\">\n<article class=\"post-805 post type-post status-publish format-standard hentry category-c39-articulos-espanol category-bellas-artes category-no-5-6-s5-articulos tag-bogdan-ater tag-diego-vadillo-lopez category-18-id category-119-id category-127-id full-content meta-position-left-pullout fix\" id=\"post-805\">\n<header class=\"post-header title-container fix\">\n<div class=\"title\">\n<h1 class=\"posttitle\"><a href=\"https:\/\/niramart.com\/revista-magazine\/bogdan-ater-y-los-dias-laborables\/\" class=\"entry-title\" rel=\"bookmark\" title=\"Bogdan Ater y los d\u00edas laborables\">Bogdan Ater y los d\u00edas laborables<\/a><\/h1>\n<\/div>\n<div class=\"date\"><span class=\"month\">Apr<\/span> <span class=\"day\">08<\/span><span class=\"year\">2013<\/span><\/div>\n<\/header>\n<p> <span class=\"post-format-icon\">&nbsp;<\/span><span class=\"updated\" title=\"2013-04-08T15:08:33+00:00\">&nbsp;<\/span><\/p>\n<div class=\"entry-container fix\">\n<div class=\"entry fix\">\n<div style=\"width: 347px\" class=\"wp-caption alignleft\">\n<p class=\"wp-caption-text\">Bogdan Ater<\/p>\n<\/div>\n<p class=\"bch4dcbow065stdpy\"><b>Diego Vadillo L\u00f3pez<\/b><\/p>\n<p class=\"bch4dcbow065stdpy\">Andando por los despreocupados senderos aleda\u00f1os al alienado vivir de un Occidente cada d\u00eda m\u00e1s burdo me encontr\u00e9 con Bogdan Ater.<\/p>\n<p class=\"bch4dcbow065stdpy\">Bogdan Ater es un tipo de gran apostura y esbelta figura cuyas cervicales en ocasiones parecen tener querencia a la base terrestre, dado que se imbuye con frecuencia en muy concretas reflexiones que lo hacen caminar cual si cada zancada supusiese el previo pago de un considerable montante.<\/p>\n<p class=\"bch4dcbow065stdpy\">Pareciera como si un parteluz dividiese su yo-artista y su yo-ciudadano, quedando decantado por goleada el descorrido de la cortina art\u00edstica para que entre la luminosidad inspiradora, y eso incluso en los momentos no seleccionados \u201cad hoc\u201d. \u00c9l, por supuesto, dada su mesura general, no se definir\u00eda artista aun si\u00e9ndolo de talla como lo es, de hecho Ater vive en artista sin darse cuenta por estar plante\u00e1ndose casi siempre cuestiones hermen\u00e9uticas al tiempo que realiza labores de exigencia muscoesquel\u00e9tica.<\/p>\n<p class=\"bch4dcbow065stdpy\">Bogdan necesit\u00f3 del estudio para convencerse de que hab\u00eda de ser asistem\u00e1tico&#8230; autodidacta; de que deb\u00eda peregrinar por los reinos de la reflexi\u00f3n creativa; por las topograf\u00edas m\u00e1s inauditas&#8230;<\/p>\n<p class=\"bch4dcbow065stdpy\">Nuestro creador mantiene una equidistancia pl\u00e1stica con la vida. Vive en una constante b\u00fasqueda de ese inasible interludio que media entre circunstancias \u201ca priori\u201d insustanciales.<\/p>\n<p class=\"bch4dcbow065stdpy\">En el f\u00fatbol existe una estirpe de jugadores que de tan t\u00e9cnicos a veces su juego pasa desapercibido; se transparenta de pura excelsitud. Bogdan si hubiera decantado su existencia hacia la disciplina balomp\u00e9dica estoy convencido de que ser\u00eda de la misma categor\u00eda, la de los jugadores sutiles referidos. \u00c9l reneg\u00f3 en cierta manera, mas no irreversiblemente, de la pintura para, registrando esa fugacidad a la que en ocasiones permite  acceder la t\u00e9cnica fotogr\u00e1fica, postreramente centrarse en analizar morosamente el instante capturado, de otro modo malogrado como tantos millones de momentos diarios. Y es que Bogdan, ay, es consciente de c\u00f3mo se nos escapa la vida sin que prestemos atenci\u00f3n a tantos magnos instantes, inmensos en su aparente insignificancia.<\/p>\n<div style=\"width: 305px\" class=\"wp-caption alignright\">\n<p class=\"wp-caption-text\">Bogdan Ater<\/p>\n<\/div>\n<p class=\"bch4dcbow065stdpy\">De lo anterior le brota a nuestro artista pl\u00e1stico ese prurito indagatorio tan idiosincr\u00e1sico ya de su persona.<\/p>\n<p class=\"bch4dcbow065stdpy\">El d\u00eda a d\u00eda de Bogdan Ater es un subir pelda\u00f1os hacia un mayor estadio de entendimiento. S\u00f3lo as\u00ed puede vislumbrar el alma de los seres retratados. Es un taxidermista de trascendencias.<\/p>\n<p class=\"bch4dcbow065stdpy\">Sus fotograf\u00edas se nos aparecen como sopladas por un halo de l\u00facida penumbra, por una difuminada espiritualidad que deja entrever esencias que nos invitasen a entrar en su sugestivo misterio.<\/p>\n<p class=\"bch4dcbow065stdpy\">Bogdan permanece situado en el umbral del hallazgo definitivo. Para \u00e9l no existen d\u00edas se\u00f1alados, \u201cora et labora\u201d en los terrenos de lo sublime en paralelo a otras muchas actividades altamente fatigosas, quiz\u00e1 sea ese saber que, al tiempo, escruta algo maravillador lo que lo mantiene en pie, en pos del descubrimiento&#8230; y (como dec\u00eda aqu\u00e9l) que el golpe inspirador lo pille trabajando, dado que \u00e9l tiene, como venimos afirmando, ese otro yo (artista) que no es celoso de su faceta menesterosa, sino que se adapta e implica de manera harto arm\u00f3nica en el aspecto m\u00e1s convencional del interfecto, si es que se puede atisbar convenci\u00f3n alguna en Ater.<\/p>\n<\/div>\n<div class=\"meta-pullout meta-left-pullout\">\n<ul>\n<li class=\"fix\"><span class=\"category\"><span class=\"icon\">&nbsp;<\/span> <a href=\"https:\/\/niramart.com\/revista-magazine\/category\/s5-articulos\/c39-articulos-espanol\/\" rel=\"category tag\">Articulos espa\u00f1ol<\/a>, <a href=\"https:\/\/niramart.com\/revista-magazine\/category\/bellas-artes\/\" rel=\"category tag\">Bellas Artes<\/a>, <a href=\"https:\/\/niramart.com\/revista-magazine\/category\/s5-articulos\/no-5-6-s5-articulos\/\" rel=\"category tag\">N\u00ba 5-6, 2012<\/a><\/span><\/li>\n<li class=\"fix\"><span class=\"tags tax\"><span class=\"icon\">&nbsp;<\/span>Tagged with: <a href=\"https:\/\/niramart.com\/revista-magazine\/tag\/bogdan-ater\/\" rel=\"tag\">bogdan ater<\/a>, <a href=\"https:\/\/niramart.com\/revista-magazine\/tag\/diego-vadillo-lopez\/\" rel=\"tag\">Diego Vadillo L\u00f3pez<\/a><\/span><\/li>\n<\/ul>\n<\/div>\n<\/div>\n<footer class=\"post-footer postdata fix\"><\/footer>\n<section id=\"comments\"><\/section>\n<\/article>\n<nav class=\"post-nav fix\">\n<table>\n<tr>\n<td class=\"previous\"><a href=\"https:\/\/niramart.com\/revista-magazine\" rel=\"prev\"><span class=\"icon\">&nbsp;<\/span> BOT\u00c1NyCA o una cierta floraci\u00f3n de plasticidades<\/a><\/td>\n<td class=\"next\"><a href=\"https:\/\/niramart.com\/revista-magazine\" rel=\"next\"><span class=\"icon\">&nbsp;<\/span> Fulgor po\u00e9tico<\/a><\/td>\n<\/tr>\n<\/table>\n<\/nav>\n<\/div>\n<\/div>\n","protected":false,"raw":""},"excerpt":{"rendered":"<p>Bogdan Ater y los d\u00edas laborables Apr 082013 &nbsp;&nbsp; [&hellip;]<\/p>\n","protected":false},"author":0,"featured_media":0,"parent":0,"menu_order":0,"comment_status":"closed","ping_status":"closed","template":"","meta":{"footnotes":""},"class_list":["post-53","page","type-page","status-publish","hentry"],"yoast_head":"<!-- This site is optimized with the Yoast SEO plugin v27.4 - https:\/\/yoast.com\/product\/yoast-seo-wordpress\/ -->\n<title>Bogdan Ater y los d\u00edas laborables \u00bb Niram Art Magazine<\/title>\n<meta name=\"robots\" content=\"index, follow, max-snippet:-1, max-image-preview:large, max-video-preview:-1\" \/>\n<link rel=\"canonical\" href=\"https:\/\/niramart.com\/revista-magazine\/bogdan-ater-y-los-dias-laborables\/\" \/>\n<meta property=\"og:type\" content=\"article\" \/>\n<meta property=\"og:title\" content=\"Bogdan Ater y los d\u00edas laborables \u00bb Niram Art Magazine\" \/>\n<meta property=\"og:description\" content=\"Bogdan Ater y los d\u00edas laborables Apr 082013 &nbsp;&nbsp; [&hellip;]\" \/>\n<meta property=\"og:url\" content=\"https:\/\/niramart.com\/revista-magazine\/bogdan-ater-y-los-dias-laborables\/\" \/>\n<meta property=\"og:site_name\" content=\"Niram Art Magazine\" \/>\n<meta name=\"twitter:card\" content=\"summary_large_image\" \/>\n<meta name=\"twitter:label1\" content=\"Est. reading time\" \/>\n\t<meta name=\"twitter:data1\" content=\"3 minutes\" \/>\n<!-- \/ Yoast SEO plugin. -->","yoast_head_json":{"title":"Bogdan Ater y los d\u00edas laborables \u00bb Niram Art Magazine","robots":{"index":"index","follow":"follow","max-snippet":"max-snippet:-1","max-image-preview":"max-image-preview:large","max-video-preview":"max-video-preview:-1"},"canonical":"https:\/\/niramart.com\/revista-magazine\/bogdan-ater-y-los-dias-laborables\/","og_type":"article","og_title":"Bogdan Ater y los d\u00edas laborables \u00bb Niram Art Magazine","og_description":"Bogdan Ater y los d\u00edas laborables Apr 082013 &nbsp;&nbsp; [&hellip;]","og_url":"https:\/\/niramart.com\/revista-magazine\/bogdan-ater-y-los-dias-laborables\/","og_site_name":"Niram Art Magazine","twitter_card":"summary_large_image","twitter_misc":{"Est. reading time":"3 minutes"}},"_links":{"self":[{"href":"https:\/\/niramart.com\/revista-magazine\/wp-json\/wp\/v2\/pages\/53","targetHints":{"allow":["GET"]}}],"collection":[{"href":"https:\/\/niramart.com\/revista-magazine\/wp-json\/wp\/v2\/pages"}],"about":[{"href":"https:\/\/niramart.com\/revista-magazine\/wp-json\/wp\/v2\/types\/page"}],"replies":[{"embeddable":true,"href":"https:\/\/niramart.com\/revista-magazine\/wp-json\/wp\/v2\/comments?post=53"}],"version-history":[{"count":0,"href":"https:\/\/niramart.com\/revista-magazine\/wp-json\/wp\/v2\/pages\/53\/revisions"}],"wp:attachment":[{"href":"https:\/\/niramart.com\/revista-magazine\/wp-json\/wp\/v2\/media?parent=53"}],"curies":[{"name":"wp","href":"https:\/\/api.w.org\/{rel}","templated":true}]}}