{"id":49,"date":"2024-04-01T07:40:30","date_gmt":"2024-04-01T07:40:30","guid":{"rendered":"https:\/\/niramart.com\/revista-magazine\/arte-e-tudo-aquilo-que-os-homens-dizem-que-e-arte\/"},"modified":"2024-04-01T07:40:30","modified_gmt":"2024-04-01T07:40:30","slug":"arte-e-tudo-aquilo-que-os-homens-dizem-que-e-arte","status":"publish","type":"page","link":"https:\/\/niramart.com\/revista-magazine\/arte-e-tudo-aquilo-que-os-homens-dizem-que-e-arte\/","title":{"rendered":"&#8220;Arte \u00e9 tudo aquilo que os homens dizem que \u00e9 arte&#8221;"},"content":{"rendered":"<div id=\"main-col\">\n<div id=\"content\">\n<article class=\"post-1155 post type-post status-publish format-standard hentry category-c41-articulos-portugues category-c38-noticias-revista tag-alvaro-lobato-de-faria tag-mac-lisboa category-15-id category-32-id full-content meta-position-left-pullout fix\" id=\"post-1155\">\n<header class=\"post-header title-container fix\">\n<div class=\"title\">\n<h1 class=\"posttitle\"><a href=\"https:\/\/niramart.com\/revista-magazine\/arte-e-tudo-aquilo-que-os-homens-dizem-que-e-arte\/\" class=\"entry-title\" rel=\"bookmark\" title=\"\u201cArte \u00e9 tudo aquilo que os homens dizem que \u00e9 arte\u201d\">&#8220;Arte \u00e9 tudo aquilo que os homens dizem que \u00e9 arte&#8221;<\/a><\/h1>\n<\/div>\n<div class=\"date\"><span class=\"month\">Oct<\/span> <span class=\"day\">24<\/span><span class=\"year\">2013<\/span><\/div>\n<\/header>\n<p> <span class=\"post-format-icon\">&nbsp;<\/span><span class=\"updated\" title=\"2013-10-24T13:17:12+00:00\">&nbsp;<\/span><\/p>\n<div class=\"entry-container fix\">\n<div class=\"entry fix\">\n<div id=\"attachment_1151\" style=\"width: 216px\" class=\"wp-caption alignleft\"><a href=\"#\"><img loading=\"lazy\" decoding=\"async\" class=\"size-medium wp-image-1151\" alt=\"SALUD MENTAL Y EXPOSICI\u00d3N DE ARTE \u2013 LISBOA\" src=\"https:\/\/niramart.com\/revista-magazine\/files\/wp-content\/uploads\/2013\/10\/salud_mental-206x300.jpg\" width=\"206\" height=\"300\"\/><\/a><\/p>\n<p class=\"wp-caption-text\">SALUD MENTAL Y EXPOSICI\u00d3N DE ARTE \u2013 LISBOA<\/p>\n<\/div>\n<p class=\"bch4dcbow065stdpy\"><strong><em><strong>Texto de introducci\u00f3n  en el marco de la inauguraci\u00f3n de la exposici\u00f3n: <a href=\"https:\/\/niramart.com\/revista-magazine\/salud-mental-y-exposicion-de-arte-lisboa\/\">Arte y Problemas de Salud Mental<\/a><br class=\"bch4dcbow065stdpy\"\/> Curador: Dr. \u00c1lvaro Lobato de Faria<\/strong><\/em><\/strong><\/p>\n<p class=\"bch4dcbow065stdpy\"><strong>Director Coordenador do MAC &#8211; Movimento Arte Contempor\u00e2nea<\/strong><\/p>\n<p class=\"bch4dcbow065stdpy\">&nbsp;<\/p>\n<p class=\"bch4dcbow065stdpy\">Num universo povoado e multiplicado por um sem n\u00famero de sensibilidades e raz\u00f5es, resultantes estas de v\u00e1rios sistemas de estrutura greg\u00e1ria \u00e9-nos dada a consci\u00eancia da exist\u00eancia de uma actividade humana a que chamamos ARTE.<\/p>\n<p class=\"bch4dcbow065stdpy\">&nbsp;<\/p>\n<p class=\"bch4dcbow065stdpy\">Como diz Dino Fromaggio: <i>\u201cArte \u00e9 tudo aquilo que os homens dizem que \u00e9 arte&#8221;<\/i> podemos ent\u00e3o assim admitir que qualquer forma de express\u00e3o pl\u00e1stica \u00e9 Arte, independentemente da sua categoriza\u00e7\u00e3o ou do seu patamar de explicita\u00e7\u00e3o ou catarse.<\/p>\n<p class=\"bch4dcbow065stdpy\">No entanto, toda a express\u00e3o pl\u00e1stica tem por detr\u00e1s de si uma forte necessidade de <b>comunica\u00e7\u00e3o<\/b>. \u00c9 uma linguagem\u201d permissiva\u201d que abarca toda a possibilidade de comunica\u00e7\u00e3o, mesmo de di\u00e1logo interior.<\/p>\n<p class=\"bch4dcbow065stdpy\">Ainda que esse mesmo n\u00e3o seja intencional e consciente de mim para o \u201coutro\u201d ou para \u201ceu\u201d pr\u00f3prio.<\/p>\n<p class=\"bch4dcbow065stdpy\">&nbsp;<\/p>\n<p class=\"bch4dcbow065stdpy\">A abrang\u00eancia da arte \u00e9 global e presta-se a v\u00e1rias defini\u00e7\u00f5es e aquisi\u00e7\u00f5es para o seu \u201ccampo\u201d, havendo uma confus\u00e3o de conceitos atrav\u00e9s dos tempos, a partir dos quais os acad\u00e9micos e estudiosos tentam estruturar e circunscrever aos objectos em acto que podem e devem figurar no campo da Arte.<\/p>\n<p class=\"bch4dcbow065stdpy\">&nbsp;<\/p>\n<p class=\"bch4dcbow065stdpy\">Actualmente, configuramos no campo art\u00edstico as pinturas pr\u00e9-hist\u00f3ricas das quais muitos significados ainda desconhecemos. Por\u00e9m, essas \u201cobras\u201d cont\u00eam j\u00e1 os elementos pl\u00e1sticos que serviram a Kandinsky para a sua teoria e defesa da <i>Arte Abstrata.<\/i><\/p>\n<p class=\"bch4dcbow065stdpy\">&nbsp;<\/p>\n<p class=\"bch4dcbow065stdpy\">A diferen\u00e7a temporal e os v\u00e1rios patamares civilizacionais que decorreram entre a sua execu\u00e7\u00e3o \u00e9 de s\u00e9culos e s\u00f3 no s\u00e9c XV e, por raz\u00f5es te\u00f3ricas, se incluem esses \u201c <i>grafitis<\/i>\u201d no territ\u00f3rio da arte.<\/p>\n<p class=\"bch4dcbow065stdpy\">&nbsp;<\/p>\n<p class=\"bch4dcbow065stdpy\">&nbsp;<\/p>\n<p class=\"bch4dcbow065stdpy\"><b><i>A Arte \u00e9  express\u00e3o interior e objectiva\u00e7\u00e3o no mundo exterior<\/i><\/b><\/p>\n<p class=\"bch4dcbow065stdpy\">&nbsp;<\/p>\n<p class=\"bch4dcbow065stdpy\">A realidade, sabemos, n\u00e3o \u00e9 como a percepcionamos, por isso mesmo \u00e9 necess\u00e1ria uma aprendizagem que nos leve a mover-nos no mundo real, no aut\u00eantico que, muitas vezes, nos escapa e confunde.<\/p>\n<p class=\"bch4dcbow065stdpy\">&nbsp;<\/p>\n<p class=\"bch4dcbow065stdpy\">O individuo que se sente legado para \u201c<i>c\u00edrculos<\/i>\u201d que o marginalizam e estigmatizam por uma ou outra raz\u00e3o considerada patol\u00f3gica tende a iludir-se no seu \u201cref\u00fagio\u201d criando \u00e0 sua volta uma barreira que impede a coparticipa\u00e7\u00e3o e contacto com os seres que constituem as estruturas das sociedades na sua complexidade.<\/p>\n<p class=\"bch4dcbow065stdpy\">&nbsp;<\/p>\n<p class=\"bch4dcbow065stdpy\">Assim, no subentendimento da express\u00e3o pl\u00e1stica podemos tom\u00e1-la tamb\u00e9m como uma<i> terapia <\/i>generalizada na comunica\u00e7\u00e3o do \u201ceu\u201d para com o mundo, comunica\u00e7\u00e3o essa que por vezes se torna imposs\u00edvel por raz\u00f5es temporais, interculturais ou de outra ordem.<\/p>\n<p class=\"bch4dcbow065stdpy\">&nbsp;<\/p>\n<p class=\"bch4dcbow065stdpy\">Para tomar um ou dois exemplos j\u00e1 consagrados na hist\u00f3ria mundial da arte, podemos citar um Baselitz ou um Pollock.<\/p>\n<p class=\"bch4dcbow065stdpy\">&nbsp;<\/p>\n<p class=\"bch4dcbow065stdpy\">No primeiro caso, Bazelitz opta por inverter formalmente o que lhe \u00e9 representado como real, como se a ordem das for\u00e7as f\u00edsicas que nos mantem se invertessem e o mundo vivesse ao contr\u00e1rio de si pr\u00f3prio.<\/p>\n<p class=\"bch4dcbow065stdpy\">Poder-se-ia apostar aqui num tipo de an\u00e1lise que n\u00e3o cabe no nosso campo, tal como acontece com Pollock em cuja obra impera o caos que n\u00e3o sabemos se dominava na sua atmosfera ps\u00edquica ou se o autor quereria comunicar ao mundo um \u201dretrato de \u00e9poca\u201d.<\/p>\n<p class=\"bch4dcbow065stdpy\">&nbsp;<\/p>\n<p class=\"bch4dcbow065stdpy\">Falando tamb\u00e9m de interven\u00e7\u00f5es que podem ser consideradas como art\u00edsticas e de integra\u00e7\u00e3o consideraremos a <i>arte infantil<\/i>. No campo da arte infantil encontramos v\u00e1rias cria\u00e7\u00f5es de \u201cnovos mundos\u201d para a crian\u00e7a, de forma a auto inserir-se no mundo que a rodeia, mas \u00e0 sua maneira. Por uma forma que a pouco e pouco, ela possa compreender o mundo que a rodeia, apresentando-o de in\u00edcio como quer (de uma forma simb\u00f3lica) e impondo ou opondo, desde logo, o seu \u201cposicionamento\u201d individual ao seu aut\u00eantico<i> habitat social<\/i>.<\/p>\n<p class=\"bch4dcbow065stdpy\">&nbsp;<\/p>\n<p class=\"bch4dcbow065stdpy\">De qualquer forma a <i>terapia pela express\u00e3o pl\u00e1stica <\/i>\u00e9 extens\u00edvel aos considerados artistas consagrados. A obra constitui um acto cat\u00e1rtico em que o autor se rev\u00ea como se o mundo fosse, n\u00e3o como \u00e9 , mas como ele quereria que fosse. \u00c9 a aproxima\u00e7\u00e3o a uma outra realidade, a uma necessidade de vivenciar um outro mundo feito \u00e0 sua imagem interior.<\/p>\n<p class=\"bch4dcbow065stdpy\">&nbsp;<\/p>\n<p class=\"bch4dcbow065stdpy\">&nbsp;<\/p>\n<p class=\"bch4dcbow065stdpy\"><b><i>A inser\u00e7\u00e3o social da obra contribui para a subjectividade do seu autor.<\/i><\/b><\/p>\n<p class=\"bch4dcbow065stdpy\">&nbsp;<\/p>\n<p class=\"bch4dcbow065stdpy\">\u00c9 na express\u00e3o do seu interior que o autor se prop\u00f5e mostrar ao mundo tal como \u00e9, na sua fragilidade e pot\u00eancia, num modo terap\u00eautico de autoconhecimento e realiza\u00e7\u00e3o de identidade.<\/p>\n<p class=\"bch4dcbow065stdpy\">&nbsp;<\/p>\n<p class=\"bch4dcbow065stdpy\">Essa expressivadade do sujeito pode ser vista n\u00e3o s\u00f3 como uma<i> defeca\u00e7\u00e3o mental <\/i>mas tamb\u00e9m como um potencial acesso ao outro, ou seja, ao aparecerem no \u00e2mbito de uma exposi\u00e7\u00e3o &#8211; acto social &#8211; estas obras ser\u00e3o vistas por <b><i>outros<\/i><\/b>, o que acentua a subjectividade do autor por meio de um entrela\u00e7amento intersubjectivo com aquele que contempla a sua obra.<\/p>\n<p class=\"bch4dcbow065stdpy\">O autor, e em particular nestes casos, \u00e9 assim retirado da sua quase absoluta solid\u00e3o e integrado mesmo que parcialmente, num circuito social.<\/p>\n<p class=\"bch4dcbow065stdpy\">&nbsp;<\/p>\n<p class=\"bch4dcbow065stdpy\">As iniciativas deste g\u00e9nero s\u00e3o assim, verdadeiros contributos para combater um dos maiores flagelos dos nossos tempos: a <b>solid\u00e3o humana<\/b>.<\/p>\n<\/div>\n<div class=\"meta-pullout meta-left-pullout\">\n<ul>\n<li class=\"fix\"><span class=\"category\"><span class=\"icon\">&nbsp;<\/span> <a href=\"https:\/\/niramart.com\/revista-magazine\/category\/s5-articulos\/c41-articulos-portugues\/\" rel=\"category tag\">Artigos em Portugu\u00eas<\/a>, <a href=\"https:\/\/niramart.com\/revista-magazine\/category\/c38-noticias-revista\/\" rel=\"category tag\">Noticias<\/a><\/span><\/li>\n<li class=\"fix\"><span class=\"tags tax\"><span class=\"icon\">&nbsp;<\/span>Tagged with: <a href=\"https:\/\/niramart.com\/revista-magazine\/tag\/alvaro-lobato-de-faria\/\" rel=\"tag\">\u00c1lvaro Lobato de Faria<\/a>, <a href=\"https:\/\/niramart.com\/revista-magazine\" rel=\"tag\">MAC Lisboa<\/a><\/span><\/li>\n<\/ul>\n<\/div>\n<\/div>\n<footer class=\"post-footer postdata fix\"> <\/footer>\n<section id=\"comments\"> <\/section>\n<\/article>\n<nav class=\"post-nav fix\">\n<table>\n<tr>\n<td class=\"previous\"><a href=\"https:\/\/niramart.com\/revista-magazine\/palestra-e-texto-referente-a-exposicao-arte-e-saude-mental\/\" rel=\"prev\"><span class=\"icon\">&nbsp;<\/span> Palestra e texto referente \u00e0 exposi\u00e7\u00e3o: Arte e Sa\u00fade Mental<\/a><\/td>\n<td class=\"next\"><a href=\"https:\/\/niramart.com\/revista-magazine\/europoems\/\" rel=\"next\"><span class=\"icon\">&nbsp;<\/span> Obra del pintor israel\u00ed Baruch Elron presentada en la reuni\u00f3n Europoems en Paris<\/a><\/td>\n<\/tr>\n<\/table>\n<\/nav>\n<\/div>\n<\/div>\n","protected":false,"raw":""},"excerpt":{"rendered":"<p>&#8220;Arte \u00e9 tudo aquilo que os homens dizem que [&hellip;]<\/p>\n","protected":false},"author":0,"featured_media":0,"parent":0,"menu_order":0,"comment_status":"closed","ping_status":"closed","template":"","meta":{"footnotes":""},"class_list":["post-49","page","type-page","status-publish","hentry"],"yoast_head":"<!-- This site is optimized with the Yoast SEO plugin v27.4 - https:\/\/yoast.com\/product\/yoast-seo-wordpress\/ -->\n<title>&#8220;Arte \u00e9 tudo aquilo que os homens dizem que \u00e9 arte&#8221; \u00bb Niram Art Magazine<\/title>\n<meta name=\"robots\" content=\"index, follow, max-snippet:-1, max-image-preview:large, max-video-preview:-1\" \/>\n<link rel=\"canonical\" href=\"https:\/\/niramart.com\/revista-magazine\/arte-e-tudo-aquilo-que-os-homens-dizem-que-e-arte\/\" \/>\n<meta property=\"og:type\" content=\"article\" \/>\n<meta property=\"og:title\" content=\"&#8220;Arte \u00e9 tudo aquilo que os homens dizem que \u00e9 arte&#8221; \u00bb Niram Art Magazine\" \/>\n<meta property=\"og:description\" content=\"&#8220;Arte \u00e9 tudo aquilo que os homens dizem que [&hellip;]\" \/>\n<meta property=\"og:url\" content=\"https:\/\/niramart.com\/revista-magazine\/arte-e-tudo-aquilo-que-os-homens-dizem-que-e-arte\/\" \/>\n<meta property=\"og:site_name\" content=\"Niram Art Magazine\" \/>\n<meta name=\"twitter:card\" content=\"summary_large_image\" \/>\n<meta name=\"twitter:label1\" content=\"Est. reading time\" \/>\n\t<meta name=\"twitter:data1\" content=\"5 minutes\" \/>\n<!-- \/ Yoast SEO plugin. -->","yoast_head_json":{"title":"&#8220;Arte \u00e9 tudo aquilo que os homens dizem que \u00e9 arte&#8221; \u00bb Niram Art Magazine","robots":{"index":"index","follow":"follow","max-snippet":"max-snippet:-1","max-image-preview":"max-image-preview:large","max-video-preview":"max-video-preview:-1"},"canonical":"https:\/\/niramart.com\/revista-magazine\/arte-e-tudo-aquilo-que-os-homens-dizem-que-e-arte\/","og_type":"article","og_title":"&#8220;Arte \u00e9 tudo aquilo que os homens dizem que \u00e9 arte&#8221; \u00bb Niram Art Magazine","og_description":"&#8220;Arte \u00e9 tudo aquilo que os homens dizem que [&hellip;]","og_url":"https:\/\/niramart.com\/revista-magazine\/arte-e-tudo-aquilo-que-os-homens-dizem-que-e-arte\/","og_site_name":"Niram Art Magazine","twitter_card":"summary_large_image","twitter_misc":{"Est. reading time":"5 minutes"}},"_links":{"self":[{"href":"https:\/\/niramart.com\/revista-magazine\/wp-json\/wp\/v2\/pages\/49","targetHints":{"allow":["GET"]}}],"collection":[{"href":"https:\/\/niramart.com\/revista-magazine\/wp-json\/wp\/v2\/pages"}],"about":[{"href":"https:\/\/niramart.com\/revista-magazine\/wp-json\/wp\/v2\/types\/page"}],"replies":[{"embeddable":true,"href":"https:\/\/niramart.com\/revista-magazine\/wp-json\/wp\/v2\/comments?post=49"}],"version-history":[{"count":0,"href":"https:\/\/niramart.com\/revista-magazine\/wp-json\/wp\/v2\/pages\/49\/revisions"}],"wp:attachment":[{"href":"https:\/\/niramart.com\/revista-magazine\/wp-json\/wp\/v2\/media?parent=49"}],"curies":[{"name":"wp","href":"https:\/\/api.w.org\/{rel}","templated":true}]}}