{"id":485,"date":"2024-04-01T07:41:47","date_gmt":"2024-04-01T07:41:47","guid":{"rendered":"https:\/\/niramart.com\/revista-magazine\/vision-de-un-modelo-por-carla-n-c-2\/"},"modified":"2024-04-01T07:41:47","modified_gmt":"2024-04-01T07:41:47","slug":"vision-de-un-modelo-por-carla-n-c-2","status":"publish","type":"page","link":"https:\/\/niramart.com\/revista-magazine\/vision-de-un-modelo-por-carla-nc\/","title":{"rendered":"Visi\u00f3n de un modelo por Carla N.C."},"content":{"rendered":"<div id=\"main-col\">\n<div id=\"content\">\n<article class=\"post-48 post type-post status-publish format-standard hentry category-c39-articulos-espanol category-bellas-artes category-c58-no-1-2-2010 category-18-id category-119-id category-30-id full-content meta-position-left-pullout fix\" id=\"post-48\">\n<header class=\"post-header title-container fix\">\n<div class=\"title\">\n<h1 class=\"posttitle\"><a href=\"https:\/\/niramart.com\/revista-magazine\/vision-de-un-modelo-por-carla-nc\/\" class=\"entry-title\" rel=\"bookmark\" title=\"Visi\u00f3n de un modelo por Carla N.C.\">Visi\u00f3n de un modelo por Carla N.C.<\/a><\/h1>\n<\/div>\n<div class=\"date\"><span class=\"month\">Mar<\/span> <span class=\"day\">04<\/span><span class=\"year\">2010<\/span><\/div>\n<\/header>\n<p> <span class=\"post-format-icon\">&nbsp;<\/span><span class=\"updated\" title=\"2010-03-04T20:02:12+00:00\">&nbsp;<\/span><\/p>\n<div class=\"entry-container fix\">\n<div class=\"entry fix\">\n<p class=\"bch4dcbow065stdpy\">M.I.E.D.H.O. intenta sacar de sus modelos y de \u00e9l mismo una cr\u00edtica hacia esta sociedad, cansada, sola. Pero su obra, ante todo es  bella.<\/p>\n<p class=\"bch4dcbow065stdpy\">La imagen oscura. Delante de la c\u00e1mara, s\u00f3lo con unos leves focos que iluminan.  Interpretas un papel, un sentimiento, pero bas\u00e1ndote en tu propia imagen interna. De lo que crees que haces ante el objetivo a lo que realmente aportas a la obra no lo sabr\u00e1s nunca hasta no ver el resultado. Ah\u00ed guardadas est\u00e1n las obras de arte. En lo que un artista consigue sacar de las realidades para respetarlas o transformarlas a su antojo<\/p>\n<p class=\"bch4dcbow065stdpy\">El modelo es afortunado en ser parte del proceso. Poder formar parte de ello.<\/p>\n<p class=\"bch4dcbow065stdpy\">No podemos reconocernos en otras personas. Cuando vemos a alguien, nos puede recordar a otro alguien, pero nunca a nosotros mismos No podemos ni sabemos reflejarnos en otras personas. Construimos la met\u00e1fora de nuestro ser. El sentimiento de una modelo hacia su reflejo en la obra est\u00e1 alterado. No ser\u00eda realmente cr\u00edtica con ella. Cada uno tiene una imagen de su belleza, una idea de su cuerpo y una creencia de c\u00f3mo es. Pero la visi\u00f3n no es menos subjetiva cuando otro alguien con las mismas limitaciones eval\u00faa.<\/p>\n<p style=\"text-align: center;\">\n<p class=\"bch4dcbow065stdpy\">El arte sirve para dejar de lado esas limitaciones de las ideas y las valoraciones. Se puede intentar interpretar una obra. Pero no se puede interpretar lo  que el artista quiere decir con esa obra. Podr\u00edas estar equivocado. La suerte del arte contempor\u00e1neo, con el artista frente a ti,  es que \u00e9l puede explicar sus sentimientos y sus ideas. Vivimos juntos en el presente. Y en un futuro la interpretaci\u00f3n de la obra quedar\u00eda basada en la interpretaci\u00f3n del propio creador y de la gente que le pregunt\u00f3.<\/p>\n<p class=\"bch4dcbow065stdpy\">Y ese conocimiento se puede compartir o criticar. Y como modelo se intenta entender esa idea para que ante la c\u00e1mara la transmitas y su realidad sea aut\u00e9ntica.<\/p>\n<p class=\"bch4dcbow065stdpy\">No es un proceso f\u00e1cil, no es una sola fotograf\u00eda, no es una sola pose. Es una dedicaci\u00f3n por y para el arte, por y para la belleza. Para hoy y para siempre.<\/p>\n<\/div>\n<div class=\"meta-pullout meta-left-pullout\">\n<ul>\n<li class=\"fix\"><span class=\"category\"><span class=\"icon\">&nbsp;<\/span> <a href=\"https:\/\/niramart.com\/revista-magazine\/category\/s5-articulos\/c39-articulos-espanol\/\" rel=\"category tag\">Articulos espa\u00f1ol<\/a>, <a href=\"https:\/\/niramart.com\/revista-magazine\/category\/bellas-artes\/\" rel=\"category tag\">Bellas Artes<\/a>, <a href=\"https:\/\/niramart.com\/revista-magazine\/category\/s5-articulos\/c58-no-1-2-2010\/\" rel=\"category tag\">N\u00ba 1 &#8211; 2, 2010<\/a><\/span><\/li>\n<\/ul>\n<\/div>\n<\/div>\n<footer class=\"post-footer postdata fix\"><\/footer>\n<section id=\"comments\"><\/section>\n<\/article>\n<nav class=\"post-nav fix\">\n<table>\n<tr>\n<td class=\"previous\"><a href=\"https:\/\/niramart.com\/revista-magazine\/hablando-con-el-fotografo-miedho-por-fabianni-belemuski\/\" rel=\"prev\"><span class=\"icon\">&nbsp;<\/span> Hablando con el fot\u00f3grafo MIEDHO por Fabianni Belemuski<\/a><\/td>\n<td class=\"next\"><a href=\"https:\/\/niramart.com\/revista-magazine\/el-luceafarul-de-eminescu-en-dario-y-espronceda-por-hector-martinez-sanz\/\" rel=\"next\"><span class=\"icon\">&nbsp;<\/span> EL LUCEAFARUL DE EMINESCU EN DAR\u00cdO Y ESPRONCEDA por H\u00c9CTOR MART\u00cdNEZ SANZ<\/a><\/td>\n<\/tr>\n<\/table>\n<\/nav>\n<\/div>\n<\/div>\n","protected":false,"raw":""},"excerpt":{"rendered":"<p>Visi\u00f3n de un modelo por Carla N.C. Mar 042010 [&hellip;]<\/p>\n","protected":false},"author":0,"featured_media":0,"parent":0,"menu_order":0,"comment_status":"closed","ping_status":"closed","template":"","meta":{"footnotes":""},"class_list":["post-485","page","type-page","status-publish","hentry"],"yoast_head":"<!-- This site is optimized with the Yoast SEO plugin v27.4 - https:\/\/yoast.com\/product\/yoast-seo-wordpress\/ -->\n<title>Visi\u00f3n de un modelo por Carla N.C. \u00bb Niram Art Magazine<\/title>\n<meta name=\"robots\" content=\"index, follow, max-snippet:-1, max-image-preview:large, max-video-preview:-1\" \/>\n<link rel=\"canonical\" href=\"https:\/\/niramart.com\/revista-magazine\/vision-de-un-modelo-por-carla-nc\/\" \/>\n<meta property=\"og:type\" content=\"article\" \/>\n<meta property=\"og:title\" content=\"Visi\u00f3n de un modelo por Carla N.C. \u00bb Niram Art Magazine\" \/>\n<meta property=\"og:description\" content=\"Visi\u00f3n de un modelo por Carla N.C. Mar 042010 [&hellip;]\" \/>\n<meta property=\"og:url\" content=\"https:\/\/niramart.com\/revista-magazine\/vision-de-un-modelo-por-carla-nc\/\" \/>\n<meta property=\"og:site_name\" content=\"Niram Art Magazine\" \/>\n<meta name=\"twitter:card\" content=\"summary_large_image\" \/>\n<meta name=\"twitter:label1\" content=\"Est. reading time\" \/>\n\t<meta name=\"twitter:data1\" content=\"2 minutes\" \/>\n<!-- \/ Yoast SEO plugin. -->","yoast_head_json":{"title":"Visi\u00f3n de un modelo por Carla N.C. \u00bb Niram Art Magazine","robots":{"index":"index","follow":"follow","max-snippet":"max-snippet:-1","max-image-preview":"max-image-preview:large","max-video-preview":"max-video-preview:-1"},"canonical":"https:\/\/niramart.com\/revista-magazine\/vision-de-un-modelo-por-carla-nc\/","og_type":"article","og_title":"Visi\u00f3n de un modelo por Carla N.C. \u00bb Niram Art Magazine","og_description":"Visi\u00f3n de un modelo por Carla N.C. Mar 042010 [&hellip;]","og_url":"https:\/\/niramart.com\/revista-magazine\/vision-de-un-modelo-por-carla-nc\/","og_site_name":"Niram Art Magazine","twitter_card":"summary_large_image","twitter_misc":{"Est. reading time":"2 minutes"}},"_links":{"self":[{"href":"https:\/\/niramart.com\/revista-magazine\/wp-json\/wp\/v2\/pages\/485","targetHints":{"allow":["GET"]}}],"collection":[{"href":"https:\/\/niramart.com\/revista-magazine\/wp-json\/wp\/v2\/pages"}],"about":[{"href":"https:\/\/niramart.com\/revista-magazine\/wp-json\/wp\/v2\/types\/page"}],"replies":[{"embeddable":true,"href":"https:\/\/niramart.com\/revista-magazine\/wp-json\/wp\/v2\/comments?post=485"}],"version-history":[{"count":0,"href":"https:\/\/niramart.com\/revista-magazine\/wp-json\/wp\/v2\/pages\/485\/revisions"}],"wp:attachment":[{"href":"https:\/\/niramart.com\/revista-magazine\/wp-json\/wp\/v2\/media?parent=485"}],"curies":[{"name":"wp","href":"https:\/\/api.w.org\/{rel}","templated":true}]}}