{"id":480,"date":"2024-04-01T07:41:46","date_gmt":"2024-04-01T07:41:46","guid":{"rendered":"https:\/\/niramart.com\/revista-magazine\/trilogia-chungo-preciosista-de-madrid\/"},"modified":"2024-04-01T07:41:46","modified_gmt":"2024-04-01T07:41:46","slug":"trilogia-chungo-preciosista-de-madrid","status":"publish","type":"page","link":"https:\/\/niramart.com\/revista-magazine\/trilogia-chungo-preciosista-de-madrid\/","title":{"rendered":"TRILOG\u00cdA CHUNGO-PRECIOSISTA DE MADRID"},"content":{"rendered":"<div id=\"main-col\">\n<div id=\"content\">\n<article class=\"post-1007 post type-post status-publish format-standard hentry category-c39-articulos-espanol category-literatura category-no-3-4-2013 tag-diego-vadillo-lopez tag-francisco-de-quevedo tag-francisco-umbral tag-ramon-maria-del-valle-inclan category-18-id category-120-id category-178-id full-content meta-position-left-pullout fix\" id=\"post-1007\">\n<header class=\"post-header title-container fix\">\n<div class=\"title\">\n<h1 class=\"posttitle\"><a href=\"https:\/\/niramart.com\/revista-magazine\/trilogia-chungo-preciosista-de-madrid\/\" class=\"entry-title\" rel=\"bookmark\" title=\"TRILOG\u00cdA CHUNGO-PRECIOSISTA DE MADRID\">TRILOG\u00cdA CHUNGO-PRECIOSISTA DE MADRID<\/a><\/h1>\n<\/div>\n<div class=\"date\"><span class=\"month\">Jun<\/span> <span class=\"day\">12<\/span><span class=\"year\">2013<\/span><\/div>\n<\/header>\n<p> <span class=\"post-format-icon\">&nbsp;<\/span><span class=\"updated\" title=\"2013-06-12T14:30:50+00:00\">&nbsp;<\/span><\/p>\n<div class=\"entry-container fix\">\n<div class=\"entry fix\">\n<div><strong>Diego Vadillo L\u00f3pez<\/strong><\/div>\n<div><\/div>\n<div>\n<div style=\"width: 230px\" class=\"wp-caption alignleft\"><img loading=\"lazy\" decoding=\"async\" alt=\"Ram\u00f3n Mar\u00eda del Valle-Incl\u00e1n \" src=\"https:\/\/niramart.com\/revista-magazine\/files\/wikipedia\/commons\/thumb\/c\/c9\/valle_inclan_jpg\/220px-valle_inclan.jpg\" width=\"220\" height=\"212\"\/><\/p>\n<p class=\"wp-caption-text\">Ram\u00f3n Mar\u00eda del Valle-Incl\u00e1n<\/p>\n<\/div>\n<p class=\"bch4dcbow065stdpy\"><strong>Francisco de Quevedo, Ram\u00f3n Mar\u00eda del Valle-Incl\u00e1n<\/strong> y <strong>Francisco Umbral<\/strong> son los tres m\u00e1s rese\u00f1ables literatos que se pueden encontrar en la \u00f3rbita de la enrevesada beldad. Tal enrevesamiento suele venir por diversas v\u00edas:<\/div>\n<div><\/div>\n<div>1- A trav\u00e9s del galimat\u00edas conceptual.<\/div>\n<div>2- A trav\u00e9s del desmedido y deslavazado ornato.<\/div>\n<div>3- A trav\u00e9s de la seriedad de fondo de un humorismo que se presenta f\u00fatil siendo muy enjundioso.<\/div>\n<div><\/div>\n<div>Todo emergido de un churrigueresco desasosiego.<\/div>\n<div><\/div>\n<div>Quevedo-Valle-Umbral fueron grandes cantores de las cuarenta acechados por el sinsentido, el cual encarnaron con inusual temperamento pl\u00e1stico-pendenciero.<\/div>\n<div>Ellos mostraron la cara B de lo aparentemente honorable y, adem\u00e1s, no supieron disimular sus miserias, cosa que los honra, y es que, personalmente, siempre me escamaron aquellos que se nos muestran hijos de una aparente impecabilidad.<\/div>\n<div><\/div>\n<div>Quevedo-Valle-Umbral se erigieron art\u00edsticamente desde el desencanto. Fueron carne de invectiva con carcasa suntuaria.<\/div>\n<div><\/div>\n<div>Se dice que este tipo de escritores emplea muchos circunloquios, calambures y dem\u00e1s rodeos y retoricismos en lugar de decantarse por f\u00f3rmulas m\u00e1s sencillas y sint\u00e9ticas, pero lo que ignora quien as\u00ed se expresa es que este tipo de escritor escribe as\u00ed no gratuitamente, sino porque, a diferencia de muchos, tienen muy distintas posibilidades de decir lo mismo y las utilizan, y de este modo dejan muchos y variados mensajes por entre la aparente e inocente falta de prop\u00f3sito definido.<\/div>\n<div><\/div>\n<div>Pese a rehuir al diametral reporterismo intr\u00ednseco y exterior, que es sustituido por otro m\u00e1s hondo, expresi\u00f3n de mucho m\u00e1s, en sus secuencias va expresada la complejidad de un mundo que siempre ha entreverado lo sublime y lo chusco, lo tr\u00e1gico y lo c\u00f3mico, lo higi\u00e9nico y la excrecencia.<\/div>\n<div><\/div>\n<div>En fin, todos ellos (como decimos, de churrigueresco ADN) tienen un S\u00edndrome de Di\u00f3genes consistente en acumular materiales de deshecho y de com\u00fan uso, que revalorizan para bien del lenguaje y del patrimonio cultural.<\/div>\n<div><\/div>\n<div>Los tres escritores a quienes estamos dedicando el presente escrito, fueron aut\u00e9nticos macarras de las letras; como a los quinquis y a la fauna diversa pobladora del lumpen, les gust\u00f3 lucir oros. Sus barajas s\u00f3lo pintaban en bastos y en oros. Fueron cortesanos con alma poligonera y temperamento convulsamente ciclot\u00edmico: ora tiernos, ora inclementes y feroc\u00edsimos.<\/div>\n<div><\/div>\n<div>Umbral, por ejemplo, empleaba t\u00e9cnicas&#8230; a veces imp\u00edas, a veces expeditivas: como cuando le pone la zancadilla literariamente, por ejemplo, a su admirado Gabriel Mir\u00f3, cay\u00e9ndosele al suelo al calmo levantino todo el portante de magnificencias, las cuales, lejos de quedar malogradas, son convulsionadas y adscritas a una nueva y degenerada catalogaci\u00f3n&#8230; m\u00e1s agreste&#8230; igualmente deliciosa.<\/div>\n<div><\/div>\n<div>Umbral fue muy falt\u00f3n; acud\u00eda a los pret\u00e9ritos salones y cen\u00e1culos para entablar contacto con los cl\u00e1sicos, largando, \u201ca posteriori\u201d, alguna maldad lindante, en muchos casos, con lo procaz.<\/div>\n<div><\/div>\n<div>Iron\u00eda-sarcasmo-eufon\u00eda avanzan hermanados con \u00edmpetu frentepopulista para violentar los cauces m\u00e1s morigerados de la escritura. Las plumas de estos prendas tronzaron lo anodino y compactaron el acervo literario con un sincretismo que qued\u00f3 diluido en sus respectivos y personal\u00edsimos personajes literarios.<\/div>\n<\/div>\n<div class=\"meta-pullout meta-left-pullout\">\n<ul>\n<li class=\"fix\"><span class=\"category\"><span class=\"icon\">&nbsp;<\/span> <a href=\"https:\/\/niramart.com\/revista-magazine\/category\/s5-articulos\/c39-articulos-espanol\/\" rel=\"category tag\">Articulos espa\u00f1ol<\/a>, <a href=\"https:\/\/niramart.com\/revista-magazine\/category\/literatura\/\" rel=\"category tag\">Literatura<\/a>, <a href=\"https:\/\/niramart.com\/revista-magazine\/category\/no-3-4-2013\/\" rel=\"category tag\">N\u00ba 3-4 2013<\/a><\/span><\/li>\n<li class=\"fix\"><span class=\"tags tax\"><span class=\"icon\">&nbsp;<\/span>Tagged with: <a href=\"https:\/\/niramart.com\/revista-magazine\/tag\/diego-vadillo-lopez\/\" rel=\"tag\">Diego Vadillo L\u00f3pez<\/a>, <a href=\"https:\/\/niramart.com\/revista-magazine\" rel=\"tag\">Francisco de Quevedo<\/a>, <a href=\"https:\/\/niramart.com\/revista-magazine\" rel=\"tag\">Francisco Umbral<\/a>, <a href=\"https:\/\/niramart.com\/revista-magazine\" rel=\"tag\">Ram\u00f3n Mar\u00eda del Valle-Incl\u00e1n<\/a><\/span><\/li>\n<\/ul>\n<\/div>\n<\/div>\n<footer class=\"post-footer postdata fix\"><\/footer>\n<section id=\"comments\"><\/section>\n<\/article>\n<nav class=\"post-nav fix\">\n<table>\n<tr>\n<td class=\"previous\"><a href=\"https:\/\/niramart.com\/revista-magazine\" rel=\"prev\"><span class=\"icon\">&nbsp;<\/span> Mind Industrial of Echo and Disorder Hate and Obsessive<\/a><\/td>\n<td class=\"next\"><a href=\"https:\/\/niramart.com\/revista-magazine\/reportaje-se-alquila-mercado\/\" rel=\"next\"><span class=\"icon\">&nbsp;<\/span> Reportaje: Se Alquila Mercado<\/a><\/td>\n<\/tr>\n<\/table>\n<\/nav>\n<\/div>\n<\/div>\n","protected":false,"raw":""},"excerpt":{"rendered":"<p>TRILOG\u00cdA CHUNGO-PRECIOSISTA DE MADRID Jun 122013 &nbsp;&nbsp; Diego Vadillo [&hellip;]<\/p>\n","protected":false},"author":0,"featured_media":0,"parent":0,"menu_order":0,"comment_status":"closed","ping_status":"closed","template":"","meta":{"footnotes":""},"class_list":["post-480","page","type-page","status-publish","hentry"],"yoast_head":"<!-- This site is optimized with the Yoast SEO plugin v27.4 - https:\/\/yoast.com\/product\/yoast-seo-wordpress\/ -->\n<title>TRILOG\u00cdA CHUNGO-PRECIOSISTA DE MADRID \u00bb Niram Art Magazine<\/title>\n<meta name=\"robots\" content=\"index, follow, max-snippet:-1, max-image-preview:large, max-video-preview:-1\" \/>\n<link rel=\"canonical\" href=\"https:\/\/niramart.com\/revista-magazine\/trilogia-chungo-preciosista-de-madrid\/\" \/>\n<meta property=\"og:type\" content=\"article\" \/>\n<meta property=\"og:title\" content=\"TRILOG\u00cdA CHUNGO-PRECIOSISTA DE MADRID \u00bb Niram Art Magazine\" \/>\n<meta property=\"og:description\" content=\"TRILOG\u00cdA CHUNGO-PRECIOSISTA DE MADRID Jun 122013 &nbsp;&nbsp; Diego Vadillo [&hellip;]\" \/>\n<meta property=\"og:url\" content=\"https:\/\/niramart.com\/revista-magazine\/trilogia-chungo-preciosista-de-madrid\/\" \/>\n<meta property=\"og:site_name\" content=\"Niram Art Magazine\" \/>\n<meta name=\"twitter:card\" content=\"summary_large_image\" \/>\n<meta name=\"twitter:label1\" content=\"Est. reading time\" \/>\n\t<meta name=\"twitter:data1\" content=\"3 minutes\" \/>\n<!-- \/ Yoast SEO plugin. -->","yoast_head_json":{"title":"TRILOG\u00cdA CHUNGO-PRECIOSISTA DE MADRID \u00bb Niram Art Magazine","robots":{"index":"index","follow":"follow","max-snippet":"max-snippet:-1","max-image-preview":"max-image-preview:large","max-video-preview":"max-video-preview:-1"},"canonical":"https:\/\/niramart.com\/revista-magazine\/trilogia-chungo-preciosista-de-madrid\/","og_type":"article","og_title":"TRILOG\u00cdA CHUNGO-PRECIOSISTA DE MADRID \u00bb Niram Art Magazine","og_description":"TRILOG\u00cdA CHUNGO-PRECIOSISTA DE MADRID Jun 122013 &nbsp;&nbsp; Diego Vadillo [&hellip;]","og_url":"https:\/\/niramart.com\/revista-magazine\/trilogia-chungo-preciosista-de-madrid\/","og_site_name":"Niram Art Magazine","twitter_card":"summary_large_image","twitter_misc":{"Est. reading time":"3 minutes"}},"_links":{"self":[{"href":"https:\/\/niramart.com\/revista-magazine\/wp-json\/wp\/v2\/pages\/480","targetHints":{"allow":["GET"]}}],"collection":[{"href":"https:\/\/niramart.com\/revista-magazine\/wp-json\/wp\/v2\/pages"}],"about":[{"href":"https:\/\/niramart.com\/revista-magazine\/wp-json\/wp\/v2\/types\/page"}],"replies":[{"embeddable":true,"href":"https:\/\/niramart.com\/revista-magazine\/wp-json\/wp\/v2\/comments?post=480"}],"version-history":[{"count":0,"href":"https:\/\/niramart.com\/revista-magazine\/wp-json\/wp\/v2\/pages\/480\/revisions"}],"wp:attachment":[{"href":"https:\/\/niramart.com\/revista-magazine\/wp-json\/wp\/v2\/media?parent=480"}],"curies":[{"name":"wp","href":"https:\/\/api.w.org\/{rel}","templated":true}]}}