{"id":478,"date":"2024-04-01T07:41:46","date_gmt":"2024-04-01T07:41:46","guid":{"rendered":"https:\/\/niramart.com\/revista-magazine\/tercera-edicion-del-programa-vida-universitaria-2\/"},"modified":"2024-04-01T07:41:46","modified_gmt":"2024-04-01T07:41:46","slug":"tercera-edicion-del-programa-vida-universitaria-2","status":"publish","type":"page","link":"https:\/\/niramart.com\/revista-magazine\/tercera-edicion-del-programa-vida-universitaria\/","title":{"rendered":"Tercera edici\u00f3n del programa Vida Universitaria"},"content":{"rendered":"<div id=\"main-col\">\n<div id=\"content\">\n<article class=\"post-1324 post type-post status-publish format-standard hentry category-proyecto-vida-universitaria tag-carmen-cozma tag-fabianni-belemuski tag-ion-pohoata tag-jose-noguera-santaella tag-livia-durac tag-miguel-angel-galan-segovia tag-niram-art tag-petru-bejan tag-universidad-complutense-de-madrid category-276-id full-content meta-position-left-pullout fix\" id=\"post-1324\">\n<header class=\"post-header title-container fix\">\n<div class=\"title\">\n<h1 class=\"posttitle\"><a href=\"https:\/\/niramart.com\/revista-magazine\/tercera-edicion-del-programa-vida-universitaria\/\" class=\"entry-title\" rel=\"bookmark\" title=\"Tercera edici\u00f3n del programa Vida Universitaria\">Tercera edici\u00f3n del programa Vida Universitaria<\/a><\/h1>\n<\/div>\n<div class=\"date\"><span class=\"month\">Mar<\/span> <span class=\"day\">28<\/span><span class=\"year\">2015<\/span><\/div>\n<\/header>\n<p> <span class=\"post-format-icon\">&nbsp;<\/span><span class=\"updated\" title=\"2015-03-28T00:38:56+00:00\">&nbsp;<\/span><\/p>\n<div class=\"entry-container fix\">\n<div class=\"entry fix\">\n<p class=\"bch4dcbow065stdpy\"><strong>Jueves 26 de marzo de 2015 tuvo lugar en la Facultad de Ciencias de la Informaci\u00f3n (Universidad Complutense, Madrid) el tercer encuentro de \u201cVida Universitaria\u201d, un proyecto iniciado por la editorial Niram Art en colaboraci\u00f3n con  la Universidad Complutense de Madrid.<\/strong><\/p>\n<p class=\"bch4dcbow065stdpy\">La \u00faltima edici\u00f3n del programa, una propuesta de intercambio de saberes entre distintas culturas, cont\u00f3 con la participaron de tres profesores de universidades de Ruman\u00eda y uno de la Universidad de Santiago de Chile.<\/p>\n<p class=\"posttitle\"><span style=\"color: #000000;\">En la ocasi\u00f3n se presentaron las \u00faltimas obras de los profesores participantes: <em><a href=\"http:\/\/niramarteditorial.espacioniram.com\/2015\/03\/corrientes-de-pensamiento-durac\/\">Corrientes de pensamiento en la investigaci\u00f3n psicosociol\u00f3gica y jur\u00eddica<\/a>, <\/em>de <a href=\"http:\/\/niramarteditorial.espacioniram.com\/autores\/livia-durac\/\"><strong>Livia Durac<\/strong><\/a>; <a href=\"http:\/\/niramarteditorial.espacioniram.com\/2015\/03\/el-capitalismo-itinerarios-economicos-ion-pohoata\/\"><em>El capitalismo, itinerarios econ\u00f3micos<\/em><\/a>, de <a href=\"http:\/\/niramarteditorial.espacioniram.com\/autores\/ion-pohoata\/\"><strong>Ion Pohoata<\/strong><\/a>; <a href=\"http:\/\/niramarteditorial.espacioniram.com\/2015\/03\/tercera-edicion-del-programa-vida-universitaria\/El%20ocaso%20de%20lo%20bello%20%E2%80%93%20Petru%20Bejan\"><em>El ocaso de lo bello<\/em><\/a>, de <a href=\"http:\/\/niramarteditorial.espacioniram.com\/autores\/petru-bejan\/\"><strong>Petru Bejan<\/strong><\/a> y <a href=\"http:\/\/niramarteditorial.espacioniram.com\/2015\/03\/las-primeras-ideas-economicas-y-su-contexto-jose-noguera-santaella\/\"><em>Las primeras ideas econ\u00f3micas y su contexto<\/em><\/a>, de <a href=\"http:\/\/niramarteditorial.espacioniram.com\/autores\/niramarteditorial.espacioniram.com\/autores\/jose-noguera-santaella\/\"><strong>Jos\u00e9 Noguera Santaella<\/strong><\/a>, todas ellas obras publicadas por <strong>Niram Art<\/strong><strong> Editorial<\/strong>. En el marco del mismo proyecto, cabe destacar la publicaci\u00f3n del extenso estudio sobre la obra filosofica de  <a href=\"http:\/\/niramarteditorial.espacioniram.com\/2015\/03\/lucian-blaga-el-filosofar-bajo-la-especie-del-misterio-carmen-cozma\/\">Lucian Blaga, El filosofar bajo la especie del misterio de <strong>Carmen Cozma<\/strong><\/a>.<\/span><\/p>\n<p class=\"posttitle\">La apertura del acto corri\u00f3 a cargo del vicedecano <strong>Jos\u00e9 Ignacio Poblaci\u00f3n Bernardo<\/strong>, qui\u00e9n recalc\u00f3 en la importancia de los libros impresos y en la necesidad de descubrir \u201cotras ideas de otros lugares del mundo\u201d. \u201cLeer no es un pasatiempo, sino una oportunidad extraordinaria de acercamiento a una cultura distinta y precisamente hoy tenemos el placer de conocer de primera mano Ruman\u00eda y Chile\u201d, precis\u00f3.<img loading=\"lazy\" decoding=\"async\" class=\"aligncenter\" src=\"https:\/\/niramart.com\/revista-magazine\/files\/2015\/03\/vicedecano-josc3a9-ignacio-poblacic3b3n-bernardo-vicedecano-web1.jpg\" alt=\"\" width=\"558\" height=\"544\"\/><\/p>\n<p class=\"posttitle\"><strong>Victoria S\u00e1nchez Acero<\/strong>, alumna de la Facultad de Ciencias de la Informaci\u00f3n, present\u00f3 despu\u00e9s a la profesora <a href=\"http:\/\/niramarteditorial.espacioniram.com\/autores\/livia-durac\/\"><strong>Livia Durac<\/strong><\/a>, fil\u00f3sofa e investigadora rumana de renombre internacional, perteneciente a la Asociaci\u00f3n Internacional de Mujeres Fil\u00f3sofas (IAWP),bajo los auspicios de la UNESCO y a la Sociedad Internacional de intercomunicaci\u00f3n de Nuevas Ideas (ISINI).<\/p>\n<p class=\"posttitle\"><a href=\"https:\/\/niramart.com\/revista-magazine\/files\/2015\/03\/victoria-garcc3ada-acero-periodista-web.jpg\"><img loading=\"lazy\" decoding=\"async\" class=\"aligncenter\" src=\"https:\/\/niramart.com\/revista-magazine\/files\/2015\/03\/victoria-garcc3ada-acero-periodista-web.jpg\" alt=\"\" width=\"384\" height=\"456\"\/><\/a><\/p>\n<p class=\"posttitle\"><img loading=\"lazy\" decoding=\"async\" class=\"aligncenter\" src=\"https:\/\/niramart.com\/revista-magazine\/files\/2015\/03\/livia-durac-1-web.jpg\" alt=\"\" width=\"526\" height=\"650\"\/><\/p>\n<p class=\"posttitle\"><strong>Fabianni Belemuski<\/strong>, escritor y periodista madrile\u00f1o, moderador e int\u00e9rprete del evento, entrevist\u00f3 a la profesora Durac, qui\u00e9n abord\u00f3 el contenido de su \u00faltimo libro, <em>Corrientes de pensamiento en la investigaci\u00f3n psicosociol\u00f3gica y jur\u00eddica<\/em> a trav\u00e9s de las dos variables de la comunicaci\u00f3n: la comunicaci\u00f3n verbal y el comportamiento no verbal, \u201ccuyas microexpresiones quedan reflejadas en el rostro\u201d. \u201cEl comportamiento no verbal representa al menos la mitad de todo el proceso comunicativo y la pregunta m\u00e1s espinosa a la que he intentado contestar aqu\u00ed y que todos deber\u00edan hacerse es si realmente podemos comunicarnos algo a nosotros mismos\u201d, explic\u00f3. Otras ideas novedosas, compendio de las \u00faltimas investigaciones cient\u00edficas en el campo de la comunicaci\u00f3n, fueron presentadas por <a href=\"http:\/\/niramarteditorial.espacioniram.com\/autores\/livia-durac\/\"><strong>Livia Durac<\/strong><\/a><a title=\"Livia Durac\" href=\"http:\/\/niramarteditorial.espacioniram.com\/autores\/livia-durac\/\" target=\"_blank\" rel=\"noopener\">,<\/a> ante la asistencia, alumnos, profesores y prensa, congregada en la Sala Naranja de la facultad.<\/p>\n<p class=\"posttitle\"><a href=\"https:\/\/niramart.com\/revista-magazine\/files\/2015\/03\/belemuski-durac-2-web.jpg\"><img loading=\"lazy\" decoding=\"async\" class=\"aligncenter\" src=\"https:\/\/niramart.com\/revista-magazine\/files\/2015\/03\/belemuski-durac-2-web.jpg\" alt=\"\" width=\"636\" height=\"647\"\/><\/a><\/p>\n<p class=\"posttitle\">A continuaci\u00f3n, <strong>Yanna Guti\u00e9rrez Franco<\/strong>, profesora de econom\u00eda de la Facultad de Ciencias de la Informaci\u00f3n, debati\u00f3 junto a <a href=\"http:\/\/niramarteditorial.espacioniram.com\/autores\/ion-pohoata\/\"><strong>Ion Pohoata<\/strong><\/a> acerca del pasado, presente y futuro del capitalismo.<\/p>\n<p class=\"posttitle\"><a href=\"https:\/\/niramart.com\/revista-magazine\/files\/2015\/03\/ion-pohoata-1-web.jpg\"><img loading=\"lazy\" decoding=\"async\" class=\"aligncenter\" src=\"https:\/\/niramart.com\/revista-magazine\/files\/2015\/03\/ion-pohoata-1-web.jpg\" alt=\"\" width=\"633\" height=\"606\"\/><\/a><\/p>\n<p class=\"posttitle\"><strong>Pohoata<\/strong>, profesor de econom\u00eda de la Universidad Alexandru Ioan Cuza de Iasi, manifest\u00f3 que \u201cel capitalismo, con todos sus defectos es el mejor sistema de gobierno creado por el hombre\u201d. A la pregunta de Yanna Franco acerca de la desigualdad generada por el capitalismo, Pohoata contest\u00f3 que \u201cnadie le impide al individuo de cualquier sociedad capitalista libre, ascender en la escala social, si as\u00ed lo desea\u201d. \u201cEso no ocurre en las sociedades totalitarias o comunistas\u201d, insisti\u00f3.<a href=\"https:\/\/niramart.com\/revista-magazine\/files\/2015\/03\/ion-pohoata-2-web.jpg\"><img loading=\"lazy\" decoding=\"async\" class=\"aligncenter\" src=\"https:\/\/niramart.com\/revista-magazine\/files\/2015\/03\/ion-pohoata-2-web.jpg\" alt=\"\" width=\"617\" height=\"445\"\/><\/a><a href=\"https:\/\/niramart.com\/revista-magazine\/files\/2015\/03\/ion-pohoata-2-web.jpg\"><br class=\"bch4dcbow065stdpy\"\/> <\/a><\/p>\n<p class=\"posttitle\"><a href=\"https:\/\/niramart.com\/revista-magazine\/files\/2015\/03\/ion-pohoata-3-web.jpg\"><img loading=\"lazy\" decoding=\"async\" class=\"aligncenter\" src=\"https:\/\/niramart.com\/revista-magazine\/files\/2015\/03\/ion-pohoata-3-web.jpg\" alt=\"\" width=\"615\" height=\"747\"\/><\/a><\/p>\n<p class=\"posttitle\">Al terminar la intervenci\u00f3n de Pohoata, <strong>Miguel \u00c1ngel Gal\u00e1n Segovia<\/strong>, director de la editorial<strong> Niram Art<\/strong> y coronel de Reales Tercios de Espa\u00f1a, indic\u00f3 en un discurso muy emotivo que el drama de todas las investigaciones cient\u00edficas es que \u201ccarecen de un lenguaje comprensible para el p\u00fablico no especializado\u201d y \u201cel esfuerzo de los investigadores y acad\u00e9micos deber\u00eda dirigirse hac\u00eda la expresi\u00f3n en t\u00e9rminos claros y de f\u00e1cil acceso de los conocimientos adquiridos\u201d. \u201cLos libros que hoy presentamos, aunque acad\u00e9micos, son en realidad libros de cultura general\u201d, expres\u00f3 Segovia.<\/p>\n<p class=\"posttitle\"><a href=\"https:\/\/niramart.com\/revista-magazine\/files\/2015\/03\/miguel-c3a1ngel-galc3a1n-segovia-web.jpg\"><img loading=\"lazy\" decoding=\"async\" class=\"aligncenter\" src=\"https:\/\/niramart.com\/revista-magazine\/files\/2015\/03\/miguel-c3a1ngel-galc3a1n-segovia-web.jpg\" alt=\"\" width=\"530\" height=\"735\"\/><\/a><\/p>\n<p class=\"posttitle\">El tercer autor del evento, <a href=\"http:\/\/niramarteditorial.espacioniram.com\/autores\/petru-bejan\/\"><strong>Petru Bejan<\/strong><\/a>, jefe del Departamento de Filosof\u00eda de la Universidad Alexandru Ioan Cuza y editor de <em>Hermeneia \u2013 Journal of Hermeneutics, Art, Theory and Criticism<\/em>, fue presentado por el escritor espa\u00f1ol <strong>Diego Vadillo L\u00f3pez<\/strong>.<\/p>\n<p class=\"posttitle\"><a href=\"https:\/\/niramart.com\/revista-magazine\/files\/2015\/03\/petru-bejan-1-web.jpg\"><img loading=\"lazy\" decoding=\"async\" class=\"aligncenter\" src=\"https:\/\/niramart.com\/revista-magazine\/files\/2015\/03\/petru-bejan-1-web.jpg\" alt=\"\" width=\"591\" height=\"449\"\/><\/a><\/p>\n<p class=\"posttitle\">L\u00f3pez recogi\u00f3 los aspectos m\u00e1s importantes de <a href=\"http:\/\/niramarteditorial.espacioniram.com\/2015\/03\/el-ocaso-de-lo-bello-petru-bejan\/\"><em>El ocaso de lo bello<\/em><\/a>, de<a href=\"http:\/\/niramarteditorial.espacioniram.com\/autores\/petru-bejan\/\"><strong> Petru Bejan<\/strong><\/a>, haciendo referencia a la \u201cdesmaterializaci\u00f3n del arte\u201d, \u201cel arte gaseoso\u201d y otras definiciones del arte actual, t\u00e9rminos acu\u00f1ados de un modo original por Bejan.<\/p>\n<p class=\"posttitle\"><a href=\"https:\/\/niramart.com\/revista-magazine\/files\/2015\/03\/petru-bejan-3-web.jpg\"><img loading=\"lazy\" decoding=\"async\" class=\"aligncenter\" src=\"https:\/\/niramart.com\/revista-magazine\/files\/2015\/03\/petru-bejan-3-web.jpg\" alt=\"\" width=\"589\" height=\"481\"\/><\/a><\/p>\n<p class=\"posttitle\">El debate sobre el arte concluy\u00f3 con el mensaje clave del profesor: \u201cel arte ya no busca lo bello. La categor\u00eda est\u00e9tica de lo bello ha quedado obsoleta. Al arte le preocupa m\u00e1s ser interesante, innovador, inteligente y conceptual. Qui\u00e9n no entiende esto, no entiende qu\u00e9 es lo que realmente ocurre en las galer\u00edas y museos de hoy en d\u00eda\u201d.<a href=\"https:\/\/niramart.com\/revista-magazine\/files\/2015\/03\/petru-bejan-2-web1.jpg\"><img loading=\"lazy\" decoding=\"async\" class=\"aligncenter\" src=\"https:\/\/niramart.com\/revista-magazine\/files\/2015\/03\/petru-bejan-2-web1.jpg\" alt=\"\" width=\"585\" height=\"749\"\/><\/a><\/p>\n<p class=\"posttitle\"><a href=\"https:\/\/niramart.com\/revista-magazine\/files\/2015\/03\/petru-bejan-4-web.jpg\"><img loading=\"lazy\" decoding=\"async\" class=\"aligncenter\" src=\"https:\/\/niramart.com\/revista-magazine\/files\/2015\/03\/petru-bejan-4-web.jpg\" alt=\"\" width=\"584\" height=\"921\"\/><\/a><\/p>\n<p class=\"posttitle\"><a href=\"https:\/\/niramart.com\/revista-magazine\/files\/2015\/03\/diego-vadillo-lc3b3pez-complutense-web.jpg\"><img loading=\"lazy\" decoding=\"async\" class=\"aligncenter\" src=\"https:\/\/niramart.com\/revista-magazine\/files\/2015\/03\/diego-vadillo-lc3b3pez-complutense-web.jpg\" alt=\"\" width=\"437\" height=\"750\"\/><\/a><\/p>\n<p class=\"posttitle\">La \u00faltima edici\u00f3n de Vida Universitaria finaliz\u00f3 con la intervenci\u00f3n de <a href=\"http:\/\/niramarteditorial.espacioniram.com\/autores\/jose-noguera-santaella\/\"><strong>Jos\u00e9 Noguera Santaella<\/strong><\/a>, profesor en la Universidad de Santiago de Chile, e investigador asociado del Centro de Estudios Latinoamericanos y del Institut Respekt (Praga, Rep\u00fablica Checa).<\/p>\n<p class=\"posttitle\"><a href=\"https:\/\/niramart.com\/revista-magazine\/files\/2015\/03\/josc3a9-noguera-santaella-2-2-web.jpg\"><img loading=\"lazy\" decoding=\"async\" class=\"aligncenter\" src=\"https:\/\/niramart.com\/revista-magazine\/files\/2015\/03\/josc3a9-noguera-santaella-2-2-web.jpg\" alt=\"\" width=\"439\" height=\"526\"\/><\/a><\/p>\n<p class=\"posttitle\">La periodista <strong>Leticia S\u00e1nchez Canetti<\/strong> cit\u00f3 en su introducci\u00f3n algunas de las ideas clave del recorrido hist\u00f3rico del libro de <strong>Noguera Santaella<\/strong>, <a href=\"http:\/\/niramarteditorial.espacioniram.com\/2015\/03\/las-primeras-ideas-economicas-y-su-contexto-jose-noguera-santaella\/\"><em>Las primeras ideas econ\u00f3micas y su contexto<\/em><\/a>. Despu\u00e9s, el autor venezolano cautiv\u00f3 al p\u00fablico llev\u00e1ndole a un viaje intelectual desde la Biblia a la Grecia antigua, a Plat\u00f3n y Arist\u00f3teles, pasando por la Roma de los primeros cristianos, los escol\u00e1sticos y el pensamiento econ\u00f3mico del Absolutismo, al Liberalismo en el siglo de las luces y a Adam Smith y la mano invisible.<\/p>\n<p class=\"posttitle\"><a href=\"https:\/\/niramart.com\/revista-magazine\/files\/2015\/03\/josc3a9-noguera-santaella-1-web.jpg\"><img loading=\"lazy\" decoding=\"async\" class=\"aligncenter\" src=\"https:\/\/niramart.com\/revista-magazine\/files\/2015\/03\/josc3a9-noguera-santaella-1-web.jpg\" alt=\"\" width=\"546\" height=\"838\"\/><\/a><\/p>\n<p class=\"posttitle\">La pr\u00f3ximas ediciones de <strong>Vida Universitaria<\/strong> tendr\u00e1n lugar en los meses de Junio y Julio del 2015.<\/p>\n<\/div>\n<div class=\"meta-pullout meta-left-pullout\">\n<ul>\n<li class=\"fix\"><span class=\"category\"><span class=\"icon\">&nbsp;<\/span> <a href=\"https:\/\/niramart.com\/revista-magazine\/category\/proyecto-vida-universitaria\/\" rel=\"category tag\">Proyecto Vida Universitaria<\/a><\/span><\/li>\n<li class=\"fix\"><span class=\"tags tax\"><span class=\"icon\">&nbsp;<\/span>Tagged with: <a href=\"https:\/\/niramart.com\/revista-magazine\/tag\/carmen-cozma\/\" rel=\"tag\">Carmen Cozma<\/a>, <a href=\"https:\/\/niramart.com\/revista-magazine\/tag\/fabianni-belemuski\/\" rel=\"tag\">fabianni belemuski<\/a>, <a href=\"https:\/\/niramart.com\/revista-magazine\/tag\/ion-pohoata\/\" rel=\"tag\">Ion Pohoata<\/a>, <a href=\"https:\/\/niramart.com\/revista-magazine\/tag\/jose-noguera-santaella\/\" rel=\"tag\">Jos\u00e9 Noguera Santaella<\/a>, <a href=\"https:\/\/niramart.com\/revista-magazine\/tag\/livia-durac\/\" rel=\"tag\">Livia Durac<\/a>, <a href=\"https:\/\/niramart.com\/revista-magazine\/tag\/miguel-angel-galan-segovia\/\" rel=\"tag\">Miguel \u00c1ngel Gal\u00e1n Segovia<\/a>, <a href=\"https:\/\/niramart.com\/revista-magazine\/tag\/niram-art\/\" rel=\"tag\">niram art<\/a>, <a href=\"https:\/\/niramart.com\/revista-magazine\/tag\/petru-bejan\/\" rel=\"tag\">Petru Bejan<\/a>, <a href=\"https:\/\/niramart.com\/revista-magazine\/tag\/universidad-complutense-de-madrid\/\" rel=\"tag\">Universidad Complutense de Madrid.<\/a><\/span><\/li>\n<\/ul>\n<\/div>\n<\/div>\n<footer class=\"post-footer postdata fix\"> <\/footer>\n<section id=\"comments\"> <\/section>\n<\/article>\n<nav class=\"post-nav fix\">\n<table>\n<tr>\n<td class=\"previous\"><\/td>\n<td class=\"next\"><\/td>\n<\/tr>\n<\/table>\n<\/nav>\n<\/div>\n<\/div>\n","protected":false,"raw":""},"excerpt":{"rendered":"<p>Tercera edici\u00f3n del programa Vida Universitaria Mar 282015 &nbsp;&nbsp; [&hellip;]<\/p>\n","protected":false},"author":0,"featured_media":0,"parent":0,"menu_order":0,"comment_status":"closed","ping_status":"closed","template":"","meta":{"footnotes":""},"class_list":["post-478","page","type-page","status-publish","hentry"],"yoast_head":"<!-- This site is optimized with the Yoast SEO plugin v27.4 - https:\/\/yoast.com\/product\/yoast-seo-wordpress\/ -->\n<title>Tercera edici\u00f3n del programa Vida Universitaria \u00bb Niram Art Magazine<\/title>\n<meta name=\"robots\" content=\"index, follow, max-snippet:-1, max-image-preview:large, max-video-preview:-1\" \/>\n<link rel=\"canonical\" href=\"https:\/\/niramart.com\/revista-magazine\/tercera-edicion-del-programa-vida-universitaria\/\" \/>\n<meta property=\"og:type\" content=\"article\" \/>\n<meta property=\"og:title\" content=\"Tercera edici\u00f3n del programa Vida Universitaria \u00bb Niram Art Magazine\" \/>\n<meta property=\"og:description\" content=\"Tercera edici\u00f3n del programa Vida Universitaria Mar 282015 &nbsp;&nbsp; [&hellip;]\" \/>\n<meta property=\"og:url\" content=\"https:\/\/niramart.com\/revista-magazine\/tercera-edicion-del-programa-vida-universitaria\/\" \/>\n<meta property=\"og:site_name\" content=\"Niram Art Magazine\" \/>\n<meta name=\"twitter:card\" content=\"summary_large_image\" \/>\n<meta name=\"twitter:label1\" content=\"Est. reading time\" \/>\n\t<meta name=\"twitter:data1\" content=\"5 minutes\" \/>\n<!-- \/ Yoast SEO plugin. -->","yoast_head_json":{"title":"Tercera edici\u00f3n del programa Vida Universitaria \u00bb Niram Art Magazine","robots":{"index":"index","follow":"follow","max-snippet":"max-snippet:-1","max-image-preview":"max-image-preview:large","max-video-preview":"max-video-preview:-1"},"canonical":"https:\/\/niramart.com\/revista-magazine\/tercera-edicion-del-programa-vida-universitaria\/","og_type":"article","og_title":"Tercera edici\u00f3n del programa Vida Universitaria \u00bb Niram Art Magazine","og_description":"Tercera edici\u00f3n del programa Vida Universitaria Mar 282015 &nbsp;&nbsp; [&hellip;]","og_url":"https:\/\/niramart.com\/revista-magazine\/tercera-edicion-del-programa-vida-universitaria\/","og_site_name":"Niram Art Magazine","twitter_card":"summary_large_image","twitter_misc":{"Est. reading time":"5 minutes"}},"_links":{"self":[{"href":"https:\/\/niramart.com\/revista-magazine\/wp-json\/wp\/v2\/pages\/478","targetHints":{"allow":["GET"]}}],"collection":[{"href":"https:\/\/niramart.com\/revista-magazine\/wp-json\/wp\/v2\/pages"}],"about":[{"href":"https:\/\/niramart.com\/revista-magazine\/wp-json\/wp\/v2\/types\/page"}],"replies":[{"embeddable":true,"href":"https:\/\/niramart.com\/revista-magazine\/wp-json\/wp\/v2\/comments?post=478"}],"version-history":[{"count":0,"href":"https:\/\/niramart.com\/revista-magazine\/wp-json\/wp\/v2\/pages\/478\/revisions"}],"wp:attachment":[{"href":"https:\/\/niramart.com\/revista-magazine\/wp-json\/wp\/v2\/media?parent=478"}],"curies":[{"name":"wp","href":"https:\/\/api.w.org\/{rel}","templated":true}]}}