{"id":477,"date":"2024-04-01T07:41:45","date_gmt":"2024-04-01T07:41:45","guid":{"rendered":"https:\/\/niramart.com\/revista-magazine\/teama-de-valentina-alexa-22\/"},"modified":"2024-04-01T07:41:45","modified_gmt":"2024-04-01T07:41:45","slug":"teama-de-valentina-alexa-22","status":"publish","type":"page","link":"https:\/\/niramart.com\/revista-magazine\/teama-de-valentina-alexa\/","title":{"rendered":"Teama de Valentina Alexa"},"content":{"rendered":"<div id=\"main-col\">\n<div id=\"content\">\n<article class=\"post-1462 post type-post status-publish format-standard hentry category-uncategorized tag-biruitor tag-bucurie tag-creator tag-culori tag-curaj tag-divin tag-dusmani tag-fiinta tag-forte tag-frica tag-fuga tag-ganduri tag-incredere tag-intuneric tag-lumina tag-pierdut tag-plangand tag-puternic tag-teama tag-temeri category-1-id full-content meta-position-left-pullout fix\" id=\"post-1462\">\n<header class=\"post-header title-container fix\">\n<div class=\"title\">\n<h1 class=\"posttitle\"><a href=\"https:\/\/niramart.com\/revista-magazine\/teama-de-valentina-alexa\/\" class=\"entry-title\" rel=\"bookmark\" title=\"Teama de Valentina Alexa\">Teama de Valentina Alexa<\/a><\/h1>\n<\/div>\n<div class=\"date\"><span class=\"month\">Oct<\/span> <span class=\"day\">20<\/span><span class=\"year\">2016<\/span><\/div>\n<\/header>\n<p> <span class=\"post-format-icon\">&nbsp;<\/span><span class=\"updated\" title=\"2016-10-20T17:14:39+00:00\">&nbsp;<\/span><\/p>\n<div class=\"entry-container fix\">\n<div class=\"entry fix\">\n<p class=\"bch4dcbow065stdpy\">D\u0103ruiesc acest mesaj tuturor celor c\u0103rora le e team\u0103, care s-au confruntat sau se confrunt\u0103 cu teama: pot s\u0103 le spun c\u0103 teama lor e inutil\u0103 at\u00e2ta timp c\u00e2t au credin\u021b\u0103 \u00een Dumnezeu! Teama dispare \u00een momentul instaur\u0103rii credin\u021bei ferme \u00een ajutorul Divin! Dumnezeu lucreaz\u0103 pentru noi, ne preg\u0103te\u0219te totul din timp dac\u0103 noi d\u0103m ascultare poruncilor Sale \u0219i suntem recunosc\u0103tori Iubirii sale supreme.<\/p>\n<p class=\"bch4dcbow065stdpy\">Mi-e team\u0103! Mi-e team\u0103 c\u0103 nu pot deveni cee ace vreau, mi-e team\u0103 c\u0103 nu pot fi bun, mi-e team\u0103! Cum s\u0103 scap de team\u0103? O ur\u0103sc! M-am transformat \u00eentr-un ghemotoc mic de tot, m\u0103 ascund, m\u0103 prefac, m\u0103 lamentez \u0219i\u2026sunt din ce \u00een ce mai nefericit! Nimic nu m\u0103 mul\u021bume\u0219te\u2026 Tr\u0103iesc de pe o zi pe alta, cu la\u0219itate, \u00eencerc\u00e2nd s\u0103 g\u0103sesc satisfac\u021bii \u00een pl\u0103ceri m\u0103runte, \u00een nimicuri; evit s\u0103 m\u0103 confront cu\u2026teama mea! Evit s\u0103 m\u0103 confrunt cu mine \u00eens\u0103mi!<\/p>\n<p class=\"bch4dcbow065stdpy\">Am v\u0103zut un erou murind, am v\u0103zut un tat\u0103 care murea demn, c\u0103ruia i se lua via\u021ba \u00een fa\u021ba fiului s\u0103u. Acest om \u00ee\u0219i privea fiul \u00eenm\u0103rmurit, cu senin\u0103tate, \u0219i \u00eei spunea cu ochii bl\u00e2zi: \u201dFiul meu, nu \u00ee\u021bi fie team\u0103! Nu \u00ee\u021bi fie team\u0103!\u201d \u0218i omul a murit, z\u00e2mbind, \u00eemp\u0103cat! \u00cemp\u0103cat cu sine \u00eensu\u0219i, f\u0103r\u0103 team\u0103! S\u0103ngele se scurgea \u00eencet-\u00eencet, lu\u00e2ndu-i via\u021ba cu sine, \u00eens\u0103 z\u00e2mbetul triumf\u0103tor \u00een fa\u021ba mor\u021bii, i-a r\u0103mas. Fiul era \u00een genunchi, pl\u00e2ng\u00eend. \u00cen loc s\u0103 scape de team\u0103, aceasta i s-a cuib\u0103rit \u0219i mai ad\u00e2nc \u00een suflet. Ochii i se mi\u0219cau nefiresc \u00eentr-o parte \u0219i \u00een alta, respire sacadat \u0219i nelini\u0219tea \u00eel \u00eenf\u0103\u0219urase. C\u0103uta o solu\u021bie, c\u0103uta rezolvarea problemei \u00een afara sa, \u00een lucrurile exterioare dar nu putea g\u0103si r\u0103spunsul. Pe zi ce trecea teama lui era mai mare, fric\u0103 \u00eel poseda, \u00eel domina, \u201dse hr\u0103nea\u201d din fiin\u021ba lui cu \u201dochii\u201d s\u0103i mari \u0219i lacomi. Teama \u00eel devora pur \u0219i simplu.<\/p>\n<p class=\"bch4dcbow065stdpy\">Trecut-au zile, trecut-au s\u0103pt\u0103m\u00e2ni \u0219i ani \u0219i via\u021ba avea s\u0103 \u00eel poarte pe c\u0103r\u0103ri abrupte, neb\u0103t\u0103torite, pline cu spini \u0219i pe care trebuia s\u0103 le str\u0103bat\u0103 singur: s-a confruntat r\u00e2nd pe r\u00e2nd cu toate temerile lui: pierderea celor dragi, posibilitatea piederii celor dragi lui, pierderea propriei vie\u021bi, tortura. A trecut prin toate, a tremurat \u0219i s-a temut dar de fiecare data, Cineva la salvat, l-a trecut prin toate, biruitor! Cineva de Sus se lupta pentru el \u00een fiecare situa\u021bie! C\u00e2nd \u0219i-a dat seama de acest fapt, c\u00e2nd a realizat c\u0103 a ie\u0219it triumf\u0103tor din situa\u021bii care, practic p\u0103reau 2 imposibile, a prins curaj! Curajul s\u0103u a crescut precum \u0219i \u00eencrederea \u00een for\u021bele proprii! A devenit puternic\u2026teama sa a disp\u0103rut! O \u00eencredere f\u0103r\u0103 margini \u00een Creatorul s\u0103u \u0219i \u00een puterea incandescent\u0103 a vie\u021bii a pus st\u0103p\u00e2nire pe \u00eentreaga sa fiin\u021b\u0103. Nimic nu \u00eel mai speria acum!<\/p>\n<p class=\"bch4dcbow065stdpy\">Dac\u0103 atunci c\u00e2nd \u00eei era team\u0103 a fugit doar de du\u0219manii s\u0103i, ascunz\u00eendu-se pe unde putea, acum a \u00eenceput s\u0103 g\u00eendeasc\u0103 \u0219i s\u0103 aplice strategii de lupt\u0103 contra du\u0219manului. \u00cen scurt timp soarta sa s-a schimbat radical: din fugarul urm\u0103rit, era acum partener de lupt\u0103 redutabil, din omul oropsit cu capul plecat , eara acum un b\u0103rbat demn care privea cu curaj \u00een fa\u021b\u0103. Chiar \u0219i numai privirea sa \u00eei speria acum pe du\u0219mani iar pe unii \u00eei punea pe fug\u0103. Omul nostru a reu\u0219it s\u0103 recupereze tot ce era pierdut! A strigat tare vorbele tat\u0103lui s\u0103u: \u201d Tat\u0103 nu mi-e team\u0103!\u201d Abia acum a \u00een\u021beles mo\u0219tenirea pre\u021bioas\u0103 pe care i-o l\u0103sase tat\u0103l s\u0103u \u00een ultimele clipe de via\u021b\u0103! Era filosofia unei vie\u021bi de succes bazat\u0103 pe eliminarea fricii \u0219i \u00eenlocuirea ei cu o \u00eencredere ferm\u0103 \u00een Puterea Divin\u0103 \u0219i \u00een for\u021bele proprii. Dar el a \u00een\u021beles, c\u0103 oric\u00eet a \u00eencercat s\u0103 scape de team\u0103, nu a putut p\u00e2n\u0103 \u00een momentele \u00een care s-a confruntat direct cu temerile lui. Abia c\u0103nd le-a \u00eenfruntat \u0219i a v\u0103zut c\u0103 a trecut biruitor, a reu\u0219it s\u0103 \u00een\u021beleag\u0103 c\u0103 teama e inutil\u0103 \u0219i c\u0103 \u00eel sec\u0103tuise de puteri.<\/p>\n<p class=\"bch4dcbow065stdpy\">Teama te transform\u0103, te ur\u00e2\u021be\u0219te, \u00ee\u021bi macin\u0103 sufletul \u0219i \u00eentreaga fiin\u021b\u0103, \u00ee\u021bi ia bucuria \u0219i \u00een locul Luminii Atotputerice aduce \u00eentunericul cel mai profund. \u00cen lumea \u00eentunericului se \u00eent\u00e2lnesc numai umbre, mari, mari din ce \u00een ce mai mari care p\u00e2n\u0103 la urm\u0103 sufoc\u0103 sufletul celui r\u0103t\u0103cit dac\u0103 nu p\u0103trunde la timp o raz\u0103 de Lumin\u0103 care s\u0103 sf\u0103r\u00e2me tot \u00eentunericul. Binecuv\u00e2ntat s\u0103 fie momentul c\u00e2nd \u00een sufletul tuturor oamenilor va str\u0103luci bucuria! Bucuria con\u0219tien\u021bei c\u0103 st\u0103 \u00een puterea nastr\u0103 s\u0103 atragem Lumina \u0219i s\u0103 fim continuu biruitori. Alunga\u021bi de aceea teama care vine din g\u00e2nduri \u201dnegre\u201d! Culori vii s\u0103 str\u0103luceasc\u0103 \u00een jurul vostru mereu \u0219i atunci Lumina v\u0103 va g\u0103si! V\u0103 doresc Bucurie \u0219i Lumin\u0103!<\/p>\n<\/div>\n<div class=\"meta-pullout meta-left-pullout\">\n<ul>\n<li class=\"fix\"><span class=\"category\"><span class=\"icon\">&nbsp;<\/span> <a href=\"https:\/\/niramart.com\/revista-magazine\/category\/uncategorized\/\" rel=\"category tag\">Uncategorized<\/a><\/span><\/li>\n<li class=\"fix\"><span class=\"tags tax\"><span class=\"icon\">&nbsp;<\/span>Tagged with: <a href=\"https:\/\/niramart.com\/revista-magazine\/tag\/biruitor\/\" rel=\"tag\">biruitor<\/a>, <a href=\"https:\/\/niramart.com\/revista-magazine\/tag\/bucurie\/\" rel=\"tag\">bucurie<\/a>, <a href=\"https:\/\/niramart.com\/revista-magazine\/tag\/creator\/\" rel=\"tag\">creator<\/a>, <a href=\"https:\/\/niramart.com\/revista-magazine\/tag\/culori\/\" rel=\"tag\">culori<\/a>, <a href=\"https:\/\/niramart.com\/revista-magazine\/tag\/curaj\/\" rel=\"tag\">curaj<\/a>, <a href=\"https:\/\/niramart.com\/revista-magazine\/tag\/divin\/\" rel=\"tag\">divin<\/a>, <a href=\"https:\/\/niramart.com\/revista-magazine\/tag\/dusmani\/\" rel=\"tag\">dusmani<\/a>, <a href=\"https:\/\/niramart.com\/revista-magazine\/tag\/fiinta\/\" rel=\"tag\">fiin\u0163a<\/a>, <a href=\"https:\/\/niramart.com\/revista-magazine\/tag\/forte\/\" rel=\"tag\">forte<\/a>, <a href=\"https:\/\/niramart.com\/revista-magazine\/tag\/frica\/\" rel=\"tag\">frica<\/a>, <a href=\"https:\/\/niramart.com\/revista-magazine\/tag\/fuga\/\" rel=\"tag\">fuga<\/a>, <a href=\"https:\/\/niramart.com\/revista-magazine\/tag\/ganduri\/\" rel=\"tag\">ganduri<\/a>, <a href=\"https:\/\/niramart.com\/revista-magazine\/tag\/incredere\/\" rel=\"tag\">incredere<\/a>, <a href=\"https:\/\/niramart.com\/revista-magazine\/tag\/intuneric\/\" rel=\"tag\">intuneric<\/a>, <a href=\"https:\/\/niramart.com\/revista-magazine\/tag\/lumina\/\" rel=\"tag\">lumina<\/a>, <a href=\"https:\/\/niramart.com\/revista-magazine\/tag\/pierdut\/\" rel=\"tag\">pierdut<\/a>, <a href=\"https:\/\/niramart.com\/revista-magazine\/tag\/plangand\/\" rel=\"tag\">plangand<\/a>, <a href=\"https:\/\/niramart.com\/revista-magazine\/tag\/puternic\/\" rel=\"tag\">puternic<\/a>, <a href=\"https:\/\/niramart.com\/revista-magazine\/tag\/teama\/\" rel=\"tag\">Teama<\/a>, <a href=\"https:\/\/niramart.com\/revista-magazine\/tag\/temeri\/\" rel=\"tag\">temeri<\/a><\/span><\/li>\n<\/ul>\n<\/div>\n<\/div>\n<footer class=\"post-footer postdata fix\"> <\/footer>\n<section id=\"comments\"> <\/section>\n<\/article>\n<nav class=\"post-nav fix\">\n<table>\n<tr>\n<td class=\"previous\"><a href=\"https:\/\/niramart.com\/revista-magazine\/invingand-reforma-educatiei-si-alti-balauri-de-daniela-roxana-andron\/\" rel=\"prev\"><span class=\"icon\">&nbsp;<\/span> \u00cenving\u00e2nd reforma educa\u021biei (\u0219i al\u021bi balauri) de Daniela Roxana Andron<\/a><\/td>\n<td class=\"next\"><\/td>\n<\/tr>\n<\/table>\n<\/nav>\n<\/div>\n<\/div>\n","protected":false,"raw":""},"excerpt":{"rendered":"<p>Teama de Valentina Alexa Oct 202016 &nbsp;&nbsp; D\u0103ruiesc acest [&hellip;]<\/p>\n","protected":false},"author":0,"featured_media":0,"parent":0,"menu_order":0,"comment_status":"closed","ping_status":"closed","template":"","meta":{"footnotes":""},"class_list":["post-477","page","type-page","status-publish","hentry"],"yoast_head":"<!-- This site is optimized with the Yoast SEO plugin v27.4 - https:\/\/yoast.com\/product\/yoast-seo-wordpress\/ -->\n<title>Teama de Valentina Alexa \u00bb Niram Art Magazine<\/title>\n<meta name=\"robots\" content=\"index, follow, max-snippet:-1, max-image-preview:large, max-video-preview:-1\" \/>\n<link rel=\"canonical\" href=\"https:\/\/niramart.com\/revista-magazine\/teama-de-valentina-alexa\/\" \/>\n<meta property=\"og:type\" content=\"article\" \/>\n<meta property=\"og:title\" content=\"Teama de Valentina Alexa \u00bb Niram Art Magazine\" \/>\n<meta property=\"og:description\" content=\"Teama de Valentina Alexa Oct 202016 &nbsp;&nbsp; D\u0103ruiesc acest [&hellip;]\" \/>\n<meta property=\"og:url\" content=\"https:\/\/niramart.com\/revista-magazine\/teama-de-valentina-alexa\/\" \/>\n<meta property=\"og:site_name\" content=\"Niram Art Magazine\" \/>\n<meta name=\"twitter:card\" content=\"summary_large_image\" \/>\n<meta name=\"twitter:label1\" content=\"Est. reading time\" \/>\n\t<meta name=\"twitter:data1\" content=\"5 minutes\" \/>\n<!-- \/ Yoast SEO plugin. -->","yoast_head_json":{"title":"Teama de Valentina Alexa \u00bb Niram Art Magazine","robots":{"index":"index","follow":"follow","max-snippet":"max-snippet:-1","max-image-preview":"max-image-preview:large","max-video-preview":"max-video-preview:-1"},"canonical":"https:\/\/niramart.com\/revista-magazine\/teama-de-valentina-alexa\/","og_type":"article","og_title":"Teama de Valentina Alexa \u00bb Niram Art Magazine","og_description":"Teama de Valentina Alexa Oct 202016 &nbsp;&nbsp; D\u0103ruiesc acest [&hellip;]","og_url":"https:\/\/niramart.com\/revista-magazine\/teama-de-valentina-alexa\/","og_site_name":"Niram Art Magazine","twitter_card":"summary_large_image","twitter_misc":{"Est. reading time":"5 minutes"}},"_links":{"self":[{"href":"https:\/\/niramart.com\/revista-magazine\/wp-json\/wp\/v2\/pages\/477","targetHints":{"allow":["GET"]}}],"collection":[{"href":"https:\/\/niramart.com\/revista-magazine\/wp-json\/wp\/v2\/pages"}],"about":[{"href":"https:\/\/niramart.com\/revista-magazine\/wp-json\/wp\/v2\/types\/page"}],"replies":[{"embeddable":true,"href":"https:\/\/niramart.com\/revista-magazine\/wp-json\/wp\/v2\/comments?post=477"}],"version-history":[{"count":0,"href":"https:\/\/niramart.com\/revista-magazine\/wp-json\/wp\/v2\/pages\/477\/revisions"}],"wp:attachment":[{"href":"https:\/\/niramart.com\/revista-magazine\/wp-json\/wp\/v2\/media?parent=477"}],"curies":[{"name":"wp","href":"https:\/\/api.w.org\/{rel}","templated":true}]}}