{"id":476,"date":"2024-04-01T07:41:45","date_gmt":"2024-04-01T07:41:45","guid":{"rendered":"https:\/\/niramart.com\/revista-magazine\/tarbut-arte-presenta-frank-auerbach-vida-y-obra-5\/"},"modified":"2024-04-01T07:41:45","modified_gmt":"2024-04-01T07:41:45","slug":"tarbut-arte-presenta-frank-auerbach-vida-y-obra-5","status":"publish","type":"page","link":"https:\/\/niramart.com\/revista-magazine\/tarbut-arte-presenta-frank-auerbach-vida-y-obra\/","title":{"rendered":"Tarbut Arte presenta: Frank Auerbach, vida y obra"},"content":{"rendered":"<div id=\"main-col\">\n<div id=\"content\">\n<article class=\"post-1218 post type-post status-publish format-standard hentry category-c39-articulos-espanol category-bellas-artes tag-frank-auerbach tag-santiago-raigorodsky tag-tarbut-arte tag-tarbut-sefarad category-18-id category-119-id full-content meta-position-left-pullout fix\" id=\"post-1218\">\n<header class=\"post-header title-container fix\">\n<div class=\"title\">\n<h1 class=\"posttitle\"><a href=\"https:\/\/niramart.com\/revista-magazine\/tarbut-arte-presenta-frank-auerbach-vida-y-obra\/\" class=\"entry-title\" rel=\"bookmark\" title=\"Tarbut Arte presenta: Frank Auerbach, vida y obra\">Tarbut Arte presenta: Frank Auerbach, vida y obra<\/a><\/h1>\n<\/div>\n<div class=\"date\"><span class=\"month\">Nov<\/span> <span class=\"day\">28<\/span><span class=\"year\">2013<\/span><\/div>\n<\/header>\n<p> <span class=\"post-format-icon\">&nbsp;<\/span><span class=\"updated\" title=\"2013-11-28T15:36:31+00:00\">&nbsp;<\/span><\/p>\n<div class=\"entry-container fix\">\n<div class=\"entry fix\">\n<div style=\"width: 316px\" class=\"wp-caption alignleft\"><img loading=\"lazy\" decoding=\"async\" alt=\"Frank Auerbach\" src=\"https:\/\/niramart.com\/revista-magazine\/files\/images\/stories\/secciones\/arte\/franck-auerbach.jpg\" width=\"306\" height=\"366\"\/><\/p>\n<p class=\"wp-caption-text\">Frank Auerbach<\/p>\n<\/div>\n<p class=\"bch4dcbow065stdpy\"><strong>Por Santiago Raigorodsky<\/strong><\/p>\n<p class=\"bch4dcbow065stdpy\">en <a href=\"http:\/\/www.tarbutsefarad.com\/\">Tarbut Arte <\/a><br class=\"bch4dcbow065stdpy\"\/> <strong>Frank Helmut Auerbach<\/strong> naci\u00f3 en Berl\u00edn el 29 de abril de 1931, en el seno de una familia jud\u00eda. Fue hijo de Max Auerbach, un rico abogado y de Nora Charlotte Burchardt. De sus primeros a\u00f1os de vida en Alemania, marcados por el ascenso del nazismo al poder Auerbach conserva s\u00f3lo una vago recuerdo. En uno de los muchos reportajes que le realizaron le confesaba al periodista: &#8220;Usted se sorprender\u00eda de c\u00f3mo se tiene poca memoria si no hay nada que lo conecte a uno con la vida que ten\u00eda&#8221;. Pero s\u00ed, lejanamente recuerda a sus padres: &#8220;Tengo un recuerdo nebuloso&#8230;\u201d.<\/p>\n<p class=\"bch4dcbow065stdpy\"><strong>Lee el art\u00edculo completo: <\/strong><a title=\"View Frank Auerbach, vida y obra on Scribd\" href=\"http:\/\/es.scribd.com\/doc\/174751651\/Frank-Auerbach-vida-y-obra\">Frank Auerbach, vida y obra<\/a> por <a title=\"View Tarbut Sefarad's profile on Scribd\" href=\"http:\/\/www.scribd.com\/tsefarad\">Tarbut Sefarad<\/a><\/p>\n<\/div>\n<div class=\"meta-pullout meta-left-pullout\">\n<ul>\n<li class=\"fix\"><span class=\"category\"><span class=\"icon\">&nbsp;<\/span> <a href=\"https:\/\/niramart.com\/revista-magazine\/category\/s5-articulos\/c39-articulos-espanol\/\" rel=\"category tag\">Articulos espa\u00f1ol<\/a>, <a href=\"https:\/\/niramart.com\/revista-magazine\/category\/bellas-artes\/\" rel=\"category tag\">Bellas Artes<\/a><\/span><\/li>\n<li class=\"fix\"><span class=\"tags tax\"><span class=\"icon\">&nbsp;<\/span>Tagged with: <a href=\"https:\/\/niramart.com\/revista-magazine\/tag\/frank-auerbach\/\" rel=\"tag\">Frank Auerbach<\/a>, <a href=\"https:\/\/niramart.com\/revista-magazine\/tag\/santiago-raigorodsky\/\" rel=\"tag\">Santiago Raigorodsky<\/a>, <a href=\"https:\/\/niramart.com\/revista-magazine\/tag\/tarbut-arte\/\" rel=\"tag\">tarbut arte<\/a>, <a href=\"https:\/\/niramart.com\/revista-magazine\/tag\/tarbut-sefarad\/\" rel=\"tag\">tarbut sefarad<\/a><\/span><\/li>\n<\/ul>\n<\/div>\n<\/div>\n<footer class=\"post-footer postdata fix\"> <\/footer>\n<section id=\"comments\"> <\/section>\n<\/article>\n<nav class=\"post-nav fix\">\n<table>\n<tr>\n<td class=\"previous\"><a href=\"https:\/\/niramart.com\/revista-magazine\/aniversario-tudor\/\" rel=\"prev\"><span class=\"icon\">&nbsp;<\/span> Aniversario Tudor<\/a><\/td>\n<td class=\"next\"><a href=\"https:\/\/niramart.com\/revista-magazine\/sobre-ninfas-y-nenufares\/\" rel=\"next\"><span class=\"icon\">&nbsp;<\/span> Sobre ninfas y nen\u00fafares<\/a><\/td>\n<\/tr>\n<\/table>\n<\/nav>\n<\/div>\n<\/div>\n","protected":false,"raw":""},"excerpt":{"rendered":"<p>Tarbut Arte presenta: Frank Auerbach, vida y obra Nov [&hellip;]<\/p>\n","protected":false},"author":0,"featured_media":0,"parent":0,"menu_order":0,"comment_status":"closed","ping_status":"closed","template":"","meta":{"footnotes":""},"class_list":["post-476","page","type-page","status-publish","hentry"],"yoast_head":"<!-- This site is optimized with the Yoast SEO plugin v27.4 - https:\/\/yoast.com\/product\/yoast-seo-wordpress\/ -->\n<title>Tarbut Arte presenta: Frank Auerbach, vida y obra \u00bb Niram Art Magazine<\/title>\n<meta name=\"robots\" content=\"index, follow, max-snippet:-1, max-image-preview:large, max-video-preview:-1\" \/>\n<link rel=\"canonical\" href=\"https:\/\/niramart.com\/revista-magazine\/tarbut-arte-presenta-frank-auerbach-vida-y-obra\/\" \/>\n<meta property=\"og:type\" content=\"article\" \/>\n<meta property=\"og:title\" content=\"Tarbut Arte presenta: Frank Auerbach, vida y obra \u00bb Niram Art Magazine\" \/>\n<meta property=\"og:description\" content=\"Tarbut Arte presenta: Frank Auerbach, vida y obra Nov [&hellip;]\" \/>\n<meta property=\"og:url\" content=\"https:\/\/niramart.com\/revista-magazine\/tarbut-arte-presenta-frank-auerbach-vida-y-obra\/\" \/>\n<meta property=\"og:site_name\" content=\"Niram Art Magazine\" \/>\n<meta name=\"twitter:card\" content=\"summary_large_image\" \/>\n<meta name=\"twitter:label1\" content=\"Est. reading time\" \/>\n\t<meta name=\"twitter:data1\" content=\"1 minute\" \/>\n<!-- \/ Yoast SEO plugin. -->","yoast_head_json":{"title":"Tarbut Arte presenta: Frank Auerbach, vida y obra \u00bb Niram Art Magazine","robots":{"index":"index","follow":"follow","max-snippet":"max-snippet:-1","max-image-preview":"max-image-preview:large","max-video-preview":"max-video-preview:-1"},"canonical":"https:\/\/niramart.com\/revista-magazine\/tarbut-arte-presenta-frank-auerbach-vida-y-obra\/","og_type":"article","og_title":"Tarbut Arte presenta: Frank Auerbach, vida y obra \u00bb Niram Art Magazine","og_description":"Tarbut Arte presenta: Frank Auerbach, vida y obra Nov [&hellip;]","og_url":"https:\/\/niramart.com\/revista-magazine\/tarbut-arte-presenta-frank-auerbach-vida-y-obra\/","og_site_name":"Niram Art Magazine","twitter_card":"summary_large_image","twitter_misc":{"Est. reading time":"1 minute"}},"_links":{"self":[{"href":"https:\/\/niramart.com\/revista-magazine\/wp-json\/wp\/v2\/pages\/476","targetHints":{"allow":["GET"]}}],"collection":[{"href":"https:\/\/niramart.com\/revista-magazine\/wp-json\/wp\/v2\/pages"}],"about":[{"href":"https:\/\/niramart.com\/revista-magazine\/wp-json\/wp\/v2\/types\/page"}],"replies":[{"embeddable":true,"href":"https:\/\/niramart.com\/revista-magazine\/wp-json\/wp\/v2\/comments?post=476"}],"version-history":[{"count":0,"href":"https:\/\/niramart.com\/revista-magazine\/wp-json\/wp\/v2\/pages\/476\/revisions"}],"wp:attachment":[{"href":"https:\/\/niramart.com\/revista-magazine\/wp-json\/wp\/v2\/media?parent=476"}],"curies":[{"name":"wp","href":"https:\/\/api.w.org\/{rel}","templated":true}]}}