{"id":470,"date":"2024-04-01T07:41:44","date_gmt":"2024-04-01T07:41:44","guid":{"rendered":"https:\/\/niramart.com\/revista-magazine\/noi-lansari-de-carte-academica-romaneasca-la-univ-complutense-din-madrid-9\/"},"modified":"2024-04-01T07:41:44","modified_gmt":"2024-04-01T07:41:44","slug":"noi-lansari-de-carte-academica-romaneasca-la-univ-complutense-din-madrid-9","status":"publish","type":"page","link":"https:\/\/niramart.com\/revista-magazine\/tag\/universidad-complutense-de-madrid\/","title":{"rendered":"Noi lansari de carte academica romaneasca la Univ. Complutense din Madrid"},"content":{"rendered":"<div id=\"main-col\">\n<div id=\"content\" class=\"hfeed\">\n<article class=\"post-1332 post type-post status-publish format-standard hentry category-c42-articulos-romana tag-carmen-cozma tag-fabianni-belemuski tag-ion-pohoata tag-jose-noguera-santaella tag-livia-durac tag-miguel-angel-galan-segovia tag-niram-art tag-petru-bejan tag-universidad-complutense-de-madrid excerpt category-16-id post-seq-1 post-parity-odd meta-position-left-pullout fix\" id=\"post-1332\">\n<header class=\"post-header title-container fix\">\n<div class=\"title\">\n<h2 class=\"posttitle\"><a href=\"https:\/\/niramart.com\/revista-magazine\/noi-lansari-de-carte-academica-romaneasca-la-univ-complutense-din-madrid\/\" class=\"entry-title\" rel=\"bookmark\" title=\"Noi lansari de carte academica romaneasca la Univ. Complutense din Madrid\">Noi lansari de carte academica romaneasca la Univ. Complutense din Madrid<\/a><\/h2>\n<\/div>\n<div class=\"date\"><span class=\"month\">Mar<\/span> <span class=\"day\">28<\/span><span class=\"year\">2015<\/span><\/div>\n<\/header>\n<p> <span class=\"post-format-icon\">&nbsp;<\/span><span class=\"updated\" title=\"2015-03-28T01:37:01+00:00\">&nbsp;<\/span><\/p>\n<div class=\"entry-container fix\">\n<div class=\"entry entry-content fix\">\n<p class=\"bch4dcbow065stdpy\">Evenimentul a fost deschis de vicedecanul Facultatii de Stiinte ale Informatiei, Jos\u00e9 Ignacio Poblaci\u00f3n Bernardo, care a subliniat necesitatea de a \u201cdescoperi alte idei, din alte parti ale lumii\u201d si moderat de Fabianni Belemuski, scriitor si jurnalist de origine romana&#8230;.<\/p>\n<\/div>\n<div class=\"meta-pullout meta-left-pullout\">\n<ul>\n<li class=\"fix\"><span class=\"category\"><span class=\"icon\">&nbsp;<\/span> <a href=\"https:\/\/niramart.com\/revista-magazine\/category\/s5-articulos\/c42-articulos-romana\/\" rel=\"category tag\">Articole in limba romana<\/a><\/span><\/li>\n<li class=\"fix\"><span class=\"tags tax\"><span class=\"icon\">&nbsp;<\/span>Tagged with: <a href=\"https:\/\/niramart.com\/revista-magazine\/tag\/carmen-cozma\/\" rel=\"tag\">Carmen Cozma<\/a>, <a href=\"https:\/\/niramart.com\/revista-magazine\/tag\/fabianni-belemuski\/\" rel=\"tag\">fabianni belemuski<\/a>, <a href=\"https:\/\/niramart.com\/revista-magazine\/tag\/ion-pohoata\/\" rel=\"tag\">Ion Pohoata<\/a>, <a href=\"https:\/\/niramart.com\/revista-magazine\/tag\/jose-noguera-santaella\/\" rel=\"tag\">Jos\u00e9 Noguera Santaella<\/a>, <a href=\"https:\/\/niramart.com\/revista-magazine\/tag\/livia-durac\/\" rel=\"tag\">Livia Durac<\/a>, <a href=\"https:\/\/niramart.com\/revista-magazine\/tag\/miguel-angel-galan-segovia\/\" rel=\"tag\">Miguel \u00c1ngel Gal\u00e1n Segovia<\/a>, <a href=\"https:\/\/niramart.com\/revista-magazine\/tag\/niram-art\/\" rel=\"tag\">niram art<\/a>, <a href=\"https:\/\/niramart.com\/revista-magazine\/tag\/petru-bejan\/\" rel=\"tag\">Petru Bejan<\/a>, <a href=\"https:\/\/niramart.com\/revista-magazine\/tag\/universidad-complutense-de-madrid\/\" rel=\"tag\">Universidad Complutense de Madrid.<\/a><\/span><\/li>\n<\/ul>\n<\/div>\n<\/div>\n<footer class=\"post-footer postdata fix\"> <\/footer>\n<\/article>\n<article class=\"post-1324 post type-post status-publish format-standard hentry category-proyecto-vida-universitaria tag-carmen-cozma tag-fabianni-belemuski tag-ion-pohoata tag-jose-noguera-santaella tag-livia-durac tag-miguel-angel-galan-segovia tag-niram-art tag-petru-bejan tag-universidad-complutense-de-madrid excerpt category-276-id post-seq-2 post-parity-even meta-position-left-pullout fix\" id=\"post-1324\">\n<header class=\"post-header title-container fix\">\n<div class=\"title\">\n<h2 class=\"posttitle\"><a href=\"https:\/\/niramart.com\/revista-magazine\/tercera-edicion-del-programa-vida-universitaria\/\" class=\"entry-title\" rel=\"bookmark\" title=\"Tercera edici\u00f3n del programa Vida Universitaria\">Tercera edici\u00f3n del programa Vida Universitaria<\/a><\/h2>\n<\/div>\n<div class=\"date\"><span class=\"month\">Mar<\/span> <span class=\"day\">28<\/span><span class=\"year\">2015<\/span><\/div>\n<\/header>\n<p> <span class=\"post-format-icon\">&nbsp;<\/span><span class=\"updated\" title=\"2015-03-28T00:38:56+00:00\">&nbsp;<\/span><\/p>\n<div class=\"entry-container fix\">\n<div class=\"entry entry-content fix\">\n<p class=\"bch4dcbow065stdpy\">Jueves 26 de marzo de 2015 tuvo lugar en la Facultad de Ciencias de la Informaci\u00f3n (Universidad Complutense, Madrid) el tercer encuentro de \u201cVida Universitaria\u201d, un proyecto iniciado por la editorial Niram Art en colaboraci\u00f3n con  la Universidad Complutense de Madrid. La \u00faltima edici\u00f3n <a href=\"https:\/\/niramart.com\/revista-magazine\/tercera-edicion-del-programa-vida-universitaria\/\" class=\"excerpt-more\">[&#8230;]<\/a><\/p>\n<\/div>\n<div class=\"meta-pullout meta-left-pullout\">\n<ul>\n<li class=\"fix\"><span class=\"category\"><span class=\"icon\">&nbsp;<\/span> <a href=\"https:\/\/niramart.com\/revista-magazine\/category\/proyecto-vida-universitaria\/\" rel=\"category tag\">Proyecto Vida Universitaria<\/a><\/span><\/li>\n<li class=\"fix\"><span class=\"tags tax\"><span class=\"icon\">&nbsp;<\/span>Tagged with: <a href=\"https:\/\/niramart.com\/revista-magazine\/tag\/carmen-cozma\/\" rel=\"tag\">Carmen Cozma<\/a>, <a href=\"https:\/\/niramart.com\/revista-magazine\/tag\/fabianni-belemuski\/\" rel=\"tag\">fabianni belemuski<\/a>, <a href=\"https:\/\/niramart.com\/revista-magazine\/tag\/ion-pohoata\/\" rel=\"tag\">Ion Pohoata<\/a>, <a href=\"https:\/\/niramart.com\/revista-magazine\/tag\/jose-noguera-santaella\/\" rel=\"tag\">Jos\u00e9 Noguera Santaella<\/a>, <a href=\"https:\/\/niramart.com\/revista-magazine\/tag\/livia-durac\/\" rel=\"tag\">Livia Durac<\/a>, <a href=\"https:\/\/niramart.com\/revista-magazine\/tag\/miguel-angel-galan-segovia\/\" rel=\"tag\">Miguel \u00c1ngel Gal\u00e1n Segovia<\/a>, <a href=\"https:\/\/niramart.com\/revista-magazine\/tag\/niram-art\/\" rel=\"tag\">niram art<\/a>, <a href=\"https:\/\/niramart.com\/revista-magazine\/tag\/petru-bejan\/\" rel=\"tag\">Petru Bejan<\/a>, <a href=\"https:\/\/niramart.com\/revista-magazine\/tag\/universidad-complutense-de-madrid\/\" rel=\"tag\">Universidad Complutense de Madrid.<\/a><\/span><\/li>\n<\/ul>\n<\/div>\n<\/div>\n<footer class=\"post-footer postdata fix\"> <\/footer>\n<\/article>\n<\/div>\n<\/div>\n","protected":false,"raw":""},"excerpt":{"rendered":"<p>Noi lansari de carte academica romaneasca la Univ. Complutense [&hellip;]<\/p>\n","protected":false},"author":0,"featured_media":0,"parent":0,"menu_order":0,"comment_status":"closed","ping_status":"closed","template":"","meta":{"footnotes":""},"class_list":["post-470","page","type-page","status-publish","hentry"],"yoast_head":"<!-- This site is optimized with the Yoast SEO plugin v27.4 - https:\/\/yoast.com\/product\/yoast-seo-wordpress\/ -->\n<title>Universidad Complutense de Madrid. \u00bb Niram Art Magazine<\/title>\n<meta name=\"robots\" content=\"index, follow, max-snippet:-1, max-image-preview:large, max-video-preview:-1\" \/>\n<link rel=\"canonical\" href=\"https:\/\/niramart.com\/revista-magazine\/tag\/universidad-complutense-de-madrid\/\" \/>\n<meta property=\"og:type\" content=\"article\" \/>\n<meta property=\"og:title\" content=\"Universidad Complutense de Madrid. \u00bb Niram Art Magazine\" \/>\n<meta property=\"og:description\" content=\"Noi lansari de carte academica romaneasca la Univ. Complutense [&hellip;]\" \/>\n<meta property=\"og:url\" content=\"https:\/\/niramart.com\/revista-magazine\/tag\/universidad-complutense-de-madrid\/\" \/>\n<meta property=\"og:site_name\" content=\"Niram Art Magazine\" \/>\n<meta name=\"twitter:card\" content=\"summary_large_image\" \/>\n<meta name=\"twitter:label1\" content=\"Est. reading time\" \/>\n\t<meta name=\"twitter:data1\" content=\"1 minute\" \/>\n<!-- \/ Yoast SEO plugin. -->","yoast_head_json":{"title":"Universidad Complutense de Madrid. \u00bb Niram Art Magazine","robots":{"index":"index","follow":"follow","max-snippet":"max-snippet:-1","max-image-preview":"max-image-preview:large","max-video-preview":"max-video-preview:-1"},"canonical":"https:\/\/niramart.com\/revista-magazine\/tag\/universidad-complutense-de-madrid\/","og_type":"article","og_title":"Universidad Complutense de Madrid. \u00bb Niram Art Magazine","og_description":"Noi lansari de carte academica romaneasca la Univ. Complutense [&hellip;]","og_url":"https:\/\/niramart.com\/revista-magazine\/tag\/universidad-complutense-de-madrid\/","og_site_name":"Niram Art Magazine","twitter_card":"summary_large_image","twitter_misc":{"Est. reading time":"1 minute"}},"_links":{"self":[{"href":"https:\/\/niramart.com\/revista-magazine\/wp-json\/wp\/v2\/pages\/470","targetHints":{"allow":["GET"]}}],"collection":[{"href":"https:\/\/niramart.com\/revista-magazine\/wp-json\/wp\/v2\/pages"}],"about":[{"href":"https:\/\/niramart.com\/revista-magazine\/wp-json\/wp\/v2\/types\/page"}],"replies":[{"embeddable":true,"href":"https:\/\/niramart.com\/revista-magazine\/wp-json\/wp\/v2\/comments?post=470"}],"version-history":[{"count":0,"href":"https:\/\/niramart.com\/revista-magazine\/wp-json\/wp\/v2\/pages\/470\/revisions"}],"wp:attachment":[{"href":"https:\/\/niramart.com\/revista-magazine\/wp-json\/wp\/v2\/media?parent=470"}],"curies":[{"name":"wp","href":"https:\/\/api.w.org\/{rel}","templated":true}]}}