{"id":469,"date":"2024-04-01T07:41:44","date_gmt":"2024-04-01T07:41:44","guid":{"rendered":"https:\/\/niramart.com\/revista-magazine\/aniversario-tudor-3\/"},"modified":"2024-04-01T07:41:44","modified_gmt":"2024-04-01T07:41:44","slug":"aniversario-tudor-3","status":"publish","type":"page","link":"https:\/\/niramart.com\/revista-magazine\/tag\/tudor-serbanescu\/","title":{"rendered":"Aniversario Tudor"},"content":{"rendered":"<div id=\"main-col\">\n<div id=\"content\" class=\"hfeed\">\n<article class=\"excerpt post-1210 post type-post status-publish format-standard hentry category-c39-articulos-espanol category-bellas-artes tag-arte tag-diego-vadillo-lopez tag-pintura tag-tudor-serbanescu category-18-id category-119-id post-seq-1 post-parity-odd meta-position-left-pullout fix\" id=\"post-1210\">\n<header class=\"post-header title-container fix\">\n<div class=\"title\">\n<h2 class=\"posttitle\"><a href=\"https:\/\/niramart.com\/revista-magazine\/aniversario-tudor\/\" class=\"entry-title\" rel=\"bookmark\" title=\"Aniversario Tudor\">Aniversario Tudor<\/a><\/h2>\n<\/div>\n<div class=\"date\"><span class=\"month\">Nov<\/span> <span class=\"day\">15<\/span><span class=\"year\">2013<\/span><\/div>\n<\/header>\n<p> <span class=\"post-format-icon\">&nbsp;<\/span><span class=\"updated\" title=\"2013-11-15T14:10:10+00:00\">&nbsp;<\/span><\/p>\n<div class=\"entry-container fix\">\n<div class=\"entry entry-content fix\">\n<p class=\"bch4dcbow065stdpy\">Diego Vadillo L\u00f3pez Parece que fue ayer (como se suele decir) cuando, coincidiendo espacio-temporalmente con el pintor Tudor Serbanescu, fuimos presentados, cosa que termin\u00f3 con el feliz resultado de una portada para un libro, \u201cG\u00f3mez de la Serna era trotskista\u201d, testimonio dicha portada de <a href=\"https:\/\/niramart.com\/revista-magazine\/aniversario-tudor\/\" class=\"excerpt-more\">[&#8230;]<\/a><\/p>\n<\/div>\n<div class=\"meta-pullout meta-left-pullout\">\n<ul>\n<li class=\"fix\"><span class=\"category\"><span class=\"icon\">&nbsp;<\/span> <a href=\"https:\/\/niramart.com\/revista-magazine\/category\/s5-articulos\/c39-articulos-espanol\/\" rel=\"category tag\">Articulos espa\u00f1ol<\/a>, <a href=\"https:\/\/niramart.com\/revista-magazine\/category\/bellas-artes\/\" rel=\"category tag\">Bellas Artes<\/a><\/span><\/li>\n<li class=\"fix\"><span class=\"tags tax\"><span class=\"icon\">&nbsp;<\/span>Tagged with: <a href=\"https:\/\/niramart.com\/revista-magazine\/tag\/arte\/\" rel=\"tag\">arte<\/a>, <a href=\"https:\/\/niramart.com\/revista-magazine\/tag\/diego-vadillo-lopez\/\" rel=\"tag\">Diego Vadillo L\u00f3pez<\/a>, <a href=\"https:\/\/niramart.com\/revista-magazine\/tag\/pintura\/\" rel=\"tag\">pintura<\/a>, <a href=\"https:\/\/niramart.com\/revista-magazine\/tag\/tudor-serbanescu\/\" rel=\"tag\">tudor serbanescu<\/a><\/span><\/li>\n<\/ul>\n<\/div>\n<\/div>\n<footer class=\"post-footer postdata fix\"><\/footer>\n<\/article>\n<article class=\"excerpt post-863 post type-post status-publish format-standard hentry category-bellas-artes category-no-1-2-2013 tag-hector-martinez-sanz tag-tudor-serbanescu category-119-id category-148-id post-seq-2 post-parity-even meta-position-left-pullout fix\" id=\"post-863\">\n<header class=\"post-header title-container fix\">\n<div class=\"title\">\n<h2 class=\"posttitle\"><a href=\"https:\/\/niramart.com\/revista-magazine\/retratistica-de-tudor\/\" class=\"entry-title\" rel=\"bookmark\" title=\"Retrat\u00edstica de Tudor\">Retrat\u00edstica de Tudor<\/a><\/h2>\n<\/div>\n<div class=\"date\"><span class=\"month\">Apr<\/span> <span class=\"day\">07<\/span><span class=\"year\">2013<\/span><\/div>\n<\/header>\n<p> <span class=\"post-format-icon\">&nbsp;<\/span><span class=\"updated\" title=\"2013-04-07T17:01:38+00:00\">&nbsp;<\/span><\/p>\n<div class=\"entry-container fix\">\n<div class=\"entry entry-content fix\">\n<p class=\"bch4dcbow065stdpy\">por H\u00e9ctor Mart\u00ednez Sanz Siempre es un placer que mis palabras sean un leal escudero de este particular Don Quijote que es Tudor. Y digo Don Quijote con conocimiento de causa: siempre lo ver\u00e1n ustedes acompa\u00f1ado de su unicornio roc\u00edn blanco, ll\u00e1mese Rocinante o <a href=\"https:\/\/niramart.com\/revista-magazine\/retratistica-de-tudor\/\" class=\"excerpt-more\">[&#8230;]<\/a><\/p>\n<\/div>\n<div class=\"meta-pullout meta-left-pullout\">\n<ul>\n<li class=\"fix\"><span class=\"category\"><span class=\"icon\">&nbsp;<\/span> <a href=\"https:\/\/niramart.com\/revista-magazine\/category\/bellas-artes\/\" rel=\"category tag\">Bellas Artes<\/a>, <a href=\"https:\/\/niramart.com\/revista-magazine\/category\/s5-articulos\/no-1-2-2013\/\" rel=\"category tag\">N\u00ba 1-2, 2013<\/a><\/span><\/li>\n<li class=\"fix\"><span class=\"tags tax\"><span class=\"icon\">&nbsp;<\/span>Tagged with: <a href=\"https:\/\/niramart.com\/revista-magazine\/tag\/hector-martinez-sanz\/\" rel=\"tag\">H\u00e9ctor Mart\u00ednez sanz<\/a>, <a href=\"https:\/\/niramart.com\/revista-magazine\/tag\/tudor-serbanescu\/\" rel=\"tag\">tudor serbanescu<\/a><\/span><\/li>\n<\/ul>\n<\/div>\n<\/div>\n<footer class=\"post-footer postdata fix\"><\/footer>\n<\/article>\n<article class=\"excerpt post-790 post type-post status-publish format-standard hentry category-c38-noticias-revista tag-arte tag-cuentos-rumanos tag-exposicion tag-tudor-serbanescu category-32-id post-seq-3 post-parity-odd meta-position-left-pullout fix\" id=\"post-790\">\n<header class=\"post-header title-container fix\">\n<div class=\"title\">\n<h2 class=\"posttitle\"><a href=\"https:\/\/niramart.com\/revista-magazine\/exposicion-tudor-1001-cuentos-rumanos-en-madrid\/\" class=\"entry-title\" rel=\"bookmark\" title=\"Exposici\u00f3n Tudor 1001 Cuentos Rumanos en Madrid\">Exposici\u00f3n Tudor 1001 Cuentos Rumanos en Madrid<\/a><\/h2>\n<\/div>\n<div class=\"date\"><span class=\"month\">Mar<\/span> <span class=\"day\">25<\/span><span class=\"year\">2013<\/span><\/div>\n<\/header>\n<p> <span class=\"post-format-icon\">&nbsp;<\/span><span class=\"updated\" title=\"2013-03-25T11:14:04+00:00\">&nbsp;<\/span><\/p>\n<div class=\"entry-container fix\">\n<div class=\"entry entry-content fix\">\n<p class=\"bch4dcbow065stdpy\">En el Centro Cultural  \u00c1gata de Madrid (Calle Doctor Mart\u00edn Ar\u00e9valo N\u00ba2, 28021) est\u00e1 patente la exposici\u00f3n de pintura de Tudor Serbanescu, organizada por el Ayuntamiento de Madrid y comisariada por el escritor Diego Vadillo L\u00f3pez. &nbsp; La inauguraci\u00f3n tuvo lugar s\u00e1bado, 23 de <a href=\"https:\/\/niramart.com\/revista-magazine\/exposicion-tudor-1001-cuentos-rumanos-en-madrid\/\" class=\"excerpt-more\">[&#8230;]<\/a><\/p>\n<\/div>\n<div class=\"meta-pullout meta-left-pullout\">\n<ul>\n<li class=\"fix\"><span class=\"category\"><span class=\"icon\">&nbsp;<\/span> <a href=\"https:\/\/niramart.com\/revista-magazine\/category\/c38-noticias-revista\/\" rel=\"category tag\">Noticias<\/a><\/span><\/li>\n<li class=\"fix\"><span class=\"tags tax\"><span class=\"icon\">&nbsp;<\/span>Tagged with: <a href=\"https:\/\/niramart.com\/revista-magazine\/tag\/arte\/\" rel=\"tag\">arte<\/a>, <a href=\"https:\/\/niramart.com\/revista-magazine\/tag\/cuentos-rumanos\/\" rel=\"tag\">Cuentos Rumanos<\/a>, <a href=\"https:\/\/niramart.com\/revista-magazine\/tag\/exposicion\/\" rel=\"tag\">Exposici\u00f3n<\/a>, <a href=\"https:\/\/niramart.com\/revista-magazine\/tag\/tudor-serbanescu\/\" rel=\"tag\">tudor serbanescu<\/a><\/span><\/li>\n<\/ul>\n<\/div>\n<\/div>\n<footer class=\"post-footer postdata fix\"><\/footer>\n<\/article>\n<\/div>\n<\/div>\n","protected":false,"raw":""},"excerpt":{"rendered":"<p>Aniversario Tudor Nov 152013 &nbsp;&nbsp; Diego Vadillo L\u00f3pez Parece [&hellip;]<\/p>\n","protected":false},"author":0,"featured_media":0,"parent":0,"menu_order":0,"comment_status":"closed","ping_status":"closed","template":"","meta":{"footnotes":""},"class_list":["post-469","page","type-page","status-publish","hentry"],"yoast_head":"<!-- This site is optimized with the Yoast SEO plugin v27.4 - https:\/\/yoast.com\/product\/yoast-seo-wordpress\/ -->\n<title>tudor serbanescu \u00bb Niram Art Magazine<\/title>\n<meta name=\"robots\" content=\"index, follow, max-snippet:-1, max-image-preview:large, max-video-preview:-1\" \/>\n<link rel=\"canonical\" href=\"https:\/\/niramart.com\/revista-magazine\/tag\/tudor-serbanescu\/\" \/>\n<meta property=\"og:type\" content=\"article\" \/>\n<meta property=\"og:title\" content=\"tudor serbanescu \u00bb Niram Art Magazine\" \/>\n<meta property=\"og:description\" content=\"Aniversario Tudor Nov 152013 &nbsp;&nbsp; Diego Vadillo L\u00f3pez Parece [&hellip;]\" \/>\n<meta property=\"og:url\" content=\"https:\/\/niramart.com\/revista-magazine\/tag\/tudor-serbanescu\/\" \/>\n<meta property=\"og:site_name\" content=\"Niram Art Magazine\" \/>\n<meta name=\"twitter:card\" content=\"summary_large_image\" \/>\n<meta name=\"twitter:label1\" content=\"Est. reading time\" \/>\n\t<meta name=\"twitter:data1\" content=\"1 minute\" \/>\n<!-- \/ Yoast SEO plugin. -->","yoast_head_json":{"title":"tudor serbanescu \u00bb Niram Art Magazine","robots":{"index":"index","follow":"follow","max-snippet":"max-snippet:-1","max-image-preview":"max-image-preview:large","max-video-preview":"max-video-preview:-1"},"canonical":"https:\/\/niramart.com\/revista-magazine\/tag\/tudor-serbanescu\/","og_type":"article","og_title":"tudor serbanescu \u00bb Niram Art Magazine","og_description":"Aniversario Tudor Nov 152013 &nbsp;&nbsp; Diego Vadillo L\u00f3pez Parece [&hellip;]","og_url":"https:\/\/niramart.com\/revista-magazine\/tag\/tudor-serbanescu\/","og_site_name":"Niram Art Magazine","twitter_card":"summary_large_image","twitter_misc":{"Est. reading time":"1 minute"}},"_links":{"self":[{"href":"https:\/\/niramart.com\/revista-magazine\/wp-json\/wp\/v2\/pages\/469","targetHints":{"allow":["GET"]}}],"collection":[{"href":"https:\/\/niramart.com\/revista-magazine\/wp-json\/wp\/v2\/pages"}],"about":[{"href":"https:\/\/niramart.com\/revista-magazine\/wp-json\/wp\/v2\/types\/page"}],"replies":[{"embeddable":true,"href":"https:\/\/niramart.com\/revista-magazine\/wp-json\/wp\/v2\/comments?post=469"}],"version-history":[{"count":0,"href":"https:\/\/niramart.com\/revista-magazine\/wp-json\/wp\/v2\/pages\/469\/revisions"}],"wp:attachment":[{"href":"https:\/\/niramart.com\/revista-magazine\/wp-json\/wp\/v2\/media?parent=469"}],"curies":[{"name":"wp","href":"https:\/\/api.w.org\/{rel}","templated":true}]}}