{"id":468,"date":"2024-04-01T07:41:44","date_gmt":"2024-04-01T07:41:44","guid":{"rendered":"https:\/\/niramart.com\/revista-magazine\/entrevista-a-diego-vadillo-lopez-autor-de-de-compras-en-tzara-2\/"},"modified":"2024-04-01T07:41:44","modified_gmt":"2024-04-01T07:41:44","slug":"entrevista-a-diego-vadillo-lopez-autor-de-de-compras-en-tzara-2","status":"publish","type":"page","link":"https:\/\/niramart.com\/revista-magazine\/tag\/tristan-tzara\/","title":{"rendered":"Entrevista a Diego Vadillo L\u00f3pez, autor de \u201cDe compras en Tzara\u201d"},"content":{"rendered":"<div id=\"main-col\">\n<div id=\"content\" class=\"hfeed\">\n<article class=\"excerpt post-225 post type-post status-publish format-standard has-post-thumbnail hentry category-c39-articulos-espanol category-entrevistas category-c56-no-1-2-2012 tag-tristan-tzara category-18-id category-121-id category-28-id post-seq-1 post-parity-odd meta-position-left-pullout fix\" id=\"post-225\">\n<header class=\"post-header title-container fix\">\n<div class=\"title\">\n<h2 class=\"posttitle\"><a href=\"https:\/\/niramart.com\/revista-magazine\/entrevista-a-diego-vadillo-lopez-autor-de-de-compras-en-tzara\/\" class=\"entry-title\" rel=\"bookmark\" title=\"Entrevista a Diego Vadillo L\u00f3pez, autor de \u201cDe compras en Tzara\u201d\">Entrevista a Diego Vadillo L\u00f3pez, autor de \u201cDe compras en Tzara\u201d<\/a><\/h2>\n<\/div>\n<div class=\"date\"><span class=\"month\">Jan<\/span> <span class=\"day\">06<\/span><span class=\"year\">2012<\/span><\/div>\n<\/header>\n<p> <span class=\"post-format-icon\">&nbsp;<\/span><span class=\"updated\" title=\"2012-01-06T20:18:17+00:00\">&nbsp;<\/span><\/p>\n<div class=\"entry-container fix\">\n<div class=\"entry entry-content fix\">\n<p class=\"bch4dcbow065stdpy\"><strong><img loading=\"lazy\" decoding=\"async\" src=\"https:\/\/niramart.com\/revista-magazine\/files\/wp-content\/uploads\/2012\/01\/diego-vadillo.jpg\" border=\"0\" alt=\"Diego Vadillo L\u00f3pez\" width=\"225\" height=\"186\" style=\"float: left; border: 2px solid black; margin: 2px;\"\/>Realizada por Abril L. Echevarr\u00eda<\/strong><\/p>\n<p class=\"bch4dcbow065stdpy\"><strong>Diego Vadillo L\u00f3pez<\/strong> es un tipo sonriente y locuaz; presenta un dejo de timidez m\u00e1s manifiesto en las distancias cortas, no obstante, a medida que va avanzando la conversaci\u00f3n se va soltando. Al transcribir sus respuestas, parecen \u00e9stas sacadas de un texto ya impreso, lo que denota una cabeza bien estructurada. Nos reunimos en un bar del centro de Madrid, en una tarde invernal, entre semana, por lo que hay poco trasiego, de este modo estamos m\u00e1s tranquilos en el rinc\u00f3n en que nos hemos ubicado. Pedimos dos caf\u00e9s, el suyo caliente con leche, el m\u00edo solo y con hielo en vaso aparte. Servidos, nos disponemos a comenzar la entrevista. Conecto la grabadora y pregunto:<br class=\"bch4dcbow065stdpy\"\/><em><br class=\"bch4dcbow065stdpy\"\/>Abril L. Echevarr\u00eda- \u00bfContento con el Premio Niram Art 2011 al Manuscrito?<\/em><\/p>\n<p class=\"bch4dcbow065stdpy\">\n<\/div>\n<div class=\"meta-pullout meta-left-pullout\">\n<ul>\n<li class=\"fix\"><span class=\"category\"><span class=\"icon\">&nbsp;<\/span> <a href=\"https:\/\/niramart.com\/revista-magazine\/category\/s5-articulos\/c39-articulos-espanol\/\" rel=\"category tag\">Articulos espa\u00f1ol<\/a>, <a href=\"https:\/\/niramart.com\/revista-magazine\/category\/entrevistas\/\" rel=\"category tag\">Entrevistas<\/a>, <a href=\"https:\/\/niramart.com\/revista-magazine\/category\/s5-articulos\/c56-no-1-2-2012\/\" rel=\"category tag\">N\u00ba 1 &#8211; 2, 2012<\/a><\/span><\/li>\n<li class=\"fix\"><span class=\"tags tax\"><span class=\"icon\">&nbsp;<\/span>Tagged with: <a href=\"https:\/\/niramart.com\/revista-magazine\/tag\/tristan-tzara\/\" rel=\"tag\">tristan tzara<\/a><\/span><\/li>\n<\/ul>\n<\/div>\n<\/div>\n<footer class=\"post-footer postdata fix\"><\/footer>\n<\/article>\n<article class=\"excerpt post-223 post type-post status-publish format-standard hentry category-literatura category-c56-no-1-2-2012 tag-tristan-tzara category-120-id category-28-id post-seq-2 post-parity-even meta-position-left-pullout fix\" id=\"post-223\">\n<header class=\"post-header title-container fix\">\n<div class=\"title\">\n<h2 class=\"posttitle\"><a href=\"https:\/\/niramart.com\/revista-magazine\" class=\"entry-title\" rel=\"bookmark\" title=\"El esp\u00edritu de Trist\u00e1n Tzara aterriza en la \u00faltima novela de Diego Vadillo L\u00f3pez\">El esp\u00edritu de Trist\u00e1n Tzara aterriza en la \u00faltima novela de Diego Vadillo L\u00f3pez<\/a><\/h2>\n<\/div>\n<div class=\"date\"><span class=\"month\">Jan<\/span> <span class=\"day\">04<\/span><span class=\"year\">2012<\/span><\/div>\n<\/header>\n<p> <span class=\"post-format-icon\">&nbsp;<\/span><span class=\"updated\" title=\"2012-01-04T00:00:00+00:00\">&nbsp;<\/span><\/p>\n<div class=\"entry-container fix\">\n<div class=\"entry entry-content fix\">\n<p class=\"bch4dcbow065stdpy\"><a href=\"#\"><\/a><\/p>\n<p class=\"bch4dcbow065stdpy\"><strong>\u00abDe compras en Tzara\u00bb se hace con el \u00abTrofeo al Manuscrito\u00bb en la III Edici\u00f3n de los <a href=\"http:\/\/niramartawards.espacioniram.com\/\">Premios Niram Art<\/a><\/strong><\/p>\n<p class=\"bch4dcbow065stdpy\"><strong>Por Abril L. Echevarria <\/strong><\/p>\n<p class=\"bch4dcbow065stdpy\">Amenaza <strong>Diego Vadillo L\u00f3pez <\/strong>con una nueva novela que, a tenor del t\u00edtulo, todo parece indicar que transitar\u00e1 por los mismos derroteros que sus anteriores incursiones novel\u00edsticas.<\/p>\n<p class=\"bch4dcbow065stdpy\">El singular escritor ha dado cabida en esta ocasi\u00f3n en su nueva obra de pr\u00f3xima publicaci\u00f3n nada menos que a Trist\u00e1n Tzara, de ah\u00ed el juego ling\u00fc\u00edstico, marca del autor, que supone el t\u00edtulo, a medio camino entre el apellido del universal dada\u00edsta y de la famosa y multinacional cadena de almacenes obrados por Amancio Ortega (ZARA).<\/p>\n<\/div>\n<div class=\"meta-pullout meta-left-pullout\">\n<ul>\n<li class=\"fix\"><span class=\"category\"><span class=\"icon\">&nbsp;<\/span> <a href=\"https:\/\/niramart.com\/revista-magazine\/category\/literatura\/\" rel=\"category tag\">Literatura<\/a>, <a href=\"https:\/\/niramart.com\/revista-magazine\/category\/s5-articulos\/c56-no-1-2-2012\/\" rel=\"category tag\">N\u00ba 1 &#8211; 2, 2012<\/a><\/span><\/li>\n<li class=\"fix\"><span class=\"tags tax\"><span class=\"icon\">&nbsp;<\/span>Tagged with: <a href=\"https:\/\/niramart.com\/revista-magazine\/tag\/tristan-tzara\/\" rel=\"tag\">tristan tzara<\/a><\/span><\/li>\n<\/ul>\n<\/div>\n<\/div>\n<footer class=\"post-footer postdata fix\"><\/footer>\n<\/article>\n<\/div>\n<\/div>\n","protected":false,"raw":""},"excerpt":{"rendered":"<p>Entrevista a Diego Vadillo L\u00f3pez, autor de \u201cDe compras [&hellip;]<\/p>\n","protected":false},"author":0,"featured_media":0,"parent":0,"menu_order":0,"comment_status":"closed","ping_status":"closed","template":"","meta":{"footnotes":""},"class_list":["post-468","page","type-page","status-publish","hentry"],"yoast_head":"<!-- This site is optimized with the Yoast SEO plugin v27.4 - https:\/\/yoast.com\/product\/yoast-seo-wordpress\/ -->\n<title>tristan tzara \u00bb Niram Art Magazine<\/title>\n<meta name=\"robots\" content=\"index, follow, max-snippet:-1, max-image-preview:large, max-video-preview:-1\" \/>\n<link rel=\"canonical\" href=\"https:\/\/niramart.com\/revista-magazine\/tag\/tristan-tzara\/\" \/>\n<meta property=\"og:type\" content=\"article\" \/>\n<meta property=\"og:title\" content=\"tristan tzara \u00bb Niram Art Magazine\" \/>\n<meta property=\"og:description\" content=\"Entrevista a Diego Vadillo L\u00f3pez, autor de \u201cDe compras [&hellip;]\" \/>\n<meta property=\"og:url\" content=\"https:\/\/niramart.com\/revista-magazine\/tag\/tristan-tzara\/\" \/>\n<meta property=\"og:site_name\" content=\"Niram Art Magazine\" \/>\n<meta name=\"twitter:card\" content=\"summary_large_image\" \/>\n<meta name=\"twitter:label1\" content=\"Est. reading time\" \/>\n\t<meta name=\"twitter:data1\" content=\"2 minutes\" \/>\n<!-- \/ Yoast SEO plugin. -->","yoast_head_json":{"title":"tristan tzara \u00bb Niram Art Magazine","robots":{"index":"index","follow":"follow","max-snippet":"max-snippet:-1","max-image-preview":"max-image-preview:large","max-video-preview":"max-video-preview:-1"},"canonical":"https:\/\/niramart.com\/revista-magazine\/tag\/tristan-tzara\/","og_type":"article","og_title":"tristan tzara \u00bb Niram Art Magazine","og_description":"Entrevista a Diego Vadillo L\u00f3pez, autor de \u201cDe compras [&hellip;]","og_url":"https:\/\/niramart.com\/revista-magazine\/tag\/tristan-tzara\/","og_site_name":"Niram Art Magazine","twitter_card":"summary_large_image","twitter_misc":{"Est. reading time":"2 minutes"}},"_links":{"self":[{"href":"https:\/\/niramart.com\/revista-magazine\/wp-json\/wp\/v2\/pages\/468","targetHints":{"allow":["GET"]}}],"collection":[{"href":"https:\/\/niramart.com\/revista-magazine\/wp-json\/wp\/v2\/pages"}],"about":[{"href":"https:\/\/niramart.com\/revista-magazine\/wp-json\/wp\/v2\/types\/page"}],"replies":[{"embeddable":true,"href":"https:\/\/niramart.com\/revista-magazine\/wp-json\/wp\/v2\/comments?post=468"}],"version-history":[{"count":0,"href":"https:\/\/niramart.com\/revista-magazine\/wp-json\/wp\/v2\/pages\/468\/revisions"}],"wp:attachment":[{"href":"https:\/\/niramart.com\/revista-magazine\/wp-json\/wp\/v2\/media?parent=468"}],"curies":[{"name":"wp","href":"https:\/\/api.w.org\/{rel}","templated":true}]}}