{"id":459,"date":"2024-04-01T07:41:43","date_gmt":"2024-04-01T07:41:43","guid":{"rendered":"https:\/\/niramart.com\/revista-magazine\/tarbut-arte-presenta-frank-auerbach-vida-y-obra-3\/"},"modified":"2024-04-01T07:41:43","modified_gmt":"2024-04-01T07:41:43","slug":"tarbut-arte-presenta-frank-auerbach-vida-y-obra-3","status":"publish","type":"page","link":"https:\/\/niramart.com\/revista-magazine\/tag\/tarbut-arte\/","title":{"rendered":"Tarbut Arte presenta: Frank Auerbach, vida y obra"},"content":{"rendered":"<div id=\"main-col\">\n<div id=\"content\" class=\"hfeed\">\n<article class=\"excerpt post-1218 post type-post status-publish format-standard hentry category-c39-articulos-espanol category-bellas-artes tag-frank-auerbach tag-santiago-raigorodsky tag-tarbut-arte tag-tarbut-sefarad category-18-id category-119-id post-seq-1 post-parity-odd meta-position-left-pullout fix\" id=\"post-1218\">\n<header class=\"post-header title-container fix\">\n<div class=\"title\">\n<h2 class=\"posttitle\"><a href=\"https:\/\/niramart.com\/revista-magazine\/tarbut-arte-presenta-frank-auerbach-vida-y-obra\/\" class=\"entry-title\" rel=\"bookmark\" title=\"Tarbut Arte presenta: Frank Auerbach, vida y obra\">Tarbut Arte presenta: Frank Auerbach, vida y obra<\/a><\/h2>\n<\/div>\n<div class=\"date\"><span class=\"month\">Nov<\/span> <span class=\"day\">28<\/span><span class=\"year\">2013<\/span><\/div>\n<\/header>\n<p> <span class=\"post-format-icon\">&nbsp;<\/span><span class=\"updated\" title=\"2013-11-28T15:36:31+00:00\">&nbsp;<\/span><\/p>\n<div class=\"entry-container fix\">\n<div class=\"entry entry-content fix\">\n<p class=\"bch4dcbow065stdpy\">Por Santiago Raigorodsky en Tarbut Arte  Frank Helmut Auerbach naci\u00f3 en Berl\u00edn el 29 de abril de 1931, en el seno de una familia jud\u00eda. Fue hijo de Max Auerbach, un rico abogado y de Nora Charlotte Burchardt. De sus primeros a\u00f1os de vida <a href=\"https:\/\/niramart.com\/revista-magazine\/tarbut-arte-presenta-frank-auerbach-vida-y-obra\/\" class=\"excerpt-more\">[&#8230;]<\/a><\/p>\n<\/div>\n<div class=\"meta-pullout meta-left-pullout\">\n<ul>\n<li class=\"fix\"><span class=\"category\"><span class=\"icon\">&nbsp;<\/span> <a href=\"https:\/\/niramart.com\/revista-magazine\/category\/s5-articulos\/c39-articulos-espanol\/\" rel=\"category tag\">Articulos espa\u00f1ol<\/a>, <a href=\"https:\/\/niramart.com\/revista-magazine\/category\/bellas-artes\/\" rel=\"category tag\">Bellas Artes<\/a><\/span><\/li>\n<li class=\"fix\"><span class=\"tags tax\"><span class=\"icon\">&nbsp;<\/span>Tagged with: <a href=\"https:\/\/niramart.com\/revista-magazine\/tag\/frank-auerbach\/\" rel=\"tag\">Frank Auerbach<\/a>, <a href=\"https:\/\/niramart.com\/revista-magazine\/tag\/santiago-raigorodsky\/\" rel=\"tag\">Santiago Raigorodsky<\/a>, <a href=\"https:\/\/niramart.com\/revista-magazine\/tag\/tarbut-arte\/\" rel=\"tag\">tarbut arte<\/a>, <a href=\"https:\/\/niramart.com\/revista-magazine\/tag\/tarbut-sefarad\/\" rel=\"tag\">tarbut sefarad<\/a><\/span><\/li>\n<\/ul>\n<\/div>\n<\/div>\n<footer class=\"post-footer postdata fix\"><\/footer>\n<\/article>\n<\/div>\n<\/div>\n","protected":false,"raw":""},"excerpt":{"rendered":"<p>Tarbut Arte presenta: Frank Auerbach, vida y obra Nov [&hellip;]<\/p>\n","protected":false},"author":0,"featured_media":0,"parent":0,"menu_order":0,"comment_status":"closed","ping_status":"closed","template":"","meta":{"footnotes":""},"class_list":["post-459","page","type-page","status-publish","hentry"],"yoast_head":"<!-- This site is optimized with the Yoast SEO plugin v27.4 - https:\/\/yoast.com\/product\/yoast-seo-wordpress\/ -->\n<title>tarbut arte \u00bb Niram Art Magazine<\/title>\n<meta name=\"robots\" content=\"index, follow, max-snippet:-1, max-image-preview:large, max-video-preview:-1\" \/>\n<link rel=\"canonical\" href=\"https:\/\/niramart.com\/revista-magazine\/tag\/tarbut-arte\/\" \/>\n<meta property=\"og:type\" content=\"article\" \/>\n<meta property=\"og:title\" content=\"tarbut arte \u00bb Niram Art Magazine\" \/>\n<meta property=\"og:description\" content=\"Tarbut Arte presenta: Frank Auerbach, vida y obra Nov [&hellip;]\" \/>\n<meta property=\"og:url\" content=\"https:\/\/niramart.com\/revista-magazine\/tag\/tarbut-arte\/\" \/>\n<meta property=\"og:site_name\" content=\"Niram Art Magazine\" \/>\n<meta name=\"twitter:card\" content=\"summary_large_image\" \/>\n<!-- \/ Yoast SEO plugin. -->","yoast_head_json":{"title":"tarbut arte \u00bb Niram Art Magazine","robots":{"index":"index","follow":"follow","max-snippet":"max-snippet:-1","max-image-preview":"max-image-preview:large","max-video-preview":"max-video-preview:-1"},"canonical":"https:\/\/niramart.com\/revista-magazine\/tag\/tarbut-arte\/","og_type":"article","og_title":"tarbut arte \u00bb Niram Art Magazine","og_description":"Tarbut Arte presenta: Frank Auerbach, vida y obra Nov [&hellip;]","og_url":"https:\/\/niramart.com\/revista-magazine\/tag\/tarbut-arte\/","og_site_name":"Niram Art Magazine","twitter_card":"summary_large_image"},"_links":{"self":[{"href":"https:\/\/niramart.com\/revista-magazine\/wp-json\/wp\/v2\/pages\/459","targetHints":{"allow":["GET"]}}],"collection":[{"href":"https:\/\/niramart.com\/revista-magazine\/wp-json\/wp\/v2\/pages"}],"about":[{"href":"https:\/\/niramart.com\/revista-magazine\/wp-json\/wp\/v2\/types\/page"}],"replies":[{"embeddable":true,"href":"https:\/\/niramart.com\/revista-magazine\/wp-json\/wp\/v2\/comments?post=459"}],"version-history":[{"count":0,"href":"https:\/\/niramart.com\/revista-magazine\/wp-json\/wp\/v2\/pages\/459\/revisions"}],"wp:attachment":[{"href":"https:\/\/niramart.com\/revista-magazine\/wp-json\/wp\/v2\/media?parent=459"}],"curies":[{"name":"wp","href":"https:\/\/api.w.org\/{rel}","templated":true}]}}