{"id":45,"date":"2024-04-01T07:40:30","date_gmt":"2024-04-01T07:40:30","guid":{"rendered":"https:\/\/niramart.com\/revista-magazine\/aproximacion-a-la-obra-artistica-de-yolanda-dominguez\/"},"modified":"2024-04-01T07:40:30","modified_gmt":"2024-04-01T07:40:30","slug":"aproximacion-a-la-obra-artistica-de-yolanda-dominguez","status":"publish","type":"page","link":"https:\/\/niramart.com\/revista-magazine\/aproximacion-a-la-obra-artistica-de-yolanda-dominguez\/","title":{"rendered":"Aproximaci\u00f3n a la obra art\u00edstica de Yolanda Dom\u00ednguez"},"content":{"rendered":"<div id=\"main-col\">\n<div id=\"content\">\n<article class=\"post-1284 post type-post status-publish format-standard hentry category-c39-articulos-espanol category-bellas-artes tag-diego-vadillo-lopez tag-yolanda-dominguez category-18-id category-119-id full-content meta-position-left-pullout fix\" id=\"post-1284\">\n<header class=\"post-header title-container fix\">\n<div class=\"title\">\n<h1 class=\"posttitle\"><a href=\"https:\/\/niramart.com\/revista-magazine\/aproximacion-a-la-obra-artistica-de-yolanda-dominguez\/\" class=\"entry-title\" rel=\"bookmark\" title=\"Aproximaci\u00f3n a la obra art\u00edstica de Yolanda Dom\u00ednguez\">Aproximaci\u00f3n a la obra art\u00edstica de Yolanda Dom\u00ednguez<\/a><\/h1>\n<\/div>\n<div class=\"date\"><span class=\"month\">Oct<\/span> <span class=\"day\">04<\/span><span class=\"year\">2014<\/span><\/div>\n<\/header>\n<p> <span class=\"post-format-icon\">&nbsp;<\/span><span class=\"updated\" title=\"2014-10-04T15:46:25+00:00\">&nbsp;<\/span><\/p>\n<div class=\"entry-container fix\">\n<div class=\"entry fix\">\n<p class=\"bch4dcbow065stdpy\"><strong>Ribeteando el vac\u00edo<\/strong><\/p>\n<p class=\"bch4dcbow065stdpy\"><strong>Diego Vadillo L\u00f3pez<\/strong><\/p>\n<p class=\"bch4dcbow065stdpy\">&nbsp;<\/p>\n<div style=\"width: 335px\" class=\"wp-caption alignleft\"><a href=\"#\"><\/a><\/p>\n<p class=\"wp-caption-text\">Yolanda Dom\u00ednguez<\/p>\n<\/div>\n<p class=\"bch4dcbow065stdpy\">Acced\u00ed a la obra de <strong>Yolanda Dom\u00ednguez<\/strong> por casualidad. Me fascin\u00f3.<\/p>\n<p class=\"bch4dcbow065stdpy\">Me parec\u00eda que esta artista moldeaba los aspectos m\u00e1s deleznables de la cotidianeidad de una manera fastuosamente sencilla; que hac\u00eda macram\u00e9 con el vac\u00edo, que esculp\u00eda la ignominia en cada uno de sus trabajos de video-arte\u2026<\/p>\n<p class=\"bch4dcbow065stdpy\">En propuestas como \u201cPoses\u201d, \u201cRebajadas\u201d o \u201cPido para un Chanel\u201d no me parec\u00eda atisbar un prop\u00f3sito denunciador, ni denostador, sino enunciador. Enunciaba \u2014a m\u00ed me lo parec\u00eda\u2014 muchas de las conductas en las que incurrimos, muchas veces sin darnos cuenta, por estar insertos en las actuales sociedades de mercado de las que Erich Fromm ya anticipaba que estandarizan personas igual que productos haciendo adentrarse a la masa en una rutinaria conformidad y generando desasosiego en quien queda excluido de tales o cuales gregarismos.<\/p>\n<p class=\"bch4dcbow065stdpy\">Yolanda Dom\u00ednguez no hace otra cosa que mostrarnos que la realidad, tal como la hacemos, es muchas veces sonrojante.<\/p>\n<p class=\"bch4dcbow065stdpy\">Por ejemplo, en \u201cRebajadas\u201d contrataba a dos actrices que teatralizaban una pelea en la entrada de unos grandes almacenes por hacerse con un mejor posicionamiento. La an\u00e9cdota sali\u00f3 incluso en los telediarios. En \u201cPido para un Chanel\u201d, una se\u00f1ora elegantemente ataviada desahogaba su frustraci\u00f3n por no poseer el montante necesario para hacerse con un producto de dicha firma frente al escaparate de tan exclusiva marca \u2014en plena calle Ortega y Gasset, en Madrid\u2014. Y hasta tal punto llegaba su desaz\u00f3n que, ni corta ni perezosa, esgrim\u00eda un cart\u00f3n donde se pod\u00eda leer eso mismo: \u201cPido para un Chanel\u201d, sent\u00e1ndose en la acera ante la estupefacci\u00f3n de no pocos de los viandantes que por all\u00ed transitaban.<\/p>\n<p class=\"bch4dcbow065stdpy\">Muchas de las conductas que aparecen en sus \u201cobras\u201d reflejan comportamientos no muy distantes a los que se dan en la realidad, una realidad tantas veces irreflexivamente fetichista.<\/p>\n<p class=\"bch4dcbow065stdpy\">Por muy agresivos que puedan parecernos algunos de los videos de esta artista, no son otra cosa que el espejo en el que colectivamente podemos toparnos contra aquellas conductas que proyectamos. Verbigracia, en \u201cAzafatas, round 1\u201d multitud de viandantes cogen encantados unas supuestas papeletas publicitarias que ofrecen un par de chicas muy vistosas corporalmente hablando, ce\u00f1idamente vestidas y con sendas minifaldas cort\u00edsimas, pero la sorpresa de aquellos que de buen grado cog\u00edan las papeletas era may\u00fascula cuando comprobaban que no hab\u00eda nada en ellas, solo un mero recuadro sin nada m\u00e1s que un palmario vac\u00edo de contenido.<\/p>\n<p class=\"bch4dcbow065stdpy\">\n<p class=\"bch4dcbow065stdpy\">Tambi\u00e9n saca mucho partido Yolanda Dom\u00ednguez a la descontextualizaci\u00f3n, esto es, a la implantaci\u00f3n de una serie de realidades en \u00e1mbitos muy otros que los esperables: claro ejemplo es \u201cAcci\u00f3n para m\u00e9dicos del mundo\u201d, en el que varias personas, vestidas con el camis\u00f3n propio de los enfermos convalecientes en hospitales \u2014abiertos por detr\u00e1s, dejando ver salva sea la parte\u2014 y arrastrando el goteo del suero, ped\u00edan limosna por las calles; tambi\u00e9n era un muy eficaz trabajo, cuando de atraer la atenci\u00f3n se trataba, \u201cPoses\u201d, en el que mujeres de diferentes edades, alejadas del patr\u00f3n habitual de la modelo de pasarela, o de cat\u00e1logo de modas, adoptaban las afectadas posturas de estas \u00faltimas en los contextos m\u00e1s triviales, pero, a la vez, m\u00e1s peregrinos cuando se adoptan semejantes ademanes \u2014mercados, c\u00e9lebres hamburgueser\u00edas yanquis, parques p\u00fablicos\u2026\u2014. Quedaba as\u00ed constatado el absurdo al que a diario asistimos, pese a pasarnos las m\u00e1s de las veces desapercibido. Por ello nuestra artista adopta el papel de Di\u00f3genes de S\u00ednope burl\u00e1ndose de la manada en lo que es una llamada de atenci\u00f3n con el componente pl\u00e1stico-intelectual en rededor. Pero el aviso se hace de la manera m\u00e1s sutil \u2014sin los aspavientos del sabio c\u00ednico\u2014, como dec\u00edamos, enunciando una serie de conductas las cuales son objeto de atenci\u00f3n y generadoras de asombro por el uso de la t\u00e1ctica de la deslocalizaci\u00f3n \u2014de su inesperada materializaci\u00f3n en los terrenos de lo inusual\u2014, o por su grotesquizaci\u00f3n por la v\u00eda de una suerte de realismo m\u00e1gico trasladado a pie de acera. La mayor parte de las experiencias quedan desle\u00eddas por entre el flujo social, que tantas veces produce similares lances sin mediar premeditaci\u00f3n alguna.<\/p>\n<p class=\"bch4dcbow065stdpy\">  Se acerca esta artista con sus \u201cproyectos\u201d a asuntos candentes del d\u00eda a d\u00eda, pues los mensajes de fondo son muy claros, superando la oposici\u00f3n arte-vida, como propugnaban los dada\u00edstas, y para ello entra m\u00e1s en la l\u00f3gica que ya vaticinaba Jos\u00e9 Luis Brea para la contemporaneidad: la de un arte que no se expondr\u00e1, sino que se difundir\u00e1, no en vano los soportes, cada vez m\u00e1s, abocan a la constante reproductibilidad.<\/p>\n<p class=\"bch4dcbow065stdpy\">   Muy interesante se me antoj\u00f3 la acci\u00f3n de reunir a un mont\u00f3n de mujeres para acudir al Registro Mercantil a registrar su propio cuerpo, quedando denunciada as\u00ed la objetualizaci\u00f3n a que queda reducida la mujer en nuestras sociedades (cf. \u201cRegistro\u201d).<\/p>\n<p class=\"bch4dcbow065stdpy\">Todas estas sistem\u00e1ticas poseen un cierto rasgo situacionista al emplear t\u00e9cnicas y m\u00e9todos propios del \u00e1mbito publicitario con el objeto de conseguir los efectos justamente contrarios \u2014al huir de la expresi\u00f3n gratuita, de la primac\u00eda del efectismo, pues en los trabajos de nuestra artista van unidos el fondo, la expresividad y el innegable componente l\u00fadico-humor\u00edstico\u2014. Y es que solo haci\u00e9ndose discriminado uso de los medios de difusi\u00f3n \u2014como es el caso\u2014 se evita caer en la din\u00e1mica, tan actual, de generar la indiferencia del respetable, harto de ser obsequiado con una reiterada entronizaci\u00f3n de lo banal. Por ello nuestra artista se ejercita, como lo hicieran los situacionistas, en la generaci\u00f3n de situaciones, enfrent\u00e1ndose a un sistema, el de la sociedad de consumo \u2014cada vez m\u00e1s bronco y sibilino a un tiempo\u2014, que tiende a situar a las personas de maneras estultamente estandarizadas.<\/p>\n<p class=\"bch4dcbow065stdpy\">Yolanda Dom\u00ednguez atenta en sus trabajos contra la banalidad y la alienante falta de sustancia en el occidente contempor\u00e1neo y aleda\u00f1os. Lejos de padecer <em>horror vacui<\/em>, se vale precisamente del vac\u00edo que nos adorna en la actual posmodernidad y desarrolla una intelectual papiroflexia con el mismo, la cual nos es ofrecida en formato video-art.<\/p>\n<p class=\"bch4dcbow065stdpy\">&nbsp;<\/p>\n<p class=\"bch4dcbow065stdpy\">&nbsp;<\/p>\n<p class=\"bch4dcbow065stdpy\">&nbsp;<\/p>\n<p class=\"bch4dcbow065stdpy\">&nbsp;<\/p>\n<\/div>\n<div class=\"meta-pullout meta-left-pullout\">\n<ul>\n<li class=\"fix\"><span class=\"category\"><span class=\"icon\">&nbsp;<\/span> <a href=\"https:\/\/niramart.com\/revista-magazine\/category\/s5-articulos\/c39-articulos-espanol\/\" rel=\"category tag\">Articulos espa\u00f1ol<\/a>, <a href=\"https:\/\/niramart.com\/revista-magazine\/category\/bellas-artes\/\" rel=\"category tag\">Bellas Artes<\/a><\/span><\/li>\n<li class=\"fix\"><span class=\"tags tax\"><span class=\"icon\">&nbsp;<\/span>Tagged with: <a href=\"https:\/\/niramart.com\/revista-magazine\/tag\/diego-vadillo-lopez\/\" rel=\"tag\">Diego Vadillo L\u00f3pez<\/a>, <a href=\"https:\/\/niramart.com\/revista-magazine\/tag\/yolanda-dominguez\/\" rel=\"tag\">yolanda dominguez<\/a><\/span><\/li>\n<\/ul>\n<\/div>\n<\/div>\n<footer class=\"post-footer postdata fix\"> <\/footer>\n<section id=\"comments\"> <\/section>\n<\/article>\n<nav class=\"post-nav fix\">\n<table>\n<tr>\n<td class=\"previous\"><a href=\"https:\/\/niramart.com\/revista-magazine\/gamas-de-lilium-gore-un-panorama-mas-que-inestable-inquietante\/\" rel=\"prev\"><span class=\"icon\">&nbsp;<\/span> \u201cGamas\u201d, de Lilium-Gore, un panorama, m\u00e1s que inestable, inquietante<\/a><\/td>\n<td class=\"next\"><a href=\"https:\/\/niramart.com\/revista-magazine\/reencuentro-con-los-grandes-en-alcala-31\/\" rel=\"next\"><span class=\"icon\">&nbsp;<\/span> Reencuentro con los grandes en Alcal\u00e1 31<\/a><\/td>\n<\/tr>\n<\/table>\n<\/nav>\n<\/div>\n<\/div>\n","protected":false,"raw":""},"excerpt":{"rendered":"<p>Aproximaci\u00f3n a la obra art\u00edstica de Yolanda Dom\u00ednguez Oct [&hellip;]<\/p>\n","protected":false},"author":0,"featured_media":0,"parent":0,"menu_order":0,"comment_status":"closed","ping_status":"closed","template":"","meta":{"footnotes":""},"class_list":["post-45","page","type-page","status-publish","hentry"],"yoast_head":"<!-- This site is optimized with the Yoast SEO plugin v27.4 - https:\/\/yoast.com\/product\/yoast-seo-wordpress\/ -->\n<title>Aproximaci\u00f3n a la obra art\u00edstica de Yolanda Dom\u00ednguez \u00bb Niram Art Magazine<\/title>\n<meta name=\"robots\" content=\"index, follow, max-snippet:-1, max-image-preview:large, max-video-preview:-1\" \/>\n<link rel=\"canonical\" href=\"https:\/\/niramart.com\/revista-magazine\/aproximacion-a-la-obra-artistica-de-yolanda-dominguez\/\" \/>\n<meta property=\"og:type\" content=\"article\" \/>\n<meta property=\"og:title\" content=\"Aproximaci\u00f3n a la obra art\u00edstica de Yolanda Dom\u00ednguez \u00bb Niram Art Magazine\" \/>\n<meta property=\"og:description\" content=\"Aproximaci\u00f3n a la obra art\u00edstica de Yolanda Dom\u00ednguez Oct [&hellip;]\" \/>\n<meta property=\"og:url\" content=\"https:\/\/niramart.com\/revista-magazine\/aproximacion-a-la-obra-artistica-de-yolanda-dominguez\/\" \/>\n<meta property=\"og:site_name\" content=\"Niram Art Magazine\" \/>\n<meta name=\"twitter:card\" content=\"summary_large_image\" \/>\n<meta name=\"twitter:label1\" content=\"Est. reading time\" \/>\n\t<meta name=\"twitter:data1\" content=\"6 minutes\" \/>\n<!-- \/ Yoast SEO plugin. -->","yoast_head_json":{"title":"Aproximaci\u00f3n a la obra art\u00edstica de Yolanda Dom\u00ednguez \u00bb Niram Art Magazine","robots":{"index":"index","follow":"follow","max-snippet":"max-snippet:-1","max-image-preview":"max-image-preview:large","max-video-preview":"max-video-preview:-1"},"canonical":"https:\/\/niramart.com\/revista-magazine\/aproximacion-a-la-obra-artistica-de-yolanda-dominguez\/","og_type":"article","og_title":"Aproximaci\u00f3n a la obra art\u00edstica de Yolanda Dom\u00ednguez \u00bb Niram Art Magazine","og_description":"Aproximaci\u00f3n a la obra art\u00edstica de Yolanda Dom\u00ednguez Oct [&hellip;]","og_url":"https:\/\/niramart.com\/revista-magazine\/aproximacion-a-la-obra-artistica-de-yolanda-dominguez\/","og_site_name":"Niram Art Magazine","twitter_card":"summary_large_image","twitter_misc":{"Est. reading time":"6 minutes"}},"_links":{"self":[{"href":"https:\/\/niramart.com\/revista-magazine\/wp-json\/wp\/v2\/pages\/45","targetHints":{"allow":["GET"]}}],"collection":[{"href":"https:\/\/niramart.com\/revista-magazine\/wp-json\/wp\/v2\/pages"}],"about":[{"href":"https:\/\/niramart.com\/revista-magazine\/wp-json\/wp\/v2\/types\/page"}],"replies":[{"embeddable":true,"href":"https:\/\/niramart.com\/revista-magazine\/wp-json\/wp\/v2\/comments?post=45"}],"version-history":[{"count":0,"href":"https:\/\/niramart.com\/revista-magazine\/wp-json\/wp\/v2\/pages\/45\/revisions"}],"wp:attachment":[{"href":"https:\/\/niramart.com\/revista-magazine\/wp-json\/wp\/v2\/media?parent=45"}],"curies":[{"name":"wp","href":"https:\/\/api.w.org\/{rel}","templated":true}]}}