{"id":44,"date":"2024-04-01T07:40:30","date_gmt":"2024-04-01T07:40:30","guid":{"rendered":"https:\/\/niramart.com\/revista-magazine\/anthel-blau-volando-los-cielos-interiores\/"},"modified":"2024-04-01T07:40:30","modified_gmt":"2024-04-01T07:40:30","slug":"anthel-blau-volando-los-cielos-interiores","status":"publish","type":"page","link":"https:\/\/niramart.com\/revista-magazine\/anthel-blau-volando-los-cielos-interiores\/","title":{"rendered":"Anthel Blau, Volando los cielos interiores"},"content":{"rendered":"<div id=\"main-col\">\n<div id=\"content\">\n<article class=\"post-882 post type-post status-publish format-standard hentry category-c39-articulos-espanol category-literatura category-no-1-2-2013 tag-anthel-blau tag-oscar-lopez-ibarra category-18-id category-120-id category-148-id full-content meta-position-left-pullout fix\" id=\"post-882\">\n<header class=\"post-header title-container fix\">\n<div class=\"title\">\n<h1 class=\"posttitle\"><a href=\"https:\/\/niramart.com\/revista-magazine\/anthel-blau-volando-los-cielos-interiores\/\" class=\"entry-title\" rel=\"bookmark\" title=\"Anthel Blau, Volando los cielos interiores\">Anthel Blau, Volando los cielos interiores<\/a><\/h1>\n<\/div>\n<div class=\"date\"><span class=\"month\">Apr<\/span> <span class=\"day\">08<\/span><span class=\"year\">2013<\/span><\/div>\n<\/header>\n<p> <span class=\"post-format-icon\">&nbsp;<\/span><span class=\"updated\" title=\"2013-04-08T18:16:15+00:00\">&nbsp;<\/span><\/p>\n<div class=\"entry-container fix\">\n<div class=\"entry fix\">\n<p style=\"text-align: left;\" align=\"right\"><b>por \u00d3scar L\u00f3pez Ibarra<\/b><\/p>\n<p class=\"bch4dcbow065stdpy\">Un viaje nos implica siempre un equipaje, grande, peque\u00f1o, solo con lo puesto, var\u00eda seg\u00fan el itinerario o con la aventura.      El viaje transcurre. Cuando regresamos, esa maleta vuelve distinta, siempre hay algo m\u00e1s, o algo menos, pero siempre distinta.<\/p>\n<p class=\"bch4dcbow065stdpy\">Ah\u00ed, en un espacio recubierto por una bolsa de papel se encuentran algunos <i>souvenirs<\/i>, apretujados, juntos el recuerdo dirigido a Beatriz, a Sim\u00f3n, a Yanis: un amasijo de recuerdos.<\/p>\n<p class=\"bch4dcbow065stdpy\">En otro espacio se encuentran las fotograf\u00edas, ese arrebato de la mirada que tiende a poseer lo visto. Se encuentran ah\u00ed magn\u00edficas antig\u00fcedades, personas desconocidas u objetos que a nuestra vista, parecen no conectar con nada de lo que hayamos vivido antes; la fotograf\u00eda, nuestro impulso de ver las cosas, es como ese espacio donde volcamos nuestra propia incomprensi\u00f3n. No lo s\u00e9 de cierto.<\/p>\n<p class=\"bch4dcbow065stdpy\">&nbsp;<\/p>\n<p class=\"bch4dcbow065stdpy\">Queda a\u00fan otro espacio, un hueco m\u00e1s o menos indefinido, una ausencia ocupada por algo, quiz\u00e1 ese lugar sea un remolinillo de viento, un murmullo o una nota. Hemos vaciado nuestras cosas y justo cuando ser\u00eda posible ese murmullo es cuando cerramos la maleta.<\/p>\n<div style=\"width: 328px\" class=\"wp-caption alignleft\"><img loading=\"lazy\" decoding=\"async\" alt=\"Anthel Blau\" src=\"https:\/\/niramart.com\/revista-magazine\/files\/2013\/04\/anthel-blau-cartel1-w-318.jpg\" width=\"318\" height=\"450\"\/><\/p>\n<p class=\"wp-caption-text\">Anthel Blau<\/p>\n<\/div>\n<p class=\"bch4dcbow065stdpy\">Vuelves a encontrarte con los tuyos y te preguntan m\u00e1s o menos lo mismo:<\/p>\n<p class=\"bch4dcbow065stdpy\"><i>\u00bfQu\u00e9 viste? <\/i><\/p>\n<p class=\"bch4dcbow065stdpy\"><i>\u00bfQu\u00e9 te gust\u00f3? <\/i><\/p>\n<p class=\"bch4dcbow065stdpy\"><i>\u00bfC\u00f3mo es all\u00e1?<\/i><\/p>\n<p class=\"bch4dcbow065stdpy\"><i>\u00bfConociste nuevas personas?<\/i><\/p>\n<p class=\"bch4dcbow065stdpy\"><i>Y la comida \u00bfQu\u00e9 tal?<\/i><\/p>\n<p class=\"bch4dcbow065stdpy\">&nbsp;<\/p>\n<p class=\"bch4dcbow065stdpy\">Sin embargo, no siempre, o casi nunca, existe el<i>\u00bfqu\u00e9 escuchaste?<\/i>,<i>\u00bfC\u00f3mo es el sonido de ese lugar?<\/i>Mas fuerte a\u00fan<i>\u00bfcu\u00e1l era tu sonido en ese lugar?<\/i>  Algo como esto no hace m\u00e1s que cimbrar el suelo en que habitamos, para pasar a una pregunta propia, una pregunta radical <i>\u00bfqu\u00e9 sonido ten\u00eda yo?<\/i> Y recuerdo nuevamente la maleta, la abro, ah\u00ed yace algo, algo no dicho, no expresado. Ah\u00ed falta a\u00fan algo, falta poner el o\u00eddo atento y escuchar aquello que a\u00fan est\u00e1 por ponerle un nombre, ponerle notas, verterlas en esa clave musical que s\u00f3lo yo puedo darles un lugar en el espacio y tiempo: componer su musicalidad.<\/p>\n<p class=\"bch4dcbow065stdpy\">&nbsp;<\/p>\n<p class=\"bch4dcbow065stdpy\">Cierto, tarea confusa y ardua, porque \u2013dir\u00e1 Anthel- no hay \u201ccartas marcadas ni ideas preconcebidas\u201d. El sonido es en ese momento algo estridente, quiz\u00e1 amorfo, quiz\u00e1 inexistente, pero sabemos que lo hay. Basta con escuchar las dulces palabras del amigo para saber que escuchamos y nos hacemos escuchar, en armon\u00eda, entonces el sonido existe, pero \u00bfc\u00f3mo vibrar y reconocer nuestro propio sonido, nuestra propia musicalidad? La orquesta interior hay que escucharla, pero como toda orquesta, cuando est\u00e1 a punto de comenzar, se escucha la afinaci\u00f3n, el primer viol\u00edn, la cuerda floja o muy tensa. Sonidos incipientes, pero sonidos que nos dan una proximidad y direcci\u00f3n por d\u00f3nde comenzar: una escala musical.<\/p>\n<p class=\"bch4dcbow065stdpy\">&nbsp;<\/p>\n<p class=\"bch4dcbow065stdpy\">Suena, escucha; suena, escucha \u00bfqu\u00e9 se escucha? \u00bfDe d\u00f3nde proviene y como seguirlo? \u00bfC\u00f3mo seguirlo? Este mismo que est\u00e1 aqu\u00ed, pero \u00bfqui\u00e9n es ese que escucha? \u00bfQui\u00e9n? La pregunta surge y vibra los o\u00eddos propios \u00bfqui\u00e9n? \u00bfEste \u201cquien\u201d como escucha? Acto dif\u00edcil del \u201cquien\u201d por seguir sus propias notas \u00bfc\u00f3mo acompasarse con la m\u00fasica si este quien escucha est\u00e1 siendo s\u00f3lo un murmullo, una vibraci\u00f3n? \u00bfC\u00f3mo ser musical? La respuesta de Anthel es su invitaci\u00f3na escuchar, llevarnos por las notas musicales: ir afinando nuestra cuerda, como inicio de orquesta, para lograr esa armon\u00eda: del quien, con su propia m\u00fasica.<\/p>\n<p class=\"bch4dcbow065stdpy\">&nbsp;<\/p>\n<p class=\"bch4dcbow065stdpy\">El vuelo al que nos invita Anthel es una aventura por el interior propio, de ese quien que quiere escucharse y dar forma a su m\u00fasica. Seguir la primera nota, una nota difusa llena de recuerdos, de personas, im\u00e1genes, amigos. Y es que ese volar no se hace en solitario, se lleva al amigo por este recorrido, un compa\u00f1ero, uno mismo. Escuchar, observar desde el ojo de p\u00e1jaro, en su perspectiva, estar alerta. Volver a la ra\u00edz, abriendo paso a la sorpresa, ese sobresalto que rompe con la norma, con lo ya dicho. Meternos en la risa, tanta rigidez hace olvidar que se puede re\u00edr de cualquier cosa, que podemos vibrar como el agua, como la nota Do. Esa sorpresa es el origen de todo y de cada uno, nos dice Pan de Leche, amigo de vuelo de Anthel y Jos. La sorpresa es una de esas formas que sacude el polvo de nuestros o\u00eddos, de nuestra vista, del sentirse uno mismo. La vibraci\u00f3n, musical, no cabe duda que estremece, como estremece el asombrarse ante lo nuevo; por ello se invita, dice el conductor de Anthel \u201cHuid de las actitudes corrientes, comunes, lo que defino como el \u201cestado de las fotocopias\u201d.\u201d Este vuelo interior conlleva sorpresa, pero tambi\u00e9n reconocimiento, porque se trata de alguien nuevo, pero alguien que siempre estuvo ah\u00ed: quiz\u00e1 fragmentado.<\/p>\n<p class=\"bch4dcbow065stdpy\">&nbsp;<\/p>\n<p class=\"bch4dcbow065stdpy\">Esta lectura nos invita a ser exploradores, pero recordando que la ruta se va trazando, poco a poco en consonancia y con armon\u00eda. Nos recuerda que el viaje, el vuelo interior, es un recorrido donde no se toma apunte de par\u00e1metros o reglas, sino viviendo ese presente en el cual cada uno circula como un tic tac, como un latido, como esta composici\u00f3n de nuestra orquesta en la que estamos bailando: siempre presentes, siempre en actividad, como lo expresan los hermanos budistas, siempre en vibraci\u00f3n, como expresan los dioses y guardianes de la pir\u00e1mide del sol: otros de los compa\u00f1eros de viaje de Anthel.<\/p>\n<p class=\"bch4dcbow065stdpy\">&nbsp;<\/p>\n<p class=\"bch4dcbow065stdpy\">Este volar nos invita a un lenguaje, pensamiento y actitud en armon\u00eda consigo, con todos los otros, con el cosmos, el cual, al igual que nosotros, vibra: somos una sinfon\u00eda. Pero captar su vibraci\u00f3n, es decir, sus notas musicales y transmitirlas no es nada f\u00e1cil, porque de lo que se trata es de vivirlas, he ah\u00ed el reto y la ruta que nos plantea Anthel Blau. El narrador de la historia, al escuchar las notas ve la tarea fuerte incluso de transmitir lo que escucha, aunque vea en ello una dificultad, ya que no se trata de un objeto de estudio cualquiera, sino algo que es fundamental estudiar y sobre todo re-aprender: el s\u00ed mismo interior en su musicalidad. Nos expresa el narrador:  \u201cS\u00e9 que me quedo corto en la expresi\u00f3n de c\u00f3mo lo sentimos cuando o\u00edmos la nota, pero al hacerlo desde aqu\u00ed dejo fragmentos perdidos. Y es una l\u00e1stima, porque deseo imprimir cada detalle, lograr la finura m\u00e1s exultante, la tonalidad perfecta. Pero esta es la realidad y debo asumirla.\u201d<\/p>\n<p class=\"bch4dcbow065stdpy\">&nbsp;<\/p>\n<p class=\"bch4dcbow065stdpy\"><i>Volando los cielos interiores<\/i> precisa un recorrido presente: siempre volando; nos invita a la escucha, al acompa\u00f1amiento y al dejarse acompa\u00f1ar, por ello aprender es una clave importante que se vive y se escucha. Por ello, el vuelo trata de escucharlo todo: una composici\u00f3n que va por las aguas del budismo, por los elementos vitales, la ra\u00edz del propio ser en su estado arm\u00f3nico. En esta sinton\u00eda, <i>Volando los cielos interiores<\/i> nos recuerda tambi\u00e9n el viaje de la humanidad, el viaje que tenemos que hacer y que nos lleva a nuestra propia ra\u00edz, como comunidad.<\/p>\n<p class=\"bch4dcbow065stdpy\">&nbsp;<\/p>\n<p class=\"bch4dcbow065stdpy\">Recomiendo a todos ustedes el viaje al que nos invita Anthel Blau, interesante punto de viaje, y no de vista, acerca de la <i>melod\u00eda de la vida<\/i>, como \u00e9l mismo lo expresa. Adem\u00e1s, se encuentra escrito de una manera pr\u00e1cticamente sonora, se deja llevar por s\u00ed mismo, una nota te lleva a la otra y cada una tiene m\u00faltiples tesituras\u2026 hasta el \u00faltimo comp\u00e1s.<\/p>\n<\/div>\n<div class=\"meta-pullout meta-left-pullout\">\n<ul>\n<li class=\"fix\"><span class=\"category\"><span class=\"icon\">&nbsp;<\/span> <a href=\"https:\/\/niramart.com\/revista-magazine\/category\/s5-articulos\/c39-articulos-espanol\/\" rel=\"category tag\">Articulos espa\u00f1ol<\/a>, <a href=\"https:\/\/niramart.com\/revista-magazine\/category\/literatura\/\" rel=\"category tag\">Literatura<\/a>, <a href=\"https:\/\/niramart.com\/revista-magazine\/category\/s5-articulos\/no-1-2-2013\/\" rel=\"category tag\">N\u00ba 1-2, 2013<\/a><\/span><\/li>\n<li class=\"fix\"><span class=\"tags tax\"><span class=\"icon\">&nbsp;<\/span>Tagged with: <a href=\"https:\/\/niramart.com\/revista-magazine\/tag\/anthel-blau\/\" rel=\"tag\">Anthel Blau<\/a>, <a href=\"https:\/\/niramart.com\/revista-magazine\/tag\/oscar-lopez-ibarra\/\" rel=\"tag\">\u00d3scar L\u00f3pez Ibarra<\/a><\/span><\/li>\n<\/ul>\n<\/div>\n<\/div>\n<footer class=\"post-footer postdata fix\"><\/footer>\n<section id=\"comments\"><\/section>\n<\/article>\n<nav class=\"post-nav fix\">\n<table>\n<tr>\n<td class=\"previous\"><a href=\"https:\/\/niramart.com\/revista-magazine\" rel=\"prev\"><span class=\"icon\">&nbsp;<\/span> Encuentro con el escritor Antonio Mateos Mu\u00f1oz<\/a><\/td>\n<td class=\"next\"><a href=\"https:\/\/niramart.com\/revista-magazine\/miedho-artista-categorico\/\" rel=\"next\"><span class=\"icon\">&nbsp;<\/span> MIEDHO &#8211; artista categ\u00f3rico<\/a><\/td>\n<\/tr>\n<\/table>\n<\/nav>\n<\/div>\n<\/div>\n","protected":false,"raw":""},"excerpt":{"rendered":"<p>Anthel Blau, Volando los cielos interiores Apr 082013 &nbsp;&nbsp; [&hellip;]<\/p>\n","protected":false},"author":0,"featured_media":0,"parent":0,"menu_order":0,"comment_status":"closed","ping_status":"closed","template":"","meta":{"footnotes":""},"class_list":["post-44","page","type-page","status-publish","hentry"],"yoast_head":"<!-- This site is optimized with the Yoast SEO plugin v27.4 - https:\/\/yoast.com\/product\/yoast-seo-wordpress\/ -->\n<title>Anthel Blau, Volando los cielos interiores \u00bb Niram Art Magazine<\/title>\n<meta name=\"robots\" content=\"index, follow, max-snippet:-1, max-image-preview:large, max-video-preview:-1\" \/>\n<link rel=\"canonical\" href=\"https:\/\/niramart.com\/revista-magazine\/anthel-blau-volando-los-cielos-interiores\/\" \/>\n<meta property=\"og:type\" content=\"article\" \/>\n<meta property=\"og:title\" content=\"Anthel Blau, Volando los cielos interiores \u00bb Niram Art Magazine\" \/>\n<meta property=\"og:description\" content=\"Anthel Blau, Volando los cielos interiores Apr 082013 &nbsp;&nbsp; [&hellip;]\" \/>\n<meta property=\"og:url\" content=\"https:\/\/niramart.com\/revista-magazine\/anthel-blau-volando-los-cielos-interiores\/\" \/>\n<meta property=\"og:site_name\" content=\"Niram Art Magazine\" \/>\n<meta name=\"twitter:card\" content=\"summary_large_image\" \/>\n<meta name=\"twitter:label1\" content=\"Est. reading time\" \/>\n\t<meta name=\"twitter:data1\" content=\"7 minutes\" \/>\n<!-- \/ Yoast SEO plugin. -->","yoast_head_json":{"title":"Anthel Blau, Volando los cielos interiores \u00bb Niram Art Magazine","robots":{"index":"index","follow":"follow","max-snippet":"max-snippet:-1","max-image-preview":"max-image-preview:large","max-video-preview":"max-video-preview:-1"},"canonical":"https:\/\/niramart.com\/revista-magazine\/anthel-blau-volando-los-cielos-interiores\/","og_type":"article","og_title":"Anthel Blau, Volando los cielos interiores \u00bb Niram Art Magazine","og_description":"Anthel Blau, Volando los cielos interiores Apr 082013 &nbsp;&nbsp; [&hellip;]","og_url":"https:\/\/niramart.com\/revista-magazine\/anthel-blau-volando-los-cielos-interiores\/","og_site_name":"Niram Art Magazine","twitter_card":"summary_large_image","twitter_misc":{"Est. reading time":"7 minutes"}},"_links":{"self":[{"href":"https:\/\/niramart.com\/revista-magazine\/wp-json\/wp\/v2\/pages\/44","targetHints":{"allow":["GET"]}}],"collection":[{"href":"https:\/\/niramart.com\/revista-magazine\/wp-json\/wp\/v2\/pages"}],"about":[{"href":"https:\/\/niramart.com\/revista-magazine\/wp-json\/wp\/v2\/types\/page"}],"replies":[{"embeddable":true,"href":"https:\/\/niramart.com\/revista-magazine\/wp-json\/wp\/v2\/comments?post=44"}],"version-history":[{"count":0,"href":"https:\/\/niramart.com\/revista-magazine\/wp-json\/wp\/v2\/pages\/44\/revisions"}],"wp:attachment":[{"href":"https:\/\/niramart.com\/revista-magazine\/wp-json\/wp\/v2\/media?parent=44"}],"curies":[{"name":"wp","href":"https:\/\/api.w.org\/{rel}","templated":true}]}}