{"id":434,"date":"2024-04-01T07:41:38","date_gmt":"2024-04-01T07:41:38","guid":{"rendered":"https:\/\/niramart.com\/revista-magazine\/aproximatii-reflexive-la-un-mare-roman-de-marian-victor-buciu-18\/"},"modified":"2024-04-01T07:41:38","modified_gmt":"2024-04-01T07:41:38","slug":"aproximatii-reflexive-la-un-mare-roman-de-marian-victor-buciu-18","status":"publish","type":"page","link":"https:\/\/niramart.com\/revista-magazine\/tag\/roman\/","title":{"rendered":"Aproxima\u0163ii reflexive la un mare roman de Marian Victor Buciu"},"content":{"rendered":"<div id=\"main-col\">\n<div id=\"content\" class=\"hfeed\">\n<article class=\"post-1446 post type-post status-publish format-standard hentry category-c42-articulos-romana tag-existenta tag-fiinta tag-iata tag-idee tag-ideea-abstracta tag-iluzie tag-istoria tag-jocul-si-fuga tag-maria-ionescu tag-mioara tag-nicolae-breban tag-nietzsche-eu-spun-un-da-hotarat-existentei-paul-afla-o-reala-realitate tag-paul-cazimir tag-peter-cristoph tag-politica tag-raoul-ionescu tag-realitate tag-roman tag-stalinism tag-stamatopol tag-teatralizarea tag-viata excerpt category-16-id post-seq-1 post-parity-odd meta-position-left-pullout fix\" id=\"post-1446\">\n<header class=\"post-header title-container fix\">\n<div class=\"title\">\n<h2 class=\"posttitle\"><a href=\"https:\/\/niramart.com\/revista-magazine\/aproximatii-reflexive-la-un-mare-roman-de-marian-victor-buciu\/\" class=\"entry-title\" rel=\"bookmark\" title=\"Aproxima\u0163ii reflexive la un mare roman de Marian Victor Buciu\">Aproxima\u0163ii reflexive la un mare roman de Marian Victor Buciu<\/a><\/h2>\n<\/div>\n<div class=\"date\"><span class=\"month\">Aug<\/span> <span class=\"day\">15<\/span><span class=\"year\">2016<\/span><\/div>\n<\/header>\n<p> <span class=\"post-format-icon\">&nbsp;<\/span><span class=\"updated\" title=\"2016-08-15T19:38:42+00:00\">&nbsp;<\/span><\/p>\n<div class=\"entry-container fix\">\n<div class=\"entry entry-content fix\">\n<p class=\"bch4dcbow065stdpy\">Un mare roman, \u00een orice sens, necesar a fi dezb\u0103tut critic, a publicat Nicolae Breban \u00een 2015, Jocul \u015fi fuga (719 p.). Vechi, brebanian!, \u015fi totu\u015fi nou sau re\u00eennoit, matur articulat.<\/p>\n<\/div>\n<div class=\"meta-pullout meta-left-pullout\">\n<ul>\n<li class=\"fix\"><span class=\"category\"><span class=\"icon\">&nbsp;<\/span> <a href=\"https:\/\/niramart.com\/revista-magazine\/category\/s5-articulos\/c42-articulos-romana\/\" rel=\"category tag\">Articole in limba romana<\/a><\/span><\/li>\n<li class=\"fix\"><span class=\"tags tax\"><span class=\"icon\">&nbsp;<\/span>Tagged with: <a href=\"https:\/\/niramart.com\/revista-magazine\/tag\/existenta\/\" rel=\"tag\">existen\u0163a<\/a>, <a href=\"https:\/\/niramart.com\/revista-magazine\/tag\/fiinta\/\" rel=\"tag\">fiin\u0163a<\/a>, <a href=\"https:\/\/niramart.com\/revista-magazine\/tag\/iata\/\" rel=\"tag\">ia\u0163a<\/a>, <a href=\"https:\/\/niramart.com\/revista-magazine\/tag\/idee\/\" rel=\"tag\">idee<\/a>, <a href=\"https:\/\/niramart.com\/revista-magazine\/tag\/ideea-abstracta\/\" rel=\"tag\">Ideea abstract\u0103<\/a>, <a href=\"https:\/\/niramart.com\/revista-magazine\/tag\/iluzie\/\" rel=\"tag\">iluzie<\/a>, <a href=\"https:\/\/niramart.com\/revista-magazine\/tag\/istoria\/\" rel=\"tag\">istoria<\/a>, <a href=\"https:\/\/niramart.com\/revista-magazine\/tag\/jocul-si-fuga\/\" rel=\"tag\">Jocul \u015fi fuga<\/a>, <a href=\"https:\/\/niramart.com\/revista-magazine\/tag\/maria-ionescu\/\" rel=\"tag\">Maria Ionescu<\/a>, <a href=\"https:\/\/niramart.com\/revista-magazine\/tag\/mioara\/\" rel=\"tag\">mioara<\/a>, <a href=\"https:\/\/niramart.com\/revista-magazine\/tag\/nicolae-breban\/\" rel=\"tag\">Nicolae Breban<\/a>, <a href=\"https:\/\/niramart.com\/revista-magazine\/tag\/nietzsche-eu-spun-un-da-hotarat-existentei-paul-afla-o-reala-realitate\/\" rel=\"tag\">Nietzsche: \u201eeu spun un da hot\u0103r\u00e2t existen\u0163ei\u201d. Paul afl\u0103 \u201eo real\u0103 realitate<\/a>, <a href=\"https:\/\/niramart.com\/revista-magazine\/tag\/paul-cazimir\/\" rel=\"tag\">Paul-Cazimir<\/a>, <a href=\"https:\/\/niramart.com\/revista-magazine\/tag\/peter-cristoph\/\" rel=\"tag\">Peter-Cristoph<\/a>, <a href=\"https:\/\/niramart.com\/revista-magazine\/tag\/politica\/\" rel=\"tag\">politica<\/a>, <a href=\"https:\/\/niramart.com\/revista-magazine\/tag\/raoul-ionescu\/\" rel=\"tag\">Raoul Ionescu<\/a>, <a href=\"https:\/\/niramart.com\/revista-magazine\/tag\/realitate\/\" rel=\"tag\">Realitate<\/a>, <a href=\"https:\/\/niramart.com\/revista-magazine\/tag\/roman\/\" rel=\"tag\">roman<\/a>, <a href=\"https:\/\/niramart.com\/revista-magazine\/tag\/stalinism\/\" rel=\"tag\">stalinism<\/a>, <a href=\"https:\/\/niramart.com\/revista-magazine\/tag\/stamatopol\/\" rel=\"tag\">Stamatopol<\/a>, <a href=\"https:\/\/niramart.com\/revista-magazine\/tag\/teatralizarea\/\" rel=\"tag\">Teatralizarea<\/a>, <a href=\"https:\/\/niramart.com\/revista-magazine\/tag\/viata\/\" rel=\"tag\">viata<\/a><\/span><\/li>\n<\/ul>\n<\/div>\n<\/div>\n<footer class=\"post-footer postdata fix\"> <\/footer>\n<\/article>\n<article class=\"post-202 post type-post status-publish format-standard hentry category-c42-articulos-romana category-c55-no-5-6-2011 tag-aparitie-editoriala tag-autori-romani tag-carte-romaneasca tag-editura tag-eseu tag-lansare tag-literatura-romana-contemporana tag-madrid tag-niram-art tag-roman tag-scriitori-romani tag-spania tag-stefan-mitroi tag-traducere-literatura-romana excerpt category-16-id category-27-id post-seq-2 post-parity-even meta-position-left-pullout fix\" id=\"post-202\">\n<header class=\"post-header title-container fix\">\n<div class=\"title\">\n<h2 class=\"posttitle\"><a href=\"https:\/\/niramart.com\/revista-magazine\/lansare-de-carte-romaneasca-la-editura-niram-art-madrid\/\" class=\"entry-title\" rel=\"bookmark\" title=\"Lansare de carte romaneasca la Editura Niram Art, Madrid\">Lansare de carte romaneasca la Editura Niram Art, Madrid<\/a><\/h2>\n<\/div>\n<div class=\"date\"><span class=\"month\">Jun<\/span> <span class=\"day\">06<\/span><span class=\"year\">2011<\/span><\/div>\n<\/header>\n<p> <span class=\"post-format-icon\">&nbsp;<\/span><span class=\"updated\" title=\"2011-06-06T20:22:45+00:00\">&nbsp;<\/span><\/p>\n<div class=\"entry-container fix\">\n<div class=\"entry entry-content fix\">\n<div class=\"entry\">\n<p class=\"bch4dcbow065stdpy\"><img loading=\"lazy\" decoding=\"async\" src=\"https:\/\/niramart.com\/revista-magazine\/files\/2011\/06\/cartel_lanzamientos.jpg\" border=\"0\" alt=\"Lansare de Carte Romaneasca la Madrid\" width=\"152\" height=\"208\" style=\"float: left;\"\/>Vineri, 10 iunie 2011, va avea loc la Madrid, lansarea celor mai recente 4 titluri publicate de <a href=\"http:\/\/niramarteditorial.espacioniram.com\/\" target=\"_blank\" title=\"Editura Niram Art\" rel=\"noopener\"><strong>Editura Niram Art<\/strong><\/a>: 2 volume de eseuri semnate de scriitori spanioli, un volum eseistic semnat de scriitorul roman stabilit in Spania, <strong>Fabianni Belemuski<\/strong> si romanul <strong>\u201cGaura \u2013 Apa Vie, Apa Moarta\u201d<\/strong> al  scriitorului <strong>Stefan Mitroi<\/strong>, in traducere in limba spaniola. Coperta ii apartine fotografului roman <strong>Bogdan Ater<\/strong> si traducerea lui <strong>Fabianni Belemuski<\/strong>.<\/p>\n<p class=\"bch4dcbow065stdpy\">Lansarea editoriala va avea loc la <strong>Facultatea de Filosofie a Universitatii Complutense<\/strong> din capitala Spaniei, in prezenta a numerosi studenti, cadre universitare, scriitori si jurnalisti.<\/p>\n<p class=\"bch4dcbow065stdpy\"><a href=\"http:\/\/niramarteditorial.espacioniram.com\/libros\/stefan-mitroi\/\" target=\"_blank\" rel=\"noopener\"><strong>\u201cGaura\u201d<\/strong><\/a> este cel de al doilea titlu din literatura romana contemporana care apare, in traducere in limba spaniola, la editura <a href=\"http:\/\/niramarteditorial.espacioniram.com\/\" target=\"_blank\" rel=\"noopener\"><strong>Niram Art<\/strong><\/a>, dupa volumul \u201cSecuristii au fost extraterestri\u201d al lui <a href=\"http:\/\/niramarteditorial.espacioniram.com\/colecciones-propuestas\/constantin-t-ciubotaru\/\" target=\"_blank\" rel=\"noopener\"><strong>Constantin T. Ciubotaru<\/strong><\/a> (2010).<\/p>\n<p class=\"bch4dcbow065stdpy\"><span id=\"more-1099\">&nbsp; <\/span><\/p>\n<p class=\"bch4dcbow065stdpy\"><strong>Stefan Mitroi<\/strong>, recent distins cu <strong>Premiul Academiei Romane<\/strong> pentru romanul \u201cDulce ca pelinul\u201d si cu <strong>Premiul Clubului de Romancieri<\/strong> al <strong>Asociatiei Scriitorilor din Bucuresti<\/strong>,   s-a nascut in satul Grosu, jud. Teleorman, in anul1956. Si-a inceput  cariera literara ca jurnalist si nuvelist (4 volume). Posterior, a  publicat poezie (7 volume), carti pentru copii (4 volume), 6 romane si  teatru (2 volume). Ultimul sau roman a fost publicat in 2010. Doua  dintre romanele sale au aparut in limbile franceza si portugheza.<\/p>\n<\/div>\n<div class=\"meta-pullout meta-left-pullout\">\n<ul>\n<li class=\"fix\"><span class=\"category\"><span class=\"icon\">&nbsp;<\/span> <a href=\"https:\/\/niramart.com\/revista-magazine\/category\/s5-articulos\/c42-articulos-romana\/\" rel=\"category tag\">Articole in limba romana<\/a>, <a href=\"https:\/\/niramart.com\/revista-magazine\/category\/s5-articulos\/c55-no-5-6-2011\/\" rel=\"category tag\">N\u00ba 5- 6, 2011<\/a><\/span><\/li>\n<li class=\"fix\"><span class=\"tags tax\"><span class=\"icon\">&nbsp;<\/span>Tagged with: <a href=\"https:\/\/niramart.com\/revista-magazine\/tag\/aparitie-editoriala\/\" rel=\"tag\">aparitie editoriala<\/a>, <a href=\"https:\/\/niramart.com\/revista-magazine\/tag\/autori-romani\/\" rel=\"tag\">autori romani<\/a>, <a href=\"https:\/\/niramart.com\/revista-magazine\/tag\/carte-romaneasca\/\" rel=\"tag\">carte romaneasca<\/a>, <a href=\"https:\/\/niramart.com\/revista-magazine\/tag\/editura\/\" rel=\"tag\">editura<\/a>, <a href=\"https:\/\/niramart.com\/revista-magazine\/tag\/eseu\/\" rel=\"tag\">Eseu<\/a>, <a href=\"https:\/\/niramart.com\/revista-magazine\/tag\/lansare\/\" rel=\"tag\">lansare<\/a>, <a href=\"https:\/\/niramart.com\/revista-magazine\/tag\/literatura-romana-contemporana\/\" rel=\"tag\">literatura romana contemporana<\/a>, <a href=\"https:\/\/niramart.com\/revista-magazine\/tag\/madrid\/\" rel=\"tag\">madrid<\/a>, <a href=\"https:\/\/niramart.com\/revista-magazine\/tag\/niram-art\/\" rel=\"tag\">niram art<\/a>, <a href=\"https:\/\/niramart.com\/revista-magazine\/tag\/roman\/\" rel=\"tag\">roman<\/a>, <a href=\"https:\/\/niramart.com\/revista-magazine\/tag\/scriitori-romani\/\" rel=\"tag\">scriitori romani<\/a>, <a href=\"https:\/\/niramart.com\/revista-magazine\/tag\/spania\/\" rel=\"tag\">spania<\/a>, <a href=\"https:\/\/niramart.com\/revista-magazine\/tag\/stefan-mitroi\/\" rel=\"tag\">stefan mitroi<\/a>, <a href=\"https:\/\/niramart.com\/revista-magazine\/tag\/traducere-literatura-romana\/\" rel=\"tag\">traducere literatura romana<\/a><\/span><\/li>\n<\/ul>\n<\/div>\n<\/div>\n<footer class=\"post-footer postdata fix\"> <\/footer>\n<\/article>\n<\/div>\n<\/div>\n","protected":false,"raw":""},"excerpt":{"rendered":"<p>Aproxima\u0163ii reflexive la un mare roman de Marian Victor [&hellip;]<\/p>\n","protected":false},"author":0,"featured_media":0,"parent":0,"menu_order":0,"comment_status":"closed","ping_status":"closed","template":"","meta":{"footnotes":""},"class_list":["post-434","page","type-page","status-publish","hentry"],"yoast_head":"<!-- This site is optimized with the Yoast SEO plugin v27.4 - https:\/\/yoast.com\/product\/yoast-seo-wordpress\/ -->\n<title>roman \u00bb Niram Art Magazine<\/title>\n<meta name=\"robots\" content=\"index, follow, max-snippet:-1, max-image-preview:large, max-video-preview:-1\" \/>\n<link rel=\"canonical\" href=\"https:\/\/niramart.com\/revista-magazine\/tag\/roman\/\" \/>\n<meta property=\"og:type\" content=\"article\" \/>\n<meta property=\"og:title\" content=\"roman \u00bb Niram Art Magazine\" \/>\n<meta property=\"og:description\" content=\"Aproxima\u0163ii reflexive la un mare roman de Marian Victor [&hellip;]\" \/>\n<meta property=\"og:url\" content=\"https:\/\/niramart.com\/revista-magazine\/tag\/roman\/\" \/>\n<meta property=\"og:site_name\" content=\"Niram Art Magazine\" \/>\n<meta name=\"twitter:card\" content=\"summary_large_image\" \/>\n<meta name=\"twitter:label1\" content=\"Est. reading time\" \/>\n\t<meta name=\"twitter:data1\" content=\"2 minutes\" \/>\n<!-- \/ Yoast SEO plugin. -->","yoast_head_json":{"title":"roman \u00bb Niram Art Magazine","robots":{"index":"index","follow":"follow","max-snippet":"max-snippet:-1","max-image-preview":"max-image-preview:large","max-video-preview":"max-video-preview:-1"},"canonical":"https:\/\/niramart.com\/revista-magazine\/tag\/roman\/","og_type":"article","og_title":"roman \u00bb Niram Art Magazine","og_description":"Aproxima\u0163ii reflexive la un mare roman de Marian Victor [&hellip;]","og_url":"https:\/\/niramart.com\/revista-magazine\/tag\/roman\/","og_site_name":"Niram Art Magazine","twitter_card":"summary_large_image","twitter_misc":{"Est. reading time":"2 minutes"}},"_links":{"self":[{"href":"https:\/\/niramart.com\/revista-magazine\/wp-json\/wp\/v2\/pages\/434","targetHints":{"allow":["GET"]}}],"collection":[{"href":"https:\/\/niramart.com\/revista-magazine\/wp-json\/wp\/v2\/pages"}],"about":[{"href":"https:\/\/niramart.com\/revista-magazine\/wp-json\/wp\/v2\/types\/page"}],"replies":[{"embeddable":true,"href":"https:\/\/niramart.com\/revista-magazine\/wp-json\/wp\/v2\/comments?post=434"}],"version-history":[{"count":0,"href":"https:\/\/niramart.com\/revista-magazine\/wp-json\/wp\/v2\/pages\/434\/revisions"}],"wp:attachment":[{"href":"https:\/\/niramart.com\/revista-magazine\/wp-json\/wp\/v2\/media?parent=434"}],"curies":[{"name":"wp","href":"https:\/\/api.w.org\/{rel}","templated":true}]}}