{"id":429,"date":"2024-04-01T07:41:37","date_gmt":"2024-04-01T07:41:37","guid":{"rendered":"https:\/\/niramart.com\/revista-magazine\/calma-enredada-en-el-equipaje-consideraciones-con-respecto-a-redes-de-calma-de-jose-serna-andres-3\/"},"modified":"2024-04-01T07:41:37","modified_gmt":"2024-04-01T07:41:37","slug":"calma-enredada-en-el-equipaje-consideraciones-con-respecto-a-redes-de-calma-de-jose-serna-andres-3","status":"publish","type":"page","link":"https:\/\/niramart.com\/revista-magazine\/tag\/resena\/","title":{"rendered":"Calma enredada en el equipaje. Consideraciones con respecto a Redes de calma, de Jos\u00e9 Serna Andr\u00e9s"},"content":{"rendered":"<div id=\"main-col\">\n<div id=\"content\" class=\"hfeed\">\n<article class=\"excerpt post-1268 post type-post status-publish format-standard hentry category-c39-articulos-espanol category-literatura tag-jose-serna-andres tag-niram-art-editorial tag-resena category-18-id category-120-id post-seq-1 post-parity-odd meta-position-left-pullout fix\" id=\"post-1268\">\n<header class=\"post-header title-container fix\">\n<div class=\"title\">\n<h2 class=\"posttitle\"><a href=\"https:\/\/niramart.com\/revista-magazine\/calma-enredada-en-el-equipaje-consideraciones-con-respecto-a-redes-de-calma-de-jose-serna-andres\/\" class=\"entry-title\" rel=\"bookmark\" title=\"Calma enredada en el equipaje. Consideraciones con respecto a Redes de calma, de Jos\u00e9 Serna Andr\u00e9s\">Calma enredada en el equipaje. Consideraciones con respecto a Redes de calma, de Jos\u00e9 Serna Andr\u00e9s<\/a><\/h2>\n<\/div>\n<div class=\"date\"><span class=\"month\">Sep<\/span> <span class=\"day\">27<\/span><span class=\"year\">2014<\/span><\/div>\n<\/header>\n<p> <span class=\"post-format-icon\">&nbsp;<\/span><span class=\"updated\" title=\"2014-09-27T16:46:55+00:00\">&nbsp;<\/span><\/p>\n<div class=\"entry-container fix\">\n<div class=\"entry entry-content fix\">\n<p class=\"bch4dcbow065stdpy\">Diego Vadillo L\u00f3pez Tras la lectura de Redes de calma (Niram Art, 2013), de Jos\u00e9 Serna Andr\u00e9s, una serie de reflexiones de distinto tenor me sobrevinieron. Y es que se trata de una obra diversa pero unitaria en su diversidad; es un poemario conformado <a href=\"https:\/\/niramart.com\/revista-magazine\/calma-enredada-en-el-equipaje-consideraciones-con-respecto-a-redes-de-calma-de-jose-serna-andres\/\" class=\"excerpt-more\">[&#8230;]<\/a><\/p>\n<\/div>\n<div class=\"meta-pullout meta-left-pullout\">\n<ul>\n<li class=\"fix\"><span class=\"category\"><span class=\"icon\">&nbsp;<\/span> <a href=\"https:\/\/niramart.com\/revista-magazine\/category\/s5-articulos\/c39-articulos-espanol\/\" rel=\"category tag\">Articulos espa\u00f1ol<\/a>, <a href=\"https:\/\/niramart.com\/revista-magazine\/category\/literatura\/\" rel=\"category tag\">Literatura<\/a><\/span><\/li>\n<li class=\"fix\"><span class=\"tags tax\"><span class=\"icon\">&nbsp;<\/span>Tagged with: <a href=\"https:\/\/niramart.com\/revista-magazine\/tag\/jose-serna-andres\/\" rel=\"tag\">Jos\u00e9 Serna Andr\u00e9s<\/a>, <a href=\"https:\/\/niramart.com\/revista-magazine\/tag\/niram-art-editorial\/\" rel=\"tag\">niram art editorial<\/a>, <a href=\"https:\/\/niramart.com\/revista-magazine\/tag\/resena\/\" rel=\"tag\">rese\u00f1a<\/a><\/span><\/li>\n<\/ul>\n<\/div>\n<\/div>\n<footer class=\"post-footer postdata fix\"><\/footer>\n<\/article>\n<\/div>\n<\/div>\n","protected":false,"raw":""},"excerpt":{"rendered":"<p>Calma enredada en el equipaje. Consideraciones con respecto a [&hellip;]<\/p>\n","protected":false},"author":0,"featured_media":0,"parent":0,"menu_order":0,"comment_status":"closed","ping_status":"closed","template":"","meta":{"footnotes":""},"class_list":["post-429","page","type-page","status-publish","hentry"],"yoast_head":"<!-- This site is optimized with the Yoast SEO plugin v27.4 - https:\/\/yoast.com\/product\/yoast-seo-wordpress\/ -->\n<title>rese\u00f1a \u00bb Niram Art Magazine<\/title>\n<meta name=\"robots\" content=\"index, follow, max-snippet:-1, max-image-preview:large, max-video-preview:-1\" \/>\n<link rel=\"canonical\" href=\"https:\/\/niramart.com\/revista-magazine\/tag\/resena\/\" \/>\n<meta property=\"og:type\" content=\"article\" \/>\n<meta property=\"og:title\" content=\"rese\u00f1a \u00bb Niram Art Magazine\" \/>\n<meta property=\"og:description\" content=\"Calma enredada en el equipaje. Consideraciones con respecto a [&hellip;]\" \/>\n<meta property=\"og:url\" content=\"https:\/\/niramart.com\/revista-magazine\/tag\/resena\/\" \/>\n<meta property=\"og:site_name\" content=\"Niram Art Magazine\" \/>\n<meta name=\"twitter:card\" content=\"summary_large_image\" \/>\n<!-- \/ Yoast SEO plugin. -->","yoast_head_json":{"title":"rese\u00f1a \u00bb Niram Art Magazine","robots":{"index":"index","follow":"follow","max-snippet":"max-snippet:-1","max-image-preview":"max-image-preview:large","max-video-preview":"max-video-preview:-1"},"canonical":"https:\/\/niramart.com\/revista-magazine\/tag\/resena\/","og_type":"article","og_title":"rese\u00f1a \u00bb Niram Art Magazine","og_description":"Calma enredada en el equipaje. Consideraciones con respecto a [&hellip;]","og_url":"https:\/\/niramart.com\/revista-magazine\/tag\/resena\/","og_site_name":"Niram Art Magazine","twitter_card":"summary_large_image"},"_links":{"self":[{"href":"https:\/\/niramart.com\/revista-magazine\/wp-json\/wp\/v2\/pages\/429","targetHints":{"allow":["GET"]}}],"collection":[{"href":"https:\/\/niramart.com\/revista-magazine\/wp-json\/wp\/v2\/pages"}],"about":[{"href":"https:\/\/niramart.com\/revista-magazine\/wp-json\/wp\/v2\/types\/page"}],"replies":[{"embeddable":true,"href":"https:\/\/niramart.com\/revista-magazine\/wp-json\/wp\/v2\/comments?post=429"}],"version-history":[{"count":0,"href":"https:\/\/niramart.com\/revista-magazine\/wp-json\/wp\/v2\/pages\/429\/revisions"}],"wp:attachment":[{"href":"https:\/\/niramart.com\/revista-magazine\/wp-json\/wp\/v2\/media?parent=429"}],"curies":[{"name":"wp","href":"https:\/\/api.w.org\/{rel}","templated":true}]}}