{"id":422,"date":"2024-04-01T07:41:36","date_gmt":"2024-04-01T07:41:36","guid":{"rendered":"https:\/\/niramart.com\/revista-magazine\/reencuentro-con-los-grandes-en-alcala-31-4\/"},"modified":"2024-04-01T07:41:36","modified_gmt":"2024-04-01T07:41:36","slug":"reencuentro-con-los-grandes-en-alcala-31-4","status":"publish","type":"page","link":"https:\/\/niramart.com\/revista-magazine\/tag\/ramon-gomez-de-la-serna\/","title":{"rendered":"Reencuentro con los grandes en Alcal\u00e1 31"},"content":{"rendered":"<div id=\"main-col\">\n<div id=\"content\" class=\"hfeed\">\n<article class=\"post-1286 post type-post status-publish format-standard hentry category-c39-articulos-espanol category-literatura tag-diego-vadillo-lopez tag-miguel-de-unaamuno tag-ramon-gomez-de-la-serna tag-valle-inclan excerpt category-18-id category-120-id post-seq-1 post-parity-odd meta-position-left-pullout fix\" id=\"post-1286\">\n<header class=\"post-header title-container fix\">\n<div class=\"title\">\n<h2 class=\"posttitle\"><a href=\"https:\/\/niramart.com\/revista-magazine\/reencuentro-con-los-grandes-en-alcala-31\/\" class=\"entry-title\" rel=\"bookmark\" title=\"Reencuentro con los grandes en Alcal\u00e1 31\">Reencuentro con los grandes en Alcal\u00e1 31<\/a><\/h2>\n<\/div>\n<div class=\"date\"><span class=\"month\">Oct<\/span> <span class=\"day\">04<\/span><span class=\"year\">2014<\/span><\/div>\n<\/header>\n<p> <span class=\"post-format-icon\">&nbsp;<\/span><span class=\"updated\" title=\"2014-10-04T15:53:08+00:00\">&nbsp;<\/span><\/p>\n<div class=\"entry-container fix\">\n<div class=\"entry entry-content fix\">\n<p class=\"bch4dcbow065stdpy\">Bajaba por la Cuesta de San Vicente una tarde de finales de septiembre cuando me top\u00e9 con la imagen de Ram\u00f3n G\u00f3mez de la Serna columpi\u00e1ndose en el antiguo Price ocupando una marquesina de parada de bus urbano.<\/p>\n<\/div>\n<div class=\"meta-pullout meta-left-pullout\">\n<ul>\n<li class=\"fix\"><span class=\"category\"><span class=\"icon\">&nbsp;<\/span> <a href=\"https:\/\/niramart.com\/revista-magazine\/category\/s5-articulos\/c39-articulos-espanol\/\" rel=\"category tag\">Articulos espa\u00f1ol<\/a>, <a href=\"https:\/\/niramart.com\/revista-magazine\/category\/literatura\/\" rel=\"category tag\">Literatura<\/a><\/span><\/li>\n<li class=\"fix\"><span class=\"tags tax\"><span class=\"icon\">&nbsp;<\/span>Tagged with: <a href=\"https:\/\/niramart.com\/revista-magazine\/tag\/diego-vadillo-lopez\/\" rel=\"tag\">Diego Vadillo L\u00f3pez<\/a>, <a href=\"https:\/\/niramart.com\/revista-magazine\/tag\/miguel-de-unaamuno\/\" rel=\"tag\">MIguel de Unaamuno<\/a>, <a href=\"https:\/\/niramart.com\/revista-magazine\/tag\/ramon-gomez-de-la-serna\/\" rel=\"tag\">Ram\u00f3n G\u00f3mez de la Serna<\/a>, <a href=\"https:\/\/niramart.com\/revista-magazine\/tag\/valle-inclan\/\" rel=\"tag\">Valle-Incl\u00e1n<\/a><\/span><\/li>\n<\/ul>\n<\/div>\n<\/div>\n<footer class=\"post-footer postdata fix\"> <\/footer>\n<\/article>\n<\/div>\n<\/div>\n","protected":false,"raw":""},"excerpt":{"rendered":"<p>Reencuentro con los grandes en Alcal\u00e1 31 Oct 042014 [&hellip;]<\/p>\n","protected":false},"author":0,"featured_media":0,"parent":0,"menu_order":0,"comment_status":"closed","ping_status":"closed","template":"","meta":{"footnotes":""},"class_list":["post-422","page","type-page","status-publish","hentry"],"yoast_head":"<!-- This site is optimized with the Yoast SEO plugin v27.4 - https:\/\/yoast.com\/product\/yoast-seo-wordpress\/ -->\n<title>Ram\u00f3n G\u00f3mez de la Serna \u00bb Niram Art Magazine<\/title>\n<meta name=\"robots\" content=\"index, follow, max-snippet:-1, max-image-preview:large, max-video-preview:-1\" \/>\n<link rel=\"canonical\" href=\"https:\/\/niramart.com\/revista-magazine\/tag\/ramon-gomez-de-la-serna\/\" \/>\n<meta property=\"og:type\" content=\"article\" \/>\n<meta property=\"og:title\" content=\"Ram\u00f3n G\u00f3mez de la Serna \u00bb Niram Art Magazine\" \/>\n<meta property=\"og:description\" content=\"Reencuentro con los grandes en Alcal\u00e1 31 Oct 042014 [&hellip;]\" \/>\n<meta property=\"og:url\" content=\"https:\/\/niramart.com\/revista-magazine\/tag\/ramon-gomez-de-la-serna\/\" \/>\n<meta property=\"og:site_name\" content=\"Niram Art Magazine\" \/>\n<meta name=\"twitter:card\" content=\"summary_large_image\" \/>\n<!-- \/ Yoast SEO plugin. -->","yoast_head_json":{"title":"Ram\u00f3n G\u00f3mez de la Serna \u00bb Niram Art Magazine","robots":{"index":"index","follow":"follow","max-snippet":"max-snippet:-1","max-image-preview":"max-image-preview:large","max-video-preview":"max-video-preview:-1"},"canonical":"https:\/\/niramart.com\/revista-magazine\/tag\/ramon-gomez-de-la-serna\/","og_type":"article","og_title":"Ram\u00f3n G\u00f3mez de la Serna \u00bb Niram Art Magazine","og_description":"Reencuentro con los grandes en Alcal\u00e1 31 Oct 042014 [&hellip;]","og_url":"https:\/\/niramart.com\/revista-magazine\/tag\/ramon-gomez-de-la-serna\/","og_site_name":"Niram Art Magazine","twitter_card":"summary_large_image"},"_links":{"self":[{"href":"https:\/\/niramart.com\/revista-magazine\/wp-json\/wp\/v2\/pages\/422","targetHints":{"allow":["GET"]}}],"collection":[{"href":"https:\/\/niramart.com\/revista-magazine\/wp-json\/wp\/v2\/pages"}],"about":[{"href":"https:\/\/niramart.com\/revista-magazine\/wp-json\/wp\/v2\/types\/page"}],"replies":[{"embeddable":true,"href":"https:\/\/niramart.com\/revista-magazine\/wp-json\/wp\/v2\/comments?post=422"}],"version-history":[{"count":0,"href":"https:\/\/niramart.com\/revista-magazine\/wp-json\/wp\/v2\/pages\/422\/revisions"}],"wp:attachment":[{"href":"https:\/\/niramart.com\/revista-magazine\/wp-json\/wp\/v2\/media?parent=422"}],"curies":[{"name":"wp","href":"https:\/\/api.w.org\/{rel}","templated":true}]}}