{"id":42,"date":"2024-04-01T07:40:29","date_gmt":"2024-04-01T07:40:29","guid":{"rendered":"https:\/\/niramart.com\/revista-magazine\/amor-ciego\/"},"modified":"2024-04-01T07:40:29","modified_gmt":"2024-04-01T07:40:29","slug":"amor-ciego","status":"publish","type":"page","link":"https:\/\/niramart.com\/revista-magazine\/amor-ciego\/","title":{"rendered":"Amor Ciego"},"content":{"rendered":"<div id=\"main-col\">\n<div id=\"content\">\n<article class=\"post-227 post type-post status-publish format-standard has-post-thumbnail hentry category-c39-articulos-espanol category-literatura category-c56-no-1-2-2012 category-18-id category-120-id category-28-id full-content meta-position-left-pullout fix\" id=\"post-227\">\n<header class=\"post-header title-container fix\">\n<div class=\"title\">\n<h1 class=\"posttitle\"><a href=\"https:\/\/niramart.com\/revista-magazine\/amor-ciego\/\" class=\"entry-title\" rel=\"bookmark\" title=\"Amor Ciego\">Amor Ciego<\/a><\/h1>\n<\/div>\n<div class=\"date\"><span class=\"month\">Jan<\/span> <span class=\"day\">06<\/span><span class=\"year\">2012<\/span><\/div>\n<\/header>\n<p> <span class=\"post-format-icon\">&nbsp;<\/span><span class=\"updated\" title=\"2012-01-06T20:24:40+00:00\">&nbsp;<\/span><\/p>\n<div class=\"entry-container fix\">\n<div class=\"entry fix\">\n<div class=\"left-thumbnail\"><img loading=\"lazy\" decoding=\"async\" width=\"150\" height=\"150\" src=\"https:\/\/niramart.com\/revista-magazine\/files\/wp-content\/uploads\/2012\/01\/blind-150x150.jpg\" class=\"attachment-thumbnail wp-post-image\" alt=\"blind\"\/><\/div>\n<p class=\"bch4dcbow065stdpy\"><strong>por Juan M. Toledano Cerrato<\/strong><\/p>\n<p class=\"bch4dcbow065stdpy\">\u00a1Su tabaco, gracias\u00a1<\/p>\n<p class=\"bch4dcbow065stdpy\">Me gusta su voz.<\/p>\n<p class=\"bch4dcbow065stdpy\">Echo una moneda, acerco una oreja, la izquierda o la derecha, seg\u00fan, y escucho su voz. Estos son los momentos m\u00e1s dulces de mis d\u00edas.<\/p>\n<p class=\"bch4dcbow065stdpy\">Desde que empec\u00e9 a perder visi\u00f3n, ha aumentado mi sensibilidad a los sonidos, y es as\u00ed como pese al timbre met\u00e1lico que me llega de la m\u00e1quina s\u00e9 apreciar la belleza de su voz, tan llena de matices y cortes\u00eda.<\/p>\n<p class=\"bch4dcbow065stdpy\">Ahora ya compro ocho paquetes diarios; se los regalo a los mendigos. Se me acumulan diecisiete y hago con ellos una pira en la terraza. Aprovecho para quemar mis viejas cartas de amor.<\/p>\n<p class=\"bch4dcbow065stdpy\">&nbsp;<\/p>\n<p class=\"bch4dcbow065stdpy\">Soy el hombre perseverante que ha decidido conocerla. Para ello muevo los contactos m\u00e1s adecuados a mi prop\u00f3sito: Tabacalera, Recreativos Franco y Tom\u00e1s, un sargento de la Guardia Civil que est\u00e1 destinado en la Brigada Antivicio.<\/p>\n<p class=\"bch4dcbow065stdpy\">Por fin consigo su direcci\u00f3n. Urbanizaci\u00f3n \u201cEl Retiro\u201d de Alcorc\u00f3n, Bloque H, 4\u00ba D. Pensando en nuestro pr\u00f3ximo encuentro, considero que hubiese sido m\u00e1s bonito que viviese en la calle Gloria Fuertes.<\/p>\n<p class=\"bch4dcbow065stdpy\">Subo al cuarto y llamo al timbre. No me lo puedo creer: est\u00e1 en casa.<\/p>\n<p class=\"bch4dcbow065stdpy\">Me siento muy apuesto con el uniforme de inspector de Gas Natural y la credencial convenientemente falsificada y plastificada.<\/p>\n<p class=\"bch4dcbow065stdpy\">&#8211; Ven\u00eda por lo del Gas<\/p>\n<p class=\"bch4dcbow065stdpy\">&#8211; Adelante.<\/p>\n<p class=\"bch4dcbow065stdpy\">No le reconozco la voz. Debe estar constipada. Le digo \u00a1Su Strepsils, gracias\u00a1 y muevo los deditos como diciendo\u2026. \u00bfLo pillas?<\/p>\n<p class=\"bch4dcbow065stdpy\">Como ven\u00eda por lo del Gas, me abre una portezuela a ras del suelo y descubro un laberinto de tubos que traen a mi memoria esas l\u00e1minas de anatom\u00eda en las que aparecen el intestino grueso y el delgado. Pienso que la formaci\u00f3n profesional est\u00e1 infravalorada.<\/p>\n<p class=\"bch4dcbow065stdpy\">En la genuflexi\u00f3n propia de mis tareas le confieso mis sentimientos y mis prop\u00f3sitos.<\/p>\n<p class=\"bch4dcbow065stdpy\">\u00a1Qu\u00e9 mujer\u00a1 Resulta dif\u00edcil imaginar una conjunci\u00f3n tal de fuerza corporal, sabidur\u00eda anat\u00f3mica y botas con puntas de acero, como las que emplea para empotrar su puntera en mi rabadilla.<\/p>\n<p class=\"bch4dcbow065stdpy\">A\u00fan con la cabeza enredada en el intestino grueso le digo que son l\u00e1grimas de amor.<\/p>\n<p class=\"bch4dcbow065stdpy\">Despu\u00e9s de decir \u00a1degenerado\u00a1 me coge en vilo, abre la puerta y me arroja al descansillo cual si yo fuese una bolsa de ganchitos.<\/p>\n<p class=\"bch4dcbow065stdpy\">\u00a1Qu\u00e9 mujer\u00a1 Realmente, no la imaginaba tan fornida.<\/p>\n<p class=\"bch4dcbow065stdpy\">Miro la puerta. \u00bfEra 4\u00ba B o 4\u00ba D?<\/p>\n<p class=\"bch4dcbow065stdpy\">Bajo al portal y me fijo en los buzones:<\/p>\n<p class=\"bch4dcbow065stdpy\">4\u00ba B<\/p>\n<p class=\"bch4dcbow065stdpy\">Ram\u00f3n Ust\u00e1riz<br class=\"bch4dcbow065stdpy\"\/> Bombero<\/p>\n<p class=\"bch4dcbow065stdpy\">&nbsp;<\/p>\n<\/div>\n<div class=\"meta-pullout meta-left-pullout\">\n<ul>\n<li class=\"fix\"><span class=\"category\"><span class=\"icon\">&nbsp;<\/span> <a href=\"https:\/\/niramart.com\/revista-magazine\/category\/s5-articulos\/c39-articulos-espanol\/\" rel=\"category tag\">Articulos espa\u00f1ol<\/a>, <a href=\"https:\/\/niramart.com\/revista-magazine\/category\/literatura\/\" rel=\"category tag\">Literatura<\/a>, <a href=\"https:\/\/niramart.com\/revista-magazine\/category\/s5-articulos\/c56-no-1-2-2012\/\" rel=\"category tag\">N\u00ba 1 &#8211; 2, 2012<\/a><\/span><\/li>\n<\/ul>\n<\/div>\n<\/div>\n<footer class=\"post-footer postdata fix\"> <\/footer>\n<section id=\"comments\"> <\/section>\n<\/article>\n<nav class=\"post-nav fix\">\n<table>\n<tr>\n<td class=\"previous\"><a href=\"https:\/\/niramart.com\/revista-magazine\/entrevista-a-diego-vadillo-lopez-autor-de-de-compras-en-tzara\/\" rel=\"prev\"><span class=\"icon\">&nbsp;<\/span> Entrevista a Diego Vadillo L\u00f3pez, autor de \u201cDe compras en Tzara\u201d<\/a><\/td>\n<td class=\"next\"><a href=\"https:\/\/niramart.com\/revista-magazine\/poesias-de-juan-m-toledano-cerrato\/\" rel=\"next\"><span class=\"icon\">&nbsp;<\/span> Poes\u00edas de  Juan M. Toledano Cerrato<\/a><\/td>\n<\/tr>\n<\/table>\n<\/nav>\n<\/div>\n<\/div>\n","protected":false,"raw":""},"excerpt":{"rendered":"<p>Amor Ciego Jan 062012 &nbsp;&nbsp; por Juan M. Toledano [&hellip;]<\/p>\n","protected":false},"author":0,"featured_media":0,"parent":0,"menu_order":0,"comment_status":"closed","ping_status":"closed","template":"","meta":{"footnotes":""},"class_list":["post-42","page","type-page","status-publish","hentry"],"yoast_head":"<!-- This site is optimized with the Yoast SEO plugin v27.4 - https:\/\/yoast.com\/product\/yoast-seo-wordpress\/ -->\n<title>Amor Ciego \u00bb Niram Art Magazine<\/title>\n<meta name=\"robots\" content=\"index, follow, max-snippet:-1, max-image-preview:large, max-video-preview:-1\" \/>\n<link rel=\"canonical\" href=\"https:\/\/niramart.com\/revista-magazine\/amor-ciego\/\" \/>\n<meta property=\"og:type\" content=\"article\" \/>\n<meta property=\"og:title\" content=\"Amor Ciego \u00bb Niram Art Magazine\" \/>\n<meta property=\"og:description\" content=\"Amor Ciego Jan 062012 &nbsp;&nbsp; por Juan M. Toledano [&hellip;]\" \/>\n<meta property=\"og:url\" content=\"https:\/\/niramart.com\/revista-magazine\/amor-ciego\/\" \/>\n<meta property=\"og:site_name\" content=\"Niram Art Magazine\" \/>\n<meta name=\"twitter:card\" content=\"summary_large_image\" \/>\n<meta name=\"twitter:label1\" content=\"Est. reading time\" \/>\n\t<meta name=\"twitter:data1\" content=\"2 minutes\" \/>\n<!-- \/ Yoast SEO plugin. -->","yoast_head_json":{"title":"Amor Ciego \u00bb Niram Art Magazine","robots":{"index":"index","follow":"follow","max-snippet":"max-snippet:-1","max-image-preview":"max-image-preview:large","max-video-preview":"max-video-preview:-1"},"canonical":"https:\/\/niramart.com\/revista-magazine\/amor-ciego\/","og_type":"article","og_title":"Amor Ciego \u00bb Niram Art Magazine","og_description":"Amor Ciego Jan 062012 &nbsp;&nbsp; por Juan M. Toledano [&hellip;]","og_url":"https:\/\/niramart.com\/revista-magazine\/amor-ciego\/","og_site_name":"Niram Art Magazine","twitter_card":"summary_large_image","twitter_misc":{"Est. reading time":"2 minutes"}},"_links":{"self":[{"href":"https:\/\/niramart.com\/revista-magazine\/wp-json\/wp\/v2\/pages\/42","targetHints":{"allow":["GET"]}}],"collection":[{"href":"https:\/\/niramart.com\/revista-magazine\/wp-json\/wp\/v2\/pages"}],"about":[{"href":"https:\/\/niramart.com\/revista-magazine\/wp-json\/wp\/v2\/types\/page"}],"replies":[{"embeddable":true,"href":"https:\/\/niramart.com\/revista-magazine\/wp-json\/wp\/v2\/comments?post=42"}],"version-history":[{"count":0,"href":"https:\/\/niramart.com\/revista-magazine\/wp-json\/wp\/v2\/pages\/42\/revisions"}],"wp:attachment":[{"href":"https:\/\/niramart.com\/revista-magazine\/wp-json\/wp\/v2\/media?parent=42"}],"curies":[{"name":"wp","href":"https:\/\/api.w.org\/{rel}","templated":true}]}}