{"id":408,"date":"2024-04-01T07:41:33","date_gmt":"2024-04-01T07:41:33","guid":{"rendered":"https:\/\/niramart.com\/revista-magazine\/poemas-de-maria-postu-4\/"},"modified":"2024-04-01T07:41:33","modified_gmt":"2024-04-01T07:41:33","slug":"poemas-de-maria-postu-4","status":"publish","type":"page","link":"https:\/\/niramart.com\/revista-magazine\/tag\/poezii\/","title":{"rendered":"Poemas de Maria Postu"},"content":{"rendered":"<div id=\"main-col\">\n<div id=\"content\" class=\"hfeed\">\n<article class=\"excerpt post-810 post type-post status-publish format-standard hentry category-c39-articulos-espanol category-no-5-6-s5-articulos tag-maria-postu tag-poeme tag-poezii tag-traduccion category-18-id category-127-id post-seq-1 post-parity-odd meta-position-left-pullout fix\" id=\"post-810\">\n<header class=\"post-header title-container fix\">\n<div class=\"title\">\n<h2 class=\"posttitle\"><a href=\"https:\/\/niramart.com\/revista-magazine\/poemas-de-maria-postu\/\" class=\"entry-title\" rel=\"bookmark\" title=\"Poemas de Maria Postu\">Poemas de Maria Postu<\/a><\/h2>\n<\/div>\n<div class=\"date\"><span class=\"month\">Apr<\/span> <span class=\"day\">05<\/span><span class=\"year\">2013<\/span><\/div>\n<\/header>\n<p> <span class=\"post-format-icon\">&nbsp;<\/span><span class=\"updated\" title=\"2013-04-05T15:20:26+00:00\">&nbsp;<\/span><\/p>\n<div class=\"entry-container fix\">\n<div class=\"entry entry-content fix\">\n<p class=\"bch4dcbow065stdpy\">Traducci\u00f3n  al espa\u00f1ol por Prof CRISTINA MUNTEANU 1. El desv\u00edo   So\u00f1\u00e9 con desviar una manada de elefantes Con adiestrarlos y que me llevaran al circo de los elefantes &nbsp; Hacer volteretas, pasar a trav\u00e9s de aros de fuego, y de noche, por la <a href=\"https:\/\/niramart.com\/revista-magazine\/poemas-de-maria-postu\/\" class=\"excerpt-more\">[&#8230;]<\/a><\/p>\n<\/div>\n<div class=\"meta-pullout meta-left-pullout\">\n<ul>\n<li class=\"fix\"><span class=\"category\"><span class=\"icon\">&nbsp;<\/span> <a href=\"https:\/\/niramart.com\/revista-magazine\/category\/s5-articulos\/c39-articulos-espanol\/\" rel=\"category tag\">Articulos espa\u00f1ol<\/a>, <a href=\"https:\/\/niramart.com\/revista-magazine\/category\/s5-articulos\/no-5-6-s5-articulos\/\" rel=\"category tag\">N\u00ba 5-6, 2012<\/a><\/span><\/li>\n<li class=\"fix\"><span class=\"tags tax\"><span class=\"icon\">&nbsp;<\/span>Tagged with: <a href=\"https:\/\/niramart.com\/revista-magazine\/tag\/maria-postu\/\" rel=\"tag\">Maria Postu<\/a>, <a href=\"https:\/\/niramart.com\/revista-magazine\/tag\/poeme\/\" rel=\"tag\">poeme<\/a>, <a href=\"https:\/\/niramart.com\/revista-magazine\/tag\/poezii\/\" rel=\"tag\">poezii<\/a>, <a href=\"https:\/\/niramart.com\/revista-magazine\/tag\/traduccion\/\" rel=\"tag\">traducci\u00f3n<\/a><\/span><\/li>\n<\/ul>\n<\/div>\n<\/div>\n<footer class=\"post-footer postdata fix\"><\/footer>\n<\/article>\n<\/div>\n<\/div>\n","protected":false,"raw":""},"excerpt":{"rendered":"<p>Poemas de Maria Postu Apr 052013 &nbsp;&nbsp; Traducci\u00f3n al [&hellip;]<\/p>\n","protected":false},"author":0,"featured_media":0,"parent":0,"menu_order":0,"comment_status":"closed","ping_status":"closed","template":"","meta":{"footnotes":""},"class_list":["post-408","page","type-page","status-publish","hentry"],"yoast_head":"<!-- This site is optimized with the Yoast SEO plugin v27.4 - https:\/\/yoast.com\/product\/yoast-seo-wordpress\/ -->\n<title>poezii \u00bb Niram Art Magazine<\/title>\n<meta name=\"robots\" content=\"index, follow, max-snippet:-1, max-image-preview:large, max-video-preview:-1\" \/>\n<link rel=\"canonical\" href=\"https:\/\/niramart.com\/revista-magazine\/tag\/poezii\/\" \/>\n<meta property=\"og:type\" content=\"article\" \/>\n<meta property=\"og:title\" content=\"poezii \u00bb Niram Art Magazine\" \/>\n<meta property=\"og:description\" content=\"Poemas de Maria Postu Apr 052013 &nbsp;&nbsp; Traducci\u00f3n al [&hellip;]\" \/>\n<meta property=\"og:url\" content=\"https:\/\/niramart.com\/revista-magazine\/tag\/poezii\/\" \/>\n<meta property=\"og:site_name\" content=\"Niram Art Magazine\" \/>\n<meta name=\"twitter:card\" content=\"summary_large_image\" \/>\n<!-- \/ Yoast SEO plugin. -->","yoast_head_json":{"title":"poezii \u00bb Niram Art Magazine","robots":{"index":"index","follow":"follow","max-snippet":"max-snippet:-1","max-image-preview":"max-image-preview:large","max-video-preview":"max-video-preview:-1"},"canonical":"https:\/\/niramart.com\/revista-magazine\/tag\/poezii\/","og_type":"article","og_title":"poezii \u00bb Niram Art Magazine","og_description":"Poemas de Maria Postu Apr 052013 &nbsp;&nbsp; Traducci\u00f3n al [&hellip;]","og_url":"https:\/\/niramart.com\/revista-magazine\/tag\/poezii\/","og_site_name":"Niram Art Magazine","twitter_card":"summary_large_image"},"_links":{"self":[{"href":"https:\/\/niramart.com\/revista-magazine\/wp-json\/wp\/v2\/pages\/408","targetHints":{"allow":["GET"]}}],"collection":[{"href":"https:\/\/niramart.com\/revista-magazine\/wp-json\/wp\/v2\/pages"}],"about":[{"href":"https:\/\/niramart.com\/revista-magazine\/wp-json\/wp\/v2\/types\/page"}],"replies":[{"embeddable":true,"href":"https:\/\/niramart.com\/revista-magazine\/wp-json\/wp\/v2\/comments?post=408"}],"version-history":[{"count":0,"href":"https:\/\/niramart.com\/revista-magazine\/wp-json\/wp\/v2\/pages\/408\/revisions"}],"wp:attachment":[{"href":"https:\/\/niramart.com\/revista-magazine\/wp-json\/wp\/v2\/media?parent=408"}],"curies":[{"name":"wp","href":"https:\/\/api.w.org\/{rel}","templated":true}]}}