{"id":405,"date":"2024-04-01T07:41:33","date_gmt":"2024-04-01T07:41:33","guid":{"rendered":"https:\/\/niramart.com\/revista-magazine\/teama-de-valentina-alexa-18\/"},"modified":"2024-04-01T07:41:33","modified_gmt":"2024-04-01T07:41:33","slug":"teama-de-valentina-alexa-18","status":"publish","type":"page","link":"https:\/\/niramart.com\/revista-magazine\/tag\/plangand\/","title":{"rendered":"Teama de Valentina Alexa"},"content":{"rendered":"<div id=\"main-col\">\n<div id=\"content\" class=\"hfeed\">\n<article class=\"post-1462 post type-post status-publish format-standard hentry category-uncategorized tag-biruitor tag-bucurie tag-creator tag-culori tag-curaj tag-divin tag-dusmani tag-fiinta tag-forte tag-frica tag-fuga tag-ganduri tag-incredere tag-intuneric tag-lumina tag-pierdut tag-plangand tag-puternic tag-teama tag-temeri excerpt category-1-id post-seq-1 post-parity-odd meta-position-left-pullout fix\" id=\"post-1462\">\n<header class=\"post-header title-container fix\">\n<div class=\"title\">\n<h2 class=\"posttitle\"><a href=\"https:\/\/niramart.com\/revista-magazine\/teama-de-valentina-alexa\/\" class=\"entry-title\" rel=\"bookmark\" title=\"Teama de Valentina Alexa\">Teama de Valentina Alexa<\/a><\/h2>\n<\/div>\n<div class=\"date\"><span class=\"month\">Oct<\/span> <span class=\"day\">20<\/span><span class=\"year\">2016<\/span><\/div>\n<\/header>\n<p> <span class=\"post-format-icon\">&nbsp;<\/span><span class=\"updated\" title=\"2016-10-20T17:14:39+00:00\">&nbsp;<\/span><\/p>\n<div class=\"entry-container fix\">\n<div class=\"entry entry-content fix\">\n<p class=\"bch4dcbow065stdpy\">D\u0103ruiesc acest mesaj tuturor celor c\u0103rora le e team\u0103, care s-au confruntat sau se confrunt\u0103 cu teama: pot s\u0103 le spun c\u0103 teama lor e inutil\u0103 at\u00e2ta timp c\u00e2t au credin\u021b\u0103 \u00een Dumnezeu! Teama dispare \u00een momentul instaur\u0103rii credin\u021bei ferme \u00een ajutorul Divin! Dumnezeu <a href=\"https:\/\/niramart.com\/revista-magazine\/teama-de-valentina-alexa\/\" class=\"excerpt-more\">[&#8230;]<\/a><\/p>\n<\/div>\n<div class=\"meta-pullout meta-left-pullout\">\n<ul>\n<li class=\"fix\"><span class=\"category\"><span class=\"icon\">&nbsp;<\/span> <a href=\"https:\/\/niramart.com\/revista-magazine\/category\/uncategorized\/\" rel=\"category tag\">Uncategorized<\/a><\/span><\/li>\n<li class=\"fix\"><span class=\"tags tax\"><span class=\"icon\">&nbsp;<\/span>Tagged with: <a href=\"https:\/\/niramart.com\/revista-magazine\/tag\/biruitor\/\" rel=\"tag\">biruitor<\/a>, <a href=\"https:\/\/niramart.com\/revista-magazine\/tag\/bucurie\/\" rel=\"tag\">bucurie<\/a>, <a href=\"https:\/\/niramart.com\/revista-magazine\/tag\/creator\/\" rel=\"tag\">creator<\/a>, <a href=\"https:\/\/niramart.com\/revista-magazine\/tag\/culori\/\" rel=\"tag\">culori<\/a>, <a href=\"https:\/\/niramart.com\/revista-magazine\/tag\/curaj\/\" rel=\"tag\">curaj<\/a>, <a href=\"https:\/\/niramart.com\/revista-magazine\/tag\/divin\/\" rel=\"tag\">divin<\/a>, <a href=\"https:\/\/niramart.com\/revista-magazine\/tag\/dusmani\/\" rel=\"tag\">dusmani<\/a>, <a href=\"https:\/\/niramart.com\/revista-magazine\/tag\/fiinta\/\" rel=\"tag\">fiin\u0163a<\/a>, <a href=\"https:\/\/niramart.com\/revista-magazine\/tag\/forte\/\" rel=\"tag\">forte<\/a>, <a href=\"https:\/\/niramart.com\/revista-magazine\/tag\/frica\/\" rel=\"tag\">frica<\/a>, <a href=\"https:\/\/niramart.com\/revista-magazine\/tag\/fuga\/\" rel=\"tag\">fuga<\/a>, <a href=\"https:\/\/niramart.com\/revista-magazine\/tag\/ganduri\/\" rel=\"tag\">ganduri<\/a>, <a href=\"https:\/\/niramart.com\/revista-magazine\/tag\/incredere\/\" rel=\"tag\">incredere<\/a>, <a href=\"https:\/\/niramart.com\/revista-magazine\/tag\/intuneric\/\" rel=\"tag\">intuneric<\/a>, <a href=\"https:\/\/niramart.com\/revista-magazine\/tag\/lumina\/\" rel=\"tag\">lumina<\/a>, <a href=\"https:\/\/niramart.com\/revista-magazine\/tag\/pierdut\/\" rel=\"tag\">pierdut<\/a>, <a href=\"https:\/\/niramart.com\/revista-magazine\/tag\/plangand\/\" rel=\"tag\">plangand<\/a>, <a href=\"https:\/\/niramart.com\/revista-magazine\/tag\/puternic\/\" rel=\"tag\">puternic<\/a>, <a href=\"https:\/\/niramart.com\/revista-magazine\/tag\/teama\/\" rel=\"tag\">Teama<\/a>, <a href=\"https:\/\/niramart.com\/revista-magazine\/tag\/temeri\/\" rel=\"tag\">temeri<\/a><\/span><\/li>\n<\/ul>\n<\/div>\n<\/div>\n<footer class=\"post-footer postdata fix\"> <\/footer>\n<\/article>\n<\/div>\n<\/div>\n","protected":false,"raw":""},"excerpt":{"rendered":"<p>Teama de Valentina Alexa Oct 202016 &nbsp;&nbsp; D\u0103ruiesc acest [&hellip;]<\/p>\n","protected":false},"author":0,"featured_media":0,"parent":0,"menu_order":0,"comment_status":"closed","ping_status":"closed","template":"","meta":{"footnotes":""},"class_list":["post-405","page","type-page","status-publish","hentry"],"yoast_head":"<!-- This site is optimized with the Yoast SEO plugin v27.4 - https:\/\/yoast.com\/product\/yoast-seo-wordpress\/ -->\n<title>plangand \u00bb Niram Art Magazine<\/title>\n<meta name=\"robots\" content=\"index, follow, max-snippet:-1, max-image-preview:large, max-video-preview:-1\" \/>\n<link rel=\"canonical\" href=\"https:\/\/niramart.com\/revista-magazine\/tag\/plangand\/\" \/>\n<meta property=\"og:type\" content=\"article\" \/>\n<meta property=\"og:title\" content=\"plangand \u00bb Niram Art Magazine\" \/>\n<meta property=\"og:description\" content=\"Teama de Valentina Alexa Oct 202016 &nbsp;&nbsp; D\u0103ruiesc acest [&hellip;]\" \/>\n<meta property=\"og:url\" content=\"https:\/\/niramart.com\/revista-magazine\/tag\/plangand\/\" \/>\n<meta property=\"og:site_name\" content=\"Niram Art Magazine\" \/>\n<meta name=\"twitter:card\" content=\"summary_large_image\" \/>\n<!-- \/ Yoast SEO plugin. -->","yoast_head_json":{"title":"plangand \u00bb Niram Art Magazine","robots":{"index":"index","follow":"follow","max-snippet":"max-snippet:-1","max-image-preview":"max-image-preview:large","max-video-preview":"max-video-preview:-1"},"canonical":"https:\/\/niramart.com\/revista-magazine\/tag\/plangand\/","og_type":"article","og_title":"plangand \u00bb Niram Art Magazine","og_description":"Teama de Valentina Alexa Oct 202016 &nbsp;&nbsp; D\u0103ruiesc acest [&hellip;]","og_url":"https:\/\/niramart.com\/revista-magazine\/tag\/plangand\/","og_site_name":"Niram Art Magazine","twitter_card":"summary_large_image"},"_links":{"self":[{"href":"https:\/\/niramart.com\/revista-magazine\/wp-json\/wp\/v2\/pages\/405","targetHints":{"allow":["GET"]}}],"collection":[{"href":"https:\/\/niramart.com\/revista-magazine\/wp-json\/wp\/v2\/pages"}],"about":[{"href":"https:\/\/niramart.com\/revista-magazine\/wp-json\/wp\/v2\/types\/page"}],"replies":[{"embeddable":true,"href":"https:\/\/niramart.com\/revista-magazine\/wp-json\/wp\/v2\/comments?post=405"}],"version-history":[{"count":0,"href":"https:\/\/niramart.com\/revista-magazine\/wp-json\/wp\/v2\/pages\/405\/revisions"}],"wp:attachment":[{"href":"https:\/\/niramart.com\/revista-magazine\/wp-json\/wp\/v2\/media?parent=405"}],"curies":[{"name":"wp","href":"https:\/\/api.w.org\/{rel}","templated":true}]}}