{"id":392,"date":"2024-04-01T07:41:31","date_gmt":"2024-04-01T07:41:31","guid":{"rendered":"https:\/\/niramart.com\/revista-magazine\/niram-art-editorial-participa-en-la-noche-de-los-libros-2\/"},"modified":"2024-04-01T07:41:31","modified_gmt":"2024-04-01T07:41:31","slug":"niram-art-editorial-participa-en-la-noche-de-los-libros-2","status":"publish","type":"page","link":"https:\/\/niramart.com\/revista-magazine\/tag\/noche-de-los-libros\/","title":{"rendered":"Niram Art Editorial participa en la Noche de los libros"},"content":{"rendered":"<div id=\"main-col\">\n<div id=\"content\" class=\"hfeed\">\n<article class=\"excerpt post-972 post type-post status-publish format-standard hentry category-c38-noticias-revista tag-niram-art-editorial tag-noche-de-los-libros category-32-id post-seq-1 post-parity-odd meta-position-left-pullout fix\" id=\"post-972\">\n<header class=\"post-header title-container fix\">\n<div class=\"title\">\n<h2 class=\"posttitle\"><a href=\"https:\/\/niramart.com\/revista-magazine\/niram-art-editorial-participa-en-la-noche-de-los-libros\/\" class=\"entry-title\" rel=\"bookmark\" title=\"Niram Art Editorial participa en la Noche de los libros\">Niram Art Editorial participa en la Noche de los libros<\/a><\/h2>\n<\/div>\n<div class=\"date\"><span class=\"month\">Apr<\/span> <span class=\"day\">21<\/span><span class=\"year\">2013<\/span><\/div>\n<\/header>\n<p> <span class=\"post-format-icon\">&nbsp;<\/span><span class=\"updated\" title=\"2013-04-21T14:48:20+00:00\">&nbsp;<\/span><\/p>\n<div class=\"entry-container fix\">\n<div class=\"entry entry-content fix\">\n<p class=\"bch4dcbow065stdpy\">Niram Art participa el pr\u00f3ximo d\u00eda 23 de abril de 2013 en la Noche de los libros 2013. Niram Art Editorial presentar\u00e1 varios libros, en la Facultad de Filosof\u00eda de la Universidad Complutense,  dentro de la Semana del Libro 2013 organizada por la Comunidad <a href=\"https:\/\/niramart.com\/revista-magazine\/niram-art-editorial-participa-en-la-noche-de-los-libros\/\" class=\"excerpt-more\">[&#8230;]<\/a><\/p>\n<\/div>\n<div class=\"meta-pullout meta-left-pullout\">\n<ul>\n<li class=\"fix\"><span class=\"category\"><span class=\"icon\">&nbsp;<\/span> <a href=\"https:\/\/niramart.com\/revista-magazine\/category\/c38-noticias-revista\/\" rel=\"category tag\">Noticias<\/a><\/span><\/li>\n<li class=\"fix\"><span class=\"tags tax\"><span class=\"icon\">&nbsp;<\/span>Tagged with: <a href=\"https:\/\/niramart.com\/revista-magazine\/tag\/niram-art-editorial\/\" rel=\"tag\">niram art editorial<\/a>, <a href=\"https:\/\/niramart.com\/revista-magazine\/tag\/noche-de-los-libros\/\" rel=\"tag\">noche de los libros<\/a><\/span><\/li>\n<\/ul>\n<\/div>\n<\/div>\n<footer class=\"post-footer postdata fix\"><\/footer>\n<\/article>\n<\/div>\n<\/div>\n","protected":false,"raw":""},"excerpt":{"rendered":"<p>Niram Art Editorial participa en la Noche de los [&hellip;]<\/p>\n","protected":false},"author":0,"featured_media":0,"parent":0,"menu_order":0,"comment_status":"closed","ping_status":"closed","template":"","meta":{"footnotes":""},"class_list":["post-392","page","type-page","status-publish","hentry"],"yoast_head":"<!-- This site is optimized with the Yoast SEO plugin v27.4 - https:\/\/yoast.com\/product\/yoast-seo-wordpress\/ -->\n<title>noche de los libros \u00bb Niram Art Magazine<\/title>\n<meta name=\"robots\" content=\"index, follow, max-snippet:-1, max-image-preview:large, max-video-preview:-1\" \/>\n<link rel=\"canonical\" href=\"https:\/\/niramart.com\/revista-magazine\/tag\/noche-de-los-libros\/\" \/>\n<meta property=\"og:type\" content=\"article\" \/>\n<meta property=\"og:title\" content=\"noche de los libros \u00bb Niram Art Magazine\" \/>\n<meta property=\"og:description\" content=\"Niram Art Editorial participa en la Noche de los [&hellip;]\" \/>\n<meta property=\"og:url\" content=\"https:\/\/niramart.com\/revista-magazine\/tag\/noche-de-los-libros\/\" \/>\n<meta property=\"og:site_name\" content=\"Niram Art Magazine\" \/>\n<meta name=\"twitter:card\" content=\"summary_large_image\" \/>\n<!-- \/ Yoast SEO plugin. -->","yoast_head_json":{"title":"noche de los libros \u00bb Niram Art Magazine","robots":{"index":"index","follow":"follow","max-snippet":"max-snippet:-1","max-image-preview":"max-image-preview:large","max-video-preview":"max-video-preview:-1"},"canonical":"https:\/\/niramart.com\/revista-magazine\/tag\/noche-de-los-libros\/","og_type":"article","og_title":"noche de los libros \u00bb Niram Art Magazine","og_description":"Niram Art Editorial participa en la Noche de los [&hellip;]","og_url":"https:\/\/niramart.com\/revista-magazine\/tag\/noche-de-los-libros\/","og_site_name":"Niram Art Magazine","twitter_card":"summary_large_image"},"_links":{"self":[{"href":"https:\/\/niramart.com\/revista-magazine\/wp-json\/wp\/v2\/pages\/392","targetHints":{"allow":["GET"]}}],"collection":[{"href":"https:\/\/niramart.com\/revista-magazine\/wp-json\/wp\/v2\/pages"}],"about":[{"href":"https:\/\/niramart.com\/revista-magazine\/wp-json\/wp\/v2\/types\/page"}],"replies":[{"embeddable":true,"href":"https:\/\/niramart.com\/revista-magazine\/wp-json\/wp\/v2\/comments?post=392"}],"version-history":[{"count":0,"href":"https:\/\/niramart.com\/revista-magazine\/wp-json\/wp\/v2\/pages\/392\/revisions"}],"wp:attachment":[{"href":"https:\/\/niramart.com\/revista-magazine\/wp-json\/wp\/v2\/media?parent=392"}],"curies":[{"name":"wp","href":"https:\/\/api.w.org\/{rel}","templated":true}]}}