{"id":39,"date":"2024-04-01T07:40:29","date_gmt":"2024-04-01T07:40:29","guid":{"rendered":"https:\/\/niramart.com\/revista-magazine\/la-editorial-niram-art-anuncia-el-lanzamiento-del-libro-miedho\/"},"modified":"2024-04-01T07:40:29","modified_gmt":"2024-04-01T07:40:29","slug":"la-editorial-niram-art-anuncia-el-lanzamiento-del-libro-miedho","status":"publish","type":"page","link":"https:\/\/niramart.com\/revista-magazine\/834\/","title":{"rendered":"La Editorial Niram Art anuncia el lanzamiento del libro MIEDHO"},"content":{"rendered":"<div id=\"main-col\">\n<div id=\"content\">\n<article class=\"post-834 post type-post status-publish format-standard hentry category-c38-noticias-revista tag-bogdan-ater tag-diego-vadillo-lopez tag-hector-martinez-sanz tag-miedho category-32-id full-content meta-position-left-pullout fix\" id=\"post-834\">\n<header class=\"post-header title-container fix\">\n<div class=\"title\">\n<h1 class=\"posttitle\"><a href=\"https:\/\/niramart.com\/revista-magazine\/834\/\" class=\"entry-title\" rel=\"bookmark\" title=\"La Editorial Niram Art anuncia el lanzamiento del libro MIEDHO\">La Editorial Niram Art anuncia el lanzamiento del libro MIEDHO<\/a><\/h1>\n<\/div>\n<div class=\"date\"><span class=\"month\">Apr<\/span> <span class=\"day\">08<\/span><span class=\"year\">2013<\/span><\/div>\n<\/header>\n<p> <span class=\"post-format-icon\">&nbsp;<\/span><span class=\"updated\" title=\"2013-04-08T16:02:00+00:00\">&nbsp;<\/span><\/p>\n<div class=\"entry-container fix\">\n<div class=\"entry fix\">\n<div style=\"width: 231px\" class=\"wp-caption alignleft\"><img loading=\"lazy\" decoding=\"async\" alt=\"MIEDHO\" src=\"https:\/\/niramart.com\/revista-magazine\/files\/-k8brexdnhde\/uruo16xnjxi\/aaaaaaaaaxs\/vsbihreljv0\/s320\/portada.jpg\" width=\"221\" height=\"320\"\/><\/p>\n<p class=\"wp-caption-text\">MIEDHO<\/p>\n<\/div>\n<p class=\"bch4dcbow065stdpy\">La Editorial <a href=\"http:\/\/niramarteditorial.espacioniram.com\/\"><strong>Niram Art<\/strong><\/a> anunc\u00eda el lanzamiento del libro<strong> MIEDHO,<\/strong>  en <a href=\"http:\/\/espacioniram.com\/\"><strong>Espacio Niram<\/strong><\/a> el pasado 2 de Febrero de 2013. El acto cont\u00f3 con la presencia de los autores <strong>Diego Vadillo Lopez, H\u00e9ctor Mart\u00ednez Sanz y el artista Bogdan Ate<\/strong>r.<\/p>\n<p class=\"bch4dcbow065stdpy\">A trav\u00e9s de la figura del artista y su trabajo, recorreremos lo que puede significar vivir en nuestra sociedad. Una sociedad que respira y vive de ilusiones, espejismos y callejones. Descubriremos como la imagen, algo tan aparentemente inofensivo, encierra algo tan potente como la habilidad de crear necesidad, placer, deseo y miedo. Las influencias y consecuencias, el impacto que supone y que ha supuesto toda la industria visual en el individuo y la sociedad. En definitiva, la imagen como medio de control.<\/p>\n<\/div>\n<div class=\"meta-pullout meta-left-pullout\">\n<ul>\n<li class=\"fix\"><span class=\"category\"><span class=\"icon\">&nbsp;<\/span> <a href=\"https:\/\/niramart.com\/revista-magazine\/category\/c38-noticias-revista\/\" rel=\"category tag\">Noticias<\/a><\/span><\/li>\n<li class=\"fix\"><span class=\"tags tax\"><span class=\"icon\">&nbsp;<\/span>Tagged with: <a href=\"https:\/\/niramart.com\/revista-magazine\/tag\/bogdan-ater\/\" rel=\"tag\">bogdan ater<\/a>, <a href=\"https:\/\/niramart.com\/revista-magazine\/tag\/diego-vadillo-lopez\/\" rel=\"tag\">Diego Vadillo L\u00f3pez<\/a>, <a href=\"https:\/\/niramart.com\/revista-magazine\/tag\/hector-martinez-sanz\/\" rel=\"tag\">H\u00e9ctor Mart\u00ednez sanz<\/a>, <a href=\"https:\/\/niramart.com\/revista-magazine\/tag\/miedho\/\" rel=\"tag\">MIEDHO<\/a><\/span><\/li>\n<\/ul>\n<\/div>\n<\/div>\n<footer class=\"post-footer postdata fix\"><\/footer>\n<section id=\"comments\"><\/section>\n<\/article>\n<nav class=\"post-nav fix\">\n<table>\n<tr>\n<td class=\"previous\"><a href=\"https:\/\/niramart.com\/revista-magazine\/exposicion-tudor-1001-cuentos-rumanos-en-madrid\/\" rel=\"prev\"><span class=\"icon\">&nbsp;<\/span> Exposici\u00f3n Tudor 1001 Cuentos Rumanos en Madrid<\/a><\/td>\n<td class=\"next\"><a href=\"https:\/\/niramart.com\/revista-magazine\" rel=\"next\"><span class=\"icon\">&nbsp;<\/span> Encuentro con el escritor Antonio Mateos Mu\u00f1oz<\/a><\/td>\n<\/tr>\n<\/table>\n<\/nav>\n<\/div>\n<\/div>\n","protected":false,"raw":""},"excerpt":{"rendered":"<p>La Editorial Niram Art anuncia el lanzamiento del libro [&hellip;]<\/p>\n","protected":false},"author":0,"featured_media":0,"parent":0,"menu_order":0,"comment_status":"closed","ping_status":"closed","template":"","meta":{"footnotes":""},"class_list":["post-39","page","type-page","status-publish","hentry"],"yoast_head":"<!-- This site is optimized with the Yoast SEO plugin v27.4 - https:\/\/yoast.com\/product\/yoast-seo-wordpress\/ -->\n<title>La Editorial Niram Art anuncia el lanzamiento del libro MIEDHO \u00bb Niram Art Magazine<\/title>\n<meta name=\"robots\" content=\"index, follow, max-snippet:-1, max-image-preview:large, max-video-preview:-1\" \/>\n<link rel=\"canonical\" href=\"https:\/\/niramart.com\/revista-magazine\/834\/\" \/>\n<meta property=\"og:type\" content=\"article\" \/>\n<meta property=\"og:title\" content=\"La Editorial Niram Art anuncia el lanzamiento del libro MIEDHO \u00bb Niram Art Magazine\" \/>\n<meta property=\"og:description\" content=\"La Editorial Niram Art anuncia el lanzamiento del libro [&hellip;]\" \/>\n<meta property=\"og:url\" content=\"https:\/\/niramart.com\/revista-magazine\/834\/\" \/>\n<meta property=\"og:site_name\" content=\"Niram Art Magazine\" \/>\n<meta name=\"twitter:card\" content=\"summary_large_image\" \/>\n<meta name=\"twitter:label1\" content=\"Est. reading time\" \/>\n\t<meta name=\"twitter:data1\" content=\"1 minute\" \/>\n<!-- \/ Yoast SEO plugin. -->","yoast_head_json":{"title":"La Editorial Niram Art anuncia el lanzamiento del libro MIEDHO \u00bb Niram Art Magazine","robots":{"index":"index","follow":"follow","max-snippet":"max-snippet:-1","max-image-preview":"max-image-preview:large","max-video-preview":"max-video-preview:-1"},"canonical":"https:\/\/niramart.com\/revista-magazine\/834\/","og_type":"article","og_title":"La Editorial Niram Art anuncia el lanzamiento del libro MIEDHO \u00bb Niram Art Magazine","og_description":"La Editorial Niram Art anuncia el lanzamiento del libro [&hellip;]","og_url":"https:\/\/niramart.com\/revista-magazine\/834\/","og_site_name":"Niram Art Magazine","twitter_card":"summary_large_image","twitter_misc":{"Est. reading time":"1 minute"}},"_links":{"self":[{"href":"https:\/\/niramart.com\/revista-magazine\/wp-json\/wp\/v2\/pages\/39","targetHints":{"allow":["GET"]}}],"collection":[{"href":"https:\/\/niramart.com\/revista-magazine\/wp-json\/wp\/v2\/pages"}],"about":[{"href":"https:\/\/niramart.com\/revista-magazine\/wp-json\/wp\/v2\/types\/page"}],"replies":[{"embeddable":true,"href":"https:\/\/niramart.com\/revista-magazine\/wp-json\/wp\/v2\/comments?post=39"}],"version-history":[{"count":0,"href":"https:\/\/niramart.com\/revista-magazine\/wp-json\/wp\/v2\/pages\/39\/revisions"}],"wp:attachment":[{"href":"https:\/\/niramart.com\/revista-magazine\/wp-json\/wp\/v2\/media?parent=39"}],"curies":[{"name":"wp","href":"https:\/\/api.w.org\/{rel}","templated":true}]}}