{"id":380,"date":"2024-04-01T07:41:29","date_gmt":"2024-04-01T07:41:29","guid":{"rendered":"https:\/\/niramart.com\/revista-magazine\/realitate-si-totalitate-de-marian-victor-buciu-11\/"},"modified":"2024-04-01T07:41:29","modified_gmt":"2024-04-01T07:41:29","slug":"realitate-si-totalitate-de-marian-victor-buciu-11","status":"publish","type":"page","link":"https:\/\/niramart.com\/revista-magazine\/tag\/mitic\/","title":{"rendered":"Realitate \u015fi totalitate de Marian Victor Buciu"},"content":{"rendered":"<div id=\"main-col\">\n<div id=\"content\" class=\"hfeed\">\n<article class=\"post-1443 post type-post status-publish format-standard hentry category-c42-articulos-romana tag-biblie tag-caragiale tag-culturale tag-dumnezeu tag-enigma tag-exsistenta tag-frica tag-infern-corupt tag-lumea tag-marian-victor-buciu tag-mitic tag-neceaev tag-profet tag-profetism tag-profund tag-realitate tag-realul tag-silistra tag-simtirea tag-subtil tag-totalitate excerpt category-16-id post-seq-1 post-parity-odd meta-position-left-pullout fix\" id=\"post-1443\">\n<header class=\"post-header title-container fix\">\n<div class=\"title\">\n<h2 class=\"posttitle\"><a href=\"https:\/\/niramart.com\/revista-magazine\/realitate-si-totalitate-de-marian-victor-buciu\/\" class=\"entry-title\" rel=\"bookmark\" title=\"Realitate \u015fi totalitate de Marian Victor Buciu\">Realitate \u015fi totalitate de Marian Victor Buciu<\/a><\/h2>\n<\/div>\n<div class=\"date\"><span class=\"month\">Aug<\/span> <span class=\"day\">15<\/span><span class=\"year\">2016<\/span><\/div>\n<\/header>\n<p> <span class=\"post-format-icon\">&nbsp;<\/span><span class=\"updated\" title=\"2016-08-15T19:27:04+00:00\">&nbsp;<\/span><\/p>\n<div class=\"entry-container fix\">\n<div class=\"entry entry-content fix\">\n<p class=\"bch4dcbow065stdpy\">Un alt fel de profetism De la o femeie, pe strad\u0103, \u00eentr-un loc obscur, anonimul personaj central (totodat\u0103 autor, narator) din Solenoid-ul lui Mircea C\u0103rt\u0103rescu prime\u015fte o Biblie. Semn c\u0103 este ales. Femeia, urm\u0103rit\u0103 de el, nu d\u0103ruie\u015fte cartea sf\u00e2nt\u0103 oricui. Dumnezeu este aspirat <a href=\"https:\/\/niramart.com\/revista-magazine\/realitate-si-totalitate-de-marian-victor-buciu\/\" class=\"excerpt-more\">[&#8230;]<\/a><\/p>\n<\/div>\n<div class=\"meta-pullout meta-left-pullout\">\n<ul>\n<li class=\"fix\"><span class=\"category\"><span class=\"icon\">&nbsp;<\/span> <a href=\"https:\/\/niramart.com\/revista-magazine\/category\/s5-articulos\/c42-articulos-romana\/\" rel=\"category tag\">Articole in limba romana<\/a><\/span><\/li>\n<li class=\"fix\"><span class=\"tags tax\"><span class=\"icon\">&nbsp;<\/span>Tagged with: <a href=\"https:\/\/niramart.com\/revista-magazine\/tag\/biblie\/\" rel=\"tag\">biblie<\/a>, <a href=\"https:\/\/niramart.com\/revista-magazine\/tag\/caragiale\/\" rel=\"tag\">caragiale<\/a>, <a href=\"https:\/\/niramart.com\/revista-magazine\/tag\/culturale\/\" rel=\"tag\">culturale<\/a>, <a href=\"https:\/\/niramart.com\/revista-magazine\/tag\/dumnezeu\/\" rel=\"tag\">dumnezeu<\/a>, <a href=\"https:\/\/niramart.com\/revista-magazine\/tag\/enigma\/\" rel=\"tag\">enigma<\/a>, <a href=\"https:\/\/niramart.com\/revista-magazine\/tag\/exsistenta\/\" rel=\"tag\">exsistenta<\/a>, <a href=\"https:\/\/niramart.com\/revista-magazine\/tag\/frica\/\" rel=\"tag\">frica<\/a>, <a href=\"https:\/\/niramart.com\/revista-magazine\/tag\/infern-corupt\/\" rel=\"tag\">infern corupt<\/a>, <a href=\"https:\/\/niramart.com\/revista-magazine\/tag\/lumea\/\" rel=\"tag\">lumea<\/a>, <a href=\"https:\/\/niramart.com\/revista-magazine\/tag\/marian-victor-buciu\/\" rel=\"tag\">marian victor buciu<\/a>, <a href=\"https:\/\/niramart.com\/revista-magazine\/tag\/mitic\/\" rel=\"tag\">mitic<\/a>, <a href=\"https:\/\/niramart.com\/revista-magazine\/tag\/neceaev\/\" rel=\"tag\">Neceaev<\/a>, <a href=\"https:\/\/niramart.com\/revista-magazine\/tag\/profet\/\" rel=\"tag\">profet<\/a>, <a href=\"https:\/\/niramart.com\/revista-magazine\/tag\/profetism\/\" rel=\"tag\">profetism<\/a>, <a href=\"https:\/\/niramart.com\/revista-magazine\/tag\/profund\/\" rel=\"tag\">profund<\/a>, <a href=\"https:\/\/niramart.com\/revista-magazine\/tag\/realitate\/\" rel=\"tag\">Realitate<\/a>, <a href=\"https:\/\/niramart.com\/revista-magazine\/tag\/realul\/\" rel=\"tag\">realul<\/a>, <a href=\"https:\/\/niramart.com\/revista-magazine\/tag\/silistra\/\" rel=\"tag\">silistra<\/a>, <a href=\"https:\/\/niramart.com\/revista-magazine\/tag\/simtirea\/\" rel=\"tag\">simtirea<\/a>, <a href=\"https:\/\/niramart.com\/revista-magazine\/tag\/subtil\/\" rel=\"tag\">subtil<\/a>, <a href=\"https:\/\/niramart.com\/revista-magazine\/tag\/totalitate\/\" rel=\"tag\">totalitate<\/a><\/span><\/li>\n<\/ul>\n<\/div>\n<\/div>\n<footer class=\"post-footer postdata fix\"> <\/footer>\n<\/article>\n<\/div>\n<\/div>\n","protected":false,"raw":""},"excerpt":{"rendered":"<p>Realitate \u015fi totalitate de Marian Victor Buciu Aug 152016 [&hellip;]<\/p>\n","protected":false},"author":0,"featured_media":0,"parent":0,"menu_order":0,"comment_status":"closed","ping_status":"closed","template":"","meta":{"footnotes":""},"class_list":["post-380","page","type-page","status-publish","hentry"],"yoast_head":"<!-- This site is optimized with the Yoast SEO plugin v27.4 - https:\/\/yoast.com\/product\/yoast-seo-wordpress\/ -->\n<title>mitic \u00bb Niram Art Magazine<\/title>\n<meta name=\"robots\" content=\"index, follow, max-snippet:-1, max-image-preview:large, max-video-preview:-1\" \/>\n<link rel=\"canonical\" href=\"https:\/\/niramart.com\/revista-magazine\/tag\/mitic\/\" \/>\n<meta property=\"og:type\" content=\"article\" \/>\n<meta property=\"og:title\" content=\"mitic \u00bb Niram Art Magazine\" \/>\n<meta property=\"og:description\" content=\"Realitate \u015fi totalitate de Marian Victor Buciu Aug 152016 [&hellip;]\" \/>\n<meta property=\"og:url\" content=\"https:\/\/niramart.com\/revista-magazine\/tag\/mitic\/\" \/>\n<meta property=\"og:site_name\" content=\"Niram Art Magazine\" \/>\n<meta name=\"twitter:card\" content=\"summary_large_image\" \/>\n<!-- \/ Yoast SEO plugin. -->","yoast_head_json":{"title":"mitic \u00bb Niram Art Magazine","robots":{"index":"index","follow":"follow","max-snippet":"max-snippet:-1","max-image-preview":"max-image-preview:large","max-video-preview":"max-video-preview:-1"},"canonical":"https:\/\/niramart.com\/revista-magazine\/tag\/mitic\/","og_type":"article","og_title":"mitic \u00bb Niram Art Magazine","og_description":"Realitate \u015fi totalitate de Marian Victor Buciu Aug 152016 [&hellip;]","og_url":"https:\/\/niramart.com\/revista-magazine\/tag\/mitic\/","og_site_name":"Niram Art Magazine","twitter_card":"summary_large_image"},"_links":{"self":[{"href":"https:\/\/niramart.com\/revista-magazine\/wp-json\/wp\/v2\/pages\/380","targetHints":{"allow":["GET"]}}],"collection":[{"href":"https:\/\/niramart.com\/revista-magazine\/wp-json\/wp\/v2\/pages"}],"about":[{"href":"https:\/\/niramart.com\/revista-magazine\/wp-json\/wp\/v2\/types\/page"}],"replies":[{"embeddable":true,"href":"https:\/\/niramart.com\/revista-magazine\/wp-json\/wp\/v2\/comments?post=380"}],"version-history":[{"count":0,"href":"https:\/\/niramart.com\/revista-magazine\/wp-json\/wp\/v2\/pages\/380\/revisions"}],"wp:attachment":[{"href":"https:\/\/niramart.com\/revista-magazine\/wp-json\/wp\/v2\/media?parent=380"}],"curies":[{"name":"wp","href":"https:\/\/api.w.org\/{rel}","templated":true}]}}