{"id":379,"date":"2024-04-01T07:41:29","date_gmt":"2024-04-01T07:41:29","guid":{"rendered":"https:\/\/niramart.com\/revista-magazine\/obra-del-pintor-israeli-baruch-elron-presentada-en-la-reunion-europoems-en-paris-3\/"},"modified":"2024-04-01T07:41:29","modified_gmt":"2024-04-01T07:41:29","slug":"obra-del-pintor-israeli-baruch-elron-presentada-en-la-reunion-europoems-en-paris-3","status":"publish","type":"page","link":"https:\/\/niramart.com\/revista-magazine\/tag\/miriam-or\/","title":{"rendered":"Obra del pintor israel\u00ed Baruch Elron presentada en la reuni\u00f3n Europoems en Paris"},"content":{"rendered":"<div id=\"main-col\">\n<div id=\"content\" class=\"hfeed\">\n<article class=\"excerpt post-1167 post type-post status-publish format-standard hentry category-c38-noticias-revista tag-baruch-elron tag-europoems tag-lydia-elron tag-miriam-or tag-poesia category-32-id post-seq-1 post-parity-odd meta-position-left-pullout fix\" id=\"post-1167\">\n<header class=\"post-header title-container fix\">\n<div class=\"title\">\n<h2 class=\"posttitle\"><a href=\"https:\/\/niramart.com\/revista-magazine\/europoems\/\" class=\"entry-title\" rel=\"bookmark\" title=\"Obra del pintor israel\u00ed Baruch Elron presentada en la reuni\u00f3n Europoems en Paris\">Obra del pintor israel\u00ed Baruch Elron presentada en la reuni\u00f3n Europoems en Paris<\/a><\/h2>\n<\/div>\n<div class=\"date\"><span class=\"month\">Nov<\/span> <span class=\"day\">01<\/span><span class=\"year\">2013<\/span><\/div>\n<\/header>\n<p> <span class=\"post-format-icon\">&nbsp;<\/span><span class=\"updated\" title=\"2013-11-01T13:54:20+00:00\">&nbsp;<\/span><\/p>\n<div class=\"entry-container fix\">\n<div class=\"entry entry-content fix\">\n<p class=\"bch4dcbow065stdpy\">Europoems tiene como objetivo poner en pr\u00e1ctica nuevos enfoques pedag\u00f3gicos que utilizan la poes\u00eda como una forma de ense\u00f1anza \/ aprendizaje de lenguas. El proyecto &#8220;GRUNDTVIG&#8221; ha sido financiado con el apoyo de la Comisi\u00f3n Europea. El Programa de Aprendizaje Permanente (Lifelong Learning Programme) <a href=\"https:\/\/niramart.com\/revista-magazine\/europoems\/\" class=\"excerpt-more\">[&#8230;]<\/a><\/p>\n<\/div>\n<div class=\"meta-pullout meta-left-pullout\">\n<ul>\n<li class=\"fix\"><span class=\"category\"><span class=\"icon\">&nbsp;<\/span> <a href=\"https:\/\/niramart.com\/revista-magazine\/category\/c38-noticias-revista\/\" rel=\"category tag\">Noticias<\/a><\/span><\/li>\n<li class=\"fix\"><span class=\"tags tax\"><span class=\"icon\">&nbsp;<\/span>Tagged with: <a href=\"https:\/\/niramart.com\/revista-magazine\/tag\/baruch-elron\/\" rel=\"tag\">Baruch Elron<\/a>, <a href=\"https:\/\/niramart.com\/revista-magazine\" rel=\"tag\">europoems<\/a>, <a href=\"https:\/\/niramart.com\/revista-magazine\" rel=\"tag\">lydia elron<\/a>, <a href=\"https:\/\/niramart.com\/revista-magazine\/tag\/miriam-or\/\" rel=\"tag\">miriam or<\/a>, <a href=\"https:\/\/niramart.com\/revista-magazine\" rel=\"tag\">poes\u00eda<\/a><\/span><\/li>\n<\/ul>\n<\/div>\n<\/div>\n<footer class=\"post-footer postdata fix\"><\/footer>\n<\/article>\n<article class=\"excerpt post-947 post type-post status-publish format-standard hentry category-c40-english category-no-1-2-2013 tag-baruch-elron tag-miriam-or category-17-id category-148-id post-seq-2 post-parity-even meta-position-left-pullout fix\" id=\"post-947\">\n<header class=\"post-header title-container fix\">\n<div class=\"title\">\n<h2 class=\"posttitle\"><a href=\"https:\/\/niramart.com\/revista-magazine\/baruch-elron-artist-of-dream-and-love\/\" class=\"entry-title\" rel=\"bookmark\" title=\"Baruch Elron \u2013 Artist of Dream and Love\">Baruch Elron \u2013 Artist of Dream and Love<\/a><\/h2>\n<\/div>\n<div class=\"date\"><span class=\"month\">Apr<\/span> <span class=\"day\">09<\/span><span class=\"year\">2013<\/span><\/div>\n<\/header>\n<p> <span class=\"post-format-icon\">&nbsp;<\/span><span class=\"updated\" title=\"2013-04-09T14:13:07+00:00\">&nbsp;<\/span><\/p>\n<div class=\"entry-container fix\">\n<div class=\"entry entry-content fix\">\n<p class=\"bch4dcbow065stdpy\">Dr. Miriam Or, Lecturer in Art and Philosophy Exhibition Baruch Elron Paintings 1934 \u2013 2006 Paintings gallery: http:\/\/baruchelron.defesesfinearts.com The Municipal Art Gallery of Afula, Israel organizes the exhibition Baruch Elron Paintings 1934 \u2013 2006, curator Ruthie Kalimi. The opening of the exhibition will be held <a href=\"https:\/\/niramart.com\/revista-magazine\/baruch-elron-artist-of-dream-and-love\/\" class=\"excerpt-more\">[&#8230;]<\/a><\/p>\n<\/div>\n<div class=\"meta-pullout meta-left-pullout\">\n<ul>\n<li class=\"fix\"><span class=\"category\"><span class=\"icon\">&nbsp;<\/span> <a href=\"https:\/\/niramart.com\/revista-magazine\/category\/s5-articulos\/c40-english\/\" rel=\"category tag\">English articles<\/a>, <a href=\"https:\/\/niramart.com\/revista-magazine\/category\/s5-articulos\/no-1-2-2013\/\" rel=\"category tag\">N\u00ba 1-2, 2013<\/a><\/span><\/li>\n<li class=\"fix\"><span class=\"tags tax\"><span class=\"icon\">&nbsp;<\/span>Tagged with: <a href=\"https:\/\/niramart.com\/revista-magazine\/tag\/baruch-elron\/\" rel=\"tag\">Baruch Elron<\/a>, <a href=\"https:\/\/niramart.com\/revista-magazine\/tag\/miriam-or\/\" rel=\"tag\">miriam or<\/a><\/span><\/li>\n<\/ul>\n<\/div>\n<\/div>\n<footer class=\"post-footer postdata fix\"><\/footer>\n<\/article>\n<\/div>\n<\/div>\n","protected":false,"raw":""},"excerpt":{"rendered":"<p>Obra del pintor israel\u00ed Baruch Elron presentada en la [&hellip;]<\/p>\n","protected":false},"author":0,"featured_media":0,"parent":0,"menu_order":0,"comment_status":"closed","ping_status":"closed","template":"","meta":{"footnotes":""},"class_list":["post-379","page","type-page","status-publish","hentry"],"yoast_head":"<!-- This site is optimized with the Yoast SEO plugin v27.4 - https:\/\/yoast.com\/product\/yoast-seo-wordpress\/ -->\n<title>miriam or \u00bb Niram Art Magazine<\/title>\n<meta name=\"robots\" content=\"index, follow, max-snippet:-1, max-image-preview:large, max-video-preview:-1\" \/>\n<link rel=\"canonical\" href=\"https:\/\/niramart.com\/revista-magazine\/tag\/miriam-or\/\" \/>\n<meta property=\"og:type\" content=\"article\" \/>\n<meta property=\"og:title\" content=\"miriam or \u00bb Niram Art Magazine\" \/>\n<meta property=\"og:description\" content=\"Obra del pintor israel\u00ed Baruch Elron presentada en la [&hellip;]\" \/>\n<meta property=\"og:url\" content=\"https:\/\/niramart.com\/revista-magazine\/tag\/miriam-or\/\" \/>\n<meta property=\"og:site_name\" content=\"Niram Art Magazine\" \/>\n<meta name=\"twitter:card\" content=\"summary_large_image\" \/>\n<meta name=\"twitter:label1\" content=\"Est. reading time\" \/>\n\t<meta name=\"twitter:data1\" content=\"1 minute\" \/>\n<!-- \/ Yoast SEO plugin. -->","yoast_head_json":{"title":"miriam or \u00bb Niram Art Magazine","robots":{"index":"index","follow":"follow","max-snippet":"max-snippet:-1","max-image-preview":"max-image-preview:large","max-video-preview":"max-video-preview:-1"},"canonical":"https:\/\/niramart.com\/revista-magazine\/tag\/miriam-or\/","og_type":"article","og_title":"miriam or \u00bb Niram Art Magazine","og_description":"Obra del pintor israel\u00ed Baruch Elron presentada en la [&hellip;]","og_url":"https:\/\/niramart.com\/revista-magazine\/tag\/miriam-or\/","og_site_name":"Niram Art Magazine","twitter_card":"summary_large_image","twitter_misc":{"Est. reading time":"1 minute"}},"_links":{"self":[{"href":"https:\/\/niramart.com\/revista-magazine\/wp-json\/wp\/v2\/pages\/379","targetHints":{"allow":["GET"]}}],"collection":[{"href":"https:\/\/niramart.com\/revista-magazine\/wp-json\/wp\/v2\/pages"}],"about":[{"href":"https:\/\/niramart.com\/revista-magazine\/wp-json\/wp\/v2\/types\/page"}],"replies":[{"embeddable":true,"href":"https:\/\/niramart.com\/revista-magazine\/wp-json\/wp\/v2\/comments?post=379"}],"version-history":[{"count":0,"href":"https:\/\/niramart.com\/revista-magazine\/wp-json\/wp\/v2\/pages\/379\/revisions"}],"wp:attachment":[{"href":"https:\/\/niramart.com\/revista-magazine\/wp-json\/wp\/v2\/media?parent=379"}],"curies":[{"name":"wp","href":"https:\/\/api.w.org\/{rel}","templated":true}]}}