{"id":373,"date":"2024-04-01T07:41:28","date_gmt":"2024-04-01T07:41:28","guid":{"rendered":"https:\/\/niramart.com\/revista-magazine\/exposicion-m-i-e-d-h-o-doppeltganger-2\/"},"modified":"2024-04-01T07:41:28","modified_gmt":"2024-04-01T07:41:28","slug":"exposicion-m-i-e-d-h-o-doppeltganger-2","status":"publish","type":"page","link":"https:\/\/niramart.com\/revista-magazine\/tag\/miedho-pedro-ortega\/","title":{"rendered":"Exposici\u00f3n M.I.E.D.H.O.: Doppeltg\u00e4nger"},"content":{"rendered":"<div id=\"main-col\">\n<div id=\"content\" class=\"hfeed\">\n<article class=\"excerpt post-1256 post type-post status-publish format-standard hentry category-c39-articulos-espanol category-bellas-artes tag-miedho-pedro-ortega category-18-id category-119-id post-seq-1 post-parity-odd meta-position-left-pullout fix\" id=\"post-1256\">\n<header class=\"post-header title-container fix\">\n<div class=\"title\">\n<h2 class=\"posttitle\"><a href=\"https:\/\/niramart.com\/revista-magazine\/exposicion-m-i-e-d-h-o-doppeltganger\/\" class=\"entry-title\" rel=\"bookmark\" title=\"Exposici\u00f3n M.I.E.D.H.O.: Doppeltg\u00e4nger\">Exposici\u00f3n M.I.E.D.H.O.: Doppeltg\u00e4nger<\/a><\/h2>\n<\/div>\n<div class=\"date\"><span class=\"month\">Aug<\/span> <span class=\"day\">23<\/span><span class=\"year\">2014<\/span><\/div>\n<\/header>\n<p> <span class=\"post-format-icon\">&nbsp;<\/span><span class=\"updated\" title=\"2014-08-23T18:32:03+00:00\">&nbsp;<\/span><\/p>\n<div class=\"entry-container fix\">\n<div class=\"entry entry-content fix\">\n<p class=\"bch4dcbow065stdpy\">Pedro Ortega, historiador del arte El pasado martes 15 de julio se celebr\u00f3 en el Sal\u00f3n de Grados de la Facultad de Filosof\u00eda de la Universidad Complutense de Madrid un acto muy especial organizado por la editorial Niram Art. All\u00ed se presentaron las cuatro <a href=\"https:\/\/niramart.com\/revista-magazine\/exposicion-m-i-e-d-h-o-doppeltganger\/\" class=\"excerpt-more\">[&#8230;]<\/a><\/p>\n<\/div>\n<div class=\"meta-pullout meta-left-pullout\">\n<ul>\n<li class=\"fix\"><span class=\"category\"><span class=\"icon\">&nbsp;<\/span> <a href=\"https:\/\/niramart.com\/revista-magazine\/category\/s5-articulos\/c39-articulos-espanol\/\" rel=\"category tag\">Articulos espa\u00f1ol<\/a>, <a href=\"https:\/\/niramart.com\/revista-magazine\/category\/bellas-artes\/\" rel=\"category tag\">Bellas Artes<\/a><\/span><\/li>\n<li class=\"fix\"><span class=\"tags tax\"><span class=\"icon\">&nbsp;<\/span>Tagged with: <a href=\"https:\/\/niramart.com\/revista-magazine\/tag\/miedho-pedro-ortega\/\" rel=\"tag\">MIEDHO; pedro ortega<\/a><\/span><\/li>\n<\/ul>\n<\/div>\n<\/div>\n<footer class=\"post-footer postdata fix\"><\/footer>\n<\/article>\n<\/div>\n<\/div>\n","protected":false,"raw":""},"excerpt":{"rendered":"<p>Exposici\u00f3n M.I.E.D.H.O.: Doppeltg\u00e4nger Aug 232014 &nbsp;&nbsp; Pedro Ortega, historiador [&hellip;]<\/p>\n","protected":false},"author":0,"featured_media":0,"parent":0,"menu_order":0,"comment_status":"closed","ping_status":"closed","template":"","meta":{"footnotes":""},"class_list":["post-373","page","type-page","status-publish","hentry"],"yoast_head":"<!-- This site is optimized with the Yoast SEO plugin v27.4 - https:\/\/yoast.com\/product\/yoast-seo-wordpress\/ -->\n<title>MIEDHO; pedro ortega \u00bb Niram Art Magazine<\/title>\n<meta name=\"robots\" content=\"index, follow, max-snippet:-1, max-image-preview:large, max-video-preview:-1\" \/>\n<link rel=\"canonical\" href=\"https:\/\/niramart.com\/revista-magazine\/tag\/miedho-pedro-ortega\/\" \/>\n<meta property=\"og:type\" content=\"article\" \/>\n<meta property=\"og:title\" content=\"MIEDHO; pedro ortega \u00bb Niram Art Magazine\" \/>\n<meta property=\"og:description\" content=\"Exposici\u00f3n M.I.E.D.H.O.: Doppeltg\u00e4nger Aug 232014 &nbsp;&nbsp; Pedro Ortega, historiador [&hellip;]\" \/>\n<meta property=\"og:url\" content=\"https:\/\/niramart.com\/revista-magazine\/tag\/miedho-pedro-ortega\/\" \/>\n<meta property=\"og:site_name\" content=\"Niram Art Magazine\" \/>\n<meta name=\"twitter:card\" content=\"summary_large_image\" \/>\n<!-- \/ Yoast SEO plugin. -->","yoast_head_json":{"title":"MIEDHO; pedro ortega \u00bb Niram Art Magazine","robots":{"index":"index","follow":"follow","max-snippet":"max-snippet:-1","max-image-preview":"max-image-preview:large","max-video-preview":"max-video-preview:-1"},"canonical":"https:\/\/niramart.com\/revista-magazine\/tag\/miedho-pedro-ortega\/","og_type":"article","og_title":"MIEDHO; pedro ortega \u00bb Niram Art Magazine","og_description":"Exposici\u00f3n M.I.E.D.H.O.: Doppeltg\u00e4nger Aug 232014 &nbsp;&nbsp; Pedro Ortega, historiador [&hellip;]","og_url":"https:\/\/niramart.com\/revista-magazine\/tag\/miedho-pedro-ortega\/","og_site_name":"Niram Art Magazine","twitter_card":"summary_large_image"},"_links":{"self":[{"href":"https:\/\/niramart.com\/revista-magazine\/wp-json\/wp\/v2\/pages\/373","targetHints":{"allow":["GET"]}}],"collection":[{"href":"https:\/\/niramart.com\/revista-magazine\/wp-json\/wp\/v2\/pages"}],"about":[{"href":"https:\/\/niramart.com\/revista-magazine\/wp-json\/wp\/v2\/types\/page"}],"replies":[{"embeddable":true,"href":"https:\/\/niramart.com\/revista-magazine\/wp-json\/wp\/v2\/comments?post=373"}],"version-history":[{"count":0,"href":"https:\/\/niramart.com\/revista-magazine\/wp-json\/wp\/v2\/pages\/373\/revisions"}],"wp:attachment":[{"href":"https:\/\/niramart.com\/revista-magazine\/wp-json\/wp\/v2\/media?parent=373"}],"curies":[{"name":"wp","href":"https:\/\/api.w.org\/{rel}","templated":true}]}}