{"id":359,"date":"2024-04-01T07:41:25","date_gmt":"2024-04-01T07:41:25","guid":{"rendered":"https:\/\/niramart.com\/revista-magazine\/lady-dada-doppeltganger-y-sweet-art-en-el-i-salon-neo-simbolista-3\/"},"modified":"2024-04-01T07:41:25","modified_gmt":"2024-04-01T07:41:25","slug":"lady-dada-doppeltganger-y-sweet-art-en-el-i-salon-neo-simbolista-3","status":"publish","type":"page","link":"https:\/\/niramart.com\/revista-magazine\/tag\/m-i-e-d-h-o\/","title":{"rendered":"Lady Dad\u00e1, Doppeltg\u00e4nger y Sweet Art en el I Sal\u00f3n Neo-simbolista"},"content":{"rendered":"<div id=\"main-col\">\n<div id=\"content\" class=\"hfeed\">\n<article class=\"excerpt post-1206 post type-post status-publish format-standard hentry category-c39-articulos-espanol category-bellas-artes tag-gotico tag-m-i-e-d-h-o tag-pedro-ortega category-18-id category-119-id post-seq-1 post-parity-odd meta-position-left-pullout fix\" id=\"post-1206\">\n<header class=\"post-header title-container fix\">\n<div class=\"title\">\n<h2 class=\"posttitle\"><a href=\"https:\/\/niramart.com\/revista-magazine\/lady-dada-doppeltganger-y-sweet-art-en-el-i-salon-neo-simbolista-de-madrid\/\" class=\"entry-title\" rel=\"bookmark\" title=\"Lady Dad\u00e1, Doppeltg\u00e4nger y Sweet Art en el I Sal\u00f3n Neo-simbolista\">Lady Dad\u00e1, Doppeltg\u00e4nger y Sweet Art en el I Sal\u00f3n Neo-simbolista<\/a><\/h2>\n<\/div>\n<div class=\"date\"><span class=\"month\">Nov<\/span> <span class=\"day\">09<\/span><span class=\"year\">2013<\/span><\/div>\n<\/header>\n<p> <span class=\"post-format-icon\">&nbsp;<\/span><span class=\"updated\" title=\"2013-11-09T18:12:04+00:00\">&nbsp;<\/span><\/p>\n<div class=\"entry-container fix\">\n<div class=\"entry entry-content fix\">\n<p class=\"bch4dcbow065stdpy\">&nbsp; El I Sal\u00f3n Neo-simbolista tiene lugar en el marco de la V Semana G\u00f3tica de Madrid durante todo el mes de noviembre en el Museo de Arte y Tradiciones Populares de la Universidad Aut\u00f3noma de Madrid, La Corrala. La exposici\u00f3n colectiva, que trata <a href=\"https:\/\/niramart.com\/revista-magazine\/lady-dada-doppeltganger-y-sweet-art-en-el-i-salon-neo-simbolista-de-madrid\/\" class=\"excerpt-more\">[&#8230;]<\/a><\/p>\n<\/div>\n<div class=\"meta-pullout meta-left-pullout\">\n<ul>\n<li class=\"fix\"><span class=\"category\"><span class=\"icon\">&nbsp;<\/span> <a href=\"https:\/\/niramart.com\/revista-magazine\/category\/s5-articulos\/c39-articulos-espanol\/\" rel=\"category tag\">Articulos espa\u00f1ol<\/a>, <a href=\"https:\/\/niramart.com\/revista-magazine\/category\/bellas-artes\/\" rel=\"category tag\">Bellas Artes<\/a><\/span><\/li>\n<li class=\"fix\"><span class=\"tags tax\"><span class=\"icon\">&nbsp;<\/span>Tagged with: <a href=\"https:\/\/niramart.com\/revista-magazine\/tag\/gotico\/\" rel=\"tag\">g\u00f3tico<\/a>, <a href=\"https:\/\/niramart.com\/revista-magazine\/tag\/m-i-e-d-h-o\/\" rel=\"tag\">M.I.E.D.H.O.<\/a>, <a href=\"https:\/\/niramart.com\/revista-magazine\/tag\/pedro-ortega\/\" rel=\"tag\">Pedro Ortega<\/a><\/span><\/li>\n<\/ul>\n<\/div>\n<\/div>\n<footer class=\"post-footer postdata fix\"><\/footer>\n<\/article>\n<article class=\"excerpt post-1180 post type-post status-publish format-standard hentry category-bellas-artes category-c40-english tag-doppelganger tag-gothic tag-lady-dada tag-m-i-e-d-h-o tag-mihai-eminescu tag-neo-symbolist-salon tag-pedro-ortega-ventureira category-119-id category-17-id post-seq-2 post-parity-even meta-position-left-pullout fix\" id=\"post-1180\">\n<header class=\"post-header title-container fix\">\n<div class=\"title\">\n<h2 class=\"posttitle\"><a href=\"https:\/\/niramart.com\/revista-magazine\/lady-dada-doppelganger-and-sweet-art-at-the-first-neo-symbolist-salon\/\" class=\"entry-title\" rel=\"bookmark\" title=\"Lady Dada, Doppelganger and Sweet Art at the First Neo-Symbolist Salon\">Lady Dada, Doppelganger and Sweet Art at the First Neo-Symbolist Salon<\/a><\/h2>\n<\/div>\n<div class=\"date\"><span class=\"month\">Nov<\/span> <span class=\"day\">09<\/span><span class=\"year\">2013<\/span><\/div>\n<\/header>\n<p> <span class=\"post-format-icon\">&nbsp;<\/span><span class=\"updated\" title=\"2013-11-09T17:53:57+00:00\">&nbsp;<\/span><\/p>\n<div class=\"entry-container fix\">\n<div class=\"entry entry-content fix\">\n<p class=\"bch4dcbow065stdpy\">The First Neo-Symbolist Art Salon takes place in Madrid in November, during the celebration of the 5th Gothic Week, the only event in Spain entirely dedicated to Gothic culture. The collective art show is hosted by the La Corrala Museum of Art of UAM <a href=\"https:\/\/niramart.com\/revista-magazine\/lady-dada-doppelganger-and-sweet-art-at-the-first-neo-symbolist-salon\/\" class=\"excerpt-more\">[&#8230;]<\/a><\/p>\n<\/div>\n<div class=\"meta-pullout meta-left-pullout\">\n<ul>\n<li class=\"fix\"><span class=\"category\"><span class=\"icon\">&nbsp;<\/span> <a href=\"https:\/\/niramart.com\/revista-magazine\/category\/bellas-artes\/\" rel=\"category tag\">Bellas Artes<\/a>, <a href=\"https:\/\/niramart.com\/revista-magazine\/category\/s5-articulos\/c40-english\/\" rel=\"category tag\">English articles<\/a><\/span><\/li>\n<li class=\"fix\"><span class=\"tags tax\"><span class=\"icon\">&nbsp;<\/span>Tagged with: <a href=\"https:\/\/niramart.com\/revista-magazine\/tag\/doppelganger\/\" rel=\"tag\">Doppelganger<\/a>, <a href=\"https:\/\/niramart.com\/revista-magazine\/tag\/gothic\/\" rel=\"tag\">Gothic<\/a>, <a href=\"https:\/\/niramart.com\/revista-magazine\/tag\/lady-dada\/\" rel=\"tag\">Lady Dada<\/a>, <a href=\"https:\/\/niramart.com\/revista-magazine\/tag\/m-i-e-d-h-o\/\" rel=\"tag\">M.I.E.D.H.O.<\/a>, <a href=\"https:\/\/niramart.com\/revista-magazine\/tag\/mihai-eminescu\/\" rel=\"tag\">mihai eminescu<\/a>, <a href=\"https:\/\/niramart.com\/revista-magazine\/tag\/neo-symbolist-salon\/\" rel=\"tag\">Neo-Symbolist Salon<\/a>, <a href=\"https:\/\/niramart.com\/revista-magazine\/tag\/pedro-ortega-ventureira\/\" rel=\"tag\">Pedro Ortega Ventureira<\/a><\/span><\/li>\n<\/ul>\n<\/div>\n<\/div>\n<footer class=\"post-footer postdata fix\"><\/footer>\n<\/article>\n<\/div>\n<\/div>\n","protected":false,"raw":""},"excerpt":{"rendered":"<p>Lady Dad\u00e1, Doppeltg\u00e4nger y Sweet Art en el I [&hellip;]<\/p>\n","protected":false},"author":0,"featured_media":0,"parent":0,"menu_order":0,"comment_status":"closed","ping_status":"closed","template":"","meta":{"footnotes":""},"class_list":["post-359","page","type-page","status-publish","hentry"],"yoast_head":"<!-- This site is optimized with the Yoast SEO plugin v27.4 - https:\/\/yoast.com\/product\/yoast-seo-wordpress\/ -->\n<title>M.I.E.D.H.O. \u00bb Niram Art Magazine<\/title>\n<meta name=\"robots\" content=\"index, follow, max-snippet:-1, max-image-preview:large, max-video-preview:-1\" \/>\n<link rel=\"canonical\" href=\"https:\/\/niramart.com\/revista-magazine\/tag\/m-i-e-d-h-o\/\" \/>\n<meta property=\"og:type\" content=\"article\" \/>\n<meta property=\"og:title\" content=\"M.I.E.D.H.O. \u00bb Niram Art Magazine\" \/>\n<meta property=\"og:description\" content=\"Lady Dad\u00e1, Doppeltg\u00e4nger y Sweet Art en el I [&hellip;]\" \/>\n<meta property=\"og:url\" content=\"https:\/\/niramart.com\/revista-magazine\/tag\/m-i-e-d-h-o\/\" \/>\n<meta property=\"og:site_name\" content=\"Niram Art Magazine\" \/>\n<meta name=\"twitter:card\" content=\"summary_large_image\" \/>\n<meta name=\"twitter:label1\" content=\"Est. reading time\" \/>\n\t<meta name=\"twitter:data1\" content=\"1 minute\" \/>\n<!-- \/ Yoast SEO plugin. -->","yoast_head_json":{"title":"M.I.E.D.H.O. \u00bb Niram Art Magazine","robots":{"index":"index","follow":"follow","max-snippet":"max-snippet:-1","max-image-preview":"max-image-preview:large","max-video-preview":"max-video-preview:-1"},"canonical":"https:\/\/niramart.com\/revista-magazine\/tag\/m-i-e-d-h-o\/","og_type":"article","og_title":"M.I.E.D.H.O. \u00bb Niram Art Magazine","og_description":"Lady Dad\u00e1, Doppeltg\u00e4nger y Sweet Art en el I [&hellip;]","og_url":"https:\/\/niramart.com\/revista-magazine\/tag\/m-i-e-d-h-o\/","og_site_name":"Niram Art Magazine","twitter_card":"summary_large_image","twitter_misc":{"Est. reading time":"1 minute"}},"_links":{"self":[{"href":"https:\/\/niramart.com\/revista-magazine\/wp-json\/wp\/v2\/pages\/359","targetHints":{"allow":["GET"]}}],"collection":[{"href":"https:\/\/niramart.com\/revista-magazine\/wp-json\/wp\/v2\/pages"}],"about":[{"href":"https:\/\/niramart.com\/revista-magazine\/wp-json\/wp\/v2\/types\/page"}],"replies":[{"embeddable":true,"href":"https:\/\/niramart.com\/revista-magazine\/wp-json\/wp\/v2\/comments?post=359"}],"version-history":[{"count":0,"href":"https:\/\/niramart.com\/revista-magazine\/wp-json\/wp\/v2\/pages\/359\/revisions"}],"wp:attachment":[{"href":"https:\/\/niramart.com\/revista-magazine\/wp-json\/wp\/v2\/media?parent=359"}],"curies":[{"name":"wp","href":"https:\/\/api.w.org\/{rel}","templated":true}]}}