{"id":349,"date":"2024-04-01T07:41:24","date_gmt":"2024-04-01T07:41:24","guid":{"rendered":"https:\/\/niramart.com\/revista-magazine\/liana-acero-de-la-cuesta-unica-en-su-diversidad-2\/"},"modified":"2024-04-01T07:41:24","modified_gmt":"2024-04-01T07:41:24","slug":"liana-acero-de-la-cuesta-unica-en-su-diversidad-2","status":"publish","type":"page","link":"https:\/\/niramart.com\/revista-magazine\/tag\/liana-acero-de-la-cuesta\/","title":{"rendered":"Liana Acero de la Cuesta, \u00fanica en su diversidad"},"content":{"rendered":"<div id=\"main-col\">\n<div id=\"content\" class=\"hfeed\">\n<article class=\"excerpt post-866 post type-post status-publish format-standard hentry category-bellas-artes category-no-1-2-2013 tag-diego-vadillo-lopez tag-liana-acero-de-la-cuesta category-119-id category-148-id post-seq-1 post-parity-odd meta-position-left-pullout fix\" id=\"post-866\">\n<header class=\"post-header title-container fix\">\n<div class=\"title\">\n<h2 class=\"posttitle\"><a href=\"https:\/\/niramart.com\/revista-magazine\/liana-acero-de-la-cuesta-unica-en-su-diversidad\/\" class=\"entry-title\" rel=\"bookmark\" title=\"Liana Acero de la Cuesta, \u00fanica en su diversidad\">Liana Acero de la Cuesta, \u00fanica en su diversidad<\/a><\/h2>\n<\/div>\n<div class=\"date\"><span class=\"month\">Apr<\/span> <span class=\"day\">08<\/span><span class=\"year\">2013<\/span><\/div>\n<\/header>\n<p> <span class=\"post-format-icon\">&nbsp;<\/span><span class=\"updated\" title=\"2013-04-08T17:17:00+00:00\">&nbsp;<\/span><\/p>\n<div class=\"entry-container fix\">\n<div class=\"entry entry-content fix\">\n<p class=\"bch4dcbow065stdpy\">Diego Vadillo L\u00f3pez Utilizaba mucho mi abuela Em\u00e9rita, cuando quer\u00eda exaltar con simpat\u00eda las diversas dotes de una persona, la expresi\u00f3n: \u201cLo mismo plancha un huevo que fr\u00ede una camisa\u201d. En tal catalogaci\u00f3n veo a Liana Acero de la Cuesta, artista de la que <a href=\"https:\/\/niramart.com\/revista-magazine\/liana-acero-de-la-cuesta-unica-en-su-diversidad\/\" class=\"excerpt-more\">[&#8230;]<\/a><\/p>\n<\/div>\n<div class=\"meta-pullout meta-left-pullout\">\n<ul>\n<li class=\"fix\"><span class=\"category\"><span class=\"icon\">&nbsp;<\/span> <a href=\"https:\/\/niramart.com\/revista-magazine\/category\/bellas-artes\/\" rel=\"category tag\">Bellas Artes<\/a>, <a href=\"https:\/\/niramart.com\/revista-magazine\/category\/s5-articulos\/no-1-2-2013\/\" rel=\"category tag\">N\u00ba 1-2, 2013<\/a><\/span><\/li>\n<li class=\"fix\"><span class=\"tags tax\"><span class=\"icon\">&nbsp;<\/span>Tagged with: <a href=\"https:\/\/niramart.com\/revista-magazine\/tag\/diego-vadillo-lopez\/\" rel=\"tag\">Diego Vadillo L\u00f3pez<\/a>, <a href=\"https:\/\/niramart.com\/revista-magazine\/tag\/liana-acero-de-la-cuesta\/\" rel=\"tag\">Liana Acero de la Cuesta<\/a><\/span><\/li>\n<\/ul>\n<\/div>\n<\/div>\n<footer class=\"post-footer postdata fix\"><\/footer>\n<\/article>\n<\/div>\n<\/div>\n","protected":false,"raw":""},"excerpt":{"rendered":"<p>Liana Acero de la Cuesta, \u00fanica en su diversidad [&hellip;]<\/p>\n","protected":false},"author":0,"featured_media":0,"parent":0,"menu_order":0,"comment_status":"closed","ping_status":"closed","template":"","meta":{"footnotes":""},"class_list":["post-349","page","type-page","status-publish","hentry"],"yoast_head":"<!-- This site is optimized with the Yoast SEO plugin v27.4 - https:\/\/yoast.com\/product\/yoast-seo-wordpress\/ -->\n<title>Liana Acero de la Cuesta \u00bb Niram Art Magazine<\/title>\n<meta name=\"robots\" content=\"index, follow, max-snippet:-1, max-image-preview:large, max-video-preview:-1\" \/>\n<link rel=\"canonical\" href=\"https:\/\/niramart.com\/revista-magazine\/tag\/liana-acero-de-la-cuesta\/\" \/>\n<meta property=\"og:type\" content=\"article\" \/>\n<meta property=\"og:title\" content=\"Liana Acero de la Cuesta \u00bb Niram Art Magazine\" \/>\n<meta property=\"og:description\" content=\"Liana Acero de la Cuesta, \u00fanica en su diversidad [&hellip;]\" \/>\n<meta property=\"og:url\" content=\"https:\/\/niramart.com\/revista-magazine\/tag\/liana-acero-de-la-cuesta\/\" \/>\n<meta property=\"og:site_name\" content=\"Niram Art Magazine\" \/>\n<meta name=\"twitter:card\" content=\"summary_large_image\" \/>\n<!-- \/ Yoast SEO plugin. -->","yoast_head_json":{"title":"Liana Acero de la Cuesta \u00bb Niram Art Magazine","robots":{"index":"index","follow":"follow","max-snippet":"max-snippet:-1","max-image-preview":"max-image-preview:large","max-video-preview":"max-video-preview:-1"},"canonical":"https:\/\/niramart.com\/revista-magazine\/tag\/liana-acero-de-la-cuesta\/","og_type":"article","og_title":"Liana Acero de la Cuesta \u00bb Niram Art Magazine","og_description":"Liana Acero de la Cuesta, \u00fanica en su diversidad [&hellip;]","og_url":"https:\/\/niramart.com\/revista-magazine\/tag\/liana-acero-de-la-cuesta\/","og_site_name":"Niram Art Magazine","twitter_card":"summary_large_image"},"_links":{"self":[{"href":"https:\/\/niramart.com\/revista-magazine\/wp-json\/wp\/v2\/pages\/349","targetHints":{"allow":["GET"]}}],"collection":[{"href":"https:\/\/niramart.com\/revista-magazine\/wp-json\/wp\/v2\/pages"}],"about":[{"href":"https:\/\/niramart.com\/revista-magazine\/wp-json\/wp\/v2\/types\/page"}],"replies":[{"embeddable":true,"href":"https:\/\/niramart.com\/revista-magazine\/wp-json\/wp\/v2\/comments?post=349"}],"version-history":[{"count":0,"href":"https:\/\/niramart.com\/revista-magazine\/wp-json\/wp\/v2\/pages\/349\/revisions"}],"wp:attachment":[{"href":"https:\/\/niramart.com\/revista-magazine\/wp-json\/wp\/v2\/media?parent=349"}],"curies":[{"name":"wp","href":"https:\/\/api.w.org\/{rel}","templated":true}]}}