{"id":348,"date":"2024-04-01T07:41:24","date_gmt":"2024-04-01T07:41:24","guid":{"rendered":"https:\/\/niramart.com\/revista-magazine\/calma-y-tempestad-a-flor-de-piel-6\/"},"modified":"2024-04-01T07:41:24","modified_gmt":"2024-04-01T07:41:24","slug":"calma-y-tempestad-a-flor-de-piel-6","status":"publish","type":"page","link":"https:\/\/niramart.com\/revista-magazine\/tag\/laura-herrero-crespo\/","title":{"rendered":"Calma y tempestad a flor de piel"},"content":{"rendered":"<div id=\"main-col\">\n<div id=\"content\" class=\"hfeed\">\n<article class=\"excerpt post-1238 post type-post status-publish format-standard hentry category-c39-articulos-espanol category-bellas-artes tag-bellas-artes-2 tag-dibujo tag-diego-vadillo-lopez tag-eva-sanchez-ramo tag-exposicion tag-laura-herrero-crespo category-18-id category-119-id post-seq-1 post-parity-odd meta-position-left-pullout fix\" id=\"post-1238\">\n<header class=\"post-header title-container fix\">\n<div class=\"title\">\n<h2 class=\"posttitle\"><a href=\"https:\/\/niramart.com\/revista-magazine\/calma-y-tempestad-a-flor-de-piel\/\" class=\"entry-title\" rel=\"bookmark\" title=\"Calma y tempestad a flor de piel\">Calma y tempestad a flor de piel<\/a><\/h2>\n<\/div>\n<div class=\"date\"><span class=\"month\">Dec<\/span> <span class=\"day\">12<\/span><span class=\"year\">2013<\/span><\/div>\n<\/header>\n<p> <span class=\"post-format-icon\">&nbsp;<\/span><span class=\"updated\" title=\"2013-12-12T14:01:38+00:00\">&nbsp;<\/span><\/p>\n<div class=\"entry-container fix\">\n<div class=\"entry entry-content fix\">\n<p class=\"bch4dcbow065stdpy\">por Diego Vadillo L\u00f3pez El pasado 6 de diciembre tuvo lugar la inauguraci\u00f3n de la exposici\u00f3n \u201cCalma y Tempestad a flor de piel\u201d, que reuni\u00f3 un conjunto de obras de las artistas pl\u00e1sticas Laura Herrero Crespo y Eva S\u00e1nchez Ramo, ambas licenciadas en Bellas <a href=\"https:\/\/niramart.com\/revista-magazine\/calma-y-tempestad-a-flor-de-piel\/\" class=\"excerpt-more\">[&#8230;]<\/a><\/p>\n<\/div>\n<div class=\"meta-pullout meta-left-pullout\">\n<ul>\n<li class=\"fix\"><span class=\"category\"><span class=\"icon\">&nbsp;<\/span> <a href=\"https:\/\/niramart.com\/revista-magazine\/category\/s5-articulos\/c39-articulos-espanol\/\" rel=\"category tag\">Articulos espa\u00f1ol<\/a>, <a href=\"https:\/\/niramart.com\/revista-magazine\/category\/bellas-artes\/\" rel=\"category tag\">Bellas Artes<\/a><\/span><\/li>\n<li class=\"fix\"><span class=\"tags tax\"><span class=\"icon\">&nbsp;<\/span>Tagged with: <a href=\"https:\/\/niramart.com\/revista-magazine\/tag\/bellas-artes-2\/\" rel=\"tag\">bellas artes<\/a>, <a href=\"https:\/\/niramart.com\/revista-magazine\/tag\/dibujo\/\" rel=\"tag\">dibujo<\/a>, <a href=\"https:\/\/niramart.com\/revista-magazine\/tag\/diego-vadillo-lopez\/\" rel=\"tag\">Diego Vadillo L\u00f3pez<\/a>, <a href=\"https:\/\/niramart.com\/revista-magazine\/tag\/eva-sanchez-ramo\/\" rel=\"tag\">Eva S\u00e1nchez Ramo<\/a>, <a href=\"https:\/\/niramart.com\/revista-magazine\/tag\/exposicion\/\" rel=\"tag\">Exposici\u00f3n<\/a>, <a href=\"https:\/\/niramart.com\/revista-magazine\/tag\/laura-herrero-crespo\/\" rel=\"tag\">Laura Herrero Crespo<\/a><\/span><\/li>\n<\/ul>\n<\/div>\n<\/div>\n<footer class=\"post-footer postdata fix\"><\/footer>\n<\/article>\n<article class=\"excerpt post-1234 post type-post status-publish format-standard hentry category-c38-noticias-revista tag-arte tag-dibujo tag-diego-vadillo-lopez tag-espacio-niram tag-eva-sanchez-ramo tag-exposicion tag-laura-herrero-crespo category-32-id post-seq-2 post-parity-even meta-position-left-pullout fix\" id=\"post-1234\">\n<header class=\"post-header title-container fix\">\n<div class=\"title\">\n<h2 class=\"posttitle\"><a href=\"https:\/\/niramart.com\/revista-magazine\/exposicion-de-dibujo-y-grabado-calma-y-tempestad-a-flor-de-piel\/\" class=\"entry-title\" rel=\"bookmark\" title=\"Exposici\u00f3n de dibujo y grabado \u201cCALMA Y TEMPESTAD \u2013 A FLOR DE PIEL\u201d\">Exposici\u00f3n de dibujo y grabado &#8220;CALMA Y TEMPESTAD &#8211; A FLOR DE PIEL&#8221;<\/a><\/h2>\n<\/div>\n<div class=\"date\"><span class=\"month\">Dec<\/span> <span class=\"day\">05<\/span><span class=\"year\">2013<\/span><\/div>\n<\/header>\n<p> <span class=\"post-format-icon\">&nbsp;<\/span><span class=\"updated\" title=\"2013-12-05T11:31:50+00:00\">&nbsp;<\/span><\/p>\n<div class=\"entry-container fix\">\n<div class=\"entry entry-content fix\">\n<p class=\"bch4dcbow065stdpy\">Las Galer\u00edas Ater de Espacio Niram organizan la exposici\u00f3n de dibujo y grabado &#8220;CALMA Y TEMPESTAD &#8211; A FLOR DE PIEL&#8221; de  Laura Herrero Crespo y Eva S\u00e1nchez Ramo, licenciadas en  Bellas Artes por la univ. Complutense de Madrid. El comisario de la exposici\u00f3n <a href=\"https:\/\/niramart.com\/revista-magazine\/exposicion-de-dibujo-y-grabado-calma-y-tempestad-a-flor-de-piel\/\" class=\"excerpt-more\">[&#8230;]<\/a><\/p>\n<\/div>\n<div class=\"meta-pullout meta-left-pullout\">\n<ul>\n<li class=\"fix\"><span class=\"category\"><span class=\"icon\">&nbsp;<\/span> <a href=\"https:\/\/niramart.com\/revista-magazine\/category\/c38-noticias-revista\/\" rel=\"category tag\">Noticias<\/a><\/span><\/li>\n<li class=\"fix\"><span class=\"tags tax\"><span class=\"icon\">&nbsp;<\/span>Tagged with: <a href=\"https:\/\/niramart.com\/revista-magazine\/tag\/arte\/\" rel=\"tag\">arte<\/a>, <a href=\"https:\/\/niramart.com\/revista-magazine\/tag\/dibujo\/\" rel=\"tag\">dibujo<\/a>, <a href=\"https:\/\/niramart.com\/revista-magazine\/tag\/diego-vadillo-lopez\/\" rel=\"tag\">Diego Vadillo L\u00f3pez<\/a>, <a href=\"https:\/\/niramart.com\/revista-magazine\/tag\/espacio-niram\/\" rel=\"tag\">espacio niram<\/a>, <a href=\"https:\/\/niramart.com\/revista-magazine\/tag\/eva-sanchez-ramo\/\" rel=\"tag\">Eva S\u00e1nchez Ramo<\/a>, <a href=\"https:\/\/niramart.com\/revista-magazine\/tag\/exposicion\/\" rel=\"tag\">Exposici\u00f3n<\/a>, <a href=\"https:\/\/niramart.com\/revista-magazine\/tag\/laura-herrero-crespo\/\" rel=\"tag\">Laura Herrero Crespo<\/a><\/span><\/li>\n<\/ul>\n<\/div>\n<\/div>\n<footer class=\"post-footer postdata fix\"><\/footer>\n<\/article>\n<\/div>\n<\/div>\n","protected":false,"raw":""},"excerpt":{"rendered":"<p>Calma y tempestad a flor de piel Dec 122013 [&hellip;]<\/p>\n","protected":false},"author":0,"featured_media":0,"parent":0,"menu_order":0,"comment_status":"closed","ping_status":"closed","template":"","meta":{"footnotes":""},"class_list":["post-348","page","type-page","status-publish","hentry"],"yoast_head":"<!-- This site is optimized with the Yoast SEO plugin v27.4 - https:\/\/yoast.com\/product\/yoast-seo-wordpress\/ -->\n<title>Laura Herrero Crespo \u00bb Niram Art Magazine<\/title>\n<meta name=\"robots\" content=\"index, follow, max-snippet:-1, max-image-preview:large, max-video-preview:-1\" \/>\n<link rel=\"canonical\" href=\"https:\/\/niramart.com\/revista-magazine\/tag\/laura-herrero-crespo\/\" \/>\n<meta property=\"og:type\" content=\"article\" \/>\n<meta property=\"og:title\" content=\"Laura Herrero Crespo \u00bb Niram Art Magazine\" \/>\n<meta property=\"og:description\" content=\"Calma y tempestad a flor de piel Dec 122013 [&hellip;]\" \/>\n<meta property=\"og:url\" content=\"https:\/\/niramart.com\/revista-magazine\/tag\/laura-herrero-crespo\/\" \/>\n<meta property=\"og:site_name\" content=\"Niram Art Magazine\" \/>\n<meta name=\"twitter:card\" content=\"summary_large_image\" \/>\n<meta name=\"twitter:label1\" content=\"Est. reading time\" \/>\n\t<meta name=\"twitter:data1\" content=\"1 minute\" \/>\n<!-- \/ Yoast SEO plugin. -->","yoast_head_json":{"title":"Laura Herrero Crespo \u00bb Niram Art Magazine","robots":{"index":"index","follow":"follow","max-snippet":"max-snippet:-1","max-image-preview":"max-image-preview:large","max-video-preview":"max-video-preview:-1"},"canonical":"https:\/\/niramart.com\/revista-magazine\/tag\/laura-herrero-crespo\/","og_type":"article","og_title":"Laura Herrero Crespo \u00bb Niram Art Magazine","og_description":"Calma y tempestad a flor de piel Dec 122013 [&hellip;]","og_url":"https:\/\/niramart.com\/revista-magazine\/tag\/laura-herrero-crespo\/","og_site_name":"Niram Art Magazine","twitter_card":"summary_large_image","twitter_misc":{"Est. reading time":"1 minute"}},"_links":{"self":[{"href":"https:\/\/niramart.com\/revista-magazine\/wp-json\/wp\/v2\/pages\/348","targetHints":{"allow":["GET"]}}],"collection":[{"href":"https:\/\/niramart.com\/revista-magazine\/wp-json\/wp\/v2\/pages"}],"about":[{"href":"https:\/\/niramart.com\/revista-magazine\/wp-json\/wp\/v2\/types\/page"}],"replies":[{"embeddable":true,"href":"https:\/\/niramart.com\/revista-magazine\/wp-json\/wp\/v2\/comments?post=348"}],"version-history":[{"count":0,"href":"https:\/\/niramart.com\/revista-magazine\/wp-json\/wp\/v2\/pages\/348\/revisions"}],"wp:attachment":[{"href":"https:\/\/niramart.com\/revista-magazine\/wp-json\/wp\/v2\/media?parent=348"}],"curies":[{"name":"wp","href":"https:\/\/api.w.org\/{rel}","templated":true}]}}