{"id":342,"date":"2024-04-01T07:41:23","date_gmt":"2024-04-01T07:41:23","guid":{"rendered":"https:\/\/niramart.com\/revista-magazine\/i-jornadas-complutenses-de-ciencia-ficcion-3\/"},"modified":"2024-04-01T07:41:23","modified_gmt":"2024-04-01T07:41:23","slug":"i-jornadas-complutenses-de-ciencia-ficcion-3","status":"publish","type":"page","link":"https:\/\/niramart.com\/revista-magazine\/tag\/jornadas-complutenses-de-ciencia-ficcion\/","title":{"rendered":"I JORNADAS COMPLUTENSES DE CIENCIA FICCI\u00d3N"},"content":{"rendered":"<div id=\"main-col\">\n<div id=\"content\" class=\"hfeed\">\n<article class=\"excerpt post-989 post type-post status-publish format-standard hentry category-c38-noticias-revista tag-eduardo-vaquerizo tag-fabianni-belemuski tag-fernando-angel-moreno tag-jornadas-complutenses-de-ciencia-ficcion tag-mariano-martin-rodriguez category-32-id post-seq-1 post-parity-odd meta-position-left-pullout fix\" id=\"post-989\">\n<header class=\"post-header title-container fix\">\n<div class=\"title\">\n<h2 class=\"posttitle\"><a href=\"https:\/\/niramart.com\/revista-magazine\/i-jornadas-complutenses-de-ciencia-ficcion\/\" class=\"entry-title\" rel=\"bookmark\" title=\"I JORNADAS COMPLUTENSES DE CIENCIA FICCI\u00d3N\">I JORNADAS COMPLUTENSES DE CIENCIA FICCI\u00d3N<\/a><\/h2>\n<\/div>\n<div class=\"date\"><span class=\"month\">May<\/span> <span class=\"day\">23<\/span><span class=\"year\">2013<\/span><\/div>\n<\/header>\n<p> <span class=\"post-format-icon\">&nbsp;<\/span><span class=\"updated\" title=\"2013-05-23T17:11:32+00:00\">&nbsp;<\/span><\/p>\n<div class=\"entry-container fix\">\n<div class=\"entry entry-content fix\">\n<p class=\"bch4dcbow065stdpy\">El viernes 24 de mayo de 2013, a las 18.30 horas tendr\u00e1 lugar en la Facultad de Ciencias de la Informaci\u00f3n de la Universidad Complutense, la primera edici\u00f3n de las Jornadas Complutenses de Ciencia Ficci\u00f3n. Las jornadas, organizadas por la revista Niram Art en <a href=\"https:\/\/niramart.com\/revista-magazine\/i-jornadas-complutenses-de-ciencia-ficcion\/\" class=\"excerpt-more\">[&#8230;]<\/a><\/p>\n<\/div>\n<div class=\"meta-pullout meta-left-pullout\">\n<ul>\n<li class=\"fix\"><span class=\"category\"><span class=\"icon\">&nbsp;<\/span> <a href=\"https:\/\/niramart.com\/revista-magazine\/category\/c38-noticias-revista\/\" rel=\"category tag\">Noticias<\/a><\/span><\/li>\n<li class=\"fix\"><span class=\"tags tax\"><span class=\"icon\">&nbsp;<\/span>Tagged with: <a href=\"https:\/\/niramart.com\/revista-magazine\/tag\/eduardo-vaquerizo\/\" rel=\"tag\">Eduardo Vaquerizo<\/a>, <a href=\"https:\/\/niramart.com\/revista-magazine\/tag\/fabianni-belemuski\/\" rel=\"tag\">fabianni belemuski<\/a>, <a href=\"https:\/\/niramart.com\/revista-magazine\/tag\/fernando-angel-moreno\/\" rel=\"tag\">Fernando \u00c1ngel Moreno<\/a>, <a href=\"https:\/\/niramart.com\/revista-magazine\/tag\/jornadas-complutenses-de-ciencia-ficcion\/\" rel=\"tag\">JORNADAS COMPLUTENSES DE CIENCIA FICCI\u00d3N<\/a>, <a href=\"https:\/\/niramart.com\/revista-magazine\/tag\/mariano-martin-rodriguez\/\" rel=\"tag\">Mariano Mart\u00edn Rodr\u00edguez<\/a><\/span><\/li>\n<\/ul>\n<\/div>\n<\/div>\n<footer class=\"post-footer postdata fix\"><\/footer>\n<\/article>\n<\/div>\n<\/div>\n","protected":false,"raw":""},"excerpt":{"rendered":"<p>I JORNADAS COMPLUTENSES DE CIENCIA FICCI\u00d3N May 232013 &nbsp;&nbsp; [&hellip;]<\/p>\n","protected":false},"author":0,"featured_media":0,"parent":0,"menu_order":0,"comment_status":"closed","ping_status":"closed","template":"","meta":{"footnotes":""},"class_list":["post-342","page","type-page","status-publish","hentry"],"yoast_head":"<!-- This site is optimized with the Yoast SEO plugin v27.4 - https:\/\/yoast.com\/product\/yoast-seo-wordpress\/ -->\n<title>JORNADAS COMPLUTENSES DE CIENCIA FICCI\u00d3N \u00bb Niram Art Magazine<\/title>\n<meta name=\"robots\" content=\"index, follow, max-snippet:-1, max-image-preview:large, max-video-preview:-1\" \/>\n<link rel=\"canonical\" href=\"https:\/\/niramart.com\/revista-magazine\/tag\/jornadas-complutenses-de-ciencia-ficcion\/\" \/>\n<meta property=\"og:type\" content=\"article\" \/>\n<meta property=\"og:title\" content=\"JORNADAS COMPLUTENSES DE CIENCIA FICCI\u00d3N \u00bb Niram Art Magazine\" \/>\n<meta property=\"og:description\" content=\"I JORNADAS COMPLUTENSES DE CIENCIA FICCI\u00d3N May 232013 &nbsp;&nbsp; [&hellip;]\" \/>\n<meta property=\"og:url\" content=\"https:\/\/niramart.com\/revista-magazine\/tag\/jornadas-complutenses-de-ciencia-ficcion\/\" \/>\n<meta property=\"og:site_name\" content=\"Niram Art Magazine\" \/>\n<meta name=\"twitter:card\" content=\"summary_large_image\" \/>\n<!-- \/ Yoast SEO plugin. -->","yoast_head_json":{"title":"JORNADAS COMPLUTENSES DE CIENCIA FICCI\u00d3N \u00bb Niram Art Magazine","robots":{"index":"index","follow":"follow","max-snippet":"max-snippet:-1","max-image-preview":"max-image-preview:large","max-video-preview":"max-video-preview:-1"},"canonical":"https:\/\/niramart.com\/revista-magazine\/tag\/jornadas-complutenses-de-ciencia-ficcion\/","og_type":"article","og_title":"JORNADAS COMPLUTENSES DE CIENCIA FICCI\u00d3N \u00bb Niram Art Magazine","og_description":"I JORNADAS COMPLUTENSES DE CIENCIA FICCI\u00d3N May 232013 &nbsp;&nbsp; [&hellip;]","og_url":"https:\/\/niramart.com\/revista-magazine\/tag\/jornadas-complutenses-de-ciencia-ficcion\/","og_site_name":"Niram Art Magazine","twitter_card":"summary_large_image"},"_links":{"self":[{"href":"https:\/\/niramart.com\/revista-magazine\/wp-json\/wp\/v2\/pages\/342","targetHints":{"allow":["GET"]}}],"collection":[{"href":"https:\/\/niramart.com\/revista-magazine\/wp-json\/wp\/v2\/pages"}],"about":[{"href":"https:\/\/niramart.com\/revista-magazine\/wp-json\/wp\/v2\/types\/page"}],"replies":[{"embeddable":true,"href":"https:\/\/niramart.com\/revista-magazine\/wp-json\/wp\/v2\/comments?post=342"}],"version-history":[{"count":0,"href":"https:\/\/niramart.com\/revista-magazine\/wp-json\/wp\/v2\/pages\/342\/revisions"}],"wp:attachment":[{"href":"https:\/\/niramart.com\/revista-magazine\/wp-json\/wp\/v2\/media?parent=342"}],"curies":[{"name":"wp","href":"https:\/\/api.w.org\/{rel}","templated":true}]}}