{"id":336,"date":"2024-04-01T07:41:22","date_gmt":"2024-04-01T07:41:22","guid":{"rendered":"https:\/\/niramart.com\/revista-magazine\/foto-reportaje-exposicion-baruch-elron-en-israel-2\/"},"modified":"2024-04-01T07:41:22","modified_gmt":"2024-04-01T07:41:22","slug":"foto-reportaje-exposicion-baruch-elron-en-israel-2","status":"publish","type":"page","link":"https:\/\/niramart.com\/revista-magazine\/tag\/israel\/","title":{"rendered":"Foto-reportaje: Exposici\u00f3n Baruch Elron en Israel"},"content":{"rendered":"<div id=\"main-col\">\n<div id=\"content\" class=\"hfeed\">\n<article class=\"excerpt post-986 post type-post status-publish format-standard hentry category-c39-articulos-espanol category-c38-noticias-revista tag-baruch-elron tag-exposicion tag-israel tag-pintura category-18-id category-32-id post-seq-1 post-parity-odd meta-position-left-pullout fix\" id=\"post-986\">\n<header class=\"post-header title-container fix\">\n<div class=\"title\">\n<h2 class=\"posttitle\"><a href=\"https:\/\/niramart.com\/revista-magazine\/foto-reportaje-exposicion-baruch-elron-en-israel\/\" class=\"entry-title\" rel=\"bookmark\" title=\"Foto-reportaje: Exposici\u00f3n Baruch Elron en Israel\">Foto-reportaje: Exposici\u00f3n Baruch Elron en Israel<\/a><\/h2>\n<\/div>\n<div class=\"date\"><span class=\"month\">May<\/span> <span class=\"day\">18<\/span><span class=\"year\">2013<\/span><\/div>\n<\/header>\n<p> <span class=\"post-format-icon\">&nbsp;<\/span><span class=\"updated\" title=\"2013-05-18T10:30:33+00:00\">&nbsp;<\/span><\/p>\n<div class=\"entry-container fix\">\n<div class=\"entry entry-content fix\">\n<p class=\"bch4dcbow065stdpy\">Galeria Municipal de Afula, Israel, curadora Ruthie Kalimi, 8 de mayo del 2013  M\u00e1s: Niram Art Israel<\/p>\n<\/div>\n<div class=\"meta-pullout meta-left-pullout\">\n<ul>\n<li class=\"fix\"><span class=\"category\"><span class=\"icon\">&nbsp;<\/span> <a href=\"https:\/\/niramart.com\/revista-magazine\/category\/s5-articulos\/c39-articulos-espanol\/\" rel=\"category tag\">Articulos espa\u00f1ol<\/a>, <a href=\"https:\/\/niramart.com\/revista-magazine\/category\/c38-noticias-revista\/\" rel=\"category tag\">Noticias<\/a><\/span><\/li>\n<li class=\"fix\"><span class=\"tags tax\"><span class=\"icon\">&nbsp;<\/span>Tagged with: <a href=\"https:\/\/niramart.com\/revista-magazine\/tag\/baruch-elron\/\" rel=\"tag\">Baruch Elron<\/a>, <a href=\"https:\/\/niramart.com\/revista-magazine\/tag\/exposicion\/\" rel=\"tag\">Exposici\u00f3n<\/a>, <a href=\"https:\/\/niramart.com\/revista-magazine\/tag\/israel\/\" rel=\"tag\">israel<\/a>, <a href=\"https:\/\/niramart.com\/revista-magazine\/tag\/pintura\/\" rel=\"tag\">pintura<\/a><\/span><\/li>\n<\/ul>\n<\/div>\n<\/div>\n<footer class=\"post-footer postdata fix\"><\/footer>\n<\/article>\n<article class=\"excerpt post-256 post type-post status-publish format-standard hentry category-c39-articulos-espanol category-literatura category-c57-no-3-4-2012 tag-hebreo tag-israel tag-judaismo tag-judio tag-niram-art category-18-id category-120-id category-29-id post-seq-2 post-parity-even meta-position-left-pullout fix\" id=\"post-256\">\n<header class=\"post-header title-container fix\">\n<div class=\"title\">\n<h2 class=\"posttitle\"><a href=\"https:\/\/niramart.com\/revista-magazine\" class=\"entry-title\" rel=\"bookmark\" title=\"LO JUD\u00cdO, LO HEBREO Y LO ISRAEL\u00cd\">LO JUD\u00cdO, LO HEBREO Y LO ISRAEL\u00cd<\/a><\/h2>\n<\/div>\n<div class=\"date\"><span class=\"month\">Feb<\/span> <span class=\"day\">01<\/span><span class=\"year\">2012<\/span><\/div>\n<\/header>\n<p> <span class=\"post-format-icon\">&nbsp;<\/span><span class=\"updated\" title=\"2012-02-01T19:59:34+00:00\">&nbsp;<\/span><\/p>\n<div class=\"entry-container fix\">\n<div class=\"entry entry-content fix\">\n<p class=\"bch4dcbow065stdpy\"><strong>Por Diego Vadillo L\u00f3pez<\/strong><\/p>\n<p class=\"bch4dcbow065stdpy\"><strong><br class=\"bch4dcbow065stdpy\"\/><em>Licenciado en Ciencias Pol\u00edticas y de la Administraci\u00f3n por la Universidad Complutense de Madrid en la especialidad de Relaciones Internacionales<\/em><br class=\"bch4dcbow065stdpy\"\/><\/strong><\/p>\n<p class=\"bch4dcbow065stdpy\">\n<p class=\"bch4dcbow065stdpy\">Habitualmente se suele producir una confusi\u00f3n entre lo jud\u00edo, lo hebreo y lo israel\u00ed. Se equiparan los tres conceptos y se emplean como sin\u00f3nimos con suma frecuencia, incurri\u00e9ndose en errores que, por nimios que puedan parecer, son de bulto.<\/p>\n<p class=\"bch4dcbow065stdpy\">Se suele producir un fen\u00f3meno que podr\u00edamos calificar de sinecd\u00f3quico en el sentido de emplearse habitualmente la parte por el todo. Por ello, trataremos de arrojar cierta luz al respecto a lo largo de las l\u00edneas que siguen a \u00e9stas.<\/p>\n<p class=\"bch4dcbow065stdpy\">Habitada por una peque\u00f1a comunidad en la antigua \u00e9poca de las grandes civilizaciones anteriores a nuestra era, Israel ocupaba un papel de mera tierra de paso. En dicho contexto, y de forma m\u00e1s racional que m\u00edtica, brotar\u00edan las sagas, que parafraseaban a los patriarcas del pasado, las cuales propiciar\u00edan la aparici\u00f3n del juda\u00edsmo, primera religi\u00f3n monote\u00edsta que tanta vigencia sigue teniendo en nuestros d\u00edas.<\/p>\n<p class=\"bch4dcbow065stdpy\">\n<\/div>\n<div class=\"meta-pullout meta-left-pullout\">\n<ul>\n<li class=\"fix\"><span class=\"category\"><span class=\"icon\">&nbsp;<\/span> <a href=\"https:\/\/niramart.com\/revista-magazine\/category\/s5-articulos\/c39-articulos-espanol\/\" rel=\"category tag\">Articulos espa\u00f1ol<\/a>, <a href=\"https:\/\/niramart.com\/revista-magazine\/category\/literatura\/\" rel=\"category tag\">Literatura<\/a>, <a href=\"https:\/\/niramart.com\/revista-magazine\/category\/s5-articulos\/c57-no-3-4-2012\/\" rel=\"category tag\">N\u00ba 3 &#8211; 4, 2012<\/a><\/span><\/li>\n<li class=\"fix\"><span class=\"tags tax\"><span class=\"icon\">&nbsp;<\/span>Tagged with: <a href=\"https:\/\/niramart.com\/revista-magazine\" rel=\"tag\">hebreo<\/a>, <a href=\"https:\/\/niramart.com\/revista-magazine\/tag\/israel\/\" rel=\"tag\">israel<\/a>, <a href=\"https:\/\/niramart.com\/revista-magazine\" rel=\"tag\">judaismo<\/a>, <a href=\"https:\/\/niramart.com\/revista-magazine\" rel=\"tag\">jud\u00edo<\/a>, <a href=\"https:\/\/niramart.com\/revista-magazine\/tag\/niram-art\/\" rel=\"tag\">niram art<\/a><\/span><\/li>\n<\/ul>\n<\/div>\n<\/div>\n<footer class=\"post-footer postdata fix\"><\/footer>\n<\/article>\n<article class=\"excerpt post-166 post type-post status-publish format-standard hentry category-c40-english category-c50-1-2-2011 tag-eran-eisen tag-hebrew tag-israel tag-poems category-17-id category-23-id post-seq-3 post-parity-odd meta-position-left-pullout fix\" id=\"post-166\">\n<header class=\"post-header title-container fix\">\n<div class=\"title\">\n<h2 class=\"posttitle\"><a href=\"https:\/\/niramart.com\/revista-magazine\/between-eran-eisen-and-us\/\" class=\"entry-title\" rel=\"bookmark\" title=\"Between Eran Eisen and Us\">Between Eran Eisen and Us<\/a><\/h2>\n<\/div>\n<div class=\"date\"><span class=\"month\">Mar<\/span> <span class=\"day\">01<\/span><span class=\"year\">2011<\/span><\/div>\n<\/header>\n<p> <span class=\"post-format-icon\">&nbsp;<\/span><span class=\"updated\" title=\"2011-03-01T00:00:00+00:00\">&nbsp;<\/span><\/p>\n<div class=\"entry-container fix\">\n<div class=\"entry entry-content fix\">\n<p class=\"bch4dcbow065stdpy\"><!--[if !mso]> <mce:style><!  v:* {behavior:url(#default#VML);} o:* {behavior:url(#default#VML);} b:* {behavior:url(#default#VML);} .shape {behavior:url(#default#VML);} --> <!--[endif]--><!--[if pub]><xml> <b:Publication type=\"OplPub\" oty=\"68\" oh=\"256\"> <b:OhPrintBlock priv=\"30E\">281<\/b:OhPrintBlock> <b:NuDefaultUnits priv=\"1004\">1<\/b:NuDefaultUnits> <b:DptlPageDimensions type=\"OplPt\" priv=\"1211\"> <b:Xl priv=\"104\">7560000<\/b:Xl> <b:Yl priv=\"204\">10692000<\/b:Yl> <\/b:DptlPageDimensions> <b:DxlDefaultTab priv=\"1504\">359410<\/b:DxlDefaultTab> <b:OhGallery priv=\"180E\">259<\/b:OhGallery> <b:OhFancyBorders priv=\"190E\">261<\/b:OhFancyBorders> <b:OhCaptions priv=\"1A0E\">257<\/b:OhCaptions> <b:OhQuillDoc priv=\"200E\">276<\/b:OhQuillDoc> <b:OhMailMergeData priv=\"210E\">262<\/b:OhMailMergeData> <b:OhColorScheme priv=\"220E\">279<\/b:OhColorScheme> <b:DwNextUniqueOid priv=\"2304\">1<\/b:DwNextUniqueOid> <b:IdentGUID priv=\"2A07\">0``````````````````````<\/b:IdentGUID> <b:DpgSpecial priv=\"2C03\">5<\/b:DpgSpecial> <b:CTimesEdited priv=\"3C04\">1<\/b:CTimesEdited> <b:NuDefaultUnitsEx priv=\"4104\">1<\/b:NuDefaultUnitsEx> <b:OhImpositionEngine priv=\"440E\">285<\/b:OhImpositionEngine> <\/b:Publication> <b:PrinterInfo type=\"OplPrb\" oty=\"75\" oh=\"281\"> <b:OhColorSepBlock priv=\"30E\">282<\/b:OhColorSepBlock> <b:OpmOutsidePrintMode priv=\"B04\">1<\/b:OpmOutsidePrintMode> <b:FInitComplete priv=\"1400\">False<\/b:FInitComplete> <b:DpiX priv=\"2203\">0<\/b:DpiX> <b:DpiY priv=\"2303\">0<\/b:DpiY> <b:DxlOverlap priv=\"2404\">0<\/b:DxlOverlap> <b:DylOverlap priv=\"2504\">0<\/b:DylOverlap> <\/b:PrinterInfo> <b:ColorSeperationInfo type=\"OplCsb\" oty=\"79\" oh=\"282\"> <b:Plates type=\"OplCsp\" priv=\"214\"> <b:OplCsp type=\"OplCsp\" priv=\"11\"> <b:EcpPlate type=\"OplEcp\" priv=\"213\"> <b:Color priv=\"104\">-1<\/b:Color> <\/b:EcpPlate> <\/b:OplCsp> <\/b:Plates> <b:DzlOverprintMost priv=\"304\">304800<\/b:DzlOverprintMost> <b:CprOverprintMin priv=\"404\">243<\/b:CprOverprintMin> <b:FKeepawayTrap priv=\"700\">True<\/b:FKeepawayTrap> <b:CprTrapMin1 priv=\"904\">128<\/b:CprTrapMin1> <b:CprTrapMin2 priv=\"A04\">77<\/b:CprTrapMin2> <b:CprKeepawayMin priv=\"B04\">255<\/b:CprKeepawayMin> <b:DzlTrap priv=\"C04\">3175<\/b:DzlTrap> <b:DzlIndTrap priv=\"D04\">3175<\/b:DzlIndTrap> <b:PctCenterline priv=\"E04\">70<\/b:PctCenterline> <b:FMarksRegistration priv=\"F00\">True<\/b:FMarksRegistration> <b:FMarksJob priv=\"1000\">True<\/b:FMarksJob> <b:FMarksDensity priv=\"1100\">True<\/b:FMarksDensity> <b:FMarksColor priv=\"1200\">True<\/b:FMarksColor> <b:FLineScreenDefault priv=\"1300\">True<\/b:FLineScreenDefault> <\/b:ColorSeperationInfo> <b:TextDocProperties type=\"OplDocq\" oty=\"91\" oh=\"276\"> <b:OhPlcqsb priv=\"20E\">278<\/b:OhPlcqsb> <b:EcpSplitMenu type=\"OplEcp\" priv=\"A13\"> <b:Color>134217728<\/b:Color> <\/b:EcpSplitMenu> <\/b:TextDocProperties> <b:StoryBlock type=\"OplPlcQsb\" oty=\"101\" oh=\"278\"> <b:IqsbMax priv=\"104\">1<\/b:IqsbMax> <b:Rgqsb type=\"OplQsb\" priv=\"214\"> <b:OplQsb type=\"OplQsb\" priv=\"11\"> <b:Qsid priv=\"104\">48<\/b:Qsid> <b:TomfCopyfitBase priv=\"80B\">-9999996.000000<\/b:TomfCopyfitBase> <b:TomfCopyfitBase2 priv=\"90B\">-9999996.000000<\/b:TomfCopyfitBase2> <\/b:OplQsb> <\/b:Rgqsb> <\/b:StoryBlock> <b:ColorScheme type=\"OplSccm\" oty=\"92\" oh=\"279\"> <b:Cecp priv=\"104\">8<\/b:Cecp> <b:Rgecp type=\"OplEcp\" priv=\"214\"> <b:OplEcp priv=\"F\">Empty<\/b:OplEcp> <b:OplEcp type=\"OplEcp\" priv=\"111\"> <b:Color>16711680<\/b:Color> <\/b:OplEcp> <b:OplEcp type=\"OplEcp\" priv=\"211\"> <b:Color>52479<\/b:Color> <\/b:OplEcp> <b:OplEcp type=\"OplEcp\" priv=\"311\"> <b:Color>26367<\/b:Color> <\/b:OplEcp> <b:OplEcp type=\"OplEcp\" priv=\"411\"> <b:Color>13421772<\/b:Color> <\/b:OplEcp> <b:OplEcp type=\"OplEcp\" priv=\"511\"> <b:Color>16737792<\/b:Color> <\/b:OplEcp> <b:OplEcp type=\"OplEcp\" priv=\"611\"> <b:Color>13382502<\/b:Color> <\/b:OplEcp> <b:OplEcp type=\"OplEcp\" priv=\"711\"> <b:Color>16777215<\/b:Color> <\/b:OplEcp> <\/b:Rgecp> <b:FUserOwnsScheme priv=\"500\">True<\/b:FUserOwnsScheme> <b:SzSchemeName priv=\"618\">Azulejo<\/b:SzSchemeName> <\/b:ColorScheme> <![if pub11]> <![endif]> <\/xml><![endif]--><!--[if pub]><xml> <b:Page type=\"OplPd\" oty=\"67\" oh=\"265\"> <b:PtlvOrigin type=\"OplPt\" priv=\"511\"> <b:Xl>22858575<\/b:Xl> <b:Yl>22852950<\/b:Yl> <\/b:PtlvOrigin> <b:Oid priv=\"605\">(`@`````````<\/b:Oid> <b:OhoplWebPageProps priv=\"90E\">266<\/b:OhoplWebPageProps> <b:OhpdMaster priv=\"D0D\">263<\/b:OhpdMaster> <b:PgtType priv=\"1004\">5<\/b:PgtType> <b:PtlvOriginEx type=\"OplPt\" priv=\"1111\"> <b:Xl>110183775<\/b:Xl> <b:Yl>110178150<\/b:Yl> <\/b:PtlvOriginEx> <\/b:Page> <\/xml><![endif]--><!--[if gte mso 9]><xml> <o:shapedefaults v:ext=\"edit\" spidmax=\"3075\" fill=\"f\" fillcolor=\"white [7]\"   strokecolor=\"black [0]\"> <v:fill color=\"white [7]\" color2=\"white [7]\" on=\"f\" \/> <v:stroke color=\"black [0]\" color2=\"white [7]\"> <o:left v:ext=\"view\" color=\"black [0]\" color2=\"white [7]\" \/> <o:top v:ext=\"view\" color=\"black [0]\" color2=\"white [7]\" \/> <o:right v:ext=\"view\" color=\"black [0]\" color2=\"white [7]\" \/> <o:bottom v:ext=\"view\" color=\"black [0]\" color2=\"white [7]\" \/> <o:column v:ext=\"view\" color=\"black [0]\" color2=\"white [7]\" \/> <\/v:stroke> <v:shadow color=\"#ccc [4]\" \/> <v:textbox inset=\"2.88pt,2.88pt,2.88pt,2.88pt\" \/> <o:colormenu v:ext=\"edit\" fillcolor=\"blue [1]\" strokecolor=\"black [0]\"    shadowcolor=\"#ccc [4]\" \/> <\/o:shapedefaults><o:shapelayout v:ext=\"edit\"> <o:idmap v:ext=\"edit\" data=\"1\" \/> <\/o:shapelayout><\/xml><![endif]--><\/p>\n<p class=\"MsoNormal\" style=\"line-height: 150%; text-align: justify;\"><span style=\"font-size: 9pt; line-height: 150%;\" lang=\"en-US\"><img loading=\"lazy\" decoding=\"async\" src=\"https:\/\/niramart.com\/revista-magazine\/files\/wp-content\/uploads\/2011\/02\/image1-2-300x168.jpg\" border=\"0\" alt=\"Eran Eisen\" width=\"300\" height=\"168\" style=\"float: left;\"\/><strong>by H\u00e9ctor Mart\u00ednez Sanz<\/strong><\/span><\/p>\n<p class=\"MsoNormal\" style=\"line-height: 150%; text-align: justify;\"><span style=\"font-size: 9pt; line-height: 150%;\" lang=\"en-US\">In 2000, <\/span><span style=\"font-size: 9pt; line-height: 150%; font-weight: bold;\" lang=\"en-US\">Eran Eisen<\/span><span style=\"font-size: 9pt; line-height: 150%;\" lang=\"en-US\"> published his book of poems <\/span><span style=\"font-size: 9pt; line-height: 150%; font-style: italic; font-weight: bold;\" lang=\"en-US\">Between Us,<\/span><span style=\"font-size: 9pt; line-height: 150%;\" lang=\"en-US\"> a biographical versified essay on romantic experiences. I read several of these poems in <\/span><span style=\"font-size: 9pt; line-height: 150%; font-style: italic; font-weight: bold;\" lang=\"en-US\">Niram Art<\/span><span style=\"font-size: 9pt; line-height: 150%;\" lang=\"en-US\"> magazine (N\u00ba15-16), 9 years after their publication. More than ever, I found precision of the expression and of the use of language. Eran Eisen exemplifies with his poetry the constant battle of the poem with the word, the struggle between emotion and reason. And it is not casual, as one is about to discover.<\/span><\/p>\n<p class=\"MsoNormal\" style=\"line-height: 150%; text-align: justify;\"><span style=\"font-size: 9pt; line-height: 150%;\" lang=\"en-US\">&nbsp; <\/span><\/p>\n<p class=\"MsoNormal\" style=\"line-height: 150%; text-align: justify;\"><span style=\"font-size: 9pt; line-height: 150%;\" lang=\"en-US\">Eran Eisen is a genuine strategist of writing. In <\/span><a href=\"http:\/\/www.eraneisen.com\/\"><span style=\"font-size: 9pt; line-height: 150%; font-style: italic; font-weight: bold; text-decoration: underline;\">Present You<\/span><\/a><span style=\"font-size: 9pt; line-height: 150%;\" lang=\"en-US\">, his business website, I found a text entitled \u201cBusiness Writing\u201d, in which he pedagogically instructs us on the use of the expression and language and their consequences on our objectives. This is where one understands that writing can be a powerful tool when properly mastered. <\/span><\/p>\n<\/div>\n<div class=\"meta-pullout meta-left-pullout\">\n<ul>\n<li class=\"fix\"><span class=\"category\"><span class=\"icon\">&nbsp;<\/span> <a href=\"https:\/\/niramart.com\/revista-magazine\/category\/s5-articulos\/c40-english\/\" rel=\"category tag\">English articles<\/a>, <a href=\"https:\/\/niramart.com\/revista-magazine\/category\/s5-articulos\/c50-1-2-2011\/\" rel=\"category tag\">N\u00ba 1 &#8211; 2, 2011<\/a><\/span><\/li>\n<li class=\"fix\"><span class=\"tags tax\"><span class=\"icon\">&nbsp;<\/span>Tagged with: <a href=\"https:\/\/niramart.com\/revista-magazine\/tag\/eran-eisen\/\" rel=\"tag\">eran eisen<\/a>, <a href=\"https:\/\/niramart.com\/revista-magazine\/tag\/hebrew\/\" rel=\"tag\">hebrew<\/a>, <a href=\"https:\/\/niramart.com\/revista-magazine\/tag\/israel\/\" rel=\"tag\">israel<\/a>, <a href=\"https:\/\/niramart.com\/revista-magazine\/tag\/poems\/\" rel=\"tag\">poems<\/a><\/span><\/li>\n<\/ul>\n<\/div>\n<\/div>\n<footer class=\"post-footer postdata fix\"><\/footer>\n<\/article>\n<article class=\"excerpt post-135 post type-post status-publish format-standard hentry category-c42-articulos-romana category-c53-no-5-6-2010 tag-israel tag-maia-morgenstern category-16-id category-25-id post-seq-4 post-parity-even meta-position-left-pullout fix\" id=\"post-135\">\n<header class=\"post-header title-container fix\">\n<div class=\"title\">\n<h2 class=\"posttitle\"><a href=\"https:\/\/niramart.com\/revista-magazine\/carnetul-unui-indragostit-doua-iubiri\/\" class=\"entry-title\" rel=\"bookmark\" title=\"CARNETUL UNUI INDRAGOSTIT \u2013 DOUA IUBIRI\">CARNETUL UNUI INDRAGOSTIT &#8211; DOUA IUBIRI<\/a><\/h2>\n<\/div>\n<div class=\"date\"><span class=\"month\">Aug<\/span> <span class=\"day\">21<\/span><span class=\"year\">2010<\/span><\/div>\n<\/header>\n<p> <span class=\"post-format-icon\">&nbsp;<\/span><span class=\"updated\" title=\"2010-08-21T17:25:48+00:00\">&nbsp;<\/span><\/p>\n<div class=\"entry-container fix\">\n<div class=\"entry entry-content fix\">\n<p class=\"MsoNormal\" style=\"text-align: justify; line-height: 150%;\"><img loading=\"lazy\" decoding=\"async\" src=\"https:\/\/niramart.com\/revista-magazine\/files\/2010\/08\/maia_morgenstern_5.jpg\" border=\"0\" alt=\"Maia Morgestern\" width=\"285\" height=\"220\" style=\"border: 4px solid black; float: left; margin: 4px;\"\/><span style=\"font-size: 12pt; line-height: 175%; font-family: &quot;Times New Roman&quot;,&quot;serif&quot;;\" lang=\"IT\">&nbsp; <\/span><\/p>\n<p class=\"MsoNormal\" style=\"text-align: justify; line-height: 150%;\"><span style=\"font-size: 12pt; line-height: 175%; font-family: &quot;Times New Roman&quot;,&quot;serif&quot;;\" lang=\"IT\">de <span class=\"bch4dcbow065stdpy\">&nbsp; <\/span>RONI CACIULARU<span class=\"bch4dcbow065stdpy\">&nbsp; <\/span><\/span><\/p>\n<p class=\"MsoNormal\" style=\"text-align: justify; line-height: 150%;\"><span style=\"font-size: 12pt; line-height: 150%; font-family: &quot;Times New Roman&quot;,&quot;serif&quot;;\">Doua actrite evreice, prin fericite intamplari pentru mine, mi s-au infatisat, retrospectiv, pe retina inimii si a gandului, intr-o bogata euforie estetica. Este vorba despre  marea doamna a teatrului <em>Habima<\/em>, <strong>Lia Kenig<\/strong>,  regina a artei teatrale de oriunde, vorbitoare si de limba romana, precum si de un alt  <em>monstru sacru<\/em>, de data asta &#8211;  al scenei si ecranului romanesti, <strong>Maia Morgenstern<\/strong>, deja un nume in lumea mare, cu toata modestia ce si-o asuma aratand ca este un artist in devenire (nimeni nu-i decat \u201cin devenire\u201d, dar, mai ales, marii artisti!). Despre ambele actrite au curs pe pagini imaculate rauri de cerneala. Atunci de ce ma mai aflu si eu in treaba?! Simplu. Pentru ca le iubesc. Si cand iubesc, nu pot sa nu vorbesc. Sa ma asculte insa numai cine vrea\u2026<\/span><\/p>\n<p class=\"MsoNormal\" style=\"text-align: justify; line-height: 150%;\"><span style=\"font-size: 12pt; line-height: 150%; font-family: &quot;Times New Roman&quot;,&quot;serif&quot;;\">&nbsp; <\/span><\/p>\n<\/div>\n<div class=\"meta-pullout meta-left-pullout\">\n<ul>\n<li class=\"fix\"><span class=\"category\"><span class=\"icon\">&nbsp;<\/span> <a href=\"https:\/\/niramart.com\/revista-magazine\/category\/s5-articulos\/c42-articulos-romana\/\" rel=\"category tag\">Articole in limba romana<\/a>, <a href=\"https:\/\/niramart.com\/revista-magazine\/category\/s5-articulos\/c53-no-5-6-2010\/\" rel=\"category tag\">N\u00ba 5 &#8211; 6, 2010<\/a><\/span><\/li>\n<li class=\"fix\"><span class=\"tags tax\"><span class=\"icon\">&nbsp;<\/span>Tagged with: <a href=\"https:\/\/niramart.com\/revista-magazine\/tag\/israel\/\" rel=\"tag\">israel<\/a>, <a href=\"https:\/\/niramart.com\/revista-magazine\/tag\/maia-morgenstern\/\" rel=\"tag\">maia morgenstern<\/a><\/span><\/li>\n<\/ul>\n<\/div>\n<\/div>\n<footer class=\"post-footer postdata fix\"><\/footer>\n<\/article>\n<article class=\"excerpt post-134 post type-post status-publish format-standard hentry category-c42-articulos-romana category-c53-no-5-6-2010 tag-israel tag-magen-david tag-steaua-lui-david category-16-id category-25-id post-seq-5 post-parity-odd meta-position-left-pullout fix\" id=\"post-134\">\n<header class=\"post-header title-container fix\">\n<div class=\"title\">\n<h2 class=\"posttitle\"><a href=\"https:\/\/niramart.com\/revista-magazine\/dick-ben-dor-steaua-lui-david-si-zilele-genezei-de-dorel-schor\/\" class=\"entry-title\" rel=\"bookmark\" title=\"DICK  BEN  DOR \u2013 STEAUA  LUI  DAVID  SI  ZILELE  GENEZEI de DOREL SCHOR\">DICK  BEN  DOR &#8211; STEAUA  LUI  DAVID  SI  ZILELE  GENEZEI de DOREL SCHOR<\/a><\/h2>\n<\/div>\n<div class=\"date\"><span class=\"month\">Aug<\/span> <span class=\"day\">21<\/span><span class=\"year\">2010<\/span><\/div>\n<\/header>\n<p> <span class=\"post-format-icon\">&nbsp;<\/span><span class=\"updated\" title=\"2010-08-21T17:14:58+00:00\">&nbsp;<\/span><\/p>\n<div class=\"entry-container fix\">\n<div class=\"entry entry-content fix\">\n<p class=\"MsoNormal\" style=\"text-align: justify; line-height: 150%;\"><span style=\"font-size: 12pt; line-height: 150%; font-family: &quot;Times New Roman&quot;,&quot;serif&quot;;\"><img loading=\"lazy\" decoding=\"async\" src=\"https:\/\/niramart.com\/revista-magazine\/files\/2010\/08\/dick_ben_dor-w-500-h-612.jpg\" border=\"0\" alt=\"DICK  BEN  DOR - STEAUA  LUI  DAVID  \" width=\"148\" height=\"182\" style=\"float: left;\"\/><\/span><span style=\"font-size: 12pt; line-height: 150%; font-family: &quot;Times New Roman&quot;,&quot;serif&quot;;\">Un important for artistic din Paris si-a propus, in urma cu niste ani, sa organizeze o expozitie care sa intruchipeze simbolurile celor trei mari religii monoteiste. Pentru capitolul iudaic, s-a apelat la pictorul DICK BEN DOR. Un an si jumatate s-a pregatit artistul plastic israelian, ajuns la concluzia previzibila ca Steaua lui David (Magen David, Scutul lui David) este simbolul cel mai reprezentativ pentru religia mozaica.<\/span><\/p>\n<p class=\"bch4dcbow065stdpy\"><span style=\"font-size: 12pt; line-height: 150%; font-family: &quot;Times New Roman&quot;,&quot;serif&quot;;\">Intr-adevar,  acest vechi insemn al Hexagramei este unanim recunoscut ca simbol al  identitatii iudaice. Chiar si nazistii l-au folosit pentru recunoasterea  evreilor&#8230;Dar el exista in arta si geometrie, istorie si holograma, ca  steag si element decorativ, talisman si heraldica, in sport si  filatelie, in zodiac si in ezoterica, ca logo, grafiti, bijuterie si  amuleta&#8230;El reprezinta Ierusalimul antic si sionismul modern, semnifica  echilibrul spiritului si materiei, holocaustul si ajutorul medical de  urgenta, argument cosmologic si parabola a existentei.<\/span><\/p>\n<p class=\"MsoNormal\" style=\"text-align: justify; line-height: 150%;\"><span style=\"font-size: 12pt; line-height: 150%; font-family: &quot;Times New Roman&quot;,&quot;serif&quot;;\">&nbsp; <\/span><\/p>\n<\/div>\n<div class=\"meta-pullout meta-left-pullout\">\n<ul>\n<li class=\"fix\"><span class=\"category\"><span class=\"icon\">&nbsp;<\/span> <a href=\"https:\/\/niramart.com\/revista-magazine\/category\/s5-articulos\/c42-articulos-romana\/\" rel=\"category tag\">Articole in limba romana<\/a>, <a href=\"https:\/\/niramart.com\/revista-magazine\/category\/s5-articulos\/c53-no-5-6-2010\/\" rel=\"category tag\">N\u00ba 5 &#8211; 6, 2010<\/a><\/span><\/li>\n<li class=\"fix\"><span class=\"tags tax\"><span class=\"icon\">&nbsp;<\/span>Tagged with: <a href=\"https:\/\/niramart.com\/revista-magazine\/tag\/israel\/\" rel=\"tag\">israel<\/a>, <a href=\"https:\/\/niramart.com\/revista-magazine\/tag\/magen-david\/\" rel=\"tag\">magen david<\/a>, <a href=\"https:\/\/niramart.com\/revista-magazine\/tag\/steaua-lui-david\/\" rel=\"tag\">steaua lui david<\/a><\/span><\/li>\n<\/ul>\n<\/div>\n<\/div>\n<footer class=\"post-footer postdata fix\"><\/footer>\n<\/article>\n<\/div>\n<\/div>\n","protected":false,"raw":""},"excerpt":{"rendered":"<p>Foto-reportaje: Exposici\u00f3n Baruch Elron en Israel May 182013 &nbsp;&nbsp; [&hellip;]<\/p>\n","protected":false},"author":0,"featured_media":0,"parent":0,"menu_order":0,"comment_status":"closed","ping_status":"closed","template":"","meta":{"footnotes":""},"class_list":["post-336","page","type-page","status-publish","hentry"],"yoast_head":"<!-- This site is optimized with the Yoast SEO plugin v27.4 - https:\/\/yoast.com\/product\/yoast-seo-wordpress\/ -->\n<title>israel \u00bb Niram Art Magazine<\/title>\n<meta name=\"robots\" content=\"index, follow, max-snippet:-1, max-image-preview:large, max-video-preview:-1\" \/>\n<link rel=\"canonical\" href=\"https:\/\/niramart.com\/revista-magazine\/tag\/israel\/\" \/>\n<meta property=\"og:type\" content=\"article\" \/>\n<meta property=\"og:title\" content=\"israel \u00bb Niram Art Magazine\" \/>\n<meta property=\"og:description\" content=\"Foto-reportaje: Exposici\u00f3n Baruch Elron en Israel May 182013 &nbsp;&nbsp; [&hellip;]\" \/>\n<meta property=\"og:url\" content=\"https:\/\/niramart.com\/revista-magazine\/tag\/israel\/\" \/>\n<meta property=\"og:site_name\" content=\"Niram Art Magazine\" \/>\n<meta name=\"twitter:card\" content=\"summary_large_image\" \/>\n<meta name=\"twitter:label1\" content=\"Est. reading time\" \/>\n\t<meta name=\"twitter:data1\" content=\"4 minutes\" \/>\n<!-- \/ Yoast SEO plugin. -->","yoast_head_json":{"title":"israel \u00bb Niram Art Magazine","robots":{"index":"index","follow":"follow","max-snippet":"max-snippet:-1","max-image-preview":"max-image-preview:large","max-video-preview":"max-video-preview:-1"},"canonical":"https:\/\/niramart.com\/revista-magazine\/tag\/israel\/","og_type":"article","og_title":"israel \u00bb Niram Art Magazine","og_description":"Foto-reportaje: Exposici\u00f3n Baruch Elron en Israel May 182013 &nbsp;&nbsp; [&hellip;]","og_url":"https:\/\/niramart.com\/revista-magazine\/tag\/israel\/","og_site_name":"Niram Art Magazine","twitter_card":"summary_large_image","twitter_misc":{"Est. reading time":"4 minutes"}},"_links":{"self":[{"href":"https:\/\/niramart.com\/revista-magazine\/wp-json\/wp\/v2\/pages\/336","targetHints":{"allow":["GET"]}}],"collection":[{"href":"https:\/\/niramart.com\/revista-magazine\/wp-json\/wp\/v2\/pages"}],"about":[{"href":"https:\/\/niramart.com\/revista-magazine\/wp-json\/wp\/v2\/types\/page"}],"replies":[{"embeddable":true,"href":"https:\/\/niramart.com\/revista-magazine\/wp-json\/wp\/v2\/comments?post=336"}],"version-history":[{"count":0,"href":"https:\/\/niramart.com\/revista-magazine\/wp-json\/wp\/v2\/pages\/336\/revisions"}],"wp:attachment":[{"href":"https:\/\/niramart.com\/revista-magazine\/wp-json\/wp\/v2\/media?parent=336"}],"curies":[{"name":"wp","href":"https:\/\/api.w.org\/{rel}","templated":true}]}}