{"id":319,"date":"2024-04-01T07:41:19","date_gmt":"2024-04-01T07:41:19","guid":{"rendered":"https:\/\/niramart.com\/revista-magazine\/resena-courageless-y-las-flores-del-miedho-3\/"},"modified":"2024-04-01T07:41:19","modified_gmt":"2024-04-01T07:41:19","slug":"resena-courageless-y-las-flores-del-miedho-3","status":"publish","type":"page","link":"https:\/\/niramart.com\/revista-magazine\/tag\/hector-martinez\/","title":{"rendered":"Rese\u00f1a: Courageless y Las Flores del MIEDHO"},"content":{"rendered":"<div id=\"main-col\">\n<div id=\"content\" class=\"hfeed\">\n<article class=\"excerpt post-1303 post type-post status-publish format-standard hentry category-c39-articulos-espanol category-bellas-artes tag-hector-martinez tag-miedho tag-niram-art category-18-id category-119-id post-seq-1 post-parity-odd meta-position-left-pullout fix\" id=\"post-1303\">\n<header class=\"post-header title-container fix\">\n<div class=\"title\">\n<h2 class=\"posttitle\"><a href=\"https:\/\/niramart.com\/revista-magazine\/resena-courageless-y-las-flores-del-miedho\/\" class=\"entry-title\" rel=\"bookmark\" title=\"Rese\u00f1a: Courageless y Las Flores del MIEDHO\">Rese\u00f1a: Courageless y Las Flores del MIEDHO<\/a><\/h2>\n<\/div>\n<div class=\"date\"><span class=\"month\">Oct<\/span> <span class=\"day\">14<\/span><span class=\"year\">2014<\/span><\/div>\n<\/header>\n<p> <span class=\"post-format-icon\">&nbsp;<\/span><span class=\"updated\" title=\"2014-10-14T19:20:05+00:00\">&nbsp;<\/span><\/p>\n<div class=\"entry-container fix\">\n<div class=\"entry entry-content fix\">\n<p class=\"bch4dcbow065stdpy\">por H\u00e9ctor Mart\u00ednez   \u00a1Es el Diablo quien empu\u00f1a los hilos que nos mueven! A los objetos repugnantes les encontramos atractivos; Cada d\u00eda hacia el Infierno descendemos un paso, Sin horror, a trav\u00e9s de las tinieblas que hieden. (\u2026) Si la violaci\u00f3n, el veneno, <a href=\"https:\/\/niramart.com\/revista-magazine\/resena-courageless-y-las-flores-del-miedho\/\" class=\"excerpt-more\">[&#8230;]<\/a><\/p>\n<\/div>\n<div class=\"meta-pullout meta-left-pullout\">\n<ul>\n<li class=\"fix\"><span class=\"category\"><span class=\"icon\">&nbsp;<\/span> <a href=\"https:\/\/niramart.com\/revista-magazine\/category\/s5-articulos\/c39-articulos-espanol\/\" rel=\"category tag\">Articulos espa\u00f1ol<\/a>, <a href=\"https:\/\/niramart.com\/revista-magazine\/category\/bellas-artes\/\" rel=\"category tag\">Bellas Artes<\/a><\/span><\/li>\n<li class=\"fix\"><span class=\"tags tax\"><span class=\"icon\">&nbsp;<\/span>Tagged with: <a href=\"https:\/\/niramart.com\/revista-magazine\/tag\/hector-martinez\/\" rel=\"tag\">H\u00e9ctor Mart\u00ednez<\/a>, <a href=\"https:\/\/niramart.com\/revista-magazine\/tag\/miedho\/\" rel=\"tag\">MIEDHO<\/a>, <a href=\"https:\/\/niramart.com\/revista-magazine\/tag\/niram-art\/\" rel=\"tag\">niram art<\/a><\/span><\/li>\n<\/ul>\n<\/div>\n<\/div>\n<footer class=\"post-footer postdata fix\"><\/footer>\n<\/article>\n<article class=\"excerpt post-1094 post type-post status-publish format-standard hentry category-c39-articulos-espanol category-literatura tag-g-a-appignanesi tag-hector-martinez category-18-id category-120-id post-seq-2 post-parity-even meta-position-left-pullout fix\" id=\"post-1094\">\n<header class=\"post-header title-container fix\">\n<div class=\"title\">\n<h2 class=\"posttitle\"><a href=\"https:\/\/niramart.com\/revista-magazine\/el-amante-inconmensurable\/\" class=\"entry-title\" rel=\"bookmark\" title=\"El amante inconmensurable\">El amante inconmensurable<\/a><\/h2>\n<\/div>\n<div class=\"date\"><span class=\"month\">Sep<\/span> <span class=\"day\">18<\/span><span class=\"year\">2013<\/span><\/div>\n<\/header>\n<p> <span class=\"post-format-icon\">&nbsp;<\/span><span class=\"updated\" title=\"2013-09-18T12:17:47+00:00\">&nbsp;<\/span><\/p>\n<div class=\"entry-container fix\">\n<div class=\"entry entry-content fix\">\n<p class=\"bch4dcbow065stdpy\">por H\u00e9ctor Mart\u00ednez Los hombres creen escapar de la soledad amonton\u00e1ndose G. A. Appignanesi Desde que el hombre es hombre, percibe c\u00f3mo cuanto le rodea se le escapa de las manos de continuo, se escurre como el agua por entre sus dedos y tan <a href=\"https:\/\/niramart.com\/revista-magazine\/el-amante-inconmensurable\/\" class=\"excerpt-more\">[&#8230;]<\/a><\/p>\n<\/div>\n<div class=\"meta-pullout meta-left-pullout\">\n<ul>\n<li class=\"fix\"><span class=\"category\"><span class=\"icon\">&nbsp;<\/span> <a href=\"https:\/\/niramart.com\/revista-magazine\/category\/s5-articulos\/c39-articulos-espanol\/\" rel=\"category tag\">Articulos espa\u00f1ol<\/a>, <a href=\"https:\/\/niramart.com\/revista-magazine\/category\/literatura\/\" rel=\"category tag\">Literatura<\/a><\/span><\/li>\n<li class=\"fix\"><span class=\"tags tax\"><span class=\"icon\">&nbsp;<\/span>Tagged with: <a href=\"https:\/\/niramart.com\/revista-magazine\/tag\/g-a-appignanesi\/\" rel=\"tag\">G. A. Appignanesi<\/a>, <a href=\"https:\/\/niramart.com\/revista-magazine\/tag\/hector-martinez\/\" rel=\"tag\">H\u00e9ctor Mart\u00ednez<\/a><\/span><\/li>\n<\/ul>\n<\/div>\n<\/div>\n<footer class=\"post-footer postdata fix\"><\/footer>\n<\/article>\n<article class=\"excerpt post-1016 post type-post status-publish format-standard hentry category-c39-articulos-espanol category-bellas-artes category-no-3-4-2013 tag-alex-belemuski tag-hector-martinez tag-mussorgsky category-18-id category-119-id category-178-id post-seq-3 post-parity-odd meta-position-left-pullout fix\" id=\"post-1016\">\n<header class=\"post-header title-container fix\">\n<div class=\"title\">\n<h2 class=\"posttitle\"><a href=\"https:\/\/niramart.com\/revista-magazine\/alex-belemuski-y-mussorgsky\/\" class=\"entry-title\" rel=\"bookmark\" title=\"ALEX BELEMUSKI Y MUSSORGSKY\">ALEX BELEMUSKI Y MUSSORGSKY<\/a><\/h2>\n<\/div>\n<div class=\"date\"><span class=\"month\">Jun<\/span> <span class=\"day\">12<\/span><span class=\"year\">2013<\/span><\/div>\n<\/header>\n<p> <span class=\"post-format-icon\">&nbsp;<\/span><span class=\"updated\" title=\"2013-06-12T15:13:39+00:00\">&nbsp;<\/span><\/p>\n<div class=\"entry-container fix\">\n<div class=\"entry entry-content fix\">\n<p class=\"bch4dcbow065stdpy\">ALL\u00cd DONDE PINTURA Y M\u00daSICA SE FUNDEN Por H\u00e9ctor Mart\u00ednez He conversado m\u00e1s de una vez con Alex Belemuski, hemos pasado horas juntos. Me ha acompa\u00f1ado en las presentaciones de libros m\u00edos y no en pocas veces ha soportado mis peroratas desde un atril <a href=\"https:\/\/niramart.com\/revista-magazine\/alex-belemuski-y-mussorgsky\/\" class=\"excerpt-more\">[&#8230;]<\/a><\/p>\n<\/div>\n<div class=\"meta-pullout meta-left-pullout\">\n<ul>\n<li class=\"fix\"><span class=\"category\"><span class=\"icon\">&nbsp;<\/span> <a href=\"https:\/\/niramart.com\/revista-magazine\/category\/s5-articulos\/c39-articulos-espanol\/\" rel=\"category tag\">Articulos espa\u00f1ol<\/a>, <a href=\"https:\/\/niramart.com\/revista-magazine\/category\/bellas-artes\/\" rel=\"category tag\">Bellas Artes<\/a>, <a href=\"https:\/\/niramart.com\/revista-magazine\/category\/no-3-4-2013\/\" rel=\"category tag\">N\u00ba 3-4 2013<\/a><\/span><\/li>\n<li class=\"fix\"><span class=\"tags tax\"><span class=\"icon\">&nbsp;<\/span>Tagged with: <a href=\"https:\/\/niramart.com\/revista-magazine\/tag\/alex-belemuski\/\" rel=\"tag\">Alex Belemuski<\/a>, <a href=\"https:\/\/niramart.com\/revista-magazine\/tag\/hector-martinez\/\" rel=\"tag\">H\u00e9ctor Mart\u00ednez<\/a>, <a href=\"https:\/\/niramart.com\/revista-magazine\/tag\/mussorgsky\/\" rel=\"tag\">MUSSORGSKY<\/a><\/span><\/li>\n<\/ul>\n<\/div>\n<\/div>\n<footer class=\"post-footer postdata fix\"><\/footer>\n<\/article>\n<\/div>\n<\/div>\n","protected":false,"raw":""},"excerpt":{"rendered":"<p>Rese\u00f1a: Courageless y Las Flores del MIEDHO Oct 142014 [&hellip;]<\/p>\n","protected":false},"author":0,"featured_media":0,"parent":0,"menu_order":0,"comment_status":"closed","ping_status":"closed","template":"","meta":{"footnotes":""},"class_list":["post-319","page","type-page","status-publish","hentry"],"yoast_head":"<!-- This site is optimized with the Yoast SEO plugin v27.4 - https:\/\/yoast.com\/product\/yoast-seo-wordpress\/ -->\n<title>H\u00e9ctor Mart\u00ednez \u00bb Niram Art Magazine<\/title>\n<meta name=\"robots\" content=\"index, follow, max-snippet:-1, max-image-preview:large, max-video-preview:-1\" \/>\n<link rel=\"canonical\" href=\"https:\/\/niramart.com\/revista-magazine\/tag\/hector-martinez\/\" \/>\n<meta property=\"og:type\" content=\"article\" \/>\n<meta property=\"og:title\" content=\"H\u00e9ctor Mart\u00ednez \u00bb Niram Art Magazine\" \/>\n<meta property=\"og:description\" content=\"Rese\u00f1a: Courageless y Las Flores del MIEDHO Oct 142014 [&hellip;]\" \/>\n<meta property=\"og:url\" content=\"https:\/\/niramart.com\/revista-magazine\/tag\/hector-martinez\/\" \/>\n<meta property=\"og:site_name\" content=\"Niram Art Magazine\" \/>\n<meta name=\"twitter:card\" content=\"summary_large_image\" \/>\n<meta name=\"twitter:label1\" content=\"Est. reading time\" \/>\n\t<meta name=\"twitter:data1\" content=\"1 minute\" \/>\n<!-- \/ Yoast SEO plugin. -->","yoast_head_json":{"title":"H\u00e9ctor Mart\u00ednez \u00bb Niram Art Magazine","robots":{"index":"index","follow":"follow","max-snippet":"max-snippet:-1","max-image-preview":"max-image-preview:large","max-video-preview":"max-video-preview:-1"},"canonical":"https:\/\/niramart.com\/revista-magazine\/tag\/hector-martinez\/","og_type":"article","og_title":"H\u00e9ctor Mart\u00ednez \u00bb Niram Art Magazine","og_description":"Rese\u00f1a: Courageless y Las Flores del MIEDHO Oct 142014 [&hellip;]","og_url":"https:\/\/niramart.com\/revista-magazine\/tag\/hector-martinez\/","og_site_name":"Niram Art Magazine","twitter_card":"summary_large_image","twitter_misc":{"Est. reading time":"1 minute"}},"_links":{"self":[{"href":"https:\/\/niramart.com\/revista-magazine\/wp-json\/wp\/v2\/pages\/319","targetHints":{"allow":["GET"]}}],"collection":[{"href":"https:\/\/niramart.com\/revista-magazine\/wp-json\/wp\/v2\/pages"}],"about":[{"href":"https:\/\/niramart.com\/revista-magazine\/wp-json\/wp\/v2\/types\/page"}],"replies":[{"embeddable":true,"href":"https:\/\/niramart.com\/revista-magazine\/wp-json\/wp\/v2\/comments?post=319"}],"version-history":[{"count":0,"href":"https:\/\/niramart.com\/revista-magazine\/wp-json\/wp\/v2\/pages\/319\/revisions"}],"wp:attachment":[{"href":"https:\/\/niramart.com\/revista-magazine\/wp-json\/wp\/v2\/media?parent=319"}],"curies":[{"name":"wp","href":"https:\/\/api.w.org\/{rel}","templated":true}]}}