{"id":315,"date":"2024-04-01T07:41:18","date_gmt":"2024-04-01T07:41:18","guid":{"rendered":"https:\/\/niramart.com\/revista-magazine\/lady-dada-doppeltganger-y-sweet-art-en-el-i-salon-neo-simbolista-2\/"},"modified":"2024-04-01T07:41:18","modified_gmt":"2024-04-01T07:41:18","slug":"lady-dada-doppeltganger-y-sweet-art-en-el-i-salon-neo-simbolista-2","status":"publish","type":"page","link":"https:\/\/niramart.com\/revista-magazine\/tag\/gotico\/","title":{"rendered":"Lady Dad\u00e1, Doppeltg\u00e4nger y Sweet Art en el I Sal\u00f3n Neo-simbolista"},"content":{"rendered":"<div id=\"main-col\">\n<div id=\"content\" class=\"hfeed\">\n<article class=\"excerpt post-1206 post type-post status-publish format-standard hentry category-c39-articulos-espanol category-bellas-artes tag-gotico tag-m-i-e-d-h-o tag-pedro-ortega category-18-id category-119-id post-seq-1 post-parity-odd meta-position-left-pullout fix\" id=\"post-1206\">\n<header class=\"post-header title-container fix\">\n<div class=\"title\">\n<h2 class=\"posttitle\"><a href=\"https:\/\/niramart.com\/revista-magazine\/lady-dada-doppeltganger-y-sweet-art-en-el-i-salon-neo-simbolista-de-madrid\/\" class=\"entry-title\" rel=\"bookmark\" title=\"Lady Dad\u00e1, Doppeltg\u00e4nger y Sweet Art en el I Sal\u00f3n Neo-simbolista\">Lady Dad\u00e1, Doppeltg\u00e4nger y Sweet Art en el I Sal\u00f3n Neo-simbolista<\/a><\/h2>\n<\/div>\n<div class=\"date\"><span class=\"month\">Nov<\/span> <span class=\"day\">09<\/span><span class=\"year\">2013<\/span><\/div>\n<\/header>\n<p> <span class=\"post-format-icon\">&nbsp;<\/span><span class=\"updated\" title=\"2013-11-09T18:12:04+00:00\">&nbsp;<\/span><\/p>\n<div class=\"entry-container fix\">\n<div class=\"entry entry-content fix\">\n<p class=\"bch4dcbow065stdpy\">&nbsp; El I Sal\u00f3n Neo-simbolista tiene lugar en el marco de la V Semana G\u00f3tica de Madrid durante todo el mes de noviembre en el Museo de Arte y Tradiciones Populares de la Universidad Aut\u00f3noma de Madrid, La Corrala. La exposici\u00f3n colectiva, que trata <a href=\"https:\/\/niramart.com\/revista-magazine\/lady-dada-doppeltganger-y-sweet-art-en-el-i-salon-neo-simbolista-de-madrid\/\" class=\"excerpt-more\">[&#8230;]<\/a><\/p>\n<\/div>\n<div class=\"meta-pullout meta-left-pullout\">\n<ul>\n<li class=\"fix\"><span class=\"category\"><span class=\"icon\">&nbsp;<\/span> <a href=\"https:\/\/niramart.com\/revista-magazine\/category\/s5-articulos\/c39-articulos-espanol\/\" rel=\"category tag\">Articulos espa\u00f1ol<\/a>, <a href=\"https:\/\/niramart.com\/revista-magazine\/category\/bellas-artes\/\" rel=\"category tag\">Bellas Artes<\/a><\/span><\/li>\n<li class=\"fix\"><span class=\"tags tax\"><span class=\"icon\">&nbsp;<\/span>Tagged with: <a href=\"https:\/\/niramart.com\/revista-magazine\/tag\/gotico\/\" rel=\"tag\">g\u00f3tico<\/a>, <a href=\"https:\/\/niramart.com\/revista-magazine\/tag\/m-i-e-d-h-o\/\" rel=\"tag\">M.I.E.D.H.O.<\/a>, <a href=\"https:\/\/niramart.com\/revista-magazine\/tag\/pedro-ortega\/\" rel=\"tag\">Pedro Ortega<\/a><\/span><\/li>\n<\/ul>\n<\/div>\n<\/div>\n<footer class=\"post-footer postdata fix\"><\/footer>\n<\/article>\n<\/div>\n<\/div>\n","protected":false,"raw":""},"excerpt":{"rendered":"<p>Lady Dad\u00e1, Doppeltg\u00e4nger y Sweet Art en el I [&hellip;]<\/p>\n","protected":false},"author":0,"featured_media":0,"parent":0,"menu_order":0,"comment_status":"closed","ping_status":"closed","template":"","meta":{"footnotes":""},"class_list":["post-315","page","type-page","status-publish","hentry"],"yoast_head":"<!-- This site is optimized with the Yoast SEO plugin v27.4 - https:\/\/yoast.com\/product\/yoast-seo-wordpress\/ -->\n<title>g\u00f3tico \u00bb Niram Art Magazine<\/title>\n<meta name=\"robots\" content=\"index, follow, max-snippet:-1, max-image-preview:large, max-video-preview:-1\" \/>\n<link rel=\"canonical\" href=\"https:\/\/niramart.com\/revista-magazine\/tag\/gotico\/\" \/>\n<meta property=\"og:type\" content=\"article\" \/>\n<meta property=\"og:title\" content=\"g\u00f3tico \u00bb Niram Art Magazine\" \/>\n<meta property=\"og:description\" content=\"Lady Dad\u00e1, Doppeltg\u00e4nger y Sweet Art en el I [&hellip;]\" \/>\n<meta property=\"og:url\" content=\"https:\/\/niramart.com\/revista-magazine\/tag\/gotico\/\" \/>\n<meta property=\"og:site_name\" content=\"Niram Art Magazine\" \/>\n<meta name=\"twitter:card\" content=\"summary_large_image\" \/>\n<!-- \/ Yoast SEO plugin. -->","yoast_head_json":{"title":"g\u00f3tico \u00bb Niram Art Magazine","robots":{"index":"index","follow":"follow","max-snippet":"max-snippet:-1","max-image-preview":"max-image-preview:large","max-video-preview":"max-video-preview:-1"},"canonical":"https:\/\/niramart.com\/revista-magazine\/tag\/gotico\/","og_type":"article","og_title":"g\u00f3tico \u00bb Niram Art Magazine","og_description":"Lady Dad\u00e1, Doppeltg\u00e4nger y Sweet Art en el I [&hellip;]","og_url":"https:\/\/niramart.com\/revista-magazine\/tag\/gotico\/","og_site_name":"Niram Art Magazine","twitter_card":"summary_large_image"},"_links":{"self":[{"href":"https:\/\/niramart.com\/revista-magazine\/wp-json\/wp\/v2\/pages\/315","targetHints":{"allow":["GET"]}}],"collection":[{"href":"https:\/\/niramart.com\/revista-magazine\/wp-json\/wp\/v2\/pages"}],"about":[{"href":"https:\/\/niramart.com\/revista-magazine\/wp-json\/wp\/v2\/types\/page"}],"replies":[{"embeddable":true,"href":"https:\/\/niramart.com\/revista-magazine\/wp-json\/wp\/v2\/comments?post=315"}],"version-history":[{"count":0,"href":"https:\/\/niramart.com\/revista-magazine\/wp-json\/wp\/v2\/pages\/315\/revisions"}],"wp:attachment":[{"href":"https:\/\/niramart.com\/revista-magazine\/wp-json\/wp\/v2\/media?parent=315"}],"curies":[{"name":"wp","href":"https:\/\/api.w.org\/{rel}","templated":true}]}}