{"id":307,"date":"2024-04-01T07:41:17","date_gmt":"2024-04-01T07:41:17","guid":{"rendered":"https:\/\/niramart.com\/revista-magazine\/el-amante-inconmensurable-2\/"},"modified":"2024-04-01T07:41:17","modified_gmt":"2024-04-01T07:41:17","slug":"el-amante-inconmensurable-2","status":"publish","type":"page","link":"https:\/\/niramart.com\/revista-magazine\/tag\/g-a-appignanesi\/","title":{"rendered":"El amante inconmensurable"},"content":{"rendered":"<div id=\"main-col\">\n<div id=\"content\" class=\"hfeed\">\n<article class=\"excerpt post-1094 post type-post status-publish format-standard hentry category-c39-articulos-espanol category-literatura tag-g-a-appignanesi tag-hector-martinez category-18-id category-120-id post-seq-1 post-parity-odd meta-position-left-pullout fix\" id=\"post-1094\">\n<header class=\"post-header title-container fix\">\n<div class=\"title\">\n<h2 class=\"posttitle\"><a href=\"https:\/\/niramart.com\/revista-magazine\/el-amante-inconmensurable\/\" class=\"entry-title\" rel=\"bookmark\" title=\"El amante inconmensurable\">El amante inconmensurable<\/a><\/h2>\n<\/div>\n<div class=\"date\"><span class=\"month\">Sep<\/span> <span class=\"day\">18<\/span><span class=\"year\">2013<\/span><\/div>\n<\/header>\n<p> <span class=\"post-format-icon\">&nbsp;<\/span><span class=\"updated\" title=\"2013-09-18T12:17:47+00:00\">&nbsp;<\/span><\/p>\n<div class=\"entry-container fix\">\n<div class=\"entry entry-content fix\">\n<p class=\"bch4dcbow065stdpy\">por H\u00e9ctor Mart\u00ednez Los hombres creen escapar de la soledad amonton\u00e1ndose G. A. Appignanesi Desde que el hombre es hombre, percibe c\u00f3mo cuanto le rodea se le escapa de las manos de continuo, se escurre como el agua por entre sus dedos y tan <a href=\"https:\/\/niramart.com\/revista-magazine\/el-amante-inconmensurable\/\" class=\"excerpt-more\">[&#8230;]<\/a><\/p>\n<\/div>\n<div class=\"meta-pullout meta-left-pullout\">\n<ul>\n<li class=\"fix\"><span class=\"category\"><span class=\"icon\">&nbsp;<\/span> <a href=\"https:\/\/niramart.com\/revista-magazine\/category\/s5-articulos\/c39-articulos-espanol\/\" rel=\"category tag\">Articulos espa\u00f1ol<\/a>, <a href=\"https:\/\/niramart.com\/revista-magazine\/category\/literatura\/\" rel=\"category tag\">Literatura<\/a><\/span><\/li>\n<li class=\"fix\"><span class=\"tags tax\"><span class=\"icon\">&nbsp;<\/span>Tagged with: <a href=\"https:\/\/niramart.com\/revista-magazine\/tag\/g-a-appignanesi\/\" rel=\"tag\">G. A. Appignanesi<\/a>, <a href=\"https:\/\/niramart.com\/revista-magazine\/tag\/hector-martinez\/\" rel=\"tag\">H\u00e9ctor Mart\u00ednez<\/a><\/span><\/li>\n<\/ul>\n<\/div>\n<\/div>\n<footer class=\"post-footer postdata fix\"><\/footer>\n<\/article>\n<\/div>\n<\/div>\n","protected":false,"raw":""},"excerpt":{"rendered":"<p>El amante inconmensurable Sep 182013 &nbsp;&nbsp; por H\u00e9ctor Mart\u00ednez [&hellip;]<\/p>\n","protected":false},"author":0,"featured_media":0,"parent":0,"menu_order":0,"comment_status":"closed","ping_status":"closed","template":"","meta":{"footnotes":""},"class_list":["post-307","page","type-page","status-publish","hentry"],"yoast_head":"<!-- This site is optimized with the Yoast SEO plugin v27.4 - https:\/\/yoast.com\/product\/yoast-seo-wordpress\/ -->\n<title>G. A. Appignanesi \u00bb Niram Art Magazine<\/title>\n<meta name=\"robots\" content=\"index, follow, max-snippet:-1, max-image-preview:large, max-video-preview:-1\" \/>\n<link rel=\"canonical\" href=\"https:\/\/niramart.com\/revista-magazine\/tag\/g-a-appignanesi\/\" \/>\n<meta property=\"og:type\" content=\"article\" \/>\n<meta property=\"og:title\" content=\"G. A. Appignanesi \u00bb Niram Art Magazine\" \/>\n<meta property=\"og:description\" content=\"El amante inconmensurable Sep 182013 &nbsp;&nbsp; por H\u00e9ctor Mart\u00ednez [&hellip;]\" \/>\n<meta property=\"og:url\" content=\"https:\/\/niramart.com\/revista-magazine\/tag\/g-a-appignanesi\/\" \/>\n<meta property=\"og:site_name\" content=\"Niram Art Magazine\" \/>\n<meta name=\"twitter:card\" content=\"summary_large_image\" \/>\n<!-- \/ Yoast SEO plugin. -->","yoast_head_json":{"title":"G. A. Appignanesi \u00bb Niram Art Magazine","robots":{"index":"index","follow":"follow","max-snippet":"max-snippet:-1","max-image-preview":"max-image-preview:large","max-video-preview":"max-video-preview:-1"},"canonical":"https:\/\/niramart.com\/revista-magazine\/tag\/g-a-appignanesi\/","og_type":"article","og_title":"G. A. Appignanesi \u00bb Niram Art Magazine","og_description":"El amante inconmensurable Sep 182013 &nbsp;&nbsp; por H\u00e9ctor Mart\u00ednez [&hellip;]","og_url":"https:\/\/niramart.com\/revista-magazine\/tag\/g-a-appignanesi\/","og_site_name":"Niram Art Magazine","twitter_card":"summary_large_image"},"_links":{"self":[{"href":"https:\/\/niramart.com\/revista-magazine\/wp-json\/wp\/v2\/pages\/307","targetHints":{"allow":["GET"]}}],"collection":[{"href":"https:\/\/niramart.com\/revista-magazine\/wp-json\/wp\/v2\/pages"}],"about":[{"href":"https:\/\/niramart.com\/revista-magazine\/wp-json\/wp\/v2\/types\/page"}],"replies":[{"embeddable":true,"href":"https:\/\/niramart.com\/revista-magazine\/wp-json\/wp\/v2\/comments?post=307"}],"version-history":[{"count":0,"href":"https:\/\/niramart.com\/revista-magazine\/wp-json\/wp\/v2\/pages\/307\/revisions"}],"wp:attachment":[{"href":"https:\/\/niramart.com\/revista-magazine\/wp-json\/wp\/v2\/media?parent=307"}],"curies":[{"name":"wp","href":"https:\/\/api.w.org\/{rel}","templated":true}]}}