{"id":299,"date":"2024-04-01T07:41:16","date_gmt":"2024-04-01T07:41:16","guid":{"rendered":"https:\/\/niramart.com\/revista-magazine\/complutenses-jornadas-de-ciencia-ficcion-una-odisea-en-ciudad-universitaria-3\/"},"modified":"2024-04-01T07:41:16","modified_gmt":"2024-04-01T07:41:16","slug":"complutenses-jornadas-de-ciencia-ficcion-una-odisea-en-ciudad-universitaria-3","status":"publish","type":"page","link":"https:\/\/niramart.com\/revista-magazine\/tag\/fernando-angel-moreno\/","title":{"rendered":"Complutenses Jornadas de Ciencia Ficci\u00f3n, una odisea en Ciudad Universitaria"},"content":{"rendered":"<div id=\"main-col\">\n<div id=\"content\" class=\"hfeed\">\n<article class=\"excerpt post-998 post type-post status-publish format-standard hentry category-c39-articulos-espanol category-literatura category-no-3-4-2013 tag-diego-vadillo-lopez tag-eduardo-vaquerizo tag-fernando-angel-moreno tag-mariano-martin-rodriguez category-18-id category-120-id category-178-id post-seq-1 post-parity-odd meta-position-left-pullout fix\" id=\"post-998\">\n<header class=\"post-header title-container fix\">\n<div class=\"title\">\n<h2 class=\"posttitle\"><a href=\"https:\/\/niramart.com\/revista-magazine\" class=\"entry-title\" rel=\"bookmark\" title=\"Complutenses Jornadas de Ciencia Ficci\u00f3n, una odisea en Ciudad Universitaria\">Complutenses Jornadas de Ciencia Ficci\u00f3n, una odisea en Ciudad Universitaria<\/a><\/h2>\n<\/div>\n<div class=\"date\"><span class=\"month\">Jun<\/span> <span class=\"day\">12<\/span><span class=\"year\">2013<\/span><\/div>\n<\/header>\n<p> <span class=\"post-format-icon\">&nbsp;<\/span><span class=\"updated\" title=\"2013-06-12T14:18:13+00:00\">&nbsp;<\/span><\/p>\n<div class=\"entry-container fix\">\n<div class=\"entry entry-content fix\">\n<p class=\"bch4dcbow065stdpy\">Diego Vadillo L\u00f3pez &nbsp; Tuve ocasi\u00f3n de asistir el viernes 24 de mayo de 2013 a las I Jornadas Complutenses de Ciencia Ficci\u00f3n coordinadas por el escritor y periodista Fabianni Belemuski. Las ponencias contaron con la participaci\u00f3n, por orden de intervenci\u00f3n, del fil\u00f3logo Mariano <a href=\"https:\/\/niramart.com\/revista-magazine\" class=\"excerpt-more\">[&#8230;]<\/a><\/p>\n<\/div>\n<div class=\"meta-pullout meta-left-pullout\">\n<ul>\n<li class=\"fix\"><span class=\"category\"><span class=\"icon\">&nbsp;<\/span> <a href=\"https:\/\/niramart.com\/revista-magazine\/category\/s5-articulos\/c39-articulos-espanol\/\" rel=\"category tag\">Articulos espa\u00f1ol<\/a>, <a href=\"https:\/\/niramart.com\/revista-magazine\/category\/literatura\/\" rel=\"category tag\">Literatura<\/a>, <a href=\"https:\/\/niramart.com\/revista-magazine\/category\/no-3-4-2013\/\" rel=\"category tag\">N\u00ba 3-4 2013<\/a><\/span><\/li>\n<li class=\"fix\"><span class=\"tags tax\"><span class=\"icon\">&nbsp;<\/span>Tagged with: <a href=\"https:\/\/niramart.com\/revista-magazine\/tag\/diego-vadillo-lopez\/\" rel=\"tag\">Diego Vadillo L\u00f3pez<\/a>, <a href=\"https:\/\/niramart.com\/revista-magazine\/tag\/eduardo-vaquerizo\/\" rel=\"tag\">Eduardo Vaquerizo<\/a>, <a href=\"https:\/\/niramart.com\/revista-magazine\/tag\/fernando-angel-moreno\/\" rel=\"tag\">Fernando \u00c1ngel Moreno<\/a>, <a href=\"https:\/\/niramart.com\/revista-magazine\/tag\/mariano-martin-rodriguez\/\" rel=\"tag\">Mariano Mart\u00edn Rodr\u00edguez<\/a><\/span><\/li>\n<\/ul>\n<\/div>\n<\/div>\n<footer class=\"post-footer postdata fix\"><\/footer>\n<\/article>\n<article class=\"excerpt post-989 post type-post status-publish format-standard hentry category-c38-noticias-revista tag-eduardo-vaquerizo tag-fabianni-belemuski tag-fernando-angel-moreno tag-jornadas-complutenses-de-ciencia-ficcion tag-mariano-martin-rodriguez category-32-id post-seq-2 post-parity-even meta-position-left-pullout fix\" id=\"post-989\">\n<header class=\"post-header title-container fix\">\n<div class=\"title\">\n<h2 class=\"posttitle\"><a href=\"https:\/\/niramart.com\/revista-magazine\/i-jornadas-complutenses-de-ciencia-ficcion\/\" class=\"entry-title\" rel=\"bookmark\" title=\"I JORNADAS COMPLUTENSES DE CIENCIA FICCI\u00d3N\">I JORNADAS COMPLUTENSES DE CIENCIA FICCI\u00d3N<\/a><\/h2>\n<\/div>\n<div class=\"date\"><span class=\"month\">May<\/span> <span class=\"day\">23<\/span><span class=\"year\">2013<\/span><\/div>\n<\/header>\n<p> <span class=\"post-format-icon\">&nbsp;<\/span><span class=\"updated\" title=\"2013-05-23T17:11:32+00:00\">&nbsp;<\/span><\/p>\n<div class=\"entry-container fix\">\n<div class=\"entry entry-content fix\">\n<p class=\"bch4dcbow065stdpy\">El viernes 24 de mayo de 2013, a las 18.30 horas tendr\u00e1 lugar en la Facultad de Ciencias de la Informaci\u00f3n de la Universidad Complutense, la primera edici\u00f3n de las Jornadas Complutenses de Ciencia Ficci\u00f3n. Las jornadas, organizadas por la revista Niram Art en <a href=\"https:\/\/niramart.com\/revista-magazine\/i-jornadas-complutenses-de-ciencia-ficcion\/\" class=\"excerpt-more\">[&#8230;]<\/a><\/p>\n<\/div>\n<div class=\"meta-pullout meta-left-pullout\">\n<ul>\n<li class=\"fix\"><span class=\"category\"><span class=\"icon\">&nbsp;<\/span> <a href=\"https:\/\/niramart.com\/revista-magazine\/category\/c38-noticias-revista\/\" rel=\"category tag\">Noticias<\/a><\/span><\/li>\n<li class=\"fix\"><span class=\"tags tax\"><span class=\"icon\">&nbsp;<\/span>Tagged with: <a href=\"https:\/\/niramart.com\/revista-magazine\/tag\/eduardo-vaquerizo\/\" rel=\"tag\">Eduardo Vaquerizo<\/a>, <a href=\"https:\/\/niramart.com\/revista-magazine\/tag\/fabianni-belemuski\/\" rel=\"tag\">fabianni belemuski<\/a>, <a href=\"https:\/\/niramart.com\/revista-magazine\/tag\/fernando-angel-moreno\/\" rel=\"tag\">Fernando \u00c1ngel Moreno<\/a>, <a href=\"https:\/\/niramart.com\/revista-magazine\/tag\/jornadas-complutenses-de-ciencia-ficcion\/\" rel=\"tag\">JORNADAS COMPLUTENSES DE CIENCIA FICCI\u00d3N<\/a>, <a href=\"https:\/\/niramart.com\/revista-magazine\/tag\/mariano-martin-rodriguez\/\" rel=\"tag\">Mariano Mart\u00edn Rodr\u00edguez<\/a><\/span><\/li>\n<\/ul>\n<\/div>\n<\/div>\n<footer class=\"post-footer postdata fix\"><\/footer>\n<\/article>\n<\/div>\n<\/div>\n","protected":false,"raw":""},"excerpt":{"rendered":"<p>Complutenses Jornadas de Ciencia Ficci\u00f3n, una odisea en Ciudad [&hellip;]<\/p>\n","protected":false},"author":0,"featured_media":0,"parent":0,"menu_order":0,"comment_status":"closed","ping_status":"closed","template":"","meta":{"footnotes":""},"class_list":["post-299","page","type-page","status-publish","hentry"],"yoast_head":"<!-- This site is optimized with the Yoast SEO plugin v27.4 - https:\/\/yoast.com\/product\/yoast-seo-wordpress\/ -->\n<title>Fernando \u00c1ngel Moreno \u00bb Niram Art Magazine<\/title>\n<meta name=\"robots\" content=\"index, follow, max-snippet:-1, max-image-preview:large, max-video-preview:-1\" \/>\n<link rel=\"canonical\" href=\"https:\/\/niramart.com\/revista-magazine\/tag\/fernando-angel-moreno\/\" \/>\n<meta property=\"og:type\" content=\"article\" \/>\n<meta property=\"og:title\" content=\"Fernando \u00c1ngel Moreno \u00bb Niram Art Magazine\" \/>\n<meta property=\"og:description\" content=\"Complutenses Jornadas de Ciencia Ficci\u00f3n, una odisea en Ciudad [&hellip;]\" \/>\n<meta property=\"og:url\" content=\"https:\/\/niramart.com\/revista-magazine\/tag\/fernando-angel-moreno\/\" \/>\n<meta property=\"og:site_name\" content=\"Niram Art Magazine\" \/>\n<meta name=\"twitter:card\" content=\"summary_large_image\" \/>\n<meta name=\"twitter:label1\" content=\"Est. reading time\" \/>\n\t<meta name=\"twitter:data1\" content=\"1 minute\" \/>\n<!-- \/ Yoast SEO plugin. -->","yoast_head_json":{"title":"Fernando \u00c1ngel Moreno \u00bb Niram Art Magazine","robots":{"index":"index","follow":"follow","max-snippet":"max-snippet:-1","max-image-preview":"max-image-preview:large","max-video-preview":"max-video-preview:-1"},"canonical":"https:\/\/niramart.com\/revista-magazine\/tag\/fernando-angel-moreno\/","og_type":"article","og_title":"Fernando \u00c1ngel Moreno \u00bb Niram Art Magazine","og_description":"Complutenses Jornadas de Ciencia Ficci\u00f3n, una odisea en Ciudad [&hellip;]","og_url":"https:\/\/niramart.com\/revista-magazine\/tag\/fernando-angel-moreno\/","og_site_name":"Niram Art Magazine","twitter_card":"summary_large_image","twitter_misc":{"Est. reading time":"1 minute"}},"_links":{"self":[{"href":"https:\/\/niramart.com\/revista-magazine\/wp-json\/wp\/v2\/pages\/299","targetHints":{"allow":["GET"]}}],"collection":[{"href":"https:\/\/niramart.com\/revista-magazine\/wp-json\/wp\/v2\/pages"}],"about":[{"href":"https:\/\/niramart.com\/revista-magazine\/wp-json\/wp\/v2\/types\/page"}],"replies":[{"embeddable":true,"href":"https:\/\/niramart.com\/revista-magazine\/wp-json\/wp\/v2\/comments?post=299"}],"version-history":[{"count":0,"href":"https:\/\/niramart.com\/revista-magazine\/wp-json\/wp\/v2\/pages\/299\/revisions"}],"wp:attachment":[{"href":"https:\/\/niramart.com\/revista-magazine\/wp-json\/wp\/v2\/media?parent=299"}],"curies":[{"name":"wp","href":"https:\/\/api.w.org\/{rel}","templated":true}]}}