{"id":289,"date":"2024-04-01T07:41:14","date_gmt":"2024-04-01T07:41:14","guid":{"rendered":"https:\/\/niramart.com\/revista-magazine\/urologicas-trascendencias-pene-de-esther-bendahan\/"},"modified":"2024-04-01T07:41:14","modified_gmt":"2024-04-01T07:41:14","slug":"urologicas-trascendencias-pene-de-esther-bendahan","status":"publish","type":"page","link":"https:\/\/niramart.com\/revista-magazine\/tag\/esther-bendahan\/","title":{"rendered":"Urol\u00f3gicas trascendencias: \u201cPENE\u201d, de ESTHER BENDAHAN"},"content":{"rendered":"<div id=\"main-col\">\n<div id=\"content\" class=\"hfeed\">\n<article class=\"excerpt post-860 post type-post status-publish format-standard hentry category-c39-articulos-espanol category-no-1-2-2013 tag-diego-vadillo-lopez tag-esther-bendahan category-18-id category-148-id post-seq-1 post-parity-odd meta-position-left-pullout fix\" id=\"post-860\">\n<header class=\"post-header title-container fix\">\n<div class=\"title\">\n<h2 class=\"posttitle\"><a href=\"https:\/\/niramart.com\/revista-magazine\/urologicas-trascendencias-pene-de-esther-bendahan\/\" class=\"entry-title\" rel=\"bookmark\" title=\"Urol\u00f3gicas trascendencias: \u201cPENE\u201d, de ESTHER BENDAHAN\">Urol\u00f3gicas trascendencias: \u201cPENE\u201d, de ESTHER BENDAHAN<\/a><\/h2>\n<\/div>\n<div class=\"date\"><span class=\"month\">Apr<\/span> <span class=\"day\">09<\/span><span class=\"year\">2013<\/span><\/div>\n<\/header>\n<p> <span class=\"post-format-icon\">&nbsp;<\/span><span class=\"updated\" title=\"2013-04-09T10:00:40+00:00\">&nbsp;<\/span><\/p>\n<div class=\"entry-container fix\">\n<div class=\"entry entry-content fix\">\n<p class=\"bch4dcbow065stdpy\">Diego Vadillo L\u00f3pez &nbsp; Antes de que Esther Bendahan escribiese \u201cPene\u201d (Ediciones Ambulantes, Madrid, 2011), dicho significante portaba meramente la f\u00f3rmula m\u00e1s culta de aludir al \u00f3rgano reproductor masculino. Eso, como digo, antes de que madame Bendaham, hiciese trascender al c\u00e9lebre ap\u00e9ndice hacia mayores <a href=\"https:\/\/niramart.com\/revista-magazine\/urologicas-trascendencias-pene-de-esther-bendahan\/\" class=\"excerpt-more\">[&#8230;]<\/a><\/p>\n<\/div>\n<div class=\"meta-pullout meta-left-pullout\">\n<ul>\n<li class=\"fix\"><span class=\"category\"><span class=\"icon\">&nbsp;<\/span> <a href=\"https:\/\/niramart.com\/revista-magazine\/category\/s5-articulos\/c39-articulos-espanol\/\" rel=\"category tag\">Articulos espa\u00f1ol<\/a>, <a href=\"https:\/\/niramart.com\/revista-magazine\/category\/s5-articulos\/no-1-2-2013\/\" rel=\"category tag\">N\u00ba 1-2, 2013<\/a><\/span><\/li>\n<li class=\"fix\"><span class=\"tags tax\"><span class=\"icon\">&nbsp;<\/span>Tagged with: <a href=\"https:\/\/niramart.com\/revista-magazine\/tag\/diego-vadillo-lopez\/\" rel=\"tag\">Diego Vadillo L\u00f3pez<\/a>, <a href=\"https:\/\/niramart.com\/revista-magazine\/tag\/esther-bendahan\/\" rel=\"tag\">ESTHER BENDAHAN<\/a><\/span><\/li>\n<\/ul>\n<\/div>\n<\/div>\n<footer class=\"post-footer postdata fix\"><\/footer>\n<\/article>\n<\/div>\n<\/div>\n","protected":false,"raw":""},"excerpt":{"rendered":"<p>Urol\u00f3gicas trascendencias: \u201cPENE\u201d, de ESTHER BENDAHAN Apr 092013 &nbsp;&nbsp; [&hellip;]<\/p>\n","protected":false},"author":0,"featured_media":0,"parent":0,"menu_order":0,"comment_status":"closed","ping_status":"closed","template":"","meta":{"footnotes":""},"class_list":["post-289","page","type-page","status-publish","hentry"],"yoast_head":"<!-- This site is optimized with the Yoast SEO plugin v27.4 - https:\/\/yoast.com\/product\/yoast-seo-wordpress\/ -->\n<title>ESTHER BENDAHAN \u00bb Niram Art Magazine<\/title>\n<meta name=\"robots\" content=\"index, follow, max-snippet:-1, max-image-preview:large, max-video-preview:-1\" \/>\n<link rel=\"canonical\" href=\"https:\/\/niramart.com\/revista-magazine\/tag\/esther-bendahan\/\" \/>\n<meta property=\"og:type\" content=\"article\" \/>\n<meta property=\"og:title\" content=\"ESTHER BENDAHAN \u00bb Niram Art Magazine\" \/>\n<meta property=\"og:description\" content=\"Urol\u00f3gicas trascendencias: \u201cPENE\u201d, de ESTHER BENDAHAN Apr 092013 &nbsp;&nbsp; [&hellip;]\" \/>\n<meta property=\"og:url\" content=\"https:\/\/niramart.com\/revista-magazine\/tag\/esther-bendahan\/\" \/>\n<meta property=\"og:site_name\" content=\"Niram Art Magazine\" \/>\n<meta name=\"twitter:card\" content=\"summary_large_image\" \/>\n<!-- \/ Yoast SEO plugin. -->","yoast_head_json":{"title":"ESTHER BENDAHAN \u00bb Niram Art Magazine","robots":{"index":"index","follow":"follow","max-snippet":"max-snippet:-1","max-image-preview":"max-image-preview:large","max-video-preview":"max-video-preview:-1"},"canonical":"https:\/\/niramart.com\/revista-magazine\/tag\/esther-bendahan\/","og_type":"article","og_title":"ESTHER BENDAHAN \u00bb Niram Art Magazine","og_description":"Urol\u00f3gicas trascendencias: \u201cPENE\u201d, de ESTHER BENDAHAN Apr 092013 &nbsp;&nbsp; [&hellip;]","og_url":"https:\/\/niramart.com\/revista-magazine\/tag\/esther-bendahan\/","og_site_name":"Niram Art Magazine","twitter_card":"summary_large_image"},"_links":{"self":[{"href":"https:\/\/niramart.com\/revista-magazine\/wp-json\/wp\/v2\/pages\/289","targetHints":{"allow":["GET"]}}],"collection":[{"href":"https:\/\/niramart.com\/revista-magazine\/wp-json\/wp\/v2\/pages"}],"about":[{"href":"https:\/\/niramart.com\/revista-magazine\/wp-json\/wp\/v2\/types\/page"}],"replies":[{"embeddable":true,"href":"https:\/\/niramart.com\/revista-magazine\/wp-json\/wp\/v2\/comments?post=289"}],"version-history":[{"count":0,"href":"https:\/\/niramart.com\/revista-magazine\/wp-json\/wp\/v2\/pages\/289\/revisions"}],"wp:attachment":[{"href":"https:\/\/niramart.com\/revista-magazine\/wp-json\/wp\/v2\/media?parent=289"}],"curies":[{"name":"wp","href":"https:\/\/api.w.org\/{rel}","templated":true}]}}