{"id":287,"date":"2024-04-01T07:41:14","date_gmt":"2024-04-01T07:41:14","guid":{"rendered":"https:\/\/niramart.com\/revista-magazine\/exposicion-de-dibujo-y-grabado-calma-y-tempestad-a-flor-de-piel-4\/"},"modified":"2024-04-01T07:41:14","modified_gmt":"2024-04-01T07:41:14","slug":"exposicion-de-dibujo-y-grabado-calma-y-tempestad-a-flor-de-piel-4","status":"publish","type":"page","link":"https:\/\/niramart.com\/revista-magazine\/tag\/espacio-niram\/","title":{"rendered":"Exposici\u00f3n de dibujo y grabado &#8220;CALMA Y TEMPESTAD &#8211; A FLOR DE PIEL&#8221;"},"content":{"rendered":"<div id=\"main-col\">\n<div id=\"content\" class=\"hfeed\">\n<article class=\"excerpt post-1234 post type-post status-publish format-standard hentry category-c38-noticias-revista tag-arte tag-dibujo tag-diego-vadillo-lopez tag-espacio-niram tag-eva-sanchez-ramo tag-exposicion tag-laura-herrero-crespo category-32-id post-seq-1 post-parity-odd meta-position-left-pullout fix\" id=\"post-1234\">\n<header class=\"post-header title-container fix\">\n<div class=\"title\">\n<h2 class=\"posttitle\"><a href=\"https:\/\/niramart.com\/revista-magazine\/exposicion-de-dibujo-y-grabado-calma-y-tempestad-a-flor-de-piel\/\" class=\"entry-title\" rel=\"bookmark\" title=\"Exposici\u00f3n de dibujo y grabado \u201cCALMA Y TEMPESTAD \u2013 A FLOR DE PIEL\u201d\">Exposici\u00f3n de dibujo y grabado &#8220;CALMA Y TEMPESTAD &#8211; A FLOR DE PIEL&#8221;<\/a><\/h2>\n<\/div>\n<div class=\"date\"><span class=\"month\">Dec<\/span> <span class=\"day\">05<\/span><span class=\"year\">2013<\/span><\/div>\n<\/header>\n<p> <span class=\"post-format-icon\">&nbsp;<\/span><span class=\"updated\" title=\"2013-12-05T11:31:50+00:00\">&nbsp;<\/span><\/p>\n<div class=\"entry-container fix\">\n<div class=\"entry entry-content fix\">\n<p class=\"bch4dcbow065stdpy\">Las Galer\u00edas Ater de Espacio Niram organizan la exposici\u00f3n de dibujo y grabado &#8220;CALMA Y TEMPESTAD &#8211; A FLOR DE PIEL&#8221; de  Laura Herrero Crespo y Eva S\u00e1nchez Ramo, licenciadas en  Bellas Artes por la univ. Complutense de Madrid. El comisario de la exposici\u00f3n <a href=\"https:\/\/niramart.com\/revista-magazine\/exposicion-de-dibujo-y-grabado-calma-y-tempestad-a-flor-de-piel\/\" class=\"excerpt-more\">[&#8230;]<\/a><\/p>\n<\/div>\n<div class=\"meta-pullout meta-left-pullout\">\n<ul>\n<li class=\"fix\"><span class=\"category\"><span class=\"icon\">&nbsp;<\/span> <a href=\"https:\/\/niramart.com\/revista-magazine\/category\/c38-noticias-revista\/\" rel=\"category tag\">Noticias<\/a><\/span><\/li>\n<li class=\"fix\"><span class=\"tags tax\"><span class=\"icon\">&nbsp;<\/span>Tagged with: <a href=\"https:\/\/niramart.com\/revista-magazine\/tag\/arte\/\" rel=\"tag\">arte<\/a>, <a href=\"https:\/\/niramart.com\/revista-magazine\/tag\/dibujo\/\" rel=\"tag\">dibujo<\/a>, <a href=\"https:\/\/niramart.com\/revista-magazine\/tag\/diego-vadillo-lopez\/\" rel=\"tag\">Diego Vadillo L\u00f3pez<\/a>, <a href=\"https:\/\/niramart.com\/revista-magazine\/tag\/espacio-niram\/\" rel=\"tag\">espacio niram<\/a>, <a href=\"https:\/\/niramart.com\/revista-magazine\/tag\/eva-sanchez-ramo\/\" rel=\"tag\">Eva S\u00e1nchez Ramo<\/a>, <a href=\"https:\/\/niramart.com\/revista-magazine\/tag\/exposicion\/\" rel=\"tag\">Exposici\u00f3n<\/a>, <a href=\"https:\/\/niramart.com\/revista-magazine\/tag\/laura-herrero-crespo\/\" rel=\"tag\">Laura Herrero Crespo<\/a><\/span><\/li>\n<\/ul>\n<\/div>\n<\/div>\n<footer class=\"post-footer postdata fix\"><\/footer>\n<\/article>\n<article class=\"excerpt post-1117 post type-post status-publish format-standard hentry category-c38-noticias-revista tag-diego-vadillo-lopez tag-espacio-niram tag-fabianni-belemuski tag-niram-art tag-ramiro-lacayo-deshon tag-tejedor-de-vientos category-32-id post-seq-2 post-parity-even meta-position-left-pullout fix\" id=\"post-1117\">\n<header class=\"post-header title-container fix\">\n<div class=\"title\">\n<h2 class=\"posttitle\"><a href=\"https:\/\/niramart.com\/revista-magazine\" class=\"entry-title\" rel=\"bookmark\" title=\"Lanzamiento de libro: Tejedor de vientos de Ramiro Lacayo Desh\u00f3n\">Lanzamiento de libro: Tejedor de vientos de Ramiro Lacayo Desh\u00f3n<\/a><\/h2>\n<\/div>\n<div class=\"date\"><span class=\"month\">Oct<\/span> <span class=\"day\">17<\/span><span class=\"year\">2013<\/span><\/div>\n<\/header>\n<p> <span class=\"post-format-icon\">&nbsp;<\/span><span class=\"updated\" title=\"2013-10-17T15:19:36+00:00\">&nbsp;<\/span><\/p>\n<div class=\"entry-container fix\">\n<div class=\"entry entry-content fix\">\n<p class=\"bch4dcbow065stdpy\">Niram Art Editorial organiza el lanzamiento del libro Tejedor de vientos de Ramiro Lacayo Desh\u00f3n. El lanzamiento tendr\u00e1 lugar en las Galer\u00edas Ater de Espacio Niram, Madrid. (C\/ Independencia N\u00ba2, Madrid,28013) s\u00e1bado, el 19 de octubre de 2013, a las 21:30 h. Intervendr\u00e1n el <a href=\"https:\/\/niramart.com\/revista-magazine\" class=\"excerpt-more\">[&#8230;]<\/a><\/p>\n<\/div>\n<div class=\"meta-pullout meta-left-pullout\">\n<ul>\n<li class=\"fix\"><span class=\"category\"><span class=\"icon\">&nbsp;<\/span> <a href=\"https:\/\/niramart.com\/revista-magazine\/category\/c38-noticias-revista\/\" rel=\"category tag\">Noticias<\/a><\/span><\/li>\n<li class=\"fix\"><span class=\"tags tax\"><span class=\"icon\">&nbsp;<\/span>Tagged with: <a href=\"https:\/\/niramart.com\/revista-magazine\/tag\/diego-vadillo-lopez\/\" rel=\"tag\">Diego Vadillo L\u00f3pez<\/a>, <a href=\"https:\/\/niramart.com\/revista-magazine\/tag\/espacio-niram\/\" rel=\"tag\">espacio niram<\/a>, <a href=\"https:\/\/niramart.com\/revista-magazine\/tag\/fabianni-belemuski\/\" rel=\"tag\">fabianni belemuski<\/a>, <a href=\"https:\/\/niramart.com\/revista-magazine\/tag\/niram-art\/\" rel=\"tag\">niram art<\/a>, <a href=\"https:\/\/niramart.com\/revista-magazine\" rel=\"tag\">Ramiro Lacayo Desh\u00f3n<\/a>, <a href=\"https:\/\/niramart.com\/revista-magazine\" rel=\"tag\">Tejedor de vientos<\/a><\/span><\/li>\n<\/ul>\n<\/div>\n<\/div>\n<footer class=\"post-footer postdata fix\"><\/footer>\n<\/article>\n<article class=\"excerpt post-1126 post type-post status-publish format-standard hentry category-c38-noticias-revista tag-andreea-niram tag-bogdan-ater tag-diego-vadillo-lopez tag-espacio-niram tag-fabianni-belemuski tag-gabriel-andrei tag-george-roca tag-gonzalo-martinez-gil tag-hector-martinez-sanz tag-midsol-wol tag-miedho tag-niram-art tag-rita-martorell tag-victoria-garcia-acero category-32-id post-seq-3 post-parity-odd meta-position-left-pullout fix\" id=\"post-1126\">\n<header class=\"post-header title-container fix\">\n<div class=\"title\">\n<h2 class=\"posttitle\"><a href=\"https:\/\/niramart.com\/revista-magazine\/george-roca-cyclus-dedicatio-algunos-hombres-buenos\/\" class=\"entry-title\" rel=\"bookmark\" title=\"George Roca: Cyclus Dedicatio, Algunos Hombres Buenos\">George Roca: Cyclus Dedicatio, Algunos Hombres Buenos<\/a><\/h2>\n<\/div>\n<div class=\"date\"><span class=\"month\">Oct<\/span> <span class=\"day\">12<\/span><span class=\"year\">2013<\/span><\/div>\n<\/header>\n<p> <span class=\"post-format-icon\">&nbsp;<\/span><span class=\"updated\" title=\"2013-10-12T17:54:30+00:00\">&nbsp;<\/span><\/p>\n<div class=\"entry-container fix\">\n<div class=\"entry entry-content fix\">\n<p class=\"bch4dcbow065stdpy\">Las revistas Niram Art y Madrid en Marco organizan el recital de poes\u00eda \u201cCyclus Dedicatio: Algunos Hombres Buenos\u201d del poeta George Roca. Interviene el director de la revista Madrid en Marco, H\u00e9ctor Mart\u00ednez Sanz. Los poemas pertenecen al nuevo libro de George Roca, Buscando <a href=\"https:\/\/niramart.com\/revista-magazine\/george-roca-cyclus-dedicatio-algunos-hombres-buenos\/\" class=\"excerpt-more\">[&#8230;]<\/a><\/p>\n<\/div>\n<div class=\"meta-pullout meta-left-pullout\">\n<ul>\n<li class=\"fix\"><span class=\"category\"><span class=\"icon\">&nbsp;<\/span> <a href=\"https:\/\/niramart.com\/revista-magazine\/category\/c38-noticias-revista\/\" rel=\"category tag\">Noticias<\/a><\/span><\/li>\n<li class=\"fix\"><span class=\"tags tax\"><span class=\"icon\">&nbsp;<\/span>Tagged with: <a href=\"https:\/\/niramart.com\/revista-magazine\/tag\/andreea-niram\/\" rel=\"tag\">andreea niram<\/a>, <a href=\"https:\/\/niramart.com\/revista-magazine\/tag\/bogdan-ater\/\" rel=\"tag\">bogdan ater<\/a>, <a href=\"https:\/\/niramart.com\/revista-magazine\/tag\/diego-vadillo-lopez\/\" rel=\"tag\">Diego Vadillo L\u00f3pez<\/a>, <a href=\"https:\/\/niramart.com\/revista-magazine\/tag\/espacio-niram\/\" rel=\"tag\">espacio niram<\/a>, <a href=\"https:\/\/niramart.com\/revista-magazine\/tag\/fabianni-belemuski\/\" rel=\"tag\">fabianni belemuski<\/a>, <a href=\"https:\/\/niramart.com\/revista-magazine\/tag\/gabriel-andrei\/\" rel=\"tag\">Gabriel Andrei<\/a>, <a href=\"https:\/\/niramart.com\/revista-magazine\/tag\/george-roca\/\" rel=\"tag\">george roca<\/a>, <a href=\"https:\/\/niramart.com\/revista-magazine\/tag\/gonzalo-martinez-gil\/\" rel=\"tag\">Gonz\u00e1lo Mart\u00ednez Gil<\/a>, <a href=\"https:\/\/niramart.com\/revista-magazine\/tag\/hector-martinez-sanz\/\" rel=\"tag\">H\u00e9ctor Mart\u00ednez sanz<\/a>, <a href=\"https:\/\/niramart.com\/revista-magazine\/tag\/midsol-wol\/\" rel=\"tag\">Midsol W\u00f6l<\/a>, <a href=\"https:\/\/niramart.com\/revista-magazine\/tag\/miedho\/\" rel=\"tag\">MIEDHO<\/a>, <a href=\"https:\/\/niramart.com\/revista-magazine\/tag\/niram-art\/\" rel=\"tag\">niram art<\/a>, <a href=\"https:\/\/niramart.com\/revista-magazine\/tag\/rita-martorell\/\" rel=\"tag\">Rita Martorell<\/a>, <a href=\"https:\/\/niramart.com\/revista-magazine\/tag\/victoria-garcia-acero\/\" rel=\"tag\">Victoria Garc\u00eda Acero<\/a><\/span><\/li>\n<\/ul>\n<\/div>\n<\/div>\n<footer class=\"post-footer postdata fix\"><\/footer>\n<\/article>\n<article class=\"excerpt post-974 post type-post status-publish format-standard hentry category-c42-articulos-romana tag-editura-niram-art tag-elisei-virgil tag-espacio-niram tag-premio tag-scriitori-din-est category-16-id post-seq-4 post-parity-even meta-position-left-pullout fix\" id=\"post-974\">\n<header class=\"post-header title-container fix\">\n<div class=\"title\">\n<h2 class=\"posttitle\"><a href=\"https:\/\/niramart.com\/revista-magazine\/scriitorul-roman-elisei-virgil-premiat-de-societatea-literara-din-madrid\/\" class=\"entry-title\" rel=\"bookmark\" title=\"Scriitorul roman Elisei Virgil, premiat la  Madrid\">Scriitorul roman Elisei Virgil, premiat la  Madrid<\/a><\/h2>\n<\/div>\n<div class=\"date\"><span class=\"month\">May<\/span> <span class=\"day\">13<\/span><span class=\"year\">2013<\/span><\/div>\n<\/header>\n<p> <span class=\"post-format-icon\">&nbsp;<\/span><span class=\"updated\" title=\"2013-05-13T14:54:20+00:00\">&nbsp;<\/span><\/p>\n<div class=\"entry-container fix\">\n<div class=\"entry entry-content fix\">\n<p class=\"bch4dcbow065stdpy\">Scriitorul rom\u00e2n Elisei Virgil a primit duminica, 12 mai 2013, premiul pentru literatura \u201cScriitori din Est\u201d, locul al doilea, in valoare de 3000 de Euro, acordat de Noua Societate Literara din Madrid. Cartea autorului roman a atras atentia criticilor, cu ocazia Saptamanii Cartii 2013, <a href=\"https:\/\/niramart.com\/revista-magazine\/scriitorul-roman-elisei-virgil-premiat-de-societatea-literara-din-madrid\/\" class=\"excerpt-more\">[&#8230;]<\/a><\/p>\n<\/div>\n<div class=\"meta-pullout meta-left-pullout\">\n<ul>\n<li class=\"fix\"><span class=\"category\"><span class=\"icon\">&nbsp;<\/span> <a href=\"https:\/\/niramart.com\/revista-magazine\/category\/s5-articulos\/c42-articulos-romana\/\" rel=\"category tag\">Articole in limba romana<\/a><\/span><\/li>\n<li class=\"fix\"><span class=\"tags tax\"><span class=\"icon\">&nbsp;<\/span>Tagged with: <a href=\"https:\/\/niramart.com\/revista-magazine\/tag\/editura-niram-art\/\" rel=\"tag\">editura niram art<\/a>, <a href=\"https:\/\/niramart.com\/revista-magazine\/tag\/elisei-virgil\/\" rel=\"tag\">elisei virgil<\/a>, <a href=\"https:\/\/niramart.com\/revista-magazine\/tag\/espacio-niram\/\" rel=\"tag\">espacio niram<\/a>, <a href=\"https:\/\/niramart.com\/revista-magazine\/tag\/premio\/\" rel=\"tag\">premio<\/a>, <a href=\"https:\/\/niramart.com\/revista-magazine\/tag\/scriitori-din-est\/\" rel=\"tag\">scriitori din est<\/a><\/span><\/li>\n<\/ul>\n<\/div>\n<\/div>\n<footer class=\"post-footer postdata fix\"><\/footer>\n<\/article>\n<article class=\"excerpt post-956 post type-post status-publish format-standard hentry category-c39-articulos-espanol category-literatura category-no-3-4-2013 tag-eduardo-de-la-fuente tag-espacio-niram tag-ivan-miedho tag-presentacion-de-libros category-18-id category-120-id category-178-id post-seq-5 post-parity-odd meta-position-left-pullout fix\" id=\"post-956\">\n<header class=\"post-header title-container fix\">\n<div class=\"title\">\n<h2 class=\"posttitle\"><a href=\"https:\/\/niramart.com\/revista-magazine\/eduardo-de-la-fuente\/\" class=\"entry-title\" rel=\"bookmark\" title=\"Un a\u00f1o en Siberia, de Eduardo de la Fuente Carrillo\">Un a\u00f1o en Siberia, de Eduardo de la Fuente Carrillo<\/a><\/h2>\n<\/div>\n<div class=\"date\"><span class=\"month\">Apr<\/span> <span class=\"day\">29<\/span><span class=\"year\">2013<\/span><\/div>\n<\/header>\n<p> <span class=\"post-format-icon\">&nbsp;<\/span><span class=\"updated\" title=\"2013-04-29T14:58:57+00:00\">&nbsp;<\/span><\/p>\n<div class=\"entry-container fix\">\n<div class=\"entry entry-content fix\">\n<p class=\"bch4dcbow065stdpy\">Iv\u00e1n MIEDHO Cuando abr\u00ed el libro Un a\u00f1o en Siberia, de Eduardo de la Fuente Carrillo, comprend\u00ed que me encontraba ante un reflejo de una parte de m\u00ed, que a\u00fan hoy en d\u00eda, estoy intentando despertar. Siempre estoy hablando de la manipulaci\u00f3n de los <a href=\"https:\/\/niramart.com\/revista-magazine\/eduardo-de-la-fuente\/\" class=\"excerpt-more\">[&#8230;]<\/a><\/p>\n<\/div>\n<div class=\"meta-pullout meta-left-pullout\">\n<ul>\n<li class=\"fix\"><span class=\"category\"><span class=\"icon\">&nbsp;<\/span> <a href=\"https:\/\/niramart.com\/revista-magazine\/category\/s5-articulos\/c39-articulos-espanol\/\" rel=\"category tag\">Articulos espa\u00f1ol<\/a>, <a href=\"https:\/\/niramart.com\/revista-magazine\/category\/literatura\/\" rel=\"category tag\">Literatura<\/a>, <a href=\"https:\/\/niramart.com\/revista-magazine\/category\/no-3-4-2013\/\" rel=\"category tag\">N\u00ba 3-4 2013<\/a><\/span><\/li>\n<li class=\"fix\"><span class=\"tags tax\"><span class=\"icon\">&nbsp;<\/span>Tagged with: <a href=\"https:\/\/niramart.com\/revista-magazine\" rel=\"tag\">Eduardo de la Fuente<\/a>, <a href=\"https:\/\/niramart.com\/revista-magazine\/tag\/espacio-niram\/\" rel=\"tag\">espacio niram<\/a>, <a href=\"https:\/\/niramart.com\/revista-magazine\/tag\/ivan-miedho\/\" rel=\"tag\">iv\u00e1n miedho<\/a>, <a href=\"https:\/\/niramart.com\/revista-magazine\" rel=\"tag\">presentaci\u00f3n de libros<\/a><\/span><\/li>\n<\/ul>\n<\/div>\n<\/div>\n<footer class=\"post-footer postdata fix\"><\/footer>\n<\/article>\n<article class=\"excerpt post-886 post type-post status-publish format-standard hentry category-c38-noticias-revista tag-anthel-blau tag-antonio-calderon-de-jesus tag-espacio-niram tag-fabianni-belemuski tag-oscar-lopez category-32-id post-seq-6 post-parity-even meta-position-left-pullout fix\" id=\"post-886\">\n<header class=\"post-header title-container fix\">\n<div class=\"title\">\n<h2 class=\"posttitle\"><a href=\"https:\/\/niramart.com\/revista-magazine\" class=\"entry-title\" rel=\"bookmark\" title=\"Encuentro con el escritor Anthel Blau\">Encuentro con el escritor Anthel Blau<\/a><\/h2>\n<\/div>\n<div class=\"date\"><span class=\"month\">Apr<\/span> <span class=\"day\">08<\/span><span class=\"year\">2013<\/span><\/div>\n<\/header>\n<p> <span class=\"post-format-icon\">&nbsp;<\/span><span class=\"updated\" title=\"2013-04-08T18:21:55+00:00\">&nbsp;<\/span><\/p>\n<div class=\"entry-container fix\">\n<div class=\"entry entry-content fix\">\n<p class=\"bch4dcbow065stdpy\">&nbsp; Espacio Niram y Fabianni Belemuski organizan el encuentro con el escritor Anthel Blau, autor del libro \u201cVolando los cielos interiores\u201d, a tener lugar  s\u00e1bado, el 23 de marzo 2013, en Espacio Niram de Madrid. Participan: \u00d3scar L\u00f3pez (fil\u00f3sofo), Antonio Calder\u00f3n de Jes\u00fas (cr\u00edtico <a href=\"https:\/\/niramart.com\/revista-magazine\" class=\"excerpt-more\">[&#8230;]<\/a><\/p>\n<\/div>\n<div class=\"meta-pullout meta-left-pullout\">\n<ul>\n<li class=\"fix\"><span class=\"category\"><span class=\"icon\">&nbsp;<\/span> <a href=\"https:\/\/niramart.com\/revista-magazine\/category\/c38-noticias-revista\/\" rel=\"category tag\">Noticias<\/a><\/span><\/li>\n<li class=\"fix\"><span class=\"tags tax\"><span class=\"icon\">&nbsp;<\/span>Tagged with: <a href=\"https:\/\/niramart.com\/revista-magazine\/tag\/anthel-blau\/\" rel=\"tag\">Anthel Blau<\/a>, <a href=\"https:\/\/niramart.com\/revista-magazine\" rel=\"tag\">Antonio Calder\u00f3n de Jes\u00fas<\/a>, <a href=\"https:\/\/niramart.com\/revista-magazine\/tag\/espacio-niram\/\" rel=\"tag\">espacio niram<\/a>, <a href=\"https:\/\/niramart.com\/revista-magazine\/tag\/fabianni-belemuski\/\" rel=\"tag\">fabianni belemuski<\/a>, <a href=\"https:\/\/niramart.com\/revista-magazine\" rel=\"tag\">\u00d3scar L\u00f3pez<\/a><\/span><\/li>\n<\/ul>\n<\/div>\n<\/div>\n<footer class=\"post-footer postdata fix\"><\/footer>\n<\/article>\n<article class=\"excerpt post-873 post type-post status-publish format-standard hentry category-c39-articulos-espanol category-c38-noticias-revista tag-antonio-calderon-de-jesus tag-antonio-mateos-munoz tag-espacio-niram tag-rita-martorell category-18-id category-32-id post-seq-7 post-parity-odd meta-position-left-pullout fix\" id=\"post-873\">\n<header class=\"post-header title-container fix\">\n<div class=\"title\">\n<h2 class=\"posttitle\"><a href=\"https:\/\/niramart.com\/revista-magazine\" class=\"entry-title\" rel=\"bookmark\" title=\"Encuentro con el escritor Antonio Mateos Mu\u00f1oz\">Encuentro con el escritor Antonio Mateos Mu\u00f1oz<\/a><\/h2>\n<\/div>\n<div class=\"date\"><span class=\"month\">Apr<\/span> <span class=\"day\">08<\/span><span class=\"year\">2013<\/span><\/div>\n<\/header>\n<p> <span class=\"post-format-icon\">&nbsp;<\/span><span class=\"updated\" title=\"2013-04-08T18:00:45+00:00\">&nbsp;<\/span><\/p>\n<div class=\"entry-container fix\">\n<div class=\"entry entry-content fix\">\n<p class=\"bch4dcbow065stdpy\">Espacio Niram y Fabianni Belemuski organizan el encuentro con el escritor Antonio Mateos Mu\u00f1oz, autor del libro &#8220;El Fulgor de las Alondras&#8221;, a tener lugar  s\u00e1bado, el 23 de marzo 2013, en Espacio Niram de Madrid. Participan: Rita Martorell (artista pl\u00e1stica), Antonio Calder\u00f3n de <a href=\"https:\/\/niramart.com\/revista-magazine\" class=\"excerpt-more\">[&#8230;]<\/a><\/p>\n<\/div>\n<div class=\"meta-pullout meta-left-pullout\">\n<ul>\n<li class=\"fix\"><span class=\"category\"><span class=\"icon\">&nbsp;<\/span> <a href=\"https:\/\/niramart.com\/revista-magazine\/category\/s5-articulos\/c39-articulos-espanol\/\" rel=\"category tag\">Articulos espa\u00f1ol<\/a>, <a href=\"https:\/\/niramart.com\/revista-magazine\/category\/c38-noticias-revista\/\" rel=\"category tag\">Noticias<\/a><\/span><\/li>\n<li class=\"fix\"><span class=\"tags tax\"><span class=\"icon\">&nbsp;<\/span>Tagged with: <a href=\"https:\/\/niramart.com\/revista-magazine\" rel=\"tag\">Antonio Calder\u00f3n de Jes\u00fas<\/a>, <a href=\"https:\/\/niramart.com\/revista-magazine\/tag\/antonio-mateos-munoz\/\" rel=\"tag\">Antonio Mateos Mu\u00f1oz<\/a>, <a href=\"https:\/\/niramart.com\/revista-magazine\/tag\/espacio-niram\/\" rel=\"tag\">espacio niram<\/a>, <a href=\"https:\/\/niramart.com\/revista-magazine\/tag\/rita-martorell\/\" rel=\"tag\">Rita Martorell<\/a><\/span><\/li>\n<\/ul>\n<\/div>\n<\/div>\n<footer class=\"post-footer postdata fix\"><\/footer>\n<\/article>\n<article class=\"excerpt post-877 post type-post status-publish format-standard hentry category-c39-articulos-espanol category-literatura category-no-1-2-2013 tag-antonio-mateos-munoz tag-espacio-niram category-18-id category-120-id category-148-id post-seq-8 post-parity-even meta-position-left-pullout fix\" id=\"post-877\">\n<header class=\"post-header title-container fix\">\n<div class=\"title\">\n<h2 class=\"posttitle\"><a href=\"https:\/\/niramart.com\/revista-magazine\" class=\"entry-title\" rel=\"bookmark\" title=\"Espacio en rojo\">Espacio en rojo<\/a><\/h2>\n<\/div>\n<div class=\"date\"><span class=\"month\">Apr<\/span> <span class=\"day\">08<\/span><span class=\"year\">2013<\/span><\/div>\n<\/header>\n<p> <span class=\"post-format-icon\">&nbsp;<\/span><span class=\"updated\" title=\"2013-04-08T16:04:43+00:00\">&nbsp;<\/span><\/p>\n<div class=\"entry-container fix\">\n<div class=\"entry entry-content fix\">\n<p class=\"bch4dcbow065stdpy\">por Antonio MATEOS MU\u00d1OZ, escritor Hay distintas maneras de conocer una ciudad: por esas cartograf\u00edas urbanas que, de antemano, le quitan encanto a cualquier descubrimiento; por el vagabundeo itinerante, muy propio de solitarios. Finalmente, por la descripci\u00f3n literaria de la ciudad en cuesti\u00f3n. Este <a href=\"https:\/\/niramart.com\/revista-magazine\" class=\"excerpt-more\">[&#8230;]<\/a><\/p>\n<\/div>\n<div class=\"meta-pullout meta-left-pullout\">\n<ul>\n<li class=\"fix\"><span class=\"category\"><span class=\"icon\">&nbsp;<\/span> <a href=\"https:\/\/niramart.com\/revista-magazine\/category\/s5-articulos\/c39-articulos-espanol\/\" rel=\"category tag\">Articulos espa\u00f1ol<\/a>, <a href=\"https:\/\/niramart.com\/revista-magazine\/category\/literatura\/\" rel=\"category tag\">Literatura<\/a>, <a href=\"https:\/\/niramart.com\/revista-magazine\/category\/s5-articulos\/no-1-2-2013\/\" rel=\"category tag\">N\u00ba 1-2, 2013<\/a><\/span><\/li>\n<li class=\"fix\"><span class=\"tags tax\"><span class=\"icon\">&nbsp;<\/span>Tagged with: <a href=\"https:\/\/niramart.com\/revista-magazine\/tag\/antonio-mateos-munoz\/\" rel=\"tag\">Antonio Mateos Mu\u00f1oz<\/a>, <a href=\"https:\/\/niramart.com\/revista-magazine\/tag\/espacio-niram\/\" rel=\"tag\">espacio niram<\/a><\/span><\/li>\n<\/ul>\n<\/div>\n<\/div>\n<footer class=\"post-footer postdata fix\"><\/footer>\n<\/article>\n<\/div>\n<\/div>\n","protected":false,"raw":""},"excerpt":{"rendered":"<p>Exposici\u00f3n de dibujo y grabado &#8220;CALMA Y TEMPESTAD &#8211; [&hellip;]<\/p>\n","protected":false},"author":0,"featured_media":0,"parent":0,"menu_order":0,"comment_status":"closed","ping_status":"closed","template":"","meta":{"footnotes":""},"class_list":["post-287","page","type-page","status-publish","hentry"],"yoast_head":"<!-- This site is optimized with the Yoast SEO plugin v27.4 - https:\/\/yoast.com\/product\/yoast-seo-wordpress\/ -->\n<title>espacio niram \u00bb Niram Art Magazine<\/title>\n<meta name=\"robots\" content=\"index, follow, max-snippet:-1, max-image-preview:large, max-video-preview:-1\" \/>\n<link rel=\"canonical\" href=\"https:\/\/niramart.com\/revista-magazine\/tag\/espacio-niram\/\" \/>\n<meta property=\"og:type\" content=\"article\" \/>\n<meta property=\"og:title\" content=\"espacio niram \u00bb Niram Art Magazine\" \/>\n<meta property=\"og:description\" content=\"Exposici\u00f3n de dibujo y grabado &#8220;CALMA Y TEMPESTAD &#8211; [&hellip;]\" \/>\n<meta property=\"og:url\" content=\"https:\/\/niramart.com\/revista-magazine\/tag\/espacio-niram\/\" \/>\n<meta property=\"og:site_name\" content=\"Niram Art Magazine\" \/>\n<meta name=\"twitter:card\" content=\"summary_large_image\" \/>\n<meta name=\"twitter:label1\" content=\"Est. reading time\" \/>\n\t<meta name=\"twitter:data1\" content=\"3 minutes\" \/>\n<!-- \/ Yoast SEO plugin. -->","yoast_head_json":{"title":"espacio niram \u00bb Niram Art Magazine","robots":{"index":"index","follow":"follow","max-snippet":"max-snippet:-1","max-image-preview":"max-image-preview:large","max-video-preview":"max-video-preview:-1"},"canonical":"https:\/\/niramart.com\/revista-magazine\/tag\/espacio-niram\/","og_type":"article","og_title":"espacio niram \u00bb Niram Art Magazine","og_description":"Exposici\u00f3n de dibujo y grabado &#8220;CALMA Y TEMPESTAD &#8211; [&hellip;]","og_url":"https:\/\/niramart.com\/revista-magazine\/tag\/espacio-niram\/","og_site_name":"Niram Art Magazine","twitter_card":"summary_large_image","twitter_misc":{"Est. reading time":"3 minutes"}},"_links":{"self":[{"href":"https:\/\/niramart.com\/revista-magazine\/wp-json\/wp\/v2\/pages\/287","targetHints":{"allow":["GET"]}}],"collection":[{"href":"https:\/\/niramart.com\/revista-magazine\/wp-json\/wp\/v2\/pages"}],"about":[{"href":"https:\/\/niramart.com\/revista-magazine\/wp-json\/wp\/v2\/types\/page"}],"replies":[{"embeddable":true,"href":"https:\/\/niramart.com\/revista-magazine\/wp-json\/wp\/v2\/comments?post=287"}],"version-history":[{"count":0,"href":"https:\/\/niramart.com\/revista-magazine\/wp-json\/wp\/v2\/pages\/287\/revisions"}],"wp:attachment":[{"href":"https:\/\/niramart.com\/revista-magazine\/wp-json\/wp\/v2\/media?parent=287"}],"curies":[{"name":"wp","href":"https:\/\/api.w.org\/{rel}","templated":true}]}}