{"id":276,"date":"2024-04-01T07:41:12","date_gmt":"2024-04-01T07:41:12","guid":{"rendered":"https:\/\/niramart.com\/revista-magazine\/graphic-art-exhibition-by-eduard-rudolf-roth-2\/"},"modified":"2024-04-01T07:41:12","modified_gmt":"2024-04-01T07:41:12","slug":"graphic-art-exhibition-by-eduard-rudolf-roth-2","status":"publish","type":"page","link":"https:\/\/niramart.com\/revista-magazine\/tag\/eduard-rudolf-roth\/","title":{"rendered":"Graphic art exhibition by Eduard Rudolf Roth"},"content":{"rendered":"<div id=\"main-col\">\n<div id=\"content\" class=\"hfeed\">\n<article class=\"excerpt post-1107 post type-post status-publish format-standard hentry category-c40-english category-c38-noticias-revista tag-eduard-rudolf-roth tag-exhibition tag-graphic-art category-17-id category-32-id post-seq-1 post-parity-odd meta-position-left-pullout fix\" id=\"post-1107\">\n<header class=\"post-header title-container fix\">\n<div class=\"title\">\n<h2 class=\"posttitle\"><a href=\"https:\/\/niramart.com\/revista-magazine\/graphic-art-exhibition-by-eduard-rudolf-roth\/\" class=\"entry-title\" rel=\"bookmark\" title=\"Graphic art exhibition by Eduard Rudolf Roth\">Graphic art exhibition by Eduard Rudolf Roth<\/a><\/h2>\n<\/div>\n<div class=\"date\"><span class=\"month\">Sep<\/span> <span class=\"day\">18<\/span><span class=\"year\">2013<\/span><\/div>\n<\/header>\n<p> <span class=\"post-format-icon\">&nbsp;<\/span><span class=\"updated\" title=\"2013-09-18T17:59:06+00:00\">&nbsp;<\/span><\/p>\n<div class=\"entry-container fix\">\n<div class=\"entry entry-content fix\">\n<p class=\"bch4dcbow065stdpy\">The artist Eduard Rudolf Roth, who lives in Palma de Mallorca, will open a personal exhibition in Bucharest, between September 30 and October 19, 2013, at the Metropolitan Library. The opening will take place on Tuesday, October 1, at 17:30 H, in the room <a href=\"https:\/\/niramart.com\/revista-magazine\/graphic-art-exhibition-by-eduard-rudolf-roth\/\" class=\"excerpt-more\">[&#8230;]<\/a><\/p>\n<\/div>\n<div class=\"meta-pullout meta-left-pullout\">\n<ul>\n<li class=\"fix\"><span class=\"category\"><span class=\"icon\">&nbsp;<\/span> <a href=\"https:\/\/niramart.com\/revista-magazine\/category\/s5-articulos\/c40-english\/\" rel=\"category tag\">English articles<\/a>, <a href=\"https:\/\/niramart.com\/revista-magazine\/category\/c38-noticias-revista\/\" rel=\"category tag\">Noticias<\/a><\/span><\/li>\n<li class=\"fix\"><span class=\"tags tax\"><span class=\"icon\">&nbsp;<\/span>Tagged with: <a href=\"https:\/\/niramart.com\/revista-magazine\/tag\/eduard-rudolf-roth\/\" rel=\"tag\">Eduard Rudolf Roth<\/a>, <a href=\"https:\/\/niramart.com\/revista-magazine\" rel=\"tag\">exhibition<\/a>, <a href=\"https:\/\/niramart.com\/revista-magazine\" rel=\"tag\">graphic art<\/a><\/span><\/li>\n<\/ul>\n<\/div>\n<\/div>\n<footer class=\"post-footer postdata fix\"><\/footer>\n<\/article>\n<article class=\"excerpt post-1102 post type-post status-publish format-standard hentry category-c42-articulos-romana tag-eduard-rudolf-roth tag-expozitie-de-grafica category-16-id post-seq-2 post-parity-even meta-position-left-pullout fix\" id=\"post-1102\">\n<header class=\"post-header title-container fix\">\n<div class=\"title\">\n<h2 class=\"posttitle\"><a href=\"https:\/\/niramart.com\/revista-magazine\/expozitie-de-grafica-eduard-rudolf-roth\/\" class=\"entry-title\" rel=\"bookmark\" title=\"Expozitie de grafica Eduard Rudolf Roth\">Expozitie de grafica Eduard Rudolf Roth<\/a><\/h2>\n<\/div>\n<div class=\"date\"><span class=\"month\">Sep<\/span> <span class=\"day\">18<\/span><span class=\"year\">2013<\/span><\/div>\n<\/header>\n<p> <span class=\"post-format-icon\">&nbsp;<\/span><span class=\"updated\" title=\"2013-09-18T17:55:12+00:00\">&nbsp;<\/span><\/p>\n<div class=\"entry-container fix\">\n<div class=\"entry entry-content fix\">\n<p class=\"bch4dcbow065stdpy\">\u00cen perioada 30 septembrie\u201319 octombrie 2013, la Biblioteca Metropolitana Bucuresti, Sediul Central (str. Tache Ionescu nr. 4, l\u00e2ng\u0103 Pia\u021ba Amzei) va fi deschisa Expozitia de grafica a artistului Eduard Rudolf Roth. Vernisajul va avea loc marti, 1 octombrie 2013, la ora 17.30, \u00een Sala <a href=\"https:\/\/niramart.com\/revista-magazine\/expozitie-de-grafica-eduard-rudolf-roth\/\" class=\"excerpt-more\">[&#8230;]<\/a><\/p>\n<\/div>\n<div class=\"meta-pullout meta-left-pullout\">\n<ul>\n<li class=\"fix\"><span class=\"category\"><span class=\"icon\">&nbsp;<\/span> <a href=\"https:\/\/niramart.com\/revista-magazine\/category\/s5-articulos\/c42-articulos-romana\/\" rel=\"category tag\">Articole in limba romana<\/a><\/span><\/li>\n<li class=\"fix\"><span class=\"tags tax\"><span class=\"icon\">&nbsp;<\/span>Tagged with: <a href=\"https:\/\/niramart.com\/revista-magazine\/tag\/eduard-rudolf-roth\/\" rel=\"tag\">Eduard Rudolf Roth<\/a>, <a href=\"https:\/\/niramart.com\/revista-magazine\" rel=\"tag\">Expozitie de grafica<\/a><\/span><\/li>\n<\/ul>\n<\/div>\n<\/div>\n<footer class=\"post-footer postdata fix\"><\/footer>\n<\/article>\n<article class=\"excerpt post-1097 post type-post status-publish format-standard hentry category-c39-articulos-espanol category-bellas-artes category-c38-noticias-revista tag-eduard-rudolf-roth tag-grafica category-18-id category-119-id category-32-id post-seq-3 post-parity-odd meta-position-left-pullout fix\" id=\"post-1097\">\n<header class=\"post-header title-container fix\">\n<div class=\"title\">\n<h2 class=\"posttitle\"><a href=\"https:\/\/niramart.com\/revista-magazine\/exposicion-de-grafica-de-eduard-rudolf-roth\/\" class=\"entry-title\" rel=\"bookmark\" title=\"Exposici\u00f3n de gr\u00e1fica de Eduard Rudolf Roth\">Exposici\u00f3n de gr\u00e1fica de Eduard Rudolf Roth<\/a><\/h2>\n<\/div>\n<div class=\"date\"><span class=\"month\">Sep<\/span> <span class=\"day\">18<\/span><span class=\"year\">2013<\/span><\/div>\n<\/header>\n<p> <span class=\"post-format-icon\">&nbsp;<\/span><span class=\"updated\" title=\"2013-09-18T17:52:35+00:00\">&nbsp;<\/span><\/p>\n<div class=\"entry-container fix\">\n<div class=\"entry entry-content fix\">\n<p class=\"bch4dcbow065stdpy\">El artista pl\u00e1stico Eduard Rudolf Roth, residente en Palma de Mallorca, abrir\u00e1 una exposici\u00f3n personal en Bucarest, entre el 30 de septiembre y el 19 de octubre del 2013, en la Biblioteca  Metropolitana. La apertura tendr\u00e1 lugar el martes, 1 de octubre, a las <a href=\"https:\/\/niramart.com\/revista-magazine\/exposicion-de-grafica-de-eduard-rudolf-roth\/\" class=\"excerpt-more\">[&#8230;]<\/a><\/p>\n<\/div>\n<div class=\"meta-pullout meta-left-pullout\">\n<ul>\n<li class=\"fix\"><span class=\"category\"><span class=\"icon\">&nbsp;<\/span> <a href=\"https:\/\/niramart.com\/revista-magazine\/category\/s5-articulos\/c39-articulos-espanol\/\" rel=\"category tag\">Articulos espa\u00f1ol<\/a>, <a href=\"https:\/\/niramart.com\/revista-magazine\/category\/bellas-artes\/\" rel=\"category tag\">Bellas Artes<\/a>, <a href=\"https:\/\/niramart.com\/revista-magazine\/category\/c38-noticias-revista\/\" rel=\"category tag\">Noticias<\/a><\/span><\/li>\n<li class=\"fix\"><span class=\"tags tax\"><span class=\"icon\">&nbsp;<\/span>Tagged with: <a href=\"https:\/\/niramart.com\/revista-magazine\/tag\/eduard-rudolf-roth\/\" rel=\"tag\">Eduard Rudolf Roth<\/a>, <a href=\"https:\/\/niramart.com\/revista-magazine\/tag\/grafica\/\" rel=\"tag\">gr\u00e1fica<\/a><\/span><\/li>\n<\/ul>\n<\/div>\n<\/div>\n<footer class=\"post-footer postdata fix\"><\/footer>\n<\/article>\n<\/div>\n<\/div>\n","protected":false,"raw":""},"excerpt":{"rendered":"<p>Graphic art exhibition by Eduard Rudolf Roth Sep 182013 [&hellip;]<\/p>\n","protected":false},"author":0,"featured_media":0,"parent":0,"menu_order":0,"comment_status":"closed","ping_status":"closed","template":"","meta":{"footnotes":""},"class_list":["post-276","page","type-page","status-publish","hentry"],"yoast_head":"<!-- This site is optimized with the Yoast SEO plugin v27.4 - https:\/\/yoast.com\/product\/yoast-seo-wordpress\/ -->\n<title>Eduard Rudolf Roth \u00bb Niram Art Magazine<\/title>\n<meta name=\"robots\" content=\"index, follow, max-snippet:-1, max-image-preview:large, max-video-preview:-1\" \/>\n<link rel=\"canonical\" href=\"https:\/\/niramart.com\/revista-magazine\/tag\/eduard-rudolf-roth\/\" \/>\n<meta property=\"og:type\" content=\"article\" \/>\n<meta property=\"og:title\" content=\"Eduard Rudolf Roth \u00bb Niram Art Magazine\" \/>\n<meta property=\"og:description\" content=\"Graphic art exhibition by Eduard Rudolf Roth Sep 182013 [&hellip;]\" \/>\n<meta property=\"og:url\" content=\"https:\/\/niramart.com\/revista-magazine\/tag\/eduard-rudolf-roth\/\" \/>\n<meta property=\"og:site_name\" content=\"Niram Art Magazine\" \/>\n<meta name=\"twitter:card\" content=\"summary_large_image\" \/>\n<meta name=\"twitter:label1\" content=\"Est. reading time\" \/>\n\t<meta name=\"twitter:data1\" content=\"1 minute\" \/>\n<!-- \/ Yoast SEO plugin. -->","yoast_head_json":{"title":"Eduard Rudolf Roth \u00bb Niram Art Magazine","robots":{"index":"index","follow":"follow","max-snippet":"max-snippet:-1","max-image-preview":"max-image-preview:large","max-video-preview":"max-video-preview:-1"},"canonical":"https:\/\/niramart.com\/revista-magazine\/tag\/eduard-rudolf-roth\/","og_type":"article","og_title":"Eduard Rudolf Roth \u00bb Niram Art Magazine","og_description":"Graphic art exhibition by Eduard Rudolf Roth Sep 182013 [&hellip;]","og_url":"https:\/\/niramart.com\/revista-magazine\/tag\/eduard-rudolf-roth\/","og_site_name":"Niram Art Magazine","twitter_card":"summary_large_image","twitter_misc":{"Est. reading time":"1 minute"}},"_links":{"self":[{"href":"https:\/\/niramart.com\/revista-magazine\/wp-json\/wp\/v2\/pages\/276","targetHints":{"allow":["GET"]}}],"collection":[{"href":"https:\/\/niramart.com\/revista-magazine\/wp-json\/wp\/v2\/pages"}],"about":[{"href":"https:\/\/niramart.com\/revista-magazine\/wp-json\/wp\/v2\/types\/page"}],"replies":[{"embeddable":true,"href":"https:\/\/niramart.com\/revista-magazine\/wp-json\/wp\/v2\/comments?post=276"}],"version-history":[{"count":0,"href":"https:\/\/niramart.com\/revista-magazine\/wp-json\/wp\/v2\/pages\/276\/revisions"}],"wp:attachment":[{"href":"https:\/\/niramart.com\/revista-magazine\/wp-json\/wp\/v2\/media?parent=276"}],"curies":[{"name":"wp","href":"https:\/\/api.w.org\/{rel}","templated":true}]}}