{"id":273,"date":"2024-04-01T07:41:11","date_gmt":"2024-04-01T07:41:11","guid":{"rendered":"https:\/\/niramart.com\/revista-magazine\/lanzamiento-del-libro-poesis-y-otredad-nueve-mujeres-hacia-la-alteridad-poetica-2\/"},"modified":"2024-04-01T07:41:11","modified_gmt":"2024-04-01T07:41:11","slug":"lanzamiento-del-libro-poesis-y-otredad-nueve-mujeres-hacia-la-alteridad-poetica-2","status":"publish","type":"page","link":"https:\/\/niramart.com\/revista-magazine\/tag\/editorial-niram-art\/","title":{"rendered":"Lanzamiento del libro Poesis y Otredad: Nueve Mujeres Hacia La Alteridad Po\u00e9tica"},"content":{"rendered":"<div id=\"main-col\">\n<div id=\"content\" class=\"hfeed\">\n<article class=\"excerpt post-1121 post type-post status-publish format-standard hentry category-c38-noticias-revista tag-beatriz-eugenia-hernandez tag-cecilia-morales tag-cielo-donis tag-diego-vadillo-lopez tag-editorial-niram-art tag-elena-g-escolano tag-fabianni-belemuski tag-hector-martinez-sanz tag-laura-quintanilla tag-leticia-ramirez-de-la-mora tag-luz-garcia-ordonez tag-obed-gonzalez-moreno tag-una-sampere tag-veronica-buentello category-32-id post-seq-1 post-parity-odd meta-position-left-pullout fix\" id=\"post-1121\">\n<header class=\"post-header title-container fix\">\n<div class=\"title\">\n<h2 class=\"posttitle\"><a href=\"https:\/\/niramart.com\/revista-magazine\/lanzamiento-del-libro-poesis-y-otredad-nueve-mujeres-hacia-la-alteridad-poetica\/\" class=\"entry-title\" rel=\"bookmark\" title=\"Lanzamiento del libro Poesis y Otredad: Nueve Mujeres Hacia La Alteridad Po\u00e9tica\">Lanzamiento del libro Poesis y Otredad: Nueve Mujeres Hacia La Alteridad Po\u00e9tica<\/a><\/h2>\n<\/div>\n<div class=\"date\"><span class=\"month\">Oct<\/span> <span class=\"day\">17<\/span><span class=\"year\">2013<\/span><\/div>\n<\/header>\n<p> <span class=\"post-format-icon\">&nbsp;<\/span><span class=\"updated\" title=\"2013-10-17T17:40:01+00:00\">&nbsp;<\/span><\/p>\n<div class=\"entry-container fix\">\n<div class=\"entry entry-content fix\">\n<p class=\"bch4dcbow065stdpy\">&nbsp; Niram Art Editorial y la revista Madrid en Marco organizan el lanzamiento del libro Poesis y Otredad: Nueve Mujeres Hacia La Alteridad Po\u00e9tica de Obed Gonz\u00e1lez Moreno. Intervendr\u00e1n el director de la revista Madrid en Marco H\u00e9ctor Mart\u00ednez Sanz, la  artista pl\u00e1stica Ver\u00f3nica <a href=\"https:\/\/niramart.com\/revista-magazine\/lanzamiento-del-libro-poesis-y-otredad-nueve-mujeres-hacia-la-alteridad-poetica\/\" class=\"excerpt-more\">[&#8230;]<\/a><\/p>\n<\/div>\n<div class=\"meta-pullout meta-left-pullout\">\n<ul>\n<li class=\"fix\"><span class=\"category\"><span class=\"icon\">&nbsp;<\/span> <a href=\"https:\/\/niramart.com\/revista-magazine\/category\/c38-noticias-revista\/\" rel=\"category tag\">Noticias<\/a><\/span><\/li>\n<li class=\"fix\"><span class=\"tags tax\"><span class=\"icon\">&nbsp;<\/span>Tagged with: <a href=\"https:\/\/niramart.com\/revista-magazine\" rel=\"tag\">Beatriz Eugenia Hern\u00e1ndez<\/a>, <a href=\"https:\/\/niramart.com\/revista-magazine\" rel=\"tag\">Cecilia Morales<\/a>, <a href=\"https:\/\/niramart.com\/revista-magazine\" rel=\"tag\">Cielo Don\u00eds<\/a>, <a href=\"https:\/\/niramart.com\/revista-magazine\/tag\/diego-vadillo-lopez\/\" rel=\"tag\">Diego Vadillo L\u00f3pez<\/a>, <a href=\"https:\/\/niramart.com\/revista-magazine\/tag\/editorial-niram-art\/\" rel=\"tag\">editorial niram art<\/a>, <a href=\"https:\/\/niramart.com\/revista-magazine\" rel=\"tag\">Elena G. Escolano<\/a>, <a href=\"https:\/\/niramart.com\/revista-magazine\/tag\/fabianni-belemuski\/\" rel=\"tag\">fabianni belemuski<\/a>, <a href=\"https:\/\/niramart.com\/revista-magazine\/tag\/hector-martinez-sanz\/\" rel=\"tag\">H\u00e9ctor Mart\u00ednez sanz<\/a>, <a href=\"https:\/\/niramart.com\/revista-magazine\" rel=\"tag\">Laura Quintanilla<\/a>, <a href=\"https:\/\/niramart.com\/revista-magazine\" rel=\"tag\">Leticia Ram\u00edrez de la Mora<\/a>, <a href=\"https:\/\/niramart.com\/revista-magazine\" rel=\"tag\">Luz Garc\u00eda Ordo\u00f1ez<\/a>, <a href=\"https:\/\/niramart.com\/revista-magazine\" rel=\"tag\">Obed Gonz\u00e1lez Moreno.<\/a>, <a href=\"https:\/\/niramart.com\/revista-magazine\" rel=\"tag\">Una Sampere<\/a>, <a href=\"https:\/\/niramart.com\/revista-magazine\" rel=\"tag\">Ver\u00f3nica Buentello<\/a><\/span><\/li>\n<\/ul>\n<\/div>\n<\/div>\n<footer class=\"post-footer postdata fix\"><\/footer>\n<\/article>\n<article class=\"excerpt post-126 post type-post status-publish format-standard hentry category-c39-articulos-espanol category-c34-premios tag-editorial-niram-art tag-hector-martinez-sanz category-18-id category-20-id post-seq-2 post-parity-even meta-position-left-pullout fix\" id=\"post-126\">\n<header class=\"post-header title-container fix\">\n<div class=\"title\">\n<h2 class=\"posttitle\"><a href=\"https:\/\/niramart.com\/revista-magazine\/mihai-y-veronica-de-hector-martinez-sanz-elegida-ganadora-del-concurso-mihai-eminescu-premio-especial-editorial-niram-art\/\" class=\"entry-title\" rel=\"bookmark\" title=\"\u201cMihai y Ver\u00f3nica\u201d de H\u00e9ctor Mart\u00ednez Sanz, elegida Ganadora del concurso \u201cMihai Eminescu\u201d, Premio Especial Editorial Niram Art\">\u201cMihai y Ver\u00f3nica\u201d de H\u00e9ctor Mart\u00ednez Sanz, elegida Ganadora del concurso \u201cMihai Eminescu\u201d, Premio Especial Editorial Niram Art<\/a><\/h2>\n<\/div>\n<div class=\"date\"><span class=\"month\">May<\/span> <span class=\"day\">30<\/span><span class=\"year\">2010<\/span><\/div>\n<\/header>\n<p> <span class=\"post-format-icon\">&nbsp;<\/span><span class=\"updated\" title=\"2010-05-30T00:00:00+00:00\">&nbsp;<\/span><\/p>\n<div class=\"entry-container fix\">\n<div class=\"entry entry-content fix\">\n<p class=\"bch4dcbow065stdpy\"><img loading=\"lazy\" decoding=\"async\" src=\"https:\/\/niramart.com\/revista-magazine\/files\/niramarteditorial-sub\/wp-content\/uploads\/2010\/06\/hector_martinez_sanz2-300x199.jpg\" border=\"0\" alt=\"H\u00e9ctor Mart\u00ednez Sanz\" width=\"300\" height=\"199\" style=\"vertical-align: middle; border: 5px solid black;\"\/><\/p>\n<p class=\"bch4dcbow065stdpy\"><strong>El Premio de la Editorial Niram Art \u2013 6000 de Euros para \u201eMihai y  Ver\u00f3nica\u201d de H\u00e9ctor Mart\u00ednez Sanz<\/strong><\/p>\n<p class=\"bch4dcbow065stdpy\">S\u00e1bado, el 29 de mayo, tuvo lugar la <strong>Gala de Entrega de los  Premios Niram Art 2010,<\/strong> en el Centro Cultural de los Ej\u00e9rcitos,  Madrid. El discurso de apertura de la Gala ha sido ofrecido por el  Vice-decano de la Facultad de Ciencias de la Informaci\u00f3n de la  Universidad Complutense de Madrid, Jos\u00e9 Antonio Jim\u00e9nez de las Heras.<\/p>\n<p class=\"bch4dcbow065stdpy\"><\/div>\n<div class=\"meta-pullout meta-left-pullout\">\n<ul>\n<li class=\"fix\"><span class=\"category\"><span class=\"icon\">&nbsp;<\/span> <a href=\"https:\/\/niramart.com\/revista-magazine\/category\/s5-articulos\/c39-articulos-espanol\/\" rel=\"category tag\">Articulos espa\u00f1ol<\/a>, <a href=\"https:\/\/niramart.com\/revista-magazine\/category\/c34-premios\/\" rel=\"category tag\">Premios Niram Art<\/a><\/span><\/li>\n<li class=\"fix\"><span class=\"tags tax\"><span class=\"icon\">&nbsp;<\/span>Tagged with: <a href=\"https:\/\/niramart.com\/revista-magazine\/tag\/editorial-niram-art\/\" rel=\"tag\">editorial niram art<\/a>, <a href=\"https:\/\/niramart.com\/revista-magazine\/tag\/hector-martinez-sanz\/\" rel=\"tag\">H\u00e9ctor Mart\u00ednez sanz<\/a><\/span><\/li>\n<\/ul>\n<\/div>\n<\/div>\n<footer class=\"post-footer postdata fix\"><\/footer>\n<\/article>\n<\/div>\n<\/div>\n","protected":false,"raw":""},"excerpt":{"rendered":"<p>Lanzamiento del libro Poesis y Otredad: Nueve Mujeres Hacia [&hellip;]<\/p>\n","protected":false},"author":0,"featured_media":0,"parent":0,"menu_order":0,"comment_status":"closed","ping_status":"closed","template":"","meta":{"footnotes":""},"class_list":["post-273","page","type-page","status-publish","hentry"],"yoast_head":"<!-- This site is optimized with the Yoast SEO plugin v27.4 - https:\/\/yoast.com\/product\/yoast-seo-wordpress\/ -->\n<title>editorial niram art \u00bb Niram Art Magazine<\/title>\n<meta name=\"robots\" content=\"index, follow, max-snippet:-1, max-image-preview:large, max-video-preview:-1\" \/>\n<link rel=\"canonical\" href=\"https:\/\/niramart.com\/revista-magazine\/tag\/editorial-niram-art\/\" \/>\n<meta property=\"og:type\" content=\"article\" \/>\n<meta property=\"og:title\" content=\"editorial niram art \u00bb Niram Art Magazine\" \/>\n<meta property=\"og:description\" content=\"Lanzamiento del libro Poesis y Otredad: Nueve Mujeres Hacia [&hellip;]\" \/>\n<meta property=\"og:url\" content=\"https:\/\/niramart.com\/revista-magazine\/tag\/editorial-niram-art\/\" \/>\n<meta property=\"og:site_name\" content=\"Niram Art Magazine\" \/>\n<meta name=\"twitter:card\" content=\"summary_large_image\" \/>\n<meta name=\"twitter:label1\" content=\"Est. reading time\" \/>\n\t<meta name=\"twitter:data1\" content=\"1 minute\" \/>\n<!-- \/ Yoast SEO plugin. -->","yoast_head_json":{"title":"editorial niram art \u00bb Niram Art Magazine","robots":{"index":"index","follow":"follow","max-snippet":"max-snippet:-1","max-image-preview":"max-image-preview:large","max-video-preview":"max-video-preview:-1"},"canonical":"https:\/\/niramart.com\/revista-magazine\/tag\/editorial-niram-art\/","og_type":"article","og_title":"editorial niram art \u00bb Niram Art Magazine","og_description":"Lanzamiento del libro Poesis y Otredad: Nueve Mujeres Hacia [&hellip;]","og_url":"https:\/\/niramart.com\/revista-magazine\/tag\/editorial-niram-art\/","og_site_name":"Niram Art Magazine","twitter_card":"summary_large_image","twitter_misc":{"Est. reading time":"1 minute"}},"_links":{"self":[{"href":"https:\/\/niramart.com\/revista-magazine\/wp-json\/wp\/v2\/pages\/273","targetHints":{"allow":["GET"]}}],"collection":[{"href":"https:\/\/niramart.com\/revista-magazine\/wp-json\/wp\/v2\/pages"}],"about":[{"href":"https:\/\/niramart.com\/revista-magazine\/wp-json\/wp\/v2\/types\/page"}],"replies":[{"embeddable":true,"href":"https:\/\/niramart.com\/revista-magazine\/wp-json\/wp\/v2\/comments?post=273"}],"version-history":[{"count":0,"href":"https:\/\/niramart.com\/revista-magazine\/wp-json\/wp\/v2\/pages\/273\/revisions"}],"wp:attachment":[{"href":"https:\/\/niramart.com\/revista-magazine\/wp-json\/wp\/v2\/media?parent=273"}],"curies":[{"name":"wp","href":"https:\/\/api.w.org\/{rel}","templated":true}]}}