{"id":266,"date":"2024-04-01T07:41:10","date_gmt":"2024-04-01T07:41:10","guid":{"rendered":"https:\/\/niramart.com\/revista-magazine\/reivindicacion-de-raphael-4\/"},"modified":"2024-04-01T07:41:10","modified_gmt":"2024-04-01T07:41:10","slug":"reivindicacion-de-raphael-4","status":"publish","type":"page","link":"https:\/\/niramart.com\/revista-magazine\/tag\/diego-vadillo\/","title":{"rendered":"Reivindicaci\u00f3n de Raphael"},"content":{"rendered":"<div id=\"main-col\">\n<div id=\"content\" class=\"hfeed\">\n<article class=\"excerpt post-1305 post type-post status-publish format-standard hentry category-c39-articulos-espanol category-literatura tag-diego-vadillo tag-raphael category-18-id category-120-id post-seq-1 post-parity-odd meta-position-left-pullout fix\" id=\"post-1305\">\n<header class=\"post-header title-container fix\">\n<div class=\"title\">\n<h2 class=\"posttitle\"><a href=\"https:\/\/niramart.com\/revista-magazine\/reivindicacion-de-raphael\/\" class=\"entry-title\" rel=\"bookmark\" title=\"Reivindicaci\u00f3n de Raphael\">Reivindicaci\u00f3n de Raphael<\/a><\/h2>\n<\/div>\n<div class=\"date\"><span class=\"month\">Oct<\/span> <span class=\"day\">14<\/span><span class=\"year\">2014<\/span><\/div>\n<\/header>\n<p> <span class=\"post-format-icon\">&nbsp;<\/span><span class=\"updated\" title=\"2014-10-14T19:26:30+00:00\">&nbsp;<\/span><\/p>\n<div class=\"entry-container fix\">\n<div class=\"entry entry-content fix\">\n<p class=\"bch4dcbow065stdpy\">Diego Vadillo L\u00f3pez &nbsp; Asohora, vi\u00e9ndolo en un programa de televisi\u00f3n de \u00edndole memorativa que se centraba ese d\u00eda en su carrera, d\u00edme buena cuenta de que Raphael es un grande. Raphael es de los pocos, escas\u00edsimos, de su generaci\u00f3n que cuando asisten al <a href=\"https:\/\/niramart.com\/revista-magazine\/reivindicacion-de-raphael\/\" class=\"excerpt-more\">[&#8230;]<\/a><\/p>\n<\/div>\n<div class=\"meta-pullout meta-left-pullout\">\n<ul>\n<li class=\"fix\"><span class=\"category\"><span class=\"icon\">&nbsp;<\/span> <a href=\"https:\/\/niramart.com\/revista-magazine\/category\/s5-articulos\/c39-articulos-espanol\/\" rel=\"category tag\">Articulos espa\u00f1ol<\/a>, <a href=\"https:\/\/niramart.com\/revista-magazine\/category\/literatura\/\" rel=\"category tag\">Literatura<\/a><\/span><\/li>\n<li class=\"fix\"><span class=\"tags tax\"><span class=\"icon\">&nbsp;<\/span>Tagged with: <a href=\"https:\/\/niramart.com\/revista-magazine\/tag\/diego-vadillo\/\" rel=\"tag\">Diego Vadillo<\/a>, <a href=\"https:\/\/niramart.com\/revista-magazine\/tag\/raphael\/\" rel=\"tag\">raphael<\/a><\/span><\/li>\n<\/ul>\n<\/div>\n<\/div>\n<footer class=\"post-footer postdata fix\"><\/footer>\n<\/article>\n<\/div>\n<\/div>\n","protected":false,"raw":""},"excerpt":{"rendered":"<p>Reivindicaci\u00f3n de Raphael Oct 142014 &nbsp;&nbsp; Diego Vadillo L\u00f3pez [&hellip;]<\/p>\n","protected":false},"author":0,"featured_media":0,"parent":0,"menu_order":0,"comment_status":"closed","ping_status":"closed","template":"","meta":{"footnotes":""},"class_list":["post-266","page","type-page","status-publish","hentry"],"yoast_head":"<!-- This site is optimized with the Yoast SEO plugin v27.4 - https:\/\/yoast.com\/product\/yoast-seo-wordpress\/ -->\n<title>Diego Vadillo \u00bb Niram Art Magazine<\/title>\n<meta name=\"robots\" content=\"index, follow, max-snippet:-1, max-image-preview:large, max-video-preview:-1\" \/>\n<link rel=\"canonical\" href=\"https:\/\/niramart.com\/revista-magazine\/tag\/diego-vadillo\/\" \/>\n<meta property=\"og:type\" content=\"article\" \/>\n<meta property=\"og:title\" content=\"Diego Vadillo \u00bb Niram Art Magazine\" \/>\n<meta property=\"og:description\" content=\"Reivindicaci\u00f3n de Raphael Oct 142014 &nbsp;&nbsp; Diego Vadillo L\u00f3pez [&hellip;]\" \/>\n<meta property=\"og:url\" content=\"https:\/\/niramart.com\/revista-magazine\/tag\/diego-vadillo\/\" \/>\n<meta property=\"og:site_name\" content=\"Niram Art Magazine\" \/>\n<meta name=\"twitter:card\" content=\"summary_large_image\" \/>\n<!-- \/ Yoast SEO plugin. -->","yoast_head_json":{"title":"Diego Vadillo \u00bb Niram Art Magazine","robots":{"index":"index","follow":"follow","max-snippet":"max-snippet:-1","max-image-preview":"max-image-preview:large","max-video-preview":"max-video-preview:-1"},"canonical":"https:\/\/niramart.com\/revista-magazine\/tag\/diego-vadillo\/","og_type":"article","og_title":"Diego Vadillo \u00bb Niram Art Magazine","og_description":"Reivindicaci\u00f3n de Raphael Oct 142014 &nbsp;&nbsp; Diego Vadillo L\u00f3pez [&hellip;]","og_url":"https:\/\/niramart.com\/revista-magazine\/tag\/diego-vadillo\/","og_site_name":"Niram Art Magazine","twitter_card":"summary_large_image"},"_links":{"self":[{"href":"https:\/\/niramart.com\/revista-magazine\/wp-json\/wp\/v2\/pages\/266","targetHints":{"allow":["GET"]}}],"collection":[{"href":"https:\/\/niramart.com\/revista-magazine\/wp-json\/wp\/v2\/pages"}],"about":[{"href":"https:\/\/niramart.com\/revista-magazine\/wp-json\/wp\/v2\/types\/page"}],"replies":[{"embeddable":true,"href":"https:\/\/niramart.com\/revista-magazine\/wp-json\/wp\/v2\/comments?post=266"}],"version-history":[{"count":0,"href":"https:\/\/niramart.com\/revista-magazine\/wp-json\/wp\/v2\/pages\/266\/revisions"}],"wp:attachment":[{"href":"https:\/\/niramart.com\/revista-magazine\/wp-json\/wp\/v2\/media?parent=266"}],"curies":[{"name":"wp","href":"https:\/\/api.w.org\/{rel}","templated":true}]}}