{"id":250,"date":"2024-04-01T07:41:07","date_gmt":"2024-04-01T07:41:07","guid":{"rendered":"https:\/\/niramart.com\/revista-magazine\/entrevista-con-florin-rogneanu-director-del-museo-de-arte-de-craiova-2\/"},"modified":"2024-04-01T07:41:07","modified_gmt":"2024-04-01T07:41:07","slug":"entrevista-con-florin-rogneanu-director-del-museo-de-arte-de-craiova-2","status":"publish","type":"page","link":"https:\/\/niramart.com\/revista-magazine\/tag\/corneliu-baba\/","title":{"rendered":"ENTREVISTA CON FLORIN ROGNEANU, DIRECTOR DEL MUSEO DE ARTE DE CRAIOVA"},"content":{"rendered":"<div id=\"main-col\">\n<div id=\"content\" class=\"hfeed\">\n<article class=\"excerpt post-139 post type-post status-publish format-standard hentry category-c39-articulos-espanol category-entrevistas category-c53-no-5-6-2010 tag-corneliu-baba tag-fabianni-belemuski tag-florin-rogneanu tag-muzeul-de-arta-craiova category-18-id category-121-id category-25-id post-seq-1 post-parity-odd meta-position-left-pullout fix\" id=\"post-139\">\n<header class=\"post-header title-container fix\">\n<div class=\"title\">\n<h2 class=\"posttitle\"><a href=\"https:\/\/niramart.com\/revista-magazine\/entrevista-con-florin-rogneanu-director-del-museo-de-arte-de-craiova\/\" class=\"entry-title\" rel=\"bookmark\" title=\"ENTREVISTA CON FLORIN ROGNEANU, DIRECTOR DEL MUSEO DE ARTE DE CRAIOVA\">ENTREVISTA CON FLORIN ROGNEANU, DIRECTOR DEL MUSEO DE ARTE DE CRAIOVA<\/a><\/h2>\n<\/div>\n<div class=\"date\"><span class=\"month\">Aug<\/span> <span class=\"day\">21<\/span><span class=\"year\">2010<\/span><\/div>\n<\/header>\n<p> <span class=\"post-format-icon\">&nbsp;<\/span><span class=\"updated\" title=\"2010-08-21T18:15:09+00:00\">&nbsp;<\/span><\/p>\n<div class=\"entry-container fix\">\n<div class=\"entry entry-content fix\">\n<p class=\"bch4dcbow065stdpy\"><img loading=\"lazy\" decoding=\"async\" src=\"https:\/\/niramart.com\/revista-magazine\/files\/2010\/08\/florin_rogneanu.png\" border=\"0\" alt=\"Florin rogneanu\" width=\"184\" height=\"134\" style=\"float: left;\"\/><\/p>\n<p class=\"bch4dcbow065stdpy\"><!--[if gte mso 9]><xml> <w:WordDocument> <w:View>Normal<\/w:View> <w:Zoom>0<\/w:Zoom> <w:TrackMoves \/> <w:TrackFormatting \/> <w:HyphenationZone>21<\/w:HyphenationZone> <w:PunctuationKerning \/> <w:ValidateAgainstSchemas \/> <w:SaveIfXMLInvalid>false<\/w:SaveIfXMLInvalid> <w:IgnoreMixedContent>false<\/w:IgnoreMixedContent> <w:AlwaysShowPlaceholderText>false<\/w:AlwaysShowPlaceholderText> <w:DoNotPromoteQF \/> <w:LidThemeOther>ES<\/w:LidThemeOther> <w:LidThemeAsian>X-NONE<\/w:LidThemeAsian> <w:LidThemeComplexScript>HE<\/w:LidThemeComplexScript> <w:Compatibility> <w:BreakWrappedTables \/> <w:SnapToGridInCell \/> <w:WrapTextWithPunct \/> <w:UseAsianBreakRules \/> <w:DontGrowAutofit \/> <w:SplitPgBreakAndParaMark \/> <w:DontVertAlignCellWithSp \/> <w:DontBreakConstrainedForcedTables \/> <w:DontVertAlignInTxbx \/> <w:Word11KerningPairs \/> <w:CachedColBalance \/> <\/w:Compatibility> <m:mathPr> <m:mathFont m:val=\"Cambria Math\" \/> <m:brkBin m:val=\"before\" \/> <m:brkBinSub m:val=\" \" \/> <m:smallFrac m:val=\"off\" \/> <m:dispDef \/> <m:lMargin m:val=\"0\" \/> <m:rMargin m:val=\"0\" \/> <m:defJc m:val=\"centerGroup\" \/> <m:wrapIndent m:val=\"1440\" \/> <m:intLim m:val=\"subSup\" \/> <m:naryLim m:val=\"undOvr\" \/> <\/m:mathPr><\/w:WordDocument> <\/xml><![endif]--><!--[if gte mso 9]--><\/p>\n<p class=\"MsoNormal\" style=\"text-align: justify;\">F.B. \u00bfHay herencia art\u00edstica de Baba en Craiova?<\/p>\n<p class=\"bch4dcbow065stdpy\">F.R. A lo largo de su vida, los museos de Ruman\u00eda compraron pocos trabajos del artista, el hecho parece incre\u00edble hoy pero hay que tener en cuenta de que su primer exposici\u00f3n importante fue en el a\u00f1o 1987, que los museos ten\u00edan poco presupuesto para compra y que tampoco pudieron entrar en contacto director con la gran obra de Corneliu Baba. Pero, Craiova tuvo una oportunidad porque fue aqu\u00ed donde naci\u00f3 Corneliu Baba.<\/p>\n<p class=\"bch4dcbow065stdpy\">F.B.\u00bfQu\u00e9 nos puede decir sobre el entorno familiar y los a\u00f1os que Corneliu Baba pas\u00f3 en Craiova?<\/p>\n<\/div>\n<div class=\"meta-pullout meta-left-pullout\">\n<ul>\n<li class=\"fix\"><span class=\"category\"><span class=\"icon\">&nbsp;<\/span> <a href=\"https:\/\/niramart.com\/revista-magazine\/category\/s5-articulos\/c39-articulos-espanol\/\" rel=\"category tag\">Articulos espa\u00f1ol<\/a>, <a href=\"https:\/\/niramart.com\/revista-magazine\/category\/entrevistas\/\" rel=\"category tag\">Entrevistas<\/a>, <a href=\"https:\/\/niramart.com\/revista-magazine\/category\/s5-articulos\/c53-no-5-6-2010\/\" rel=\"category tag\">N\u00ba 5 &#8211; 6, 2010<\/a><\/span><\/li>\n<li class=\"fix\"><span class=\"tags tax\"><span class=\"icon\">&nbsp;<\/span>Tagged with: <a href=\"https:\/\/niramart.com\/revista-magazine\/tag\/corneliu-baba\/\" rel=\"tag\">corneliu baba<\/a>, <a href=\"https:\/\/niramart.com\/revista-magazine\/tag\/fabianni-belemuski\/\" rel=\"tag\">fabianni belemuski<\/a>, <a href=\"https:\/\/niramart.com\/revista-magazine\/tag\/florin-rogneanu\/\" rel=\"tag\">florin rogneanu<\/a>, <a href=\"https:\/\/niramart.com\/revista-magazine\/tag\/muzeul-de-arta-craiova\/\" rel=\"tag\">muzeul de arta craiova<\/a><\/span><\/li>\n<\/ul>\n<\/div>\n<\/div>\n<footer class=\"post-footer postdata fix\"><\/footer>\n<\/article>\n<article class=\"excerpt post-138 post type-post status-publish format-standard hentry category-c39-articulos-espanol category-entrevistas category-c53-no-5-6-2010 tag-corneliu-baba tag-onik-sahakian tag-pintura tag-romeo-niram tag-salvador-dali category-18-id category-121-id category-25-id post-seq-2 post-parity-even meta-position-left-pullout fix\" id=\"post-138\">\n<header class=\"post-header title-container fix\">\n<div class=\"title\">\n<h2 class=\"posttitle\"><a href=\"https:\/\/niramart.com\/revista-magazine\/entrevista-con-onik-sahakian-ganador-del-trofeo-corneliu-baba\/\" class=\"entry-title\" rel=\"bookmark\" title=\"ENTREVISTA CON ONIK SAHAKIAN, GANADOR DEL TROFEO  CORNELIU BABA\">ENTREVISTA CON ONIK SAHAKIAN, GANADOR DEL TROFEO  CORNELIU BABA<\/a><\/h2>\n<\/div>\n<div class=\"date\"><span class=\"month\">Aug<\/span> <span class=\"day\">21<\/span><span class=\"year\">2010<\/span><\/div>\n<\/header>\n<p> <span class=\"post-format-icon\">&nbsp;<\/span><span class=\"updated\" title=\"2010-08-21T18:06:19+00:00\">&nbsp;<\/span><\/p>\n<div class=\"entry-container fix\">\n<div class=\"entry entry-content fix\">\n<p class=\"bch4dcbow065stdpy\"><!--[if !mso]> <mce:style><!  v:* {behavior:url(#default#VML);} o:* {behavior:url(#default#VML);} b:* {behavior:url(#default#VML);} .shape {behavior:url(#default#VML);} --> <!--[endif]--><!--[if pub]><xml> <b:Publication type=\"OplPub\" oty=\"68\" oh=\"256\"> <b:OhPrintBlock priv=\"30E\">281<\/b:OhPrintBlock> <b:NuDefaultUnits priv=\"1004\">1<\/b:NuDefaultUnits> <b:DptlPageDimensions type=\"OplPt\" priv=\"1211\"> <b:Xl priv=\"104\">7560000<\/b:Xl> <b:Yl priv=\"204\">10692000<\/b:Yl> <\/b:DptlPageDimensions> <b:DxlDefaultTab priv=\"1504\">359410<\/b:DxlDefaultTab> <b:OhGallery priv=\"180E\">259<\/b:OhGallery> <b:OhFancyBorders priv=\"190E\">261<\/b:OhFancyBorders> <b:OhCaptions priv=\"1A0E\">257<\/b:OhCaptions> <b:OhQuillDoc priv=\"200E\">276<\/b:OhQuillDoc> <b:OhMailMergeData priv=\"210E\">262<\/b:OhMailMergeData> <b:OhColorScheme priv=\"220E\">279<\/b:OhColorScheme> <b:DwNextUniqueOid priv=\"2304\">1<\/b:DwNextUniqueOid> <b:IdentGUID priv=\"2A07\">0``````````````````````<\/b:IdentGUID> <b:DpgSpecial priv=\"2C03\">5<\/b:DpgSpecial> <b:CTimesEdited priv=\"3C04\">1<\/b:CTimesEdited> <b:NuDefaultUnitsEx priv=\"4104\">1<\/b:NuDefaultUnitsEx> <b:OhImpositionEngine priv=\"440E\">285<\/b:OhImpositionEngine> <\/b:Publication> <b:PrinterInfo type=\"OplPrb\" oty=\"75\" oh=\"281\"> <b:OhColorSepBlock priv=\"30E\">282<\/b:OhColorSepBlock> <b:OpmOutsidePrintMode priv=\"B04\">1<\/b:OpmOutsidePrintMode> <b:FInitComplete priv=\"1400\">False<\/b:FInitComplete> <b:DpiX priv=\"2203\">0<\/b:DpiX> <b:DpiY priv=\"2303\">0<\/b:DpiY> <b:DxlOverlap priv=\"2404\">0<\/b:DxlOverlap> <b:DylOverlap priv=\"2504\">0<\/b:DylOverlap> <\/b:PrinterInfo> <b:ColorSeperationInfo type=\"OplCsb\" oty=\"79\" oh=\"282\"> <b:Plates type=\"OplCsp\" priv=\"214\"> <b:OplCsp type=\"OplCsp\" priv=\"11\"> <b:EcpPlate type=\"OplEcp\" priv=\"213\"> <b:Color priv=\"104\">-1<\/b:Color> <\/b:EcpPlate> <\/b:OplCsp> <\/b:Plates> <b:DzlOverprintMost priv=\"304\">304800<\/b:DzlOverprintMost> <b:CprOverprintMin priv=\"404\">243<\/b:CprOverprintMin> <b:FKeepawayTrap priv=\"700\">True<\/b:FKeepawayTrap> <b:CprTrapMin1 priv=\"904\">128<\/b:CprTrapMin1> <b:CprTrapMin2 priv=\"A04\">77<\/b:CprTrapMin2> <b:CprKeepawayMin priv=\"B04\">255<\/b:CprKeepawayMin> <b:DzlTrap priv=\"C04\">3175<\/b:DzlTrap> <b:DzlIndTrap priv=\"D04\">3175<\/b:DzlIndTrap> <b:PctCenterline priv=\"E04\">70<\/b:PctCenterline> <b:FMarksRegistration priv=\"F00\">True<\/b:FMarksRegistration> <b:FMarksJob priv=\"1000\">True<\/b:FMarksJob> <b:FMarksDensity priv=\"1100\">True<\/b:FMarksDensity> <b:FMarksColor priv=\"1200\">True<\/b:FMarksColor> <b:FLineScreenDefault priv=\"1300\">True<\/b:FLineScreenDefault> <\/b:ColorSeperationInfo> <b:TextDocProperties type=\"OplDocq\" oty=\"91\" oh=\"276\"> <b:OhPlcqsb priv=\"20E\">278<\/b:OhPlcqsb> <b:EcpSplitMenu type=\"OplEcp\" priv=\"A13\"> <b:Color>134217728<\/b:Color> <\/b:EcpSplitMenu> <\/b:TextDocProperties> <b:StoryBlock type=\"OplPlcQsb\" oty=\"101\" oh=\"278\"> <b:IqsbMax priv=\"104\">1<\/b:IqsbMax> <b:Rgqsb type=\"OplQsb\" priv=\"214\"> <b:OplQsb type=\"OplQsb\" priv=\"11\"> <b:Qsid priv=\"104\">3<\/b:Qsid> <b:TomfCopyfitBase priv=\"80B\">-9999996.000000<\/b:TomfCopyfitBase> <b:TomfCopyfitBase2 priv=\"90B\">-9999996.000000<\/b:TomfCopyfitBase2> <\/b:OplQsb> <\/b:Rgqsb> <\/b:StoryBlock> <b:ColorScheme type=\"OplSccm\" oty=\"92\" oh=\"279\"> <b:Cecp priv=\"104\">8<\/b:Cecp> <b:Rgecp type=\"OplEcp\" priv=\"214\"> <b:OplEcp priv=\"F\">Empty<\/b:OplEcp> <b:OplEcp type=\"OplEcp\" priv=\"111\"> <b:Color>16711680<\/b:Color> <\/b:OplEcp> <b:OplEcp type=\"OplEcp\" priv=\"211\"> <b:Color>52479<\/b:Color> <\/b:OplEcp> <b:OplEcp type=\"OplEcp\" priv=\"311\"> <b:Color>26367<\/b:Color> <\/b:OplEcp> <b:OplEcp type=\"OplEcp\" priv=\"411\"> <b:Color>13421772<\/b:Color> <\/b:OplEcp> <b:OplEcp type=\"OplEcp\" priv=\"511\"> <b:Color>16737792<\/b:Color> <\/b:OplEcp> <b:OplEcp type=\"OplEcp\" priv=\"611\"> <b:Color>13382502<\/b:Color> <\/b:OplEcp> <b:OplEcp type=\"OplEcp\" priv=\"711\"> <b:Color>16777215<\/b:Color> <\/b:OplEcp> <\/b:Rgecp> <b:SzSchemeName priv=\"618\">Azulejo<\/b:SzSchemeName> <\/b:ColorScheme> <![if pub11]> <![endif]> <\/xml><![endif]--><!--[if pub]><xml> <b:Page type=\"OplPd\" oty=\"67\" oh=\"265\"> <b:PtlvOrigin type=\"OplPt\" priv=\"511\"> <b:Xl>22858575<\/b:Xl> <b:Yl>22852950<\/b:Yl> <\/b:PtlvOrigin> <b:Oid priv=\"605\">(`@`````````<\/b:Oid> <b:OhoplWebPageProps priv=\"90E\">266<\/b:OhoplWebPageProps> <b:OhpdMaster priv=\"D0D\">263<\/b:OhpdMaster> <b:PgtType priv=\"1004\">5<\/b:PgtType> <b:PtlvOriginEx type=\"OplPt\" priv=\"1111\"> <b:Xl>110183775<\/b:Xl> <b:Yl>110178150<\/b:Yl> <\/b:PtlvOriginEx> <\/b:Page> <\/xml><![endif]--> <!--[if gte mso 10]> <mce:style><!   \/* Style Definitions *\/  table.MsoNormalTable \t{mso-style-name:\"Tabla normal\"; \tmso-tstyle-rowband-size:0; \tmso-tstyle-colband-size:0; \tmso-style-noshow:yes; \tmso-style-priority:99; \tmso-style-qformat:yes; \tmso-style-parent:\"\"; \tmso-padding-alt:0cm 5.4pt 0cm 5.4pt; \tmso-para-margin-top:0cm; \tmso-para-margin-right:0cm; \tmso-para-margin-bottom:10.0pt; \tmso-para-margin-left:0cm; \tline-height:115%; \tmso-pagination:widow-orphan; \tfont-size:11.0pt; \tfont-family:\"Calibri\",\"sans-serif\"; \tmso-ascii-font-family:Calibri; \tmso-ascii-theme-font:minor-latin; \tmso-fareast-font-family:\"Times New Roman\"; \tmso-fareast-theme-font:minor-fareast; \tmso-hansi-font-family:Calibri; \tmso-hansi-theme-font:minor-latin; \tmso-bidi-font-family:Arial; \tmso-bidi-theme-font:minor-bidi;} --> <!--[endif]--><\/p>\n<p class=\"MsoNormal\"><span style=\"font-size: 12pt; line-height: 115%; font-family: &quot;Times New Roman&quot;,&quot;serif&quot;;\"><img loading=\"lazy\" decoding=\"async\" src=\"https:\/\/niramart.com\/revista-magazine\/files\/2010\/08\/onik_sahakian-w-181-h-300.jpg\" border=\"0\" alt=\"Onik Sahakian\" width=\"131\" height=\"216\" style=\"float: left;\"\/>N.A. \u00bfC\u00f3mo se siente al haber sido galardonado con el premio Niram Art, Trofeo Corneliu Baba?<\/span><\/p>\n<p class=\"MsoNormal\"><span style=\"font-size: 12pt; line-height: 115%; font-family: &quot;Times New Roman&quot;,&quot;serif&quot;;\"> O.S. En primer lugar, conoc\u00ed a (Romeo) Niram hace 2 o 3 a\u00f1os y me dio una energ\u00eda positiva maravillosa. Despu\u00e9s, se puso la fotograf\u00eda de mi obra en la portada de la Revista Niram Art, lo que consider\u00e9 un honor, y ahora me ha invitado a recibir este premio fant\u00e1stico, intitulado Corneliu Baba, uno de mis pintores preferidos, y es un gran honor recibir este Premio Corneliu Baba. Ha sido todo extraordinario y estuve muy feliz. Ahora espero poder hacer algo estupendo para Niram Art, tal vez hagamos una exposici\u00f3n importante en Madrid, para los espa\u00f1oles, en relaci\u00f3n con Dal\u00ed o otras personas. Veremos lo que suceder\u00e1.<\/span><\/p>\n<p class=\"MsoNormal\"><span style=\"font-size: 12pt; line-height: 115%; font-family: &quot;Times New Roman&quot;,&quot;serif&quot;;\">Tengo que decir que la video-presentaci\u00f3n ha sido realmente extraordinaria, tanto que no me lo esperaba. Realmente me dieron las l\u00e1grimas porque no me esperaba un modo de presentaci\u00f3n tan magn\u00edfico. Ha sido muy bella y me sorprendi\u00f3 mucho. Todo ha sido muy bonito \u2026 dios m\u00edo..hice fotograf\u00edas con 50 o 60 personas\u2026Todo el mundo quer\u00eda hacer fotograf\u00edas conmigo\u2026Fue realmente maravilloso, una noche estupenda.<\/span><\/p>\n<p class=\"MsoNormal\"><span style=\"font-size: 12pt; line-height: 115%; font-family: &quot;Times New Roman&quot;,&quot;serif&quot;;\">&nbsp; <\/span><\/p>\n<\/div>\n<div class=\"meta-pullout meta-left-pullout\">\n<ul>\n<li class=\"fix\"><span class=\"category\"><span class=\"icon\">&nbsp;<\/span> <a href=\"https:\/\/niramart.com\/revista-magazine\/category\/s5-articulos\/c39-articulos-espanol\/\" rel=\"category tag\">Articulos espa\u00f1ol<\/a>, <a href=\"https:\/\/niramart.com\/revista-magazine\/category\/entrevistas\/\" rel=\"category tag\">Entrevistas<\/a>, <a href=\"https:\/\/niramart.com\/revista-magazine\/category\/s5-articulos\/c53-no-5-6-2010\/\" rel=\"category tag\">N\u00ba 5 &#8211; 6, 2010<\/a><\/span><\/li>\n<li class=\"fix\"><span class=\"tags tax\"><span class=\"icon\">&nbsp;<\/span>Tagged with: <a href=\"https:\/\/niramart.com\/revista-magazine\/tag\/corneliu-baba\/\" rel=\"tag\">corneliu baba<\/a>, <a href=\"https:\/\/niramart.com\/revista-magazine\/tag\/onik-sahakian\/\" rel=\"tag\">onik sahakian<\/a>, <a href=\"https:\/\/niramart.com\/revista-magazine\/tag\/pintura\/\" rel=\"tag\">pintura<\/a>, <a href=\"https:\/\/niramart.com\/revista-magazine\/tag\/romeo-niram\/\" rel=\"tag\">romeo niram<\/a>, <a href=\"https:\/\/niramart.com\/revista-magazine\/tag\/salvador-dali\/\" rel=\"tag\">salvador dali<\/a><\/span><\/li>\n<\/ul>\n<\/div>\n<\/div>\n<footer class=\"post-footer postdata fix\"><\/footer>\n<\/article>\n<\/div>\n<\/div>\n","protected":false,"raw":""},"excerpt":{"rendered":"<p>ENTREVISTA CON FLORIN ROGNEANU, DIRECTOR DEL MUSEO DE ARTE [&hellip;]<\/p>\n","protected":false},"author":0,"featured_media":0,"parent":0,"menu_order":0,"comment_status":"closed","ping_status":"closed","template":"","meta":{"footnotes":""},"class_list":["post-250","page","type-page","status-publish","hentry"],"yoast_head":"<!-- This site is optimized with the Yoast SEO plugin v27.4 - https:\/\/yoast.com\/product\/yoast-seo-wordpress\/ -->\n<title>corneliu baba \u00bb Niram Art Magazine<\/title>\n<meta name=\"robots\" content=\"index, follow, max-snippet:-1, max-image-preview:large, max-video-preview:-1\" \/>\n<link rel=\"canonical\" href=\"https:\/\/niramart.com\/revista-magazine\/tag\/corneliu-baba\/\" \/>\n<meta property=\"og:type\" content=\"article\" \/>\n<meta property=\"og:title\" content=\"corneliu baba \u00bb Niram Art Magazine\" \/>\n<meta property=\"og:description\" content=\"ENTREVISTA CON FLORIN ROGNEANU, DIRECTOR DEL MUSEO DE ARTE [&hellip;]\" \/>\n<meta property=\"og:url\" content=\"https:\/\/niramart.com\/revista-magazine\/tag\/corneliu-baba\/\" \/>\n<meta property=\"og:site_name\" content=\"Niram Art Magazine\" \/>\n<meta name=\"twitter:card\" content=\"summary_large_image\" \/>\n<meta name=\"twitter:label1\" content=\"Est. reading time\" \/>\n\t<meta name=\"twitter:data1\" content=\"2 minutes\" \/>\n<!-- \/ Yoast SEO plugin. -->","yoast_head_json":{"title":"corneliu baba \u00bb Niram Art Magazine","robots":{"index":"index","follow":"follow","max-snippet":"max-snippet:-1","max-image-preview":"max-image-preview:large","max-video-preview":"max-video-preview:-1"},"canonical":"https:\/\/niramart.com\/revista-magazine\/tag\/corneliu-baba\/","og_type":"article","og_title":"corneliu baba \u00bb Niram Art Magazine","og_description":"ENTREVISTA CON FLORIN ROGNEANU, DIRECTOR DEL MUSEO DE ARTE [&hellip;]","og_url":"https:\/\/niramart.com\/revista-magazine\/tag\/corneliu-baba\/","og_site_name":"Niram Art Magazine","twitter_card":"summary_large_image","twitter_misc":{"Est. reading time":"2 minutes"}},"_links":{"self":[{"href":"https:\/\/niramart.com\/revista-magazine\/wp-json\/wp\/v2\/pages\/250","targetHints":{"allow":["GET"]}}],"collection":[{"href":"https:\/\/niramart.com\/revista-magazine\/wp-json\/wp\/v2\/pages"}],"about":[{"href":"https:\/\/niramart.com\/revista-magazine\/wp-json\/wp\/v2\/types\/page"}],"replies":[{"embeddable":true,"href":"https:\/\/niramart.com\/revista-magazine\/wp-json\/wp\/v2\/comments?post=250"}],"version-history":[{"count":0,"href":"https:\/\/niramart.com\/revista-magazine\/wp-json\/wp\/v2\/pages\/250\/revisions"}],"wp:attachment":[{"href":"https:\/\/niramart.com\/revista-magazine\/wp-json\/wp\/v2\/media?parent=250"}],"curies":[{"name":"wp","href":"https:\/\/api.w.org\/{rel}","templated":true}]}}