{"id":236,"date":"2024-04-01T07:41:05","date_gmt":"2024-04-01T07:41:05","guid":{"rendered":"https:\/\/niramart.com\/revista-magazine\/rezultatele-bune-ale-studetilor-stau-la-baza-motivatiei-mele-interviu-cu-amelia-bucur-3\/"},"modified":"2024-04-01T07:41:05","modified_gmt":"2024-04-01T07:41:05","slug":"rezultatele-bune-ale-studetilor-stau-la-baza-motivatiei-mele-interviu-cu-amelia-bucur-3","status":"publish","type":"page","link":"https:\/\/niramart.com\/revista-magazine\/tag\/cadru-didactic\/","title":{"rendered":"Rezultatele bune ale stude\u021bilor stau la baza motiva\u021biei mele. Interviu cu Amelia Bucur"},"content":{"rendered":"<div id=\"main-col\">\n<div id=\"content\" class=\"hfeed\">\n<article class=\"excerpt post-1439 post type-post status-publish format-standard hentry category-c42-articulos-romana category-uncategorized tag-absolventi tag-cadru-didactic tag-cariera tag-cunoastere tag-cursuri tag-educatie tag-invatare tag-management tag-matematica tag-motivatie tag-profesional tag-profesor tag-profesori tag-rezultate tag-seminarii tag-stiintific tag-student tag-studenti tag-universitate category-16-id category-1-id post-seq-1 post-parity-odd meta-position-left-pullout fix\" id=\"post-1439\">\n<header class=\"post-header title-container fix\">\n<div class=\"title\">\n<h2 class=\"posttitle\"><a href=\"https:\/\/niramart.com\/revista-magazine\/rezultatele-bune-ale-studetilor-stau-la-baza-motivatiei-mele-interviu-cu-amelia-bucur\/\" class=\"entry-title\" rel=\"bookmark\" title=\"Rezultatele bune ale stude\u021bilor stau la baza motiva\u021biei mele. Interviu cu Amelia Bucur\">Rezultatele bune ale stude\u021bilor stau la baza motiva\u021biei mele. Interviu cu Amelia Bucur<\/a><\/h2>\n<\/div>\n<div class=\"date\"><span class=\"month\">Jul<\/span> <span class=\"day\">10<\/span><span class=\"year\">2016<\/span><\/div>\n<\/header>\n<p> <span class=\"post-format-icon\">&nbsp;<\/span><span class=\"updated\" title=\"2016-07-10T14:18:57+00:00\">&nbsp;<\/span><\/p>\n<div class=\"entry-container fix\">\n<div class=\"entry entry-content fix\">\n<p class=\"bch4dcbow065stdpy\">1. Vorbi\u0163i-ne despre 2-3 aspecte notabile ale activit\u0103\u0163ii dvs. din ultimii 3 ani. Un mare g\u00e2nditor al Rena\u015fterii -Erasmus- a exprimat, \u00eentr-un mod aparte, ideea form\u0103rii \u015fi educa\u0163iei omului: ,,Speran\u0163a cea mai de seam\u0103 a unei na\u0163iuni st\u0103 \u00een buna educa\u0163ie pe care o <a href=\"https:\/\/niramart.com\/revista-magazine\/rezultatele-bune-ale-studetilor-stau-la-baza-motivatiei-mele-interviu-cu-amelia-bucur\/\" class=\"excerpt-more\">[&#8230;]<\/a><\/p>\n<\/div>\n<div class=\"meta-pullout meta-left-pullout\">\n<ul>\n<li class=\"fix\"><span class=\"category\"><span class=\"icon\">&nbsp;<\/span> <a href=\"https:\/\/niramart.com\/revista-magazine\/category\/s5-articulos\/c42-articulos-romana\/\" rel=\"category tag\">Articole in limba romana<\/a>, <a href=\"https:\/\/niramart.com\/revista-magazine\/category\/uncategorized\/\" rel=\"category tag\">Uncategorized<\/a><\/span><\/li>\n<li class=\"fix\"><span class=\"tags tax\"><span class=\"icon\">&nbsp;<\/span>Tagged with: <a href=\"https:\/\/niramart.com\/revista-magazine\/tag\/absolventi\/\" rel=\"tag\">absolventi<\/a>, <a href=\"https:\/\/niramart.com\/revista-magazine\/tag\/cadru-didactic\/\" rel=\"tag\">cadru didactic<\/a>, <a href=\"https:\/\/niramart.com\/revista-magazine\/tag\/cariera\/\" rel=\"tag\">cariera<\/a>, <a href=\"https:\/\/niramart.com\/revista-magazine\/tag\/cunoastere\/\" rel=\"tag\">cunoa\u0219tere<\/a>, <a href=\"https:\/\/niramart.com\/revista-magazine\/tag\/cursuri\/\" rel=\"tag\">cursuri<\/a>, <a href=\"https:\/\/niramart.com\/revista-magazine\/tag\/educatie\/\" rel=\"tag\">educatie<\/a>, <a href=\"https:\/\/niramart.com\/revista-magazine\/tag\/invatare\/\" rel=\"tag\">invatare<\/a>, <a href=\"https:\/\/niramart.com\/revista-magazine\/tag\/management\/\" rel=\"tag\">management<\/a>, <a href=\"https:\/\/niramart.com\/revista-magazine\/tag\/matematica\/\" rel=\"tag\">matematica<\/a>, <a href=\"https:\/\/niramart.com\/revista-magazine\/tag\/motivatie\/\" rel=\"tag\">motivatie<\/a>, <a href=\"https:\/\/niramart.com\/revista-magazine\/tag\/profesional\/\" rel=\"tag\">profesional<\/a>, <a href=\"https:\/\/niramart.com\/revista-magazine\/tag\/profesor\/\" rel=\"tag\">profesor<\/a>, <a href=\"https:\/\/niramart.com\/revista-magazine\/tag\/profesori\/\" rel=\"tag\">profesori<\/a>, <a href=\"https:\/\/niramart.com\/revista-magazine\/tag\/rezultate\/\" rel=\"tag\">rezultate<\/a>, <a href=\"https:\/\/niramart.com\/revista-magazine\/tag\/seminarii\/\" rel=\"tag\">seminarii<\/a>, <a href=\"https:\/\/niramart.com\/revista-magazine\/tag\/stiintific\/\" rel=\"tag\">stiintific<\/a>, <a href=\"https:\/\/niramart.com\/revista-magazine\/tag\/student\/\" rel=\"tag\">student<\/a>, <a href=\"https:\/\/niramart.com\/revista-magazine\/tag\/studenti\/\" rel=\"tag\">studenti<\/a>, <a href=\"https:\/\/niramart.com\/revista-magazine\/tag\/universitate\/\" rel=\"tag\">universitate<\/a><\/span><\/li>\n<\/ul>\n<\/div>\n<\/div>\n<footer class=\"post-footer postdata fix\"><\/footer>\n<\/article>\n<\/div>\n<\/div>\n","protected":false,"raw":""},"excerpt":{"rendered":"<p>Rezultatele bune ale stude\u021bilor stau la baza motiva\u021biei mele. [&hellip;]<\/p>\n","protected":false},"author":0,"featured_media":0,"parent":0,"menu_order":0,"comment_status":"closed","ping_status":"closed","template":"","meta":{"footnotes":""},"class_list":["post-236","page","type-page","status-publish","hentry"],"yoast_head":"<!-- This site is optimized with the Yoast SEO plugin v27.4 - https:\/\/yoast.com\/product\/yoast-seo-wordpress\/ -->\n<title>cadru didactic \u00bb Niram Art Magazine<\/title>\n<meta name=\"robots\" content=\"index, follow, max-snippet:-1, max-image-preview:large, max-video-preview:-1\" \/>\n<link rel=\"canonical\" href=\"https:\/\/niramart.com\/revista-magazine\/tag\/cadru-didactic\/\" \/>\n<meta property=\"og:type\" content=\"article\" \/>\n<meta property=\"og:title\" content=\"cadru didactic \u00bb Niram Art Magazine\" \/>\n<meta property=\"og:description\" content=\"Rezultatele bune ale stude\u021bilor stau la baza motiva\u021biei mele. [&hellip;]\" \/>\n<meta property=\"og:url\" content=\"https:\/\/niramart.com\/revista-magazine\/tag\/cadru-didactic\/\" \/>\n<meta property=\"og:site_name\" content=\"Niram Art Magazine\" \/>\n<meta name=\"twitter:card\" content=\"summary_large_image\" \/>\n<!-- \/ Yoast SEO plugin. -->","yoast_head_json":{"title":"cadru didactic \u00bb Niram Art Magazine","robots":{"index":"index","follow":"follow","max-snippet":"max-snippet:-1","max-image-preview":"max-image-preview:large","max-video-preview":"max-video-preview:-1"},"canonical":"https:\/\/niramart.com\/revista-magazine\/tag\/cadru-didactic\/","og_type":"article","og_title":"cadru didactic \u00bb Niram Art Magazine","og_description":"Rezultatele bune ale stude\u021bilor stau la baza motiva\u021biei mele. [&hellip;]","og_url":"https:\/\/niramart.com\/revista-magazine\/tag\/cadru-didactic\/","og_site_name":"Niram Art Magazine","twitter_card":"summary_large_image"},"_links":{"self":[{"href":"https:\/\/niramart.com\/revista-magazine\/wp-json\/wp\/v2\/pages\/236","targetHints":{"allow":["GET"]}}],"collection":[{"href":"https:\/\/niramart.com\/revista-magazine\/wp-json\/wp\/v2\/pages"}],"about":[{"href":"https:\/\/niramart.com\/revista-magazine\/wp-json\/wp\/v2\/types\/page"}],"replies":[{"embeddable":true,"href":"https:\/\/niramart.com\/revista-magazine\/wp-json\/wp\/v2\/comments?post=236"}],"version-history":[{"count":0,"href":"https:\/\/niramart.com\/revista-magazine\/wp-json\/wp\/v2\/pages\/236\/revisions"}],"wp:attachment":[{"href":"https:\/\/niramart.com\/revista-magazine\/wp-json\/wp\/v2\/media?parent=236"}],"curies":[{"name":"wp","href":"https:\/\/api.w.org\/{rel}","templated":true}]}}