{"id":234,"date":"2024-04-01T07:41:05","date_gmt":"2024-04-01T07:41:05","guid":{"rendered":"https:\/\/niramart.com\/revista-magazine\/george-roca-cyclus-dedicatio-algunos-hombres-buenos-3\/"},"modified":"2024-04-01T07:41:05","modified_gmt":"2024-04-01T07:41:05","slug":"george-roca-cyclus-dedicatio-algunos-hombres-buenos-3","status":"publish","type":"page","link":"https:\/\/niramart.com\/revista-magazine\/tag\/bogdan-ater\/","title":{"rendered":"George Roca: Cyclus Dedicatio, Algunos Hombres Buenos"},"content":{"rendered":"<div id=\"main-col\">\n<div id=\"content\" class=\"hfeed\">\n<article class=\"excerpt post-1126 post type-post status-publish format-standard hentry category-c38-noticias-revista tag-andreea-niram tag-bogdan-ater tag-diego-vadillo-lopez tag-espacio-niram tag-fabianni-belemuski tag-gabriel-andrei tag-george-roca tag-gonzalo-martinez-gil tag-hector-martinez-sanz tag-midsol-wol tag-miedho tag-niram-art tag-rita-martorell tag-victoria-garcia-acero category-32-id post-seq-1 post-parity-odd meta-position-left-pullout fix\" id=\"post-1126\">\n<header class=\"post-header title-container fix\">\n<div class=\"title\">\n<h2 class=\"posttitle\"><a href=\"https:\/\/niramart.com\/revista-magazine\/george-roca-cyclus-dedicatio-algunos-hombres-buenos\/\" class=\"entry-title\" rel=\"bookmark\" title=\"George Roca: Cyclus Dedicatio, Algunos Hombres Buenos\">George Roca: Cyclus Dedicatio, Algunos Hombres Buenos<\/a><\/h2>\n<\/div>\n<div class=\"date\"><span class=\"month\">Oct<\/span> <span class=\"day\">12<\/span><span class=\"year\">2013<\/span><\/div>\n<\/header>\n<p> <span class=\"post-format-icon\">&nbsp;<\/span><span class=\"updated\" title=\"2013-10-12T17:54:30+00:00\">&nbsp;<\/span><\/p>\n<div class=\"entry-container fix\">\n<div class=\"entry entry-content fix\">\n<p class=\"bch4dcbow065stdpy\">Las revistas Niram Art y Madrid en Marco organizan el recital de poes\u00eda \u201cCyclus Dedicatio: Algunos Hombres Buenos\u201d del poeta George Roca. Interviene el director de la revista Madrid en Marco, H\u00e9ctor Mart\u00ednez Sanz. Los poemas pertenecen al nuevo libro de George Roca, Buscando <a href=\"https:\/\/niramart.com\/revista-magazine\/george-roca-cyclus-dedicatio-algunos-hombres-buenos\/\" class=\"excerpt-more\">[&#8230;]<\/a><\/p>\n<\/div>\n<div class=\"meta-pullout meta-left-pullout\">\n<ul>\n<li class=\"fix\"><span class=\"category\"><span class=\"icon\">&nbsp;<\/span> <a href=\"https:\/\/niramart.com\/revista-magazine\/category\/c38-noticias-revista\/\" rel=\"category tag\">Noticias<\/a><\/span><\/li>\n<li class=\"fix\"><span class=\"tags tax\"><span class=\"icon\">&nbsp;<\/span>Tagged with: <a href=\"https:\/\/niramart.com\/revista-magazine\/tag\/andreea-niram\/\" rel=\"tag\">andreea niram<\/a>, <a href=\"https:\/\/niramart.com\/revista-magazine\/tag\/bogdan-ater\/\" rel=\"tag\">bogdan ater<\/a>, <a href=\"https:\/\/niramart.com\/revista-magazine\/tag\/diego-vadillo-lopez\/\" rel=\"tag\">Diego Vadillo L\u00f3pez<\/a>, <a href=\"https:\/\/niramart.com\/revista-magazine\/tag\/espacio-niram\/\" rel=\"tag\">espacio niram<\/a>, <a href=\"https:\/\/niramart.com\/revista-magazine\/tag\/fabianni-belemuski\/\" rel=\"tag\">fabianni belemuski<\/a>, <a href=\"https:\/\/niramart.com\/revista-magazine\/tag\/gabriel-andrei\/\" rel=\"tag\">Gabriel Andrei<\/a>, <a href=\"https:\/\/niramart.com\/revista-magazine\/tag\/george-roca\/\" rel=\"tag\">george roca<\/a>, <a href=\"https:\/\/niramart.com\/revista-magazine\/tag\/gonzalo-martinez-gil\/\" rel=\"tag\">Gonz\u00e1lo Mart\u00ednez Gil<\/a>, <a href=\"https:\/\/niramart.com\/revista-magazine\/tag\/hector-martinez-sanz\/\" rel=\"tag\">H\u00e9ctor Mart\u00ednez sanz<\/a>, <a href=\"https:\/\/niramart.com\/revista-magazine\/tag\/midsol-wol\/\" rel=\"tag\">Midsol W\u00f6l<\/a>, <a href=\"https:\/\/niramart.com\/revista-magazine\/tag\/miedho\/\" rel=\"tag\">MIEDHO<\/a>, <a href=\"https:\/\/niramart.com\/revista-magazine\/tag\/niram-art\/\" rel=\"tag\">niram art<\/a>, <a href=\"https:\/\/niramart.com\/revista-magazine\/tag\/rita-martorell\/\" rel=\"tag\">Rita Martorell<\/a>, <a href=\"https:\/\/niramart.com\/revista-magazine\/tag\/victoria-garcia-acero\/\" rel=\"tag\">Victoria Garc\u00eda Acero<\/a><\/span><\/li>\n<\/ul>\n<\/div>\n<\/div>\n<footer class=\"post-footer postdata fix\"><\/footer>\n<\/article>\n<article class=\"excerpt post-1031 post type-post status-publish format-standard hentry category-c39-articulos-espanol category-no-1-2-2013 tag-baruch-elron tag-bogdan-ater tag-fabianni-belemuski category-18-id category-148-id post-seq-2 post-parity-even meta-position-left-pullout fix\" id=\"post-1031\">\n<header class=\"post-header title-container fix\">\n<div class=\"title\">\n<h2 class=\"posttitle\"><a href=\"https:\/\/niramart.com\/revista-magazine\/la-critica-como-arte\/\" class=\"entry-title\" rel=\"bookmark\" title=\"La cr\u00edtica como arte por Ruth Blidhav\">La cr\u00edtica como arte por Ruth Blidhav<\/a><\/h2>\n<\/div>\n<div class=\"date\"><span class=\"month\">Jul<\/span> <span class=\"day\">18<\/span><span class=\"year\">2013<\/span><\/div>\n<\/header>\n<p> <span class=\"post-format-icon\">&nbsp;<\/span><span class=\"updated\" title=\"2013-07-18T09:10:44+00:00\">&nbsp;<\/span><\/p>\n<div class=\"entry-container fix\">\n<div class=\"entry entry-content fix\">\n<p class=\"bch4dcbow065stdpy\">El mi\u00e9rcoles 10 de julio del 2013 tuvo lugar en la Universidad de \u00c1vila el coloquio La cr\u00edtica como arte, una exposici\u00f3n-di\u00e1logo en torno a la cr\u00edtica como instrumento de creaci\u00f3n art\u00edstica. El evento cont\u00f3 con la presencia de Bogdan Ater, artista pl\u00e1stico y <a href=\"https:\/\/niramart.com\/revista-magazine\/la-critica-como-arte\/\" class=\"excerpt-more\">[&#8230;]<\/a><\/p>\n<\/div>\n<div class=\"meta-pullout meta-left-pullout\">\n<ul>\n<li class=\"fix\"><span class=\"category\"><span class=\"icon\">&nbsp;<\/span> <a href=\"https:\/\/niramart.com\/revista-magazine\/category\/s5-articulos\/c39-articulos-espanol\/\" rel=\"category tag\">Articulos espa\u00f1ol<\/a>, <a href=\"https:\/\/niramart.com\/revista-magazine\/category\/s5-articulos\/no-1-2-2013\/\" rel=\"category tag\">N\u00ba 1-2, 2013<\/a><\/span><\/li>\n<li class=\"fix\"><span class=\"tags tax\"><span class=\"icon\">&nbsp;<\/span>Tagged with: <a href=\"https:\/\/niramart.com\/revista-magazine\/tag\/baruch-elron\/\" rel=\"tag\">Baruch Elron<\/a>, <a href=\"https:\/\/niramart.com\/revista-magazine\/tag\/bogdan-ater\/\" rel=\"tag\">bogdan ater<\/a>, <a href=\"https:\/\/niramart.com\/revista-magazine\/tag\/fabianni-belemuski\/\" rel=\"tag\">fabianni belemuski<\/a><\/span><\/li>\n<\/ul>\n<\/div>\n<\/div>\n<footer class=\"post-footer postdata fix\"><\/footer>\n<\/article>\n<article class=\"excerpt post-1026 post type-post status-publish format-standard hentry category-c39-articulos-espanol tag-alexander-anchia-vindas tag-bogdan-ater tag-fabianni-belemuski tag-luis-frayle category-18-id post-seq-3 post-parity-odd meta-position-left-pullout fix\" id=\"post-1026\">\n<header class=\"post-header title-container fix\">\n<div class=\"title\">\n<h2 class=\"posttitle\"><a href=\"https:\/\/niramart.com\/revista-magazine\/presentacion-del-libro-puentes-inconexos\/\" class=\"entry-title\" rel=\"bookmark\" title=\"Presentaci\u00f3n del libro Puentes Inconexos\">Presentaci\u00f3n del libro Puentes Inconexos<\/a><\/h2>\n<\/div>\n<div class=\"date\"><span class=\"month\">Jul<\/span> <span class=\"day\">18<\/span><span class=\"year\">2013<\/span><\/div>\n<\/header>\n<p> <span class=\"post-format-icon\">&nbsp;<\/span><span class=\"updated\" title=\"2013-07-18T09:02:17+00:00\">&nbsp;<\/span><\/p>\n<div class=\"entry-container fix\">\n<div class=\"entry entry-content fix\">\n<p class=\"bch4dcbow065stdpy\">El jueves 11 de julio de 2013 tuvo lugar en la Facultad de Geograf\u00eda e Historia de la Universidad de Salamanca la presentaci\u00f3n del libro Puentes Inconexos del autor Alexander Anch\u00eda Vindas. El libro, publicado por Mundibook, es una selecci\u00f3n de relatos del escritor <a href=\"https:\/\/niramart.com\/revista-magazine\/presentacion-del-libro-puentes-inconexos\/\" class=\"excerpt-more\">[&#8230;]<\/a><\/p>\n<\/div>\n<div class=\"meta-pullout meta-left-pullout\">\n<ul>\n<li class=\"fix\"><span class=\"category\"><span class=\"icon\">&nbsp;<\/span> <a href=\"https:\/\/niramart.com\/revista-magazine\/category\/s5-articulos\/c39-articulos-espanol\/\" rel=\"category tag\">Articulos espa\u00f1ol<\/a><\/span><\/li>\n<li class=\"fix\"><span class=\"tags tax\"><span class=\"icon\">&nbsp;<\/span>Tagged with: <a href=\"https:\/\/niramart.com\/revista-magazine\/tag\/alexander-anchia-vindas\/\" rel=\"tag\">Alexander Anch\u00eda Vindas<\/a>, <a href=\"https:\/\/niramart.com\/revista-magazine\/tag\/bogdan-ater\/\" rel=\"tag\">bogdan ater<\/a>, <a href=\"https:\/\/niramart.com\/revista-magazine\/tag\/fabianni-belemuski\/\" rel=\"tag\">fabianni belemuski<\/a>, <a href=\"https:\/\/niramart.com\/revista-magazine\/tag\/luis-frayle\/\" rel=\"tag\">Luis Frayle<\/a><\/span><\/li>\n<\/ul>\n<\/div>\n<\/div>\n<footer class=\"post-footer postdata fix\"><\/footer>\n<\/article>\n<article class=\"excerpt post-834 post type-post status-publish format-standard hentry category-c38-noticias-revista tag-bogdan-ater tag-diego-vadillo-lopez tag-hector-martinez-sanz tag-miedho category-32-id post-seq-4 post-parity-even meta-position-left-pullout fix\" id=\"post-834\">\n<header class=\"post-header title-container fix\">\n<div class=\"title\">\n<h2 class=\"posttitle\"><a href=\"https:\/\/niramart.com\/revista-magazine\/834\/\" class=\"entry-title\" rel=\"bookmark\" title=\"La Editorial Niram Art anuncia el lanzamiento del libro MIEDHO\">La Editorial Niram Art anuncia el lanzamiento del libro MIEDHO<\/a><\/h2>\n<\/div>\n<div class=\"date\"><span class=\"month\">Apr<\/span> <span class=\"day\">08<\/span><span class=\"year\">2013<\/span><\/div>\n<\/header>\n<p> <span class=\"post-format-icon\">&nbsp;<\/span><span class=\"updated\" title=\"2013-04-08T16:02:00+00:00\">&nbsp;<\/span><\/p>\n<div class=\"entry-container fix\">\n<div class=\"entry entry-content fix\">\n<p class=\"bch4dcbow065stdpy\">La Editorial Niram Art anunc\u00eda el lanzamiento del libro MIEDHO,  en Espacio Niram el pasado 2 de Febrero de 2013. El acto cont\u00f3 con la presencia de los autores Diego Vadillo Lopez, H\u00e9ctor Mart\u00ednez Sanz y el artista Bogdan Ater. A trav\u00e9s de la <a href=\"https:\/\/niramart.com\/revista-magazine\/834\/\" class=\"excerpt-more\">[&#8230;]<\/a><\/p>\n<\/div>\n<div class=\"meta-pullout meta-left-pullout\">\n<ul>\n<li class=\"fix\"><span class=\"category\"><span class=\"icon\">&nbsp;<\/span> <a href=\"https:\/\/niramart.com\/revista-magazine\/category\/c38-noticias-revista\/\" rel=\"category tag\">Noticias<\/a><\/span><\/li>\n<li class=\"fix\"><span class=\"tags tax\"><span class=\"icon\">&nbsp;<\/span>Tagged with: <a href=\"https:\/\/niramart.com\/revista-magazine\/tag\/bogdan-ater\/\" rel=\"tag\">bogdan ater<\/a>, <a href=\"https:\/\/niramart.com\/revista-magazine\/tag\/diego-vadillo-lopez\/\" rel=\"tag\">Diego Vadillo L\u00f3pez<\/a>, <a href=\"https:\/\/niramart.com\/revista-magazine\/tag\/hector-martinez-sanz\/\" rel=\"tag\">H\u00e9ctor Mart\u00ednez sanz<\/a>, <a href=\"https:\/\/niramart.com\/revista-magazine\/tag\/miedho\/\" rel=\"tag\">MIEDHO<\/a><\/span><\/li>\n<\/ul>\n<\/div>\n<\/div>\n<footer class=\"post-footer postdata fix\"><\/footer>\n<\/article>\n<article class=\"excerpt post-805 post type-post status-publish format-standard hentry category-c39-articulos-espanol category-bellas-artes category-no-5-6-s5-articulos tag-bogdan-ater tag-diego-vadillo-lopez category-18-id category-119-id category-127-id post-seq-5 post-parity-odd meta-position-left-pullout fix\" id=\"post-805\">\n<header class=\"post-header title-container fix\">\n<div class=\"title\">\n<h2 class=\"posttitle\"><a href=\"https:\/\/niramart.com\/revista-magazine\/bogdan-ater-y-los-dias-laborables\/\" class=\"entry-title\" rel=\"bookmark\" title=\"Bogdan Ater y los d\u00edas laborables\">Bogdan Ater y los d\u00edas laborables<\/a><\/h2>\n<\/div>\n<div class=\"date\"><span class=\"month\">Apr<\/span> <span class=\"day\">08<\/span><span class=\"year\">2013<\/span><\/div>\n<\/header>\n<p> <span class=\"post-format-icon\">&nbsp;<\/span><span class=\"updated\" title=\"2013-04-08T15:08:33+00:00\">&nbsp;<\/span><\/p>\n<div class=\"entry-container fix\">\n<div class=\"entry entry-content fix\">\n<p class=\"bch4dcbow065stdpy\">Diego Vadillo L\u00f3pez Andando por los despreocupados senderos aleda\u00f1os al alienado vivir de un Occidente cada d\u00eda m\u00e1s burdo me encontr\u00e9 con Bogdan Ater. Bogdan Ater es un tipo de gran apostura y esbelta figura cuyas cervicales en ocasiones parecen tener querencia a la <a href=\"https:\/\/niramart.com\/revista-magazine\/bogdan-ater-y-los-dias-laborables\/\" class=\"excerpt-more\">[&#8230;]<\/a><\/p>\n<\/div>\n<div class=\"meta-pullout meta-left-pullout\">\n<ul>\n<li class=\"fix\"><span class=\"category\"><span class=\"icon\">&nbsp;<\/span> <a href=\"https:\/\/niramart.com\/revista-magazine\/category\/s5-articulos\/c39-articulos-espanol\/\" rel=\"category tag\">Articulos espa\u00f1ol<\/a>, <a href=\"https:\/\/niramart.com\/revista-magazine\/category\/bellas-artes\/\" rel=\"category tag\">Bellas Artes<\/a>, <a href=\"https:\/\/niramart.com\/revista-magazine\/category\/s5-articulos\/no-5-6-s5-articulos\/\" rel=\"category tag\">N\u00ba 5-6, 2012<\/a><\/span><\/li>\n<li class=\"fix\"><span class=\"tags tax\"><span class=\"icon\">&nbsp;<\/span>Tagged with: <a href=\"https:\/\/niramart.com\/revista-magazine\/tag\/bogdan-ater\/\" rel=\"tag\">bogdan ater<\/a>, <a href=\"https:\/\/niramart.com\/revista-magazine\/tag\/diego-vadillo-lopez\/\" rel=\"tag\">Diego Vadillo L\u00f3pez<\/a><\/span><\/li>\n<\/ul>\n<\/div>\n<\/div>\n<footer class=\"post-footer postdata fix\"><\/footer>\n<\/article>\n<\/div>\n<\/div>\n","protected":false,"raw":""},"excerpt":{"rendered":"<p>George Roca: Cyclus Dedicatio, Algunos Hombres Buenos Oct 122013 [&hellip;]<\/p>\n","protected":false},"author":0,"featured_media":0,"parent":0,"menu_order":0,"comment_status":"closed","ping_status":"closed","template":"","meta":{"footnotes":""},"class_list":["post-234","page","type-page","status-publish","hentry"],"yoast_head":"<!-- This site is optimized with the Yoast SEO plugin v27.4 - https:\/\/yoast.com\/product\/yoast-seo-wordpress\/ -->\n<title>bogdan ater \u00bb Niram Art Magazine<\/title>\n<meta name=\"robots\" content=\"index, follow, max-snippet:-1, max-image-preview:large, max-video-preview:-1\" \/>\n<link rel=\"canonical\" href=\"https:\/\/niramart.com\/revista-magazine\/tag\/bogdan-ater\/\" \/>\n<meta property=\"og:type\" content=\"article\" \/>\n<meta property=\"og:title\" content=\"bogdan ater \u00bb Niram Art Magazine\" \/>\n<meta property=\"og:description\" content=\"George Roca: Cyclus Dedicatio, Algunos Hombres Buenos Oct 122013 [&hellip;]\" \/>\n<meta property=\"og:url\" content=\"https:\/\/niramart.com\/revista-magazine\/tag\/bogdan-ater\/\" \/>\n<meta property=\"og:site_name\" content=\"Niram Art Magazine\" \/>\n<meta name=\"twitter:card\" content=\"summary_large_image\" \/>\n<meta name=\"twitter:label1\" content=\"Est. reading time\" \/>\n\t<meta name=\"twitter:data1\" content=\"2 minutes\" \/>\n<!-- \/ Yoast SEO plugin. -->","yoast_head_json":{"title":"bogdan ater \u00bb Niram Art Magazine","robots":{"index":"index","follow":"follow","max-snippet":"max-snippet:-1","max-image-preview":"max-image-preview:large","max-video-preview":"max-video-preview:-1"},"canonical":"https:\/\/niramart.com\/revista-magazine\/tag\/bogdan-ater\/","og_type":"article","og_title":"bogdan ater \u00bb Niram Art Magazine","og_description":"George Roca: Cyclus Dedicatio, Algunos Hombres Buenos Oct 122013 [&hellip;]","og_url":"https:\/\/niramart.com\/revista-magazine\/tag\/bogdan-ater\/","og_site_name":"Niram Art Magazine","twitter_card":"summary_large_image","twitter_misc":{"Est. reading time":"2 minutes"}},"_links":{"self":[{"href":"https:\/\/niramart.com\/revista-magazine\/wp-json\/wp\/v2\/pages\/234","targetHints":{"allow":["GET"]}}],"collection":[{"href":"https:\/\/niramart.com\/revista-magazine\/wp-json\/wp\/v2\/pages"}],"about":[{"href":"https:\/\/niramart.com\/revista-magazine\/wp-json\/wp\/v2\/types\/page"}],"replies":[{"embeddable":true,"href":"https:\/\/niramart.com\/revista-magazine\/wp-json\/wp\/v2\/comments?post=234"}],"version-history":[{"count":0,"href":"https:\/\/niramart.com\/revista-magazine\/wp-json\/wp\/v2\/pages\/234\/revisions"}],"wp:attachment":[{"href":"https:\/\/niramart.com\/revista-magazine\/wp-json\/wp\/v2\/media?parent=234"}],"curies":[{"name":"wp","href":"https:\/\/api.w.org\/{rel}","templated":true}]}}