{"id":229,"date":"2024-04-01T07:41:04","date_gmt":"2024-04-01T07:41:04","guid":{"rendered":"https:\/\/niramart.com\/revista-magazine\/obra-del-pintor-israeli-baruch-elron-presentada-en-la-reunion-europoems-en-paris-2\/"},"modified":"2024-04-01T07:41:04","modified_gmt":"2024-04-01T07:41:04","slug":"obra-del-pintor-israeli-baruch-elron-presentada-en-la-reunion-europoems-en-paris-2","status":"publish","type":"page","link":"https:\/\/niramart.com\/revista-magazine\/tag\/baruch-elron\/","title":{"rendered":"Obra del pintor israel\u00ed Baruch Elron presentada en la reuni\u00f3n Europoems en Paris"},"content":{"rendered":"<div id=\"main-col\">\n<div id=\"content\" class=\"hfeed\">\n<article class=\"excerpt post-1167 post type-post status-publish format-standard hentry category-c38-noticias-revista tag-baruch-elron tag-europoems tag-lydia-elron tag-miriam-or tag-poesia category-32-id post-seq-1 post-parity-odd meta-position-left-pullout fix\" id=\"post-1167\">\n<header class=\"post-header title-container fix\">\n<div class=\"title\">\n<h2 class=\"posttitle\"><a href=\"https:\/\/niramart.com\/revista-magazine\/europoems\/\" class=\"entry-title\" rel=\"bookmark\" title=\"Obra del pintor israel\u00ed Baruch Elron presentada en la reuni\u00f3n Europoems en Paris\">Obra del pintor israel\u00ed Baruch Elron presentada en la reuni\u00f3n Europoems en Paris<\/a><\/h2>\n<\/div>\n<div class=\"date\"><span class=\"month\">Nov<\/span> <span class=\"day\">01<\/span><span class=\"year\">2013<\/span><\/div>\n<\/header>\n<p> <span class=\"post-format-icon\">&nbsp;<\/span><span class=\"updated\" title=\"2013-11-01T13:54:20+00:00\">&nbsp;<\/span><\/p>\n<div class=\"entry-container fix\">\n<div class=\"entry entry-content fix\">\n<p class=\"bch4dcbow065stdpy\">Europoems tiene como objetivo poner en pr\u00e1ctica nuevos enfoques pedag\u00f3gicos que utilizan la poes\u00eda como una forma de ense\u00f1anza \/ aprendizaje de lenguas. El proyecto &#8220;GRUNDTVIG&#8221; ha sido financiado con el apoyo de la Comisi\u00f3n Europea. El Programa de Aprendizaje Permanente (Lifelong Learning Programme) <a href=\"https:\/\/niramart.com\/revista-magazine\/europoems\/\" class=\"excerpt-more\">[&#8230;]<\/a><\/p>\n<\/div>\n<div class=\"meta-pullout meta-left-pullout\">\n<ul>\n<li class=\"fix\"><span class=\"category\"><span class=\"icon\">&nbsp;<\/span> <a href=\"https:\/\/niramart.com\/revista-magazine\/category\/c38-noticias-revista\/\" rel=\"category tag\">Noticias<\/a><\/span><\/li>\n<li class=\"fix\"><span class=\"tags tax\"><span class=\"icon\">&nbsp;<\/span>Tagged with: <a href=\"https:\/\/niramart.com\/revista-magazine\/tag\/baruch-elron\/\" rel=\"tag\">Baruch Elron<\/a>, <a href=\"https:\/\/niramart.com\/revista-magazine\" rel=\"tag\">europoems<\/a>, <a href=\"https:\/\/niramart.com\/revista-magazine\" rel=\"tag\">lydia elron<\/a>, <a href=\"https:\/\/niramart.com\/revista-magazine\/tag\/miriam-or\/\" rel=\"tag\">miriam or<\/a>, <a href=\"https:\/\/niramart.com\/revista-magazine\" rel=\"tag\">poes\u00eda<\/a><\/span><\/li>\n<\/ul>\n<\/div>\n<\/div>\n<footer class=\"post-footer postdata fix\"><\/footer>\n<\/article>\n<article class=\"excerpt post-1031 post type-post status-publish format-standard hentry category-c39-articulos-espanol category-no-1-2-2013 tag-baruch-elron tag-bogdan-ater tag-fabianni-belemuski category-18-id category-148-id post-seq-2 post-parity-even meta-position-left-pullout fix\" id=\"post-1031\">\n<header class=\"post-header title-container fix\">\n<div class=\"title\">\n<h2 class=\"posttitle\"><a href=\"https:\/\/niramart.com\/revista-magazine\/la-critica-como-arte\/\" class=\"entry-title\" rel=\"bookmark\" title=\"La cr\u00edtica como arte por Ruth Blidhav\">La cr\u00edtica como arte por Ruth Blidhav<\/a><\/h2>\n<\/div>\n<div class=\"date\"><span class=\"month\">Jul<\/span> <span class=\"day\">18<\/span><span class=\"year\">2013<\/span><\/div>\n<\/header>\n<p> <span class=\"post-format-icon\">&nbsp;<\/span><span class=\"updated\" title=\"2013-07-18T09:10:44+00:00\">&nbsp;<\/span><\/p>\n<div class=\"entry-container fix\">\n<div class=\"entry entry-content fix\">\n<p class=\"bch4dcbow065stdpy\">El mi\u00e9rcoles 10 de julio del 2013 tuvo lugar en la Universidad de \u00c1vila el coloquio La cr\u00edtica como arte, una exposici\u00f3n-di\u00e1logo en torno a la cr\u00edtica como instrumento de creaci\u00f3n art\u00edstica. El evento cont\u00f3 con la presencia de Bogdan Ater, artista pl\u00e1stico y <a href=\"https:\/\/niramart.com\/revista-magazine\/la-critica-como-arte\/\" class=\"excerpt-more\">[&#8230;]<\/a><\/p>\n<\/div>\n<div class=\"meta-pullout meta-left-pullout\">\n<ul>\n<li class=\"fix\"><span class=\"category\"><span class=\"icon\">&nbsp;<\/span> <a href=\"https:\/\/niramart.com\/revista-magazine\/category\/s5-articulos\/c39-articulos-espanol\/\" rel=\"category tag\">Articulos espa\u00f1ol<\/a>, <a href=\"https:\/\/niramart.com\/revista-magazine\/category\/s5-articulos\/no-1-2-2013\/\" rel=\"category tag\">N\u00ba 1-2, 2013<\/a><\/span><\/li>\n<li class=\"fix\"><span class=\"tags tax\"><span class=\"icon\">&nbsp;<\/span>Tagged with: <a href=\"https:\/\/niramart.com\/revista-magazine\/tag\/baruch-elron\/\" rel=\"tag\">Baruch Elron<\/a>, <a href=\"https:\/\/niramart.com\/revista-magazine\/tag\/bogdan-ater\/\" rel=\"tag\">bogdan ater<\/a>, <a href=\"https:\/\/niramart.com\/revista-magazine\/tag\/fabianni-belemuski\/\" rel=\"tag\">fabianni belemuski<\/a><\/span><\/li>\n<\/ul>\n<\/div>\n<\/div>\n<footer class=\"post-footer postdata fix\"><\/footer>\n<\/article>\n<article class=\"excerpt post-986 post type-post status-publish format-standard hentry category-c39-articulos-espanol category-c38-noticias-revista tag-baruch-elron tag-exposicion tag-israel tag-pintura category-18-id category-32-id post-seq-3 post-parity-odd meta-position-left-pullout fix\" id=\"post-986\">\n<header class=\"post-header title-container fix\">\n<div class=\"title\">\n<h2 class=\"posttitle\"><a href=\"https:\/\/niramart.com\/revista-magazine\/foto-reportaje-exposicion-baruch-elron-en-israel\/\" class=\"entry-title\" rel=\"bookmark\" title=\"Foto-reportaje: Exposici\u00f3n Baruch Elron en Israel\">Foto-reportaje: Exposici\u00f3n Baruch Elron en Israel<\/a><\/h2>\n<\/div>\n<div class=\"date\"><span class=\"month\">May<\/span> <span class=\"day\">18<\/span><span class=\"year\">2013<\/span><\/div>\n<\/header>\n<p> <span class=\"post-format-icon\">&nbsp;<\/span><span class=\"updated\" title=\"2013-05-18T10:30:33+00:00\">&nbsp;<\/span><\/p>\n<div class=\"entry-container fix\">\n<div class=\"entry entry-content fix\">\n<p class=\"bch4dcbow065stdpy\">Galeria Municipal de Afula, Israel, curadora Ruthie Kalimi, 8 de mayo del 2013  M\u00e1s: Niram Art Israel<\/p>\n<\/div>\n<div class=\"meta-pullout meta-left-pullout\">\n<ul>\n<li class=\"fix\"><span class=\"category\"><span class=\"icon\">&nbsp;<\/span> <a href=\"https:\/\/niramart.com\/revista-magazine\/category\/s5-articulos\/c39-articulos-espanol\/\" rel=\"category tag\">Articulos espa\u00f1ol<\/a>, <a href=\"https:\/\/niramart.com\/revista-magazine\/category\/c38-noticias-revista\/\" rel=\"category tag\">Noticias<\/a><\/span><\/li>\n<li class=\"fix\"><span class=\"tags tax\"><span class=\"icon\">&nbsp;<\/span>Tagged with: <a href=\"https:\/\/niramart.com\/revista-magazine\/tag\/baruch-elron\/\" rel=\"tag\">Baruch Elron<\/a>, <a href=\"https:\/\/niramart.com\/revista-magazine\/tag\/exposicion\/\" rel=\"tag\">Exposici\u00f3n<\/a>, <a href=\"https:\/\/niramart.com\/revista-magazine\/tag\/israel\/\" rel=\"tag\">israel<\/a>, <a href=\"https:\/\/niramart.com\/revista-magazine\/tag\/pintura\/\" rel=\"tag\">pintura<\/a><\/span><\/li>\n<\/ul>\n<\/div>\n<\/div>\n<footer class=\"post-footer postdata fix\"><\/footer>\n<\/article>\n<article class=\"excerpt post-947 post type-post status-publish format-standard hentry category-c40-english category-no-1-2-2013 tag-baruch-elron tag-miriam-or category-17-id category-148-id post-seq-4 post-parity-even meta-position-left-pullout fix\" id=\"post-947\">\n<header class=\"post-header title-container fix\">\n<div class=\"title\">\n<h2 class=\"posttitle\"><a href=\"https:\/\/niramart.com\/revista-magazine\/baruch-elron-artist-of-dream-and-love\/\" class=\"entry-title\" rel=\"bookmark\" title=\"Baruch Elron \u2013 Artist of Dream and Love\">Baruch Elron \u2013 Artist of Dream and Love<\/a><\/h2>\n<\/div>\n<div class=\"date\"><span class=\"month\">Apr<\/span> <span class=\"day\">09<\/span><span class=\"year\">2013<\/span><\/div>\n<\/header>\n<p> <span class=\"post-format-icon\">&nbsp;<\/span><span class=\"updated\" title=\"2013-04-09T14:13:07+00:00\">&nbsp;<\/span><\/p>\n<div class=\"entry-container fix\">\n<div class=\"entry entry-content fix\">\n<p class=\"bch4dcbow065stdpy\">Dr. Miriam Or, Lecturer in Art and Philosophy Exhibition Baruch Elron Paintings 1934 \u2013 2006 Paintings gallery: http:\/\/baruchelron.defesesfinearts.com The Municipal Art Gallery of Afula, Israel organizes the exhibition Baruch Elron Paintings 1934 \u2013 2006, curator Ruthie Kalimi. The opening of the exhibition will be held <a href=\"https:\/\/niramart.com\/revista-magazine\/baruch-elron-artist-of-dream-and-love\/\" class=\"excerpt-more\">[&#8230;]<\/a><\/p>\n<\/div>\n<div class=\"meta-pullout meta-left-pullout\">\n<ul>\n<li class=\"fix\"><span class=\"category\"><span class=\"icon\">&nbsp;<\/span> <a href=\"https:\/\/niramart.com\/revista-magazine\/category\/s5-articulos\/c40-english\/\" rel=\"category tag\">English articles<\/a>, <a href=\"https:\/\/niramart.com\/revista-magazine\/category\/s5-articulos\/no-1-2-2013\/\" rel=\"category tag\">N\u00ba 1-2, 2013<\/a><\/span><\/li>\n<li class=\"fix\"><span class=\"tags tax\"><span class=\"icon\">&nbsp;<\/span>Tagged with: <a href=\"https:\/\/niramart.com\/revista-magazine\/tag\/baruch-elron\/\" rel=\"tag\">Baruch Elron<\/a>, <a href=\"https:\/\/niramart.com\/revista-magazine\/tag\/miriam-or\/\" rel=\"tag\">miriam or<\/a><\/span><\/li>\n<\/ul>\n<\/div>\n<\/div>\n<footer class=\"post-footer postdata fix\"><\/footer>\n<\/article>\n<article class=\"excerpt post-231 post type-post status-publish format-standard has-post-thumbnail hentry category-c39-articulos-espanol category-bellas-artes category-c56-no-1-2-2012 tag-baruch-elron category-18-id category-119-id category-28-id post-seq-5 post-parity-odd meta-position-left-pullout fix\" id=\"post-231\">\n<header class=\"post-header title-container fix\">\n<div class=\"title\">\n<h2 class=\"posttitle\"><a href=\"https:\/\/niramart.com\/revista-magazine\" class=\"entry-title\" rel=\"bookmark\" title=\"La \u00abbaruchizaci\u00f3n\u00bb de H\u00e9ctor Mart\u00ednez Sanz\">La \u00abbaruchizaci\u00f3n\u00bb de H\u00e9ctor Mart\u00ednez Sanz<\/a><\/h2>\n<\/div>\n<div class=\"date\"><span class=\"month\">Jan<\/span> <span class=\"day\">05<\/span><span class=\"year\">2012<\/span><\/div>\n<\/header>\n<p> <span class=\"post-format-icon\">&nbsp;<\/span><span class=\"updated\" title=\"2012-01-05T00:00:00+00:00\">&nbsp;<\/span><\/p>\n<div class=\"entry-container fix\">\n<div class=\"entry entry-content fix\">\n<p class=\"bch4dcbow065stdpy\"><strong><img loading=\"lazy\" decoding=\"async\" src=\"https:\/\/niramart.com\/revista-magazine\/files\/wp-content\/uploads\/2012\/01\/la baruchizacin de hctor martnez.jpg\" border=\"0\" width=\"214\" height=\"144\" style=\"float: left; border: 2px solid black; margin: 2px;\"\/>por Diego Vadillo L\u00f3pez<\/strong><\/p>\n<p class=\"bch4dcbow065stdpy\"><strong>H\u00e9ctor Mart\u00ednez Sanz<\/strong> siempre fue muy dado a ingresar en universos de fantas\u00eda, y eso pese a ser un tipo con los pies bien asentados sobre la corteza terrestre.<\/p>\n<p class=\"bch4dcbow065stdpy\">Bregado en los universos extempor\u00e1neos de \u00abAlicia en el pa\u00eds de las maravillas\u00bb y de \u00abLa historia interminable\u00bb, un d\u00eda en que paseaba por el bosque animado de las bellas artes, fue asaltado, y esta vez no por el bandido Fendetestas, sino por un peculiar sujeto de perilla en semicircunferencia, el cual le sustrajo toda la emoci\u00f3n, vi\u00e9ndose desde entonces anegado en un sugerente cosmos. Por la \u00f3rbita de su cr\u00e1neo, d\u00eda s\u00ed, d\u00eda tambi\u00e9n, giraban flores brotadas de huevos tras romper el cascar\u00f3n, plumados ojazos de pico corvo y ce\u00f1o fruncido, liras con la pedicura magistralmente ejecutada, chelos luciendo senos de gran firmeza, p\u00e1jaros con alas metacarpianas, y as\u00ed&#8230;<\/p>\n<\/div>\n<div class=\"meta-pullout meta-left-pullout\">\n<ul>\n<li class=\"fix\"><span class=\"category\"><span class=\"icon\">&nbsp;<\/span> <a href=\"https:\/\/niramart.com\/revista-magazine\/category\/s5-articulos\/c39-articulos-espanol\/\" rel=\"category tag\">Articulos espa\u00f1ol<\/a>, <a href=\"https:\/\/niramart.com\/revista-magazine\/category\/bellas-artes\/\" rel=\"category tag\">Bellas Artes<\/a>, <a href=\"https:\/\/niramart.com\/revista-magazine\/category\/s5-articulos\/c56-no-1-2-2012\/\" rel=\"category tag\">N\u00ba 1 &#8211; 2, 2012<\/a><\/span><\/li>\n<li class=\"fix\"><span class=\"tags tax\"><span class=\"icon\">&nbsp;<\/span>Tagged with: <a href=\"https:\/\/niramart.com\/revista-magazine\/tag\/baruch-elron\/\" rel=\"tag\">Baruch Elron<\/a><\/span><\/li>\n<\/ul>\n<\/div>\n<\/div>\n<footer class=\"post-footer postdata fix\"><\/footer>\n<\/article>\n<\/div>\n<\/div>\n","protected":false,"raw":""},"excerpt":{"rendered":"<p>Obra del pintor israel\u00ed Baruch Elron presentada en la [&hellip;]<\/p>\n","protected":false},"author":0,"featured_media":0,"parent":0,"menu_order":0,"comment_status":"closed","ping_status":"closed","template":"","meta":{"footnotes":""},"class_list":["post-229","page","type-page","status-publish","hentry"],"yoast_head":"<!-- This site is optimized with the Yoast SEO plugin v27.4 - https:\/\/yoast.com\/product\/yoast-seo-wordpress\/ -->\n<title>Baruch Elron \u00bb Niram Art Magazine<\/title>\n<meta name=\"robots\" content=\"index, follow, max-snippet:-1, max-image-preview:large, max-video-preview:-1\" \/>\n<link rel=\"canonical\" href=\"https:\/\/niramart.com\/revista-magazine\/tag\/baruch-elron\/\" \/>\n<meta property=\"og:type\" content=\"article\" \/>\n<meta property=\"og:title\" content=\"Baruch Elron \u00bb Niram Art Magazine\" \/>\n<meta property=\"og:description\" content=\"Obra del pintor israel\u00ed Baruch Elron presentada en la [&hellip;]\" \/>\n<meta property=\"og:url\" content=\"https:\/\/niramart.com\/revista-magazine\/tag\/baruch-elron\/\" \/>\n<meta property=\"og:site_name\" content=\"Niram Art Magazine\" \/>\n<meta name=\"twitter:card\" content=\"summary_large_image\" \/>\n<meta name=\"twitter:label1\" content=\"Est. reading time\" \/>\n\t<meta name=\"twitter:data1\" content=\"2 minutes\" \/>\n<!-- \/ Yoast SEO plugin. -->","yoast_head_json":{"title":"Baruch Elron \u00bb Niram Art Magazine","robots":{"index":"index","follow":"follow","max-snippet":"max-snippet:-1","max-image-preview":"max-image-preview:large","max-video-preview":"max-video-preview:-1"},"canonical":"https:\/\/niramart.com\/revista-magazine\/tag\/baruch-elron\/","og_type":"article","og_title":"Baruch Elron \u00bb Niram Art Magazine","og_description":"Obra del pintor israel\u00ed Baruch Elron presentada en la [&hellip;]","og_url":"https:\/\/niramart.com\/revista-magazine\/tag\/baruch-elron\/","og_site_name":"Niram Art Magazine","twitter_card":"summary_large_image","twitter_misc":{"Est. reading time":"2 minutes"}},"_links":{"self":[{"href":"https:\/\/niramart.com\/revista-magazine\/wp-json\/wp\/v2\/pages\/229","targetHints":{"allow":["GET"]}}],"collection":[{"href":"https:\/\/niramart.com\/revista-magazine\/wp-json\/wp\/v2\/pages"}],"about":[{"href":"https:\/\/niramart.com\/revista-magazine\/wp-json\/wp\/v2\/types\/page"}],"replies":[{"embeddable":true,"href":"https:\/\/niramart.com\/revista-magazine\/wp-json\/wp\/v2\/comments?post=229"}],"version-history":[{"count":0,"href":"https:\/\/niramart.com\/revista-magazine\/wp-json\/wp\/v2\/pages\/229\/revisions"}],"wp:attachment":[{"href":"https:\/\/niramart.com\/revista-magazine\/wp-json\/wp\/v2\/media?parent=229"}],"curies":[{"name":"wp","href":"https:\/\/api.w.org\/{rel}","templated":true}]}}