{"id":225,"date":"2024-04-01T07:41:04","date_gmt":"2024-04-01T07:41:04","guid":{"rendered":"https:\/\/niramart.com\/revista-magazine\/exposicion-de-dibujo-y-grabado-calma-y-tempestad-a-flor-de-piel-3\/"},"modified":"2024-04-01T07:41:04","modified_gmt":"2024-04-01T07:41:04","slug":"exposicion-de-dibujo-y-grabado-calma-y-tempestad-a-flor-de-piel-3","status":"publish","type":"page","link":"https:\/\/niramart.com\/revista-magazine\/tag\/arte\/","title":{"rendered":"Exposici\u00f3n de dibujo y grabado &#8220;CALMA Y TEMPESTAD &#8211; A FLOR DE PIEL&#8221;"},"content":{"rendered":"<div id=\"main-col\">\n<div id=\"content\" class=\"hfeed\">\n<article class=\"excerpt post-1234 post type-post status-publish format-standard hentry category-c38-noticias-revista tag-arte tag-dibujo tag-diego-vadillo-lopez tag-espacio-niram tag-eva-sanchez-ramo tag-exposicion tag-laura-herrero-crespo category-32-id post-seq-1 post-parity-odd meta-position-left-pullout fix\" id=\"post-1234\">\n<header class=\"post-header title-container fix\">\n<div class=\"title\">\n<h2 class=\"posttitle\"><a href=\"https:\/\/niramart.com\/revista-magazine\/exposicion-de-dibujo-y-grabado-calma-y-tempestad-a-flor-de-piel\/\" class=\"entry-title\" rel=\"bookmark\" title=\"Exposici\u00f3n de dibujo y grabado \u201cCALMA Y TEMPESTAD \u2013 A FLOR DE PIEL\u201d\">Exposici\u00f3n de dibujo y grabado &#8220;CALMA Y TEMPESTAD &#8211; A FLOR DE PIEL&#8221;<\/a><\/h2>\n<\/div>\n<div class=\"date\"><span class=\"month\">Dec<\/span> <span class=\"day\">05<\/span><span class=\"year\">2013<\/span><\/div>\n<\/header>\n<p> <span class=\"post-format-icon\">&nbsp;<\/span><span class=\"updated\" title=\"2013-12-05T11:31:50+00:00\">&nbsp;<\/span><\/p>\n<div class=\"entry-container fix\">\n<div class=\"entry entry-content fix\">\n<p class=\"bch4dcbow065stdpy\">Las Galer\u00edas Ater de Espacio Niram organizan la exposici\u00f3n de dibujo y grabado &#8220;CALMA Y TEMPESTAD &#8211; A FLOR DE PIEL&#8221; de  Laura Herrero Crespo y Eva S\u00e1nchez Ramo, licenciadas en  Bellas Artes por la univ. Complutense de Madrid. El comisario de la exposici\u00f3n <a href=\"https:\/\/niramart.com\/revista-magazine\/exposicion-de-dibujo-y-grabado-calma-y-tempestad-a-flor-de-piel\/\" class=\"excerpt-more\">[&#8230;]<\/a><\/p>\n<\/div>\n<div class=\"meta-pullout meta-left-pullout\">\n<ul>\n<li class=\"fix\"><span class=\"category\"><span class=\"icon\">&nbsp;<\/span> <a href=\"https:\/\/niramart.com\/revista-magazine\/category\/c38-noticias-revista\/\" rel=\"category tag\">Noticias<\/a><\/span><\/li>\n<li class=\"fix\"><span class=\"tags tax\"><span class=\"icon\">&nbsp;<\/span>Tagged with: <a href=\"https:\/\/niramart.com\/revista-magazine\/tag\/arte\/\" rel=\"tag\">arte<\/a>, <a href=\"https:\/\/niramart.com\/revista-magazine\/tag\/dibujo\/\" rel=\"tag\">dibujo<\/a>, <a href=\"https:\/\/niramart.com\/revista-magazine\/tag\/diego-vadillo-lopez\/\" rel=\"tag\">Diego Vadillo L\u00f3pez<\/a>, <a href=\"https:\/\/niramart.com\/revista-magazine\/tag\/espacio-niram\/\" rel=\"tag\">espacio niram<\/a>, <a href=\"https:\/\/niramart.com\/revista-magazine\/tag\/eva-sanchez-ramo\/\" rel=\"tag\">Eva S\u00e1nchez Ramo<\/a>, <a href=\"https:\/\/niramart.com\/revista-magazine\/tag\/exposicion\/\" rel=\"tag\">Exposici\u00f3n<\/a>, <a href=\"https:\/\/niramart.com\/revista-magazine\/tag\/laura-herrero-crespo\/\" rel=\"tag\">Laura Herrero Crespo<\/a><\/span><\/li>\n<\/ul>\n<\/div>\n<\/div>\n<footer class=\"post-footer postdata fix\"><\/footer>\n<\/article>\n<article class=\"excerpt post-1210 post type-post status-publish format-standard hentry category-c39-articulos-espanol category-bellas-artes tag-arte tag-diego-vadillo-lopez tag-pintura tag-tudor-serbanescu category-18-id category-119-id post-seq-2 post-parity-even meta-position-left-pullout fix\" id=\"post-1210\">\n<header class=\"post-header title-container fix\">\n<div class=\"title\">\n<h2 class=\"posttitle\"><a href=\"https:\/\/niramart.com\/revista-magazine\/aniversario-tudor\/\" class=\"entry-title\" rel=\"bookmark\" title=\"Aniversario Tudor\">Aniversario Tudor<\/a><\/h2>\n<\/div>\n<div class=\"date\"><span class=\"month\">Nov<\/span> <span class=\"day\">15<\/span><span class=\"year\">2013<\/span><\/div>\n<\/header>\n<p> <span class=\"post-format-icon\">&nbsp;<\/span><span class=\"updated\" title=\"2013-11-15T14:10:10+00:00\">&nbsp;<\/span><\/p>\n<div class=\"entry-container fix\">\n<div class=\"entry entry-content fix\">\n<p class=\"bch4dcbow065stdpy\">Diego Vadillo L\u00f3pez Parece que fue ayer (como se suele decir) cuando, coincidiendo espacio-temporalmente con el pintor Tudor Serbanescu, fuimos presentados, cosa que termin\u00f3 con el feliz resultado de una portada para un libro, \u201cG\u00f3mez de la Serna era trotskista\u201d, testimonio dicha portada de <a href=\"https:\/\/niramart.com\/revista-magazine\/aniversario-tudor\/\" class=\"excerpt-more\">[&#8230;]<\/a><\/p>\n<\/div>\n<div class=\"meta-pullout meta-left-pullout\">\n<ul>\n<li class=\"fix\"><span class=\"category\"><span class=\"icon\">&nbsp;<\/span> <a href=\"https:\/\/niramart.com\/revista-magazine\/category\/s5-articulos\/c39-articulos-espanol\/\" rel=\"category tag\">Articulos espa\u00f1ol<\/a>, <a href=\"https:\/\/niramart.com\/revista-magazine\/category\/bellas-artes\/\" rel=\"category tag\">Bellas Artes<\/a><\/span><\/li>\n<li class=\"fix\"><span class=\"tags tax\"><span class=\"icon\">&nbsp;<\/span>Tagged with: <a href=\"https:\/\/niramart.com\/revista-magazine\/tag\/arte\/\" rel=\"tag\">arte<\/a>, <a href=\"https:\/\/niramart.com\/revista-magazine\/tag\/diego-vadillo-lopez\/\" rel=\"tag\">Diego Vadillo L\u00f3pez<\/a>, <a href=\"https:\/\/niramart.com\/revista-magazine\/tag\/pintura\/\" rel=\"tag\">pintura<\/a>, <a href=\"https:\/\/niramart.com\/revista-magazine\/tag\/tudor-serbanescu\/\" rel=\"tag\">tudor serbanescu<\/a><\/span><\/li>\n<\/ul>\n<\/div>\n<\/div>\n<footer class=\"post-footer postdata fix\"><\/footer>\n<\/article>\n<article class=\"excerpt post-851 post type-post status-publish format-standard hentry category-c39-articulos-espanol category-bellas-artes category-no-1-2-2013 tag-arte tag-miedho tag-oscar-cusano category-18-id category-119-id category-148-id post-seq-3 post-parity-odd meta-position-left-pullout fix\" id=\"post-851\">\n<header class=\"post-header title-container fix\">\n<div class=\"title\">\n<h2 class=\"posttitle\"><a href=\"https:\/\/niramart.com\/revista-magazine\" class=\"entry-title\" rel=\"bookmark\" title=\"\u00bfQui\u00e9n es MIEDHO?\">\u00bfQui\u00e9n es MIEDHO?<\/a><\/h2>\n<\/div>\n<div class=\"date\"><span class=\"month\">Apr<\/span> <span class=\"day\">08<\/span><span class=\"year\">2013<\/span><\/div>\n<\/header>\n<p> <span class=\"post-format-icon\">&nbsp;<\/span><span class=\"updated\" title=\"2013-04-08T16:44:09+00:00\">&nbsp;<\/span><\/p>\n<div class=\"entry-container fix\">\n<div class=\"entry entry-content fix\">\n<p class=\"bch4dcbow065stdpy\"> \u201cLos libros van siendo el \u00fanico lugar de la casa donde todav\u00eda se puede estar tranquilo\u201d. Julio Cort\u00e1zar por Oscar Cusano Escritor y cr\u00edtico Art\u00edculo publicado en El peri\u00f3dico 4uPress &#8211; 07 Marzo 2013 El hombre tiende siempre a la quietud, al equilibrio del sosiego, <a href=\"https:\/\/niramart.com\/revista-magazine\" class=\"excerpt-more\">[&#8230;]<\/a><\/p>\n<\/div>\n<div class=\"meta-pullout meta-left-pullout\">\n<ul>\n<li class=\"fix\"><span class=\"category\"><span class=\"icon\">&nbsp;<\/span> <a href=\"https:\/\/niramart.com\/revista-magazine\/category\/s5-articulos\/c39-articulos-espanol\/\" rel=\"category tag\">Articulos espa\u00f1ol<\/a>, <a href=\"https:\/\/niramart.com\/revista-magazine\/category\/bellas-artes\/\" rel=\"category tag\">Bellas Artes<\/a>, <a href=\"https:\/\/niramart.com\/revista-magazine\/category\/s5-articulos\/no-1-2-2013\/\" rel=\"category tag\">N\u00ba 1-2, 2013<\/a><\/span><\/li>\n<li class=\"fix\"><span class=\"tags tax\"><span class=\"icon\">&nbsp;<\/span>Tagged with: <a href=\"https:\/\/niramart.com\/revista-magazine\/tag\/arte\/\" rel=\"tag\">arte<\/a>, <a href=\"https:\/\/niramart.com\/revista-magazine\/tag\/miedho\/\" rel=\"tag\">MIEDHO<\/a>, <a href=\"https:\/\/niramart.com\/revista-magazine\/tag\/oscar-cusano\/\" rel=\"tag\">Oscar Cusano<\/a><\/span><\/li>\n<\/ul>\n<\/div>\n<\/div>\n<footer class=\"post-footer postdata fix\"><\/footer>\n<\/article>\n<article class=\"excerpt post-790 post type-post status-publish format-standard hentry category-c38-noticias-revista tag-arte tag-cuentos-rumanos tag-exposicion tag-tudor-serbanescu category-32-id post-seq-4 post-parity-even meta-position-left-pullout fix\" id=\"post-790\">\n<header class=\"post-header title-container fix\">\n<div class=\"title\">\n<h2 class=\"posttitle\"><a href=\"https:\/\/niramart.com\/revista-magazine\/exposicion-tudor-1001-cuentos-rumanos-en-madrid\/\" class=\"entry-title\" rel=\"bookmark\" title=\"Exposici\u00f3n Tudor 1001 Cuentos Rumanos en Madrid\">Exposici\u00f3n Tudor 1001 Cuentos Rumanos en Madrid<\/a><\/h2>\n<\/div>\n<div class=\"date\"><span class=\"month\">Mar<\/span> <span class=\"day\">25<\/span><span class=\"year\">2013<\/span><\/div>\n<\/header>\n<p> <span class=\"post-format-icon\">&nbsp;<\/span><span class=\"updated\" title=\"2013-03-25T11:14:04+00:00\">&nbsp;<\/span><\/p>\n<div class=\"entry-container fix\">\n<div class=\"entry entry-content fix\">\n<p class=\"bch4dcbow065stdpy\">En el Centro Cultural  \u00c1gata de Madrid (Calle Doctor Mart\u00edn Ar\u00e9valo N\u00ba2, 28021) est\u00e1 patente la exposici\u00f3n de pintura de Tudor Serbanescu, organizada por el Ayuntamiento de Madrid y comisariada por el escritor Diego Vadillo L\u00f3pez. &nbsp; La inauguraci\u00f3n tuvo lugar s\u00e1bado, 23 de <a href=\"https:\/\/niramart.com\/revista-magazine\/exposicion-tudor-1001-cuentos-rumanos-en-madrid\/\" class=\"excerpt-more\">[&#8230;]<\/a><\/p>\n<\/div>\n<div class=\"meta-pullout meta-left-pullout\">\n<ul>\n<li class=\"fix\"><span class=\"category\"><span class=\"icon\">&nbsp;<\/span> <a href=\"https:\/\/niramart.com\/revista-magazine\/category\/c38-noticias-revista\/\" rel=\"category tag\">Noticias<\/a><\/span><\/li>\n<li class=\"fix\"><span class=\"tags tax\"><span class=\"icon\">&nbsp;<\/span>Tagged with: <a href=\"https:\/\/niramart.com\/revista-magazine\/tag\/arte\/\" rel=\"tag\">arte<\/a>, <a href=\"https:\/\/niramart.com\/revista-magazine\/tag\/cuentos-rumanos\/\" rel=\"tag\">Cuentos Rumanos<\/a>, <a href=\"https:\/\/niramart.com\/revista-magazine\/tag\/exposicion\/\" rel=\"tag\">Exposici\u00f3n<\/a>, <a href=\"https:\/\/niramart.com\/revista-magazine\/tag\/tudor-serbanescu\/\" rel=\"tag\">tudor serbanescu<\/a><\/span><\/li>\n<\/ul>\n<\/div>\n<\/div>\n<footer class=\"post-footer postdata fix\"><\/footer>\n<\/article>\n<\/div>\n<\/div>\n","protected":false,"raw":""},"excerpt":{"rendered":"<p>Exposici\u00f3n de dibujo y grabado &#8220;CALMA Y TEMPESTAD &#8211; [&hellip;]<\/p>\n","protected":false},"author":0,"featured_media":0,"parent":0,"menu_order":0,"comment_status":"closed","ping_status":"closed","template":"","meta":{"footnotes":""},"class_list":["post-225","page","type-page","status-publish","hentry"],"yoast_head":"<!-- This site is optimized with the Yoast SEO plugin v27.4 - https:\/\/yoast.com\/product\/yoast-seo-wordpress\/ -->\n<title>arte \u00bb Niram Art Magazine<\/title>\n<meta name=\"robots\" content=\"index, follow, max-snippet:-1, max-image-preview:large, max-video-preview:-1\" \/>\n<link rel=\"canonical\" href=\"https:\/\/niramart.com\/revista-magazine\/tag\/arte\/\" \/>\n<meta property=\"og:type\" content=\"article\" \/>\n<meta property=\"og:title\" content=\"arte \u00bb Niram Art Magazine\" \/>\n<meta property=\"og:description\" content=\"Exposici\u00f3n de dibujo y grabado &#8220;CALMA Y TEMPESTAD &#8211; [&hellip;]\" \/>\n<meta property=\"og:url\" content=\"https:\/\/niramart.com\/revista-magazine\/tag\/arte\/\" \/>\n<meta property=\"og:site_name\" content=\"Niram Art Magazine\" \/>\n<meta name=\"twitter:card\" content=\"summary_large_image\" \/>\n<meta name=\"twitter:label1\" content=\"Est. reading time\" \/>\n\t<meta name=\"twitter:data1\" content=\"1 minute\" \/>\n<!-- \/ Yoast SEO plugin. -->","yoast_head_json":{"title":"arte \u00bb Niram Art Magazine","robots":{"index":"index","follow":"follow","max-snippet":"max-snippet:-1","max-image-preview":"max-image-preview:large","max-video-preview":"max-video-preview:-1"},"canonical":"https:\/\/niramart.com\/revista-magazine\/tag\/arte\/","og_type":"article","og_title":"arte \u00bb Niram Art Magazine","og_description":"Exposici\u00f3n de dibujo y grabado &#8220;CALMA Y TEMPESTAD &#8211; [&hellip;]","og_url":"https:\/\/niramart.com\/revista-magazine\/tag\/arte\/","og_site_name":"Niram Art Magazine","twitter_card":"summary_large_image","twitter_misc":{"Est. reading time":"1 minute"}},"_links":{"self":[{"href":"https:\/\/niramart.com\/revista-magazine\/wp-json\/wp\/v2\/pages\/225","targetHints":{"allow":["GET"]}}],"collection":[{"href":"https:\/\/niramart.com\/revista-magazine\/wp-json\/wp\/v2\/pages"}],"about":[{"href":"https:\/\/niramart.com\/revista-magazine\/wp-json\/wp\/v2\/types\/page"}],"replies":[{"embeddable":true,"href":"https:\/\/niramart.com\/revista-magazine\/wp-json\/wp\/v2\/comments?post=225"}],"version-history":[{"count":0,"href":"https:\/\/niramart.com\/revista-magazine\/wp-json\/wp\/v2\/pages\/225\/revisions"}],"wp:attachment":[{"href":"https:\/\/niramart.com\/revista-magazine\/wp-json\/wp\/v2\/media?parent=225"}],"curies":[{"name":"wp","href":"https:\/\/api.w.org\/{rel}","templated":true}]}}