{"id":220,"date":"2024-04-01T07:41:03","date_gmt":"2024-04-01T07:41:03","guid":{"rendered":"https:\/\/niramart.com\/revista-magazine\/encuentro-con-el-escritor-anthel-blau\/"},"modified":"2024-04-01T07:41:03","modified_gmt":"2024-04-01T07:41:03","slug":"encuentro-con-el-escritor-anthel-blau","status":"publish","type":"page","link":"https:\/\/niramart.com\/revista-magazine\/tag\/anthel-blau\/","title":{"rendered":"Encuentro con el escritor Anthel Blau"},"content":{"rendered":"<div id=\"main-col\">\n<div id=\"content\" class=\"hfeed\">\n<article class=\"excerpt post-886 post type-post status-publish format-standard hentry category-c38-noticias-revista tag-anthel-blau tag-antonio-calderon-de-jesus tag-espacio-niram tag-fabianni-belemuski tag-oscar-lopez category-32-id post-seq-1 post-parity-odd meta-position-left-pullout fix\" id=\"post-886\">\n<header class=\"post-header title-container fix\">\n<div class=\"title\">\n<h2 class=\"posttitle\"><a href=\"https:\/\/niramart.com\/revista-magazine\" class=\"entry-title\" rel=\"bookmark\" title=\"Encuentro con el escritor Anthel Blau\">Encuentro con el escritor Anthel Blau<\/a><\/h2>\n<\/div>\n<div class=\"date\"><span class=\"month\">Apr<\/span> <span class=\"day\">08<\/span><span class=\"year\">2013<\/span><\/div>\n<\/header>\n<p> <span class=\"post-format-icon\">&nbsp;<\/span><span class=\"updated\" title=\"2013-04-08T18:21:55+00:00\">&nbsp;<\/span><\/p>\n<div class=\"entry-container fix\">\n<div class=\"entry entry-content fix\">\n<p class=\"bch4dcbow065stdpy\">&nbsp; Espacio Niram y Fabianni Belemuski organizan el encuentro con el escritor Anthel Blau, autor del libro \u201cVolando los cielos interiores\u201d, a tener lugar  s\u00e1bado, el 23 de marzo 2013, en Espacio Niram de Madrid. Participan: \u00d3scar L\u00f3pez (fil\u00f3sofo), Antonio Calder\u00f3n de Jes\u00fas (cr\u00edtico <a href=\"https:\/\/niramart.com\/revista-magazine\" class=\"excerpt-more\">[&#8230;]<\/a><\/p>\n<\/div>\n<div class=\"meta-pullout meta-left-pullout\">\n<ul>\n<li class=\"fix\"><span class=\"category\"><span class=\"icon\">&nbsp;<\/span> <a href=\"https:\/\/niramart.com\/revista-magazine\/category\/c38-noticias-revista\/\" rel=\"category tag\">Noticias<\/a><\/span><\/li>\n<li class=\"fix\"><span class=\"tags tax\"><span class=\"icon\">&nbsp;<\/span>Tagged with: <a href=\"https:\/\/niramart.com\/revista-magazine\/tag\/anthel-blau\/\" rel=\"tag\">Anthel Blau<\/a>, <a href=\"https:\/\/niramart.com\/revista-magazine\" rel=\"tag\">Antonio Calder\u00f3n de Jes\u00fas<\/a>, <a href=\"https:\/\/niramart.com\/revista-magazine\/tag\/espacio-niram\/\" rel=\"tag\">espacio niram<\/a>, <a href=\"https:\/\/niramart.com\/revista-magazine\/tag\/fabianni-belemuski\/\" rel=\"tag\">fabianni belemuski<\/a>, <a href=\"https:\/\/niramart.com\/revista-magazine\" rel=\"tag\">\u00d3scar L\u00f3pez<\/a><\/span><\/li>\n<\/ul>\n<\/div>\n<\/div>\n<footer class=\"post-footer postdata fix\"><\/footer>\n<\/article>\n<article class=\"excerpt post-882 post type-post status-publish format-standard hentry category-c39-articulos-espanol category-literatura category-no-1-2-2013 tag-anthel-blau tag-oscar-lopez-ibarra category-18-id category-120-id category-148-id post-seq-2 post-parity-even meta-position-left-pullout fix\" id=\"post-882\">\n<header class=\"post-header title-container fix\">\n<div class=\"title\">\n<h2 class=\"posttitle\"><a href=\"https:\/\/niramart.com\/revista-magazine\/anthel-blau-volando-los-cielos-interiores\/\" class=\"entry-title\" rel=\"bookmark\" title=\"Anthel Blau, Volando los cielos interiores\">Anthel Blau, Volando los cielos interiores<\/a><\/h2>\n<\/div>\n<div class=\"date\"><span class=\"month\">Apr<\/span> <span class=\"day\">08<\/span><span class=\"year\">2013<\/span><\/div>\n<\/header>\n<p> <span class=\"post-format-icon\">&nbsp;<\/span><span class=\"updated\" title=\"2013-04-08T18:16:15+00:00\">&nbsp;<\/span><\/p>\n<div class=\"entry-container fix\">\n<div class=\"entry entry-content fix\">\n<p class=\"bch4dcbow065stdpy\">por \u00d3scar L\u00f3pez Ibarra Un viaje nos implica siempre un equipaje, grande, peque\u00f1o, solo con lo puesto, var\u00eda seg\u00fan el itinerario o con la aventura.      El viaje transcurre. Cuando regresamos, esa maleta vuelve distinta, siempre hay algo m\u00e1s, o algo menos, pero siempre <a href=\"https:\/\/niramart.com\/revista-magazine\/anthel-blau-volando-los-cielos-interiores\/\" class=\"excerpt-more\">[&#8230;]<\/a><\/p>\n<\/div>\n<div class=\"meta-pullout meta-left-pullout\">\n<ul>\n<li class=\"fix\"><span class=\"category\"><span class=\"icon\">&nbsp;<\/span> <a href=\"https:\/\/niramart.com\/revista-magazine\/category\/s5-articulos\/c39-articulos-espanol\/\" rel=\"category tag\">Articulos espa\u00f1ol<\/a>, <a href=\"https:\/\/niramart.com\/revista-magazine\/category\/literatura\/\" rel=\"category tag\">Literatura<\/a>, <a href=\"https:\/\/niramart.com\/revista-magazine\/category\/s5-articulos\/no-1-2-2013\/\" rel=\"category tag\">N\u00ba 1-2, 2013<\/a><\/span><\/li>\n<li class=\"fix\"><span class=\"tags tax\"><span class=\"icon\">&nbsp;<\/span>Tagged with: <a href=\"https:\/\/niramart.com\/revista-magazine\/tag\/anthel-blau\/\" rel=\"tag\">Anthel Blau<\/a>, <a href=\"https:\/\/niramart.com\/revista-magazine\/tag\/oscar-lopez-ibarra\/\" rel=\"tag\">\u00d3scar L\u00f3pez Ibarra<\/a><\/span><\/li>\n<\/ul>\n<\/div>\n<\/div>\n<footer class=\"post-footer postdata fix\"><\/footer>\n<\/article>\n<\/div>\n<\/div>\n","protected":false,"raw":""},"excerpt":{"rendered":"<p>Encuentro con el escritor Anthel Blau Apr 082013 &nbsp;&nbsp; [&hellip;]<\/p>\n","protected":false},"author":0,"featured_media":0,"parent":0,"menu_order":0,"comment_status":"closed","ping_status":"closed","template":"","meta":{"footnotes":""},"class_list":["post-220","page","type-page","status-publish","hentry"],"yoast_head":"<!-- This site is optimized with the Yoast SEO plugin v27.4 - https:\/\/yoast.com\/product\/yoast-seo-wordpress\/ -->\n<title>Anthel Blau \u00bb Niram Art Magazine<\/title>\n<meta name=\"robots\" content=\"index, follow, max-snippet:-1, max-image-preview:large, max-video-preview:-1\" \/>\n<link rel=\"canonical\" href=\"https:\/\/niramart.com\/revista-magazine\/tag\/anthel-blau\/\" \/>\n<meta property=\"og:type\" content=\"article\" \/>\n<meta property=\"og:title\" content=\"Anthel Blau \u00bb Niram Art Magazine\" \/>\n<meta property=\"og:description\" content=\"Encuentro con el escritor Anthel Blau Apr 082013 &nbsp;&nbsp; [&hellip;]\" \/>\n<meta property=\"og:url\" content=\"https:\/\/niramart.com\/revista-magazine\/tag\/anthel-blau\/\" \/>\n<meta property=\"og:site_name\" content=\"Niram Art Magazine\" \/>\n<meta name=\"twitter:card\" content=\"summary_large_image\" \/>\n<meta name=\"twitter:label1\" content=\"Est. reading time\" \/>\n\t<meta name=\"twitter:data1\" content=\"1 minute\" \/>\n<!-- \/ Yoast SEO plugin. -->","yoast_head_json":{"title":"Anthel Blau \u00bb Niram Art Magazine","robots":{"index":"index","follow":"follow","max-snippet":"max-snippet:-1","max-image-preview":"max-image-preview:large","max-video-preview":"max-video-preview:-1"},"canonical":"https:\/\/niramart.com\/revista-magazine\/tag\/anthel-blau\/","og_type":"article","og_title":"Anthel Blau \u00bb Niram Art Magazine","og_description":"Encuentro con el escritor Anthel Blau Apr 082013 &nbsp;&nbsp; [&hellip;]","og_url":"https:\/\/niramart.com\/revista-magazine\/tag\/anthel-blau\/","og_site_name":"Niram Art Magazine","twitter_card":"summary_large_image","twitter_misc":{"Est. reading time":"1 minute"}},"_links":{"self":[{"href":"https:\/\/niramart.com\/revista-magazine\/wp-json\/wp\/v2\/pages\/220","targetHints":{"allow":["GET"]}}],"collection":[{"href":"https:\/\/niramart.com\/revista-magazine\/wp-json\/wp\/v2\/pages"}],"about":[{"href":"https:\/\/niramart.com\/revista-magazine\/wp-json\/wp\/v2\/types\/page"}],"replies":[{"embeddable":true,"href":"https:\/\/niramart.com\/revista-magazine\/wp-json\/wp\/v2\/comments?post=220"}],"version-history":[{"count":0,"href":"https:\/\/niramart.com\/revista-magazine\/wp-json\/wp\/v2\/pages\/220\/revisions"}],"wp:attachment":[{"href":"https:\/\/niramart.com\/revista-magazine\/wp-json\/wp\/v2\/media?parent=220"}],"curies":[{"name":"wp","href":"https:\/\/api.w.org\/{rel}","templated":true}]}}