{"id":218,"date":"2024-04-01T07:41:02","date_gmt":"2024-04-01T07:41:02","guid":{"rendered":"https:\/\/niramart.com\/revista-magazine\/la-nena-de-ana-unhold-la-biografia-de-una-mujer-sin-vida-propia-3\/"},"modified":"2024-04-01T07:41:02","modified_gmt":"2024-04-01T07:41:02","slug":"la-nena-de-ana-unhold-la-biografia-de-una-mujer-sin-vida-propia-3","status":"publish","type":"page","link":"https:\/\/niramart.com\/revista-magazine\/tag\/ana-unhold\/","title":{"rendered":"\u201cLa Nena\u201d, de Ana Unhold, la biograf\u00eda de una mujer sin vida propia"},"content":{"rendered":"<div id=\"main-col\">\n<div id=\"content\" class=\"hfeed\">\n<article class=\"post-1265 post type-post status-publish format-standard hentry category-c39-articulos-espanol category-destacados category-literatura tag-ana-unhold tag-la-nena tag-niram-art-editorial tag-novela excerpt category-18-id category-270-id category-120-id post-seq-1 post-parity-odd meta-position-left-pullout fix\" id=\"post-1265\">\n<header class=\"post-header title-container fix\">\n<div class=\"title\">\n<h2 class=\"posttitle\"><a href=\"https:\/\/niramart.com\/revista-magazine\/la-nena-de-ana-unhold-la-biografia-de-una-mujer-sin-vida-propia\/\" class=\"entry-title\" rel=\"bookmark\" title=\"\u201cLa Nena\u201d, de Ana Unhold, la biograf\u00eda de una mujer sin vida propia\">\u201cLa Nena\u201d, de Ana Unhold, la biograf\u00eda de una mujer sin vida propia<\/a><\/h2>\n<\/div>\n<div class=\"date\"><span class=\"month\">Sep<\/span> <span class=\"day\">27<\/span><span class=\"year\">2014<\/span><\/div>\n<\/header>\n<p> <span class=\"post-format-icon\">&nbsp;<\/span><span class=\"updated\" title=\"2014-09-27T16:39:42+00:00\">&nbsp;<\/span><\/p>\n<div class=\"entry-container fix\">\n<div class=\"entry entry-content fix\">\n<p class=\"bch4dcbow065stdpy\">El pasado 23 de septiembre tuvo lugar en la librer\u00eda Cervantes y Compa\u00f1\u00eda la presentaci\u00f3n del libro \u201cLa Nena\u201d  (Niram Art Editorial, 2014), de la escritora y artista pl\u00e1stica bonaerense Ana Unhold, con la que tuve el gusto de compartir una amena charla a cerca de dicha obra, una novela cargada de emotividad y narrada con prosa en\u00e9rgica y vigorosa.<\/p>\n<\/div>\n<div class=\"meta-pullout meta-left-pullout\">\n<ul>\n<li class=\"fix\"><span class=\"category\"><span class=\"icon\">&nbsp;<\/span> <a href=\"https:\/\/niramart.com\/revista-magazine\/category\/s5-articulos\/c39-articulos-espanol\/\" rel=\"category tag\">Articulos espa\u00f1ol<\/a>, <a href=\"https:\/\/niramart.com\/revista-magazine\/category\/destacados\/\" rel=\"category tag\">Destacados<\/a>, <a href=\"https:\/\/niramart.com\/revista-magazine\/category\/literatura\/\" rel=\"category tag\">Literatura<\/a><\/span><\/li>\n<li class=\"fix\"><span class=\"tags tax\"><span class=\"icon\">&nbsp;<\/span>Tagged with: <a href=\"https:\/\/niramart.com\/revista-magazine\/tag\/ana-unhold\/\" rel=\"tag\">Ana Unhold<\/a>, <a href=\"https:\/\/niramart.com\/revista-magazine\/tag\/la-nena\/\" rel=\"tag\">La Nena<\/a>, <a href=\"https:\/\/niramart.com\/revista-magazine\/tag\/niram-art-editorial\/\" rel=\"tag\">niram art editorial<\/a>, <a href=\"https:\/\/niramart.com\/revista-magazine\/tag\/novela\/\" rel=\"tag\">NOVELA<\/a><\/span><\/li>\n<\/ul>\n<\/div>\n<\/div>\n<footer class=\"post-footer postdata fix\"> <\/footer>\n<\/article>\n<\/div>\n<\/div>\n","protected":false,"raw":""},"excerpt":{"rendered":"<p>\u201cLa Nena\u201d, de Ana Unhold, la biograf\u00eda de una [&hellip;]<\/p>\n","protected":false},"author":0,"featured_media":0,"parent":0,"menu_order":0,"comment_status":"closed","ping_status":"closed","template":"","meta":{"footnotes":""},"class_list":["post-218","page","type-page","status-publish","hentry"],"yoast_head":"<!-- This site is optimized with the Yoast SEO plugin v27.4 - https:\/\/yoast.com\/product\/yoast-seo-wordpress\/ -->\n<title>Ana Unhold \u00bb Niram Art Magazine<\/title>\n<meta name=\"robots\" content=\"index, follow, max-snippet:-1, max-image-preview:large, max-video-preview:-1\" \/>\n<link rel=\"canonical\" href=\"https:\/\/niramart.com\/revista-magazine\/tag\/ana-unhold\/\" \/>\n<meta property=\"og:type\" content=\"article\" \/>\n<meta property=\"og:title\" content=\"Ana Unhold \u00bb Niram Art Magazine\" \/>\n<meta property=\"og:description\" content=\"\u201cLa Nena\u201d, de Ana Unhold, la biograf\u00eda de una [&hellip;]\" \/>\n<meta property=\"og:url\" content=\"https:\/\/niramart.com\/revista-magazine\/tag\/ana-unhold\/\" \/>\n<meta property=\"og:site_name\" content=\"Niram Art Magazine\" \/>\n<meta name=\"twitter:card\" content=\"summary_large_image\" \/>\n<!-- \/ Yoast SEO plugin. -->","yoast_head_json":{"title":"Ana Unhold \u00bb Niram Art Magazine","robots":{"index":"index","follow":"follow","max-snippet":"max-snippet:-1","max-image-preview":"max-image-preview:large","max-video-preview":"max-video-preview:-1"},"canonical":"https:\/\/niramart.com\/revista-magazine\/tag\/ana-unhold\/","og_type":"article","og_title":"Ana Unhold \u00bb Niram Art Magazine","og_description":"\u201cLa Nena\u201d, de Ana Unhold, la biograf\u00eda de una [&hellip;]","og_url":"https:\/\/niramart.com\/revista-magazine\/tag\/ana-unhold\/","og_site_name":"Niram Art Magazine","twitter_card":"summary_large_image"},"_links":{"self":[{"href":"https:\/\/niramart.com\/revista-magazine\/wp-json\/wp\/v2\/pages\/218","targetHints":{"allow":["GET"]}}],"collection":[{"href":"https:\/\/niramart.com\/revista-magazine\/wp-json\/wp\/v2\/pages"}],"about":[{"href":"https:\/\/niramart.com\/revista-magazine\/wp-json\/wp\/v2\/types\/page"}],"replies":[{"embeddable":true,"href":"https:\/\/niramart.com\/revista-magazine\/wp-json\/wp\/v2\/comments?post=218"}],"version-history":[{"count":0,"href":"https:\/\/niramart.com\/revista-magazine\/wp-json\/wp\/v2\/pages\/218\/revisions"}],"wp:attachment":[{"href":"https:\/\/niramart.com\/revista-magazine\/wp-json\/wp\/v2\/media?parent=218"}],"curies":[{"name":"wp","href":"https:\/\/api.w.org\/{rel}","templated":true}]}}